{"id":40952,"date":"2019-09-23T19:42:18","date_gmt":"2019-09-23T17:42:18","guid":{"rendered":"https:\/\/www.gilde.ch\/a-propos-de-nous\/"},"modified":"2025-11-04T10:54:57","modified_gmt":"2025-11-04T09:54:57","slug":"a-propos-de-nous","status":"publish","type":"page","link":"https:\/\/www.gilde.ch\/fr\/a-propos-de-nous\/","title":{"rendered":"\u00c0 nous"},"content":{"rendered":"\n<h1 class=\"wp-block-heading\">\u00c0 propos de la guilde<\/h1>\n\n<p>La Guilde suisse des Restaurateurs-Cuisiniers est une association professionnelle de restaurateurs confirm\u00e9s qui sont \u00e9galement propri\u00e9taires d&rsquo;un \u00e9tablissement gastronomique. L&rsquo;objectif principal de l&rsquo;association est la satisfaction des clients. C&rsquo;est pourquoi la Guilde accorde une grande importance \u00e0 la qualit\u00e9 : des produits frais du march\u00e9, une cuisine cr\u00e9ative, un service attentif et une ambiance agr\u00e9able &#8211; voil\u00e0 ce que garantissent les \u00e9tablissements de la Guilde. Vous verrez : La passion et l&rsquo;amour de l&rsquo;h\u00f4tellerie-restauration des membres de la Guilde sont palpables.   <\/p>\n\n<h2 class=\"wp-block-heading\">Qui sont les restaurateurs de la Guilde ?<\/h2>\n\n<p>Pr\u00e8s de 300 \u00e9tablissements de toute la Suisse font partie de la Guilde : qu&rsquo;il s&rsquo;agisse d&rsquo;un d\u00e9jeuner bourgeois dans un restaurant rustique, d&rsquo;un lunch v\u00e9g\u00e9tarien dans un restaurant au c\u0153ur de la ville ou d&rsquo;un d\u00eener romantique dans un restaurant gastronomique &#8211; les \u00e9tablissements de la Guilde offrent ce qu&rsquo;il faut pour tous les go\u00fbts et toutes les occasions. <a href=\"https:\/\/gilde.ch\/restaurants\/\">Trouvez votre restaurant id\u00e9al <\/a>et laissez-vous g\u00e2ter sur le plan culinaire.<\/p>\n<div class=\"block-teaser-box has-4-boxes\">\n    \t\t\n\t\t\t        \t<a class=\"teaser-box click-area-hover-effect\" href=\"\/de\/ueber-uns\/engagements\/\">\n\t\t\t\t<span class=\"preview-image\" style=\"background-image:url(https:\/\/www.gilde.ch\/wp-content\/uploads\/2019\/12\/gilde-restaurant-engagement-charity-2-1.png)\"><\/span>\n\t\t\t\t<span class=\"teaser-box-content\">\n\t\t            <h3 class=\"inner-title\">Notre engagement<\/h3>\n\t\t\t\t\t<span class=\"more\">\n                        Tout sur notre engagement                    <\/span>\n\t\t\t\t<\/span>\n\t        <\/a>\n\t\t\n\t\t\t        \t<a class=\"teaser-box click-area-hover-effect\" href=\"\/de\/ueber-uns\/vorstand\/\">\n\t\t\t\t<span class=\"preview-image\" style=\"background-image:url(https:\/\/www.gilde.ch\/wp-content\/uploads\/2023\/06\/Gilde-GV-2023-350-1-1-600x400.jpg)\"><\/span>\n\t\t\t\t<span class=\"teaser-box-content\">\n\t\t            <h3 class=\"inner-title\">Comit\u00e9 de la Guilde<\/h3>\n\t\t\t\t\t<span class=\"more\">\n                        Tout sur notre comit\u00e9 directeur                    <\/span>\n\t\t\t\t<\/span>\n\t        <\/a>\n\t\t\n\t\t\t        \t<a class=\"teaser-box click-area-hover-effect\" href=\"\/de\/kontakt\/\">\n\t\t\t\t<span class=\"preview-image\" style=\"background-image:url(https:\/\/www.gilde.ch\/wp-content\/uploads\/2019\/12\/risotto3-e1596810268689-1-600x244.png)\"><\/span>\n\t\t\t\t<span class=\"teaser-box-content\">\n\t\t            <h3 class=\"inner-title\">Devenir membre de la guilde ?<\/h3>\n\t\t\t\t\t<span class=\"more\">\n                        En savoir plus                    <\/span>\n\t\t\t\t<\/span>\n\t        <\/a>\n\t\t\n\t\t\t        \t<a class=\"teaser-box click-area-hover-effect\" href=\"\/de\/ueber-uns\/geschichte\">\n\t\t\t\t<span class=\"preview-image\" style=\"background-image:url(https:\/\/www.gilde.ch\/wp-content\/uploads\/2019\/12\/817-400x240-1.jpg)\"><\/span>\n\t\t\t\t<span class=\"teaser-box-content\">\n\t\t            <h3 class=\"inner-title\">Histoire de la guilde<\/h3>\n\t\t\t\t\t<span class=\"more\">\n                        En savoir plus sur l&rsquo;histoire depuis 1954                    <\/span>\n\t\t\t\t<\/span>\n\t        <\/a>\n\t\t    <\/div>\n\n<h2 class=\"wp-block-heading\">Chercher un restaurant<\/h2>\n<div class=\"block block-map-teaser\">\n\t<div class=\"map-teaser\">\n\t\t<div id=\"map-teaser\"><\/div>\n\n\t\t\t<div data-linkto=\"https:\/\/www.gilde.ch\/restaurant-suche\/\" class=\"results-search-area\"><span>Trouver des restaurants \u00e0 proximit\u00e9<\/span><\/div>\n\n\n\t\t<div class=\"map-interaction-block\"><\/div>\n\t\t<a class=\"button button-blue button-big\" href=\"https:\/\/www.gilde.ch\/restaurant-suche\/\">Chercher un restaurant<\/a>\n\t<\/div>\n<\/div>\n<div class=\"teaser-marker-holder\"><\/div>\n<div class=\"block-teaser-box has-1-boxes\">\n    \t\t\n\t\t\t        \t<a class=\"teaser-box click-area-hover-effect\" href=\"https:\/\/www.boncard-payment-services.ch\/gcshop\/GCShop\/GCStep1.aspx?shopid=gilde&#038;lang=de\">\n\t\t\t\t<span class=\"preview-image\" style=\"background-image:url(https:\/\/www.gilde.ch\/wp-content\/uploads\/2019\/12\/geschenk-gutschein-teaser-shop-gilde-1-1200x300.jpg)\"><\/span>\n\t\t\t\t<span class=\"teaser-box-content\">\n\t\t            <h3 class=\"inner-title\">Commander des ch\u00e8ques-cadeaux<\/h3>\n\t\t\t\t\t<span class=\"more\">\n                        Vers la boutique de bons                    <\/span>\n\t\t\t\t<\/span>\n\t        <\/a>\n\t\t    <\/div>\n","protected":false},"excerpt":{"rendered":"<p>\u00c0 propos de la guilde La Guilde suisse des Restaurateurs-Cuisiniers est une association professionnelle de restaurateurs confirm\u00e9s qui sont \u00e9galement propri\u00e9taires d&rsquo;un \u00e9tablissement gastronomique. L&rsquo;objectif principal de l&rsquo;association est la satisfaction des clients. C&rsquo;est pourquoi la Guilde accorde une grande importance \u00e0 la qualit\u00e9 : des produits frais du march\u00e9, une cuisine cr\u00e9ative, un service [&hellip;]<\/p>\n","protected":false},"author":2,"featured_media":0,"parent":0,"menu_order":0,"comment_status":"closed","ping_status":"closed","template":"","meta":{"_acf_changed":false,"footnotes":""},"class_list":["post-40952","page","type-page","status-publish","hentry"],"acf":[],"_links":{"self":[{"href":"https:\/\/www.gilde.ch\/fr\/wp-json\/wp\/v2\/pages\/40952\/"}],"collection":[{"href":"https:\/\/www.gilde.ch\/fr\/wp-json\/wp\/v2\/pages\/"}],"about":[{"href":"https:\/\/www.gilde.ch\/fr\/wp-json\/wp\/v2\/types\/page\/"}],"author":[{"embeddable":true,"href":"https:\/\/www.gilde.ch\/fr\/wp-json\/wp\/v2\/users\/2\/"}],"replies":[{"embeddable":true,"href":"https:\/\/www.gilde.ch\/fr\/wp-json\/wp\/v2\/comments\/?post=40952"}],"version-history":[{"count":6,"href":"https:\/\/www.gilde.ch\/fr\/wp-json\/wp\/v2\/pages\/40952\/revisions\/"}],"predecessor-version":[{"id":41645,"href":"https:\/\/www.gilde.ch\/fr\/wp-json\/wp\/v2\/pages\/40952\/revisions\/41645\/"}],"wp:attachment":[{"href":"https:\/\/www.gilde.ch\/fr\/wp-json\/wp\/v2\/media\/?parent=40952"}],"curies":[{"name":"wp","href":"https:\/\/api.w.org\/{rel}","templated":true}]}}