{"id":39033,"date":"2019-12-03T09:42:20","date_gmt":"2019-12-03T08:42:20","guid":{"rendered":"https:\/\/stage.gilde.ch\/magazine\/recettes\/"},"modified":"2025-10-01T13:22:14","modified_gmt":"2025-10-01T11:22:14","slug":"recettes","status":"publish","type":"page","link":"https:\/\/www.gilde.ch\/fr\/magazine\/recettes\/","title":{"rendered":"Recettes"},"content":{"rendered":"\n<h1 class=\"wp-block-heading\">Recettes<\/h1>\n\n<p>Que vais-je cuisiner aujourd&rsquo;hui ? Envie d&rsquo;un <a href=\"https:\/\/www.gilde.ch\/fr\/rezepte\/filet-de-cerf-sur-choucroute-aux-pommes-jus-dairelles-rouges-et-beignets-de-pommes-de-terre-au-lard\/\">filet de cerf<\/a> tendre ou plut\u00f4t de quelque chose de sucr\u00e9 comme <a href=\"\/fr\/rezepte\/crepes-suzette\/\">des cr\u00eapes Suzette<\/a>? <\/p>\n\n<p>Vous trouverez ici de nouvelles id\u00e9es de cuisine, de d\u00e9licieuses recettes \u00e0 r\u00e9aliser, des conseils et des astuces pour la cuisine et la cuisson &#8211; que ce soit pour une cuisine rapide apr\u00e8s le travail, des classiques suisses ou des desserts sucr\u00e9s de r\u00eave. Nous vous souhaitons beaucoup de plaisir et de r\u00e9ussite ! <br\/><\/p>\n\n<div style=\"height:50px\" aria-hidden=\"true\" class=\"wp-block-spacer\"><\/div>\n<div class=\"block block-magazine-posts\">\n            \n<div class=\"article-preview\">\n    <a href=\"https:\/\/www.gilde.ch\/fr\/rezepte\/escalope-appenzelloise-avec-cornettes-au-fromage\/\" class=\"article-preview-image\" style=\"background-image:url(https:\/\/www.gilde.ch\/wp-content\/uploads\/2024\/04\/gilde-rezept-appenzeller-chaeshoernli-3-600x414.png)\"><\/a>\n    <div class=\"article-preview-info\">\n        <a href=\"https:\/\/www.gilde.ch\/fr\/rezepte\/escalope-appenzelloise-avec-cornettes-au-fromage\/\" class=\"title\">Escalope appenzelloise avec cornettes au fromage<\/a>\n    <\/div>\n    <div class=\"article-preview-excerpt\">Dans la cuisine suisse, il n&rsquo;y a gu\u00e8re de plat plus d\u00e9licieux qu&rsquo;un plat savoureux des montagnes. Les Appenzeller\u00ae\ufe0f Ch\u00e4sh\u00f6rnli de l&rsquo;Aventure Waldegg sont un v\u00e9ritable festin &#8211; pour les sportifs comme pour les gourmands.<\/div>\n<\/div>\n\n<div class=\"article-preview\">\n    <a href=\"https:\/\/www.gilde.ch\/fr\/rezepte\/soupe-au-foin\/\" class=\"article-preview-image\" style=\"background-image:url(https:\/\/www.gilde.ch\/wp-content\/uploads\/2024\/04\/gilde-rezept-heusuppe-3-600x394.jpg)\"><\/a>\n    <div class=\"article-preview-info\">\n        <a href=\"https:\/\/www.gilde.ch\/fr\/rezepte\/soupe-au-foin\/\" class=\"title\">Soupe au foin<\/a>\n    <\/div>\n    <div class=\"article-preview-excerpt\">Une recette qui capture le go\u00fbt des Alpes dans une d\u00e9licieuse soupe.  <\/div>\n<\/div>\n\n<div class=\"article-preview\">\n    <a href=\"https:\/\/www.gilde.ch\/fr\/rezepte\/parfait-dobwald-aux-nids-de-poule\/\" class=\"article-preview-image\" style=\"background-image:url(https:\/\/www.gilde.ch\/wp-content\/uploads\/2024\/04\/gilde-rezept-dessert-nidlaezaeltliparfait-3-600x450.jpg)\"><\/a>\n    <div class=\"article-preview-info\">\n        <a href=\"https:\/\/www.gilde.ch\/fr\/rezepte\/parfait-dobwald-aux-nids-de-poule\/\" class=\"title\">Parfait d&rsquo;Obwald aux nids-de-poule<\/a>\n    <\/div>\n    <div class=\"article-preview-excerpt\">Le parfait de Nidl\u00e4tz\u00e4ltili est un v\u00e9ritable plaisir pour le palais. Ce dessert tr\u00e8s appr\u00e9ci\u00e9 se compose d&rsquo;une meringue cr\u00e9meuse, agr\u00e9ment\u00e9e de Nidl\u00e4z\u00e4ltli d&rsquo;Obwald \u00e9miett\u00e9s et congel\u00e9e au cong\u00e9lateur pour former un parfait. <\/div>\n<\/div>\n\n<div class=\"article-preview\">\n    <a href=\"https:\/\/www.gilde.ch\/fr\/rezepte\/dos-de-chevreuil-avec-spatzli-et-chou-rouge\/\" class=\"article-preview-image\" style=\"background-image:url(https:\/\/www.gilde.ch\/wp-content\/uploads\/2023\/10\/Oktober_Gilde_2-3-600x157.png)\"><\/a>\n    <div class=\"article-preview-info\">\n        <a href=\"https:\/\/www.gilde.ch\/fr\/rezepte\/dos-de-chevreuil-avec-spatzli-et-chou-rouge\/\" class=\"title\">Dos de chevreuil avec sp\u00e4tzli et chou rouge<\/a>\n    <\/div>\n    <div class=\"article-preview-excerpt\">Nous vous recommandons d&rsquo;essayer quelque chose de nouveau en automne et vous d\u00e9voilons une recette de selle de chevreuil \u00e0 reproduire. La selle de chevreuil est accompagn\u00e9e de sp\u00e4tzli et de chou rouge. <\/div>\n<\/div>\n\n<div class=\"article-preview\">\n    <a href=\"https:\/\/www.gilde.ch\/fr\/rezepte\/marinade-pour-spareribs\/\" class=\"article-preview-image\" style=\"background-image:url(https:\/\/www.gilde.ch\/wp-content\/uploads\/2023\/07\/Spareribs-Marinade-3-600x240.jpg)\"><\/a>\n    <div class=\"article-preview-info\">\n        <a href=\"https:\/\/www.gilde.ch\/fr\/rezepte\/marinade-pour-spareribs\/\" class=\"title\">Marinade pour spareribs<\/a>\n    <\/div>\n    <div class=\"article-preview-excerpt\">L&rsquo;\u00e9t\u00e9 est arriv\u00e9 ! Et avec lui, l&rsquo;heure des fans de barbecue a sonn\u00e9. Nous vous pr\u00e9sentons une d\u00e9licieuse marinade pour spareribs qui fera fureur lors de chaque barbecue !  <\/div>\n<\/div>\n\n<div class=\"article-preview\">\n    <a href=\"https:\/\/www.gilde.ch\/fr\/rezepte\/piccata-milanese-une-recette-a-tester\/\" class=\"article-preview-image\" style=\"background-image:url(https:\/\/www.gilde.ch\/wp-content\/uploads\/2023\/05\/piccata-milanese-gilde_header-3-600x157.jpg)\"><\/a>\n    <div class=\"article-preview-info\">\n        <a href=\"https:\/\/www.gilde.ch\/fr\/rezepte\/piccata-milanese-une-recette-a-tester\/\" class=\"title\">Piccata Milanese : une recette \u00e0 tester<\/a>\n    <\/div>\n    <div class=\"article-preview-excerpt\">Roger Nanzer nous montre comment r\u00e9ussir une d\u00e9licieuse piccata milanaise au risotto au safran. Explication en quelques \u00e9tapes et pr\u00e9paration rapide. <\/div>\n<\/div>\n\n<div class=\"article-preview\">\n    <a href=\"https:\/\/www.gilde.ch\/fr\/rezepte\/asperges-vertes-avec-pommes-de-terre-et-sauce-hollandaise\/\" class=\"article-preview-image\" style=\"background-image:url(https:\/\/www.gilde.ch\/wp-content\/uploads\/2023\/05\/spargelrezept-gilde-3-600x400.jpg)\"><\/a>\n    <div class=\"article-preview-info\">\n        <a href=\"https:\/\/www.gilde.ch\/fr\/rezepte\/asperges-vertes-avec-pommes-de-terre-et-sauce-hollandaise\/\" class=\"title\">Asperges vertes avec pommes de terre et sauce hollandaise<\/a>\n    <\/div>\n    <div class=\"article-preview-excerpt\">Qu&rsquo;est-ce qui ne doit pas manquer au printemps ? Bien s\u00fbr, une d\u00e9licieuse recette d&rsquo;asperges ! D\u00e9couvrez ici comment la r\u00e9aliser.  <\/div>\n<\/div>\n\n<div class=\"article-preview\">\n    <a href=\"https:\/\/www.gilde.ch\/fr\/rezepte\/soupe-au-basilic\/\" class=\"article-preview-image\" style=\"background-image:url(https:\/\/www.gilde.ch\/wp-content\/uploads\/2023\/04\/basilikumsuppe-gilde-4-600x398.jpg)\"><\/a>\n    <div class=\"article-preview-info\">\n        <a href=\"https:\/\/www.gilde.ch\/fr\/rezepte\/soupe-au-basilic\/\" class=\"title\">Soupe au basilic<\/a>\n    <\/div>\n    <div class=\"article-preview-excerpt\">S&rsquo;il y a une chose qui est universellement appr\u00e9ci\u00e9e, c&rsquo;est bien une d\u00e9licieuse soupe chaude. Fernando Michlig de l&rsquo;h\u00f4tel-restaurant Tenne est \u00e9galement un fan de soupes et a partag\u00e9 avec nous sa propre recette de soupe au basilic. <\/div>\n<\/div>\n\n<div class=\"article-preview\">\n    <a href=\"https:\/\/www.gilde.ch\/fr\/rezepte\/recettes-a-lail-des-ours-raviolis-au-pesto-dail-des-ours\/\" class=\"article-preview-image\" style=\"background-image:url(https:\/\/www.gilde.ch\/wp-content\/uploads\/2023\/03\/baerlauch-ravioli-gilde-3-600x400.jpg)\"><\/a>\n    <div class=\"article-preview-info\">\n        <a href=\"https:\/\/www.gilde.ch\/fr\/rezepte\/recettes-a-lail-des-ours-raviolis-au-pesto-dail-des-ours\/\" class=\"title\">Recettes \u00e0 l&rsquo;ail des ours : Raviolis au pesto d&rsquo;ail des ours<\/a>\n    <\/div>\n    <div class=\"article-preview-excerpt\">Un plat au go\u00fbt incroyable ! D\u00e9couvrez ici comment r\u00e9aliser la recette du pesto \u00e0 l&rsquo;ail des ours avec des raviolis et reproduisez-la vous-m\u00eame en toute simplicit\u00e9. <\/div>\n<\/div>\n\n<div class=\"article-preview\">\n    <a href=\"https:\/\/www.gilde.ch\/fr\/rezepte\/recette-de-la-soupe-claire-de-queue-de-boeuf-avec-garniture\/\" class=\"article-preview-image\" style=\"background-image:url(https:\/\/www.gilde.ch\/wp-content\/uploads\/2022\/11\/klare-ochsenschwanzsuppe-rezept-gilde-e1668591759191-3-600x399.jpg)\"><\/a>\n    <div class=\"article-preview-info\">\n        <a href=\"https:\/\/www.gilde.ch\/fr\/rezepte\/recette-de-la-soupe-claire-de-queue-de-boeuf-avec-garniture\/\" class=\"title\">Recette de la soupe claire de queue de b\u0153uf avec garniture<\/a>\n    <\/div>\n    <div class=\"article-preview-excerpt\">Vous cherchez un d\u00e9fi culinaire ? Alors cette savoureuse soupe de queue de b\u0153uf avec garniture est la recette parfaite pour vous ! <\/div>\n<\/div>\n<div class=\"pagination\"><ul>\n<li class=\"active\"><a href=\"https:\/\/www.gilde.ch\/fr\/wp-json\/wp\/v2\/pages\/39033\/\">1<\/a><\/li>\n<li><a href=\"https:\/\/www.gilde.ch\/fr\/wp-json\/wp\/v2\/pages\/39033\/page\/2\/\">2<\/a><\/li>\n<li><a href=\"https:\/\/www.gilde.ch\/fr\/wp-json\/wp\/v2\/pages\/39033\/page\/3\/\">3<\/a><\/li>\n<li class=\"ellipsis\">\u2026<\/li>\n<li><a href=\"https:\/\/www.gilde.ch\/fr\/wp-json\/wp\/v2\/pages\/39033\/page\/6\/\">6<\/a><\/li>\n<li><a href=\"https:\/\/www.gilde.ch\/fr\/wp-json\/wp\/v2\/pages\/39033\/page\/2\/\">N\u00e4chste Seite \u00bb<\/a><\/li>\n<\/ul><\/div>\n    <\/div>\n\n<p><\/p>\n","protected":false},"excerpt":{"rendered":"<p>Recettes Que vais-je cuisiner aujourd&rsquo;hui ? Envie d&rsquo;un filet de cerf tendre ou plut\u00f4t de quelque chose de sucr\u00e9 comme des cr\u00eapes Suzette? Vous trouverez ici de nouvelles id\u00e9es de cuisine, de d\u00e9licieuses recettes \u00e0 r\u00e9aliser, des conseils et des astuces pour la cuisine et la cuisson &#8211; que ce soit pour une cuisine rapide [&hellip;]<\/p>\n","protected":false},"author":2,"featured_media":0,"parent":38418,"menu_order":0,"comment_status":"closed","ping_status":"closed","template":"","meta":{"_acf_changed":false,"footnotes":""},"class_list":["post-39033","page","type-page","status-publish","hentry"],"acf":[],"_links":{"self":[{"href":"https:\/\/www.gilde.ch\/fr\/wp-json\/wp\/v2\/pages\/39033\/"}],"collection":[{"href":"https:\/\/www.gilde.ch\/fr\/wp-json\/wp\/v2\/pages\/"}],"about":[{"href":"https:\/\/www.gilde.ch\/fr\/wp-json\/wp\/v2\/types\/page\/"}],"author":[{"embeddable":true,"href":"https:\/\/www.gilde.ch\/fr\/wp-json\/wp\/v2\/users\/2\/"}],"replies":[{"embeddable":true,"href":"https:\/\/www.gilde.ch\/fr\/wp-json\/wp\/v2\/comments\/?post=39033"}],"version-history":[{"count":5,"href":"https:\/\/www.gilde.ch\/fr\/wp-json\/wp\/v2\/pages\/39033\/revisions\/"}],"predecessor-version":[{"id":41267,"href":"https:\/\/www.gilde.ch\/fr\/wp-json\/wp\/v2\/pages\/39033\/revisions\/41267\/"}],"up":[{"embeddable":true,"href":"https:\/\/www.gilde.ch\/fr\/wp-json\/wp\/v2\/pages\/38418\/"}],"wp:attachment":[{"href":"https:\/\/www.gilde.ch\/fr\/wp-json\/wp\/v2\/media\/?parent=39033"}],"curies":[{"name":"wp","href":"https:\/\/api.w.org\/{rel}","templated":true}]}}