{"id":38422,"date":"2019-12-03T09:43:29","date_gmt":"2019-12-03T08:43:29","guid":{"rendered":"https:\/\/stage.gilde.ch\/magazine\/tendances-alimentaires\/"},"modified":"2025-09-24T15:51:43","modified_gmt":"2025-09-24T13:51:43","slug":"tendances-alimentaires","status":"publish","type":"page","link":"https:\/\/www.gilde.ch\/fr\/magazine\/tendances-alimentaires\/","title":{"rendered":"Tendances alimentaires"},"content":{"rendered":"\n<h1 class=\"wp-block-heading\">Tendances alimentaires<\/h1>\n\n<p><strong>Comme chacun sait, rien n&rsquo;est plus constant que le changement &#8211; et cela vaut \u00e9galement pour l&rsquo;alimentation. Vous d\u00e9couvrirez ici les tendances alimentaires et les mouvements culinaires passionnants et originaux qui nous attendent dans la gastronomie. Ainsi, vous restez au courant des derni\u00e8res nouveaut\u00e9s !  <\/strong><\/p>\n\n<div style=\"height:50px\" aria-hidden=\"true\" class=\"wp-block-spacer\"><\/div>\n<div class=\"block block-magazine-posts\">\n            \n<div class=\"article-preview\">\n    <a href=\"https:\/\/www.gilde.ch\/fr\/artikel\/le-calendrier-des-vins-2025\/\" class=\"article-preview-image\" style=\"background-image:url(https:\/\/www.gilde.ch\/wp-content\/uploads\/2025\/05\/der-weinkalender-2025-din-a4-ein-fotokalender-1-600x427.jpeg)\"><\/a>\n    <div class=\"article-preview-info\">\n        <a href=\"https:\/\/www.gilde.ch\/fr\/artikel\/le-calendrier-des-vins-2025\/\" class=\"title\">Le calendrier des vins 2025<\/a>\n    <\/div>\n    <div class=\"article-preview-excerpt\">TON GUIDE POUR LES MEILLEURES ANN\u00c9ES VITICOLES !\nNotre calendrier des vins te montre quand et o\u00f9 les vins m\u00e9ritent les meilleures notes. Mill\u00e9simes, r\u00e9gions et\nQualit\u00e9 en un coup d&rsquo;\u0153il &#8211; pour que tu fasses toujours le bon choix. <\/div>\n<\/div>\n\n<div class=\"article-preview\">\n    <a href=\"https:\/\/www.gilde.ch\/fr\/artikel\/fraises-et-compagnie-lessentiel-pour-la-saison-des-baies\/\" class=\"article-preview-image\" style=\"background-image:url(https:\/\/www.gilde.ch\/wp-content\/uploads\/2022\/06\/beerensaison-gilde-2-scaled-1-600x200.jpg)\"><\/a>\n    <div class=\"article-preview-info\">\n        <a href=\"https:\/\/www.gilde.ch\/fr\/artikel\/fraises-et-compagnie-lessentiel-pour-la-saison-des-baies\/\" class=\"title\">Fraises et compagnie : l&rsquo;essentiel pour la saison des baies<\/a>\n    <\/div>\n    <div class=\"article-preview-excerpt\">La saison des baies est arriv\u00e9e ! Lisez ici ce \u00e0 quoi il faut faire attention avec les fraises, les groseilles, les myrtilles et autres. <\/div>\n<\/div>\n\n<div class=\"article-preview\">\n    <a href=\"https:\/\/www.gilde.ch\/fr\/artikel\/lhuile-de-colza-du-landhotel-hirschen\/\" class=\"article-preview-image\" style=\"background-image:url(https:\/\/www.gilde.ch\/wp-content\/uploads\/2022\/05\/rapsfeld-oel-gilde-3-1-600x315.jpg)\"><\/a>\n    <div class=\"article-preview-info\">\n        <a href=\"https:\/\/www.gilde.ch\/fr\/artikel\/lhuile-de-colza-du-landhotel-hirschen\/\" class=\"title\">L&rsquo;huile de colza du Landhotel Hirschen<\/a>\n    <\/div>\n    <div class=\"article-preview-excerpt\">Depuis plus de 15 ans, le Landhotel Hirschen presse lui-m\u00eame son huile de colza. Pour savoir comment, cliquez ici. <\/div>\n<\/div>\n\n<div class=\"article-preview\">\n    <a href=\"https:\/\/www.gilde.ch\/fr\/artikel\/legumes-dhiver\/\" class=\"article-preview-image\" style=\"background-image:url(https:\/\/www.gilde.ch\/wp-content\/uploads\/2022\/02\/gilde-wintergemuese-3-1-600x400.jpg)\"><\/a>\n    <div class=\"article-preview-info\">\n        <a href=\"https:\/\/www.gilde.ch\/fr\/artikel\/legumes-dhiver\/\" class=\"title\">L\u00e9gumes d&rsquo;hiver<\/a>\n    <\/div>\n    <div class=\"article-preview-excerpt\">M\u00eame en hiver, nous pouvons consommer suffisamment de vitamines et de nutriments. Nous vous pr\u00e9sentons les l\u00e9gumes les plus populaires et tout ce qu&rsquo;ils peuvent faire. <\/div>\n<\/div>\n\n<div class=\"article-preview\">\n    <a href=\"https:\/\/www.gilde.ch\/fr\/artikel\/lauberge-du-chemin-de-fer-et-ses-truites-forestieres\/\" class=\"article-preview-image\" style=\"background-image:url(https:\/\/www.gilde.ch\/wp-content\/uploads\/2020\/05\/gilde-rezept-waldforelle-eisenbahn-1-600x337.jpg)\"><\/a>\n    <div class=\"article-preview-info\">\n        <a href=\"https:\/\/www.gilde.ch\/fr\/artikel\/lauberge-du-chemin-de-fer-et-ses-truites-forestieres\/\" class=\"title\">L&rsquo;auberge du chemin de fer et ses truites foresti\u00e8res<\/a>\n    <\/div>\n    <div class=\"article-preview-excerpt\">D\u00e9couvrez ici comment les truites foresti\u00e8res du Gasthof Eisenbahn finissent dans votre assiette :<\/div>\n<\/div>\n\n<div class=\"article-preview\">\n    <a href=\"https:\/\/www.gilde.ch\/fr\/artikel\/histoire-et-patrie-des-capuns\/\" class=\"article-preview-image\" style=\"background-image:url()\"><\/a>\n    <div class=\"article-preview-info\">\n        <a href=\"https:\/\/www.gilde.ch\/fr\/artikel\/histoire-et-patrie-des-capuns\/\" class=\"title\">Histoire et patrie des capuns<\/a>\n    <\/div>\n    <div class=\"article-preview-excerpt\">Tout le monde parle des capuns. Mais comment ce plat grison a-t-il vu le jour ? D\u00e9couvrez ici l&rsquo;histoire qui se cache derri\u00e8re la recette.  <\/div>\n<\/div>\n\n<div class=\"article-preview\">\n    <a href=\"https:\/\/www.gilde.ch\/fr\/artikel\/fritz-le-pecheur-peche-le-saumon-balois\/\" class=\"article-preview-image\" style=\"background-image:url(https:\/\/www.gilde.ch\/wp-content\/uploads\/2020\/03\/Rezept-Salm-1-595x600.jpg)\"><\/a>\n    <div class=\"article-preview-info\">\n        <a href=\"https:\/\/www.gilde.ch\/fr\/artikel\/fritz-le-pecheur-peche-le-saumon-balois\/\" class=\"title\">Fritz le p\u00eacheur p\u00eache&#8230; le saumon b\u00e2lois !<\/a>\n    <\/div>\n    <div class=\"article-preview-excerpt\">Saumon \u00e0 la b\u00e2loise, potences de p\u00eacheurs le long du Rhin et restaurants appel\u00e9s \u00ab\u00a0Zum Salmen\u00a0\u00bb &#8211; ici, vous en apprendrez plus sur le saumon b\u00e2lois et trouverez une super recette de \u00ab\u00a0saumon \u00e0 la b\u00e2loise\u00a0\u00bb.  <\/div>\n<\/div>\n\n<div class=\"article-preview\">\n    <a href=\"https:\/\/www.gilde.ch\/fr\/artikel\/pepe-valle-maggia-le-poivre-culte-de-la-vallee-de-la-maggia\/\" class=\"article-preview-image\" style=\"background-image:url(https:\/\/www.gilde.ch\/wp-content\/uploads\/2020\/02\/200309_Gilde_Peppe_Valle_Maggia-7-small-1-e1583757370707-1-600x150.jpg)\"><\/a>\n    <div class=\"article-preview-info\">\n        <a href=\"https:\/\/www.gilde.ch\/fr\/artikel\/pepe-valle-maggia-le-poivre-culte-de-la-vallee-de-la-maggia\/\" class=\"title\">Pepe Valle Maggia &#8211; le poivre culte de la vall\u00e9e de la Maggia<\/a>\n    <\/div>\n    <div class=\"article-preview-excerpt\">Peppe Valle Maggia ne vous dit rien ? Alors il est grand temps que vous fassiez connaissance avec le poivre culte du Val Maggia ! <\/div>\n<\/div>\n\n<div class=\"article-preview\">\n    <a href=\"https:\/\/www.gilde.ch\/fr\/artikel\/cuisine-vegetarienne-au-restaurant-annegreths-schutzenstube\/\" class=\"article-preview-image\" style=\"background-image:url()\"><\/a>\n    <div class=\"article-preview-info\">\n        <a href=\"https:\/\/www.gilde.ch\/fr\/artikel\/cuisine-vegetarienne-au-restaurant-annegreths-schutzenstube\/\" class=\"title\">Cuisine v\u00e9g\u00e9tarienne au restaurant Annegreth&rsquo;s Sch\u00fctzenstube<\/a>\n    <\/div>\n    <div class=\"article-preview-excerpt\">La cuisine v\u00e9g\u00e9tarienne et v\u00e9g\u00e9talienne est en plein essor. Une interview passionnante avec Annegreth de la Sch\u00fctzenstube. <\/div>\n<\/div>\n\n<div class=\"article-preview\">\n    <a href=\"https:\/\/www.gilde.ch\/fr\/artikel\/attention-cest-pret-vegetarien\/\" class=\"article-preview-image\" style=\"background-image:url(https:\/\/www.gilde.ch\/wp-content\/uploads\/2018\/09\/vegetarisch-arikel-news-beitrag-1-600x338.jpg)\"><\/a>\n    <div class=\"article-preview-info\">\n        <a href=\"https:\/\/www.gilde.ch\/fr\/artikel\/attention-cest-pret-vegetarien\/\" class=\"title\">Attention, c&rsquo;est pr\u00eat &#8211; v\u00e9g\u00e9tarien !<\/a>\n    <\/div>\n    <div class=\"article-preview-excerpt\">Le v\u00e9g\u00e9tarisme n&rsquo;est pas une id\u00e9e nouvelle, mais c&rsquo;est une id\u00e9e qui n&rsquo;a cess\u00e9 de gagner en importance au cours des derni\u00e8res d\u00e9cennies. Et ce mode de vie s\u00e9duit aujourd&rsquo;hui de plus en plus de non-v\u00e9g\u00e9tariens. <\/div>\n<\/div>\n    <\/div>\n","protected":false},"excerpt":{"rendered":"<p>Tendances alimentaires Comme chacun sait, rien n&rsquo;est plus constant que le changement &#8211; et cela vaut \u00e9galement pour l&rsquo;alimentation. Vous d\u00e9couvrirez ici les tendances alimentaires et les mouvements culinaires passionnants et originaux qui nous attendent dans la gastronomie. Ainsi, vous restez au courant des derni\u00e8res nouveaut\u00e9s !<\/p>\n","protected":false},"author":2,"featured_media":0,"parent":38418,"menu_order":0,"comment_status":"closed","ping_status":"closed","template":"","meta":{"_acf_changed":false,"footnotes":""},"class_list":["post-38422","page","type-page","status-publish","hentry"],"acf":[],"_links":{"self":[{"href":"https:\/\/www.gilde.ch\/fr\/wp-json\/wp\/v2\/pages\/38422\/"}],"collection":[{"href":"https:\/\/www.gilde.ch\/fr\/wp-json\/wp\/v2\/pages\/"}],"about":[{"href":"https:\/\/www.gilde.ch\/fr\/wp-json\/wp\/v2\/types\/page\/"}],"author":[{"embeddable":true,"href":"https:\/\/www.gilde.ch\/fr\/wp-json\/wp\/v2\/users\/2\/"}],"replies":[{"embeddable":true,"href":"https:\/\/www.gilde.ch\/fr\/wp-json\/wp\/v2\/comments\/?post=38422"}],"version-history":[{"count":1,"href":"https:\/\/www.gilde.ch\/fr\/wp-json\/wp\/v2\/pages\/38422\/revisions\/"}],"predecessor-version":[{"id":38423,"href":"https:\/\/www.gilde.ch\/fr\/wp-json\/wp\/v2\/pages\/38422\/revisions\/38423\/"}],"up":[{"embeddable":true,"href":"https:\/\/www.gilde.ch\/fr\/wp-json\/wp\/v2\/pages\/38418\/"}],"wp:attachment":[{"href":"https:\/\/www.gilde.ch\/fr\/wp-json\/wp\/v2\/media\/?parent=38422"}],"curies":[{"name":"wp","href":"https:\/\/api.w.org\/{rel}","templated":true}]}}