{"id":38420,"date":"2019-12-03T09:41:22","date_gmt":"2019-12-03T08:41:22","guid":{"rendered":"https:\/\/stage.gilde.ch\/magazine\/articles-et-actualites\/"},"modified":"2025-12-05T16:41:54","modified_gmt":"2025-12-05T15:41:54","slug":"articles-et-actualites","status":"publish","type":"page","link":"https:\/\/www.gilde.ch\/fr\/magazine\/articles-et-actualites\/","title":{"rendered":"Articles et actualit\u00e9s"},"content":{"rendered":"\n<h1 class=\"wp-block-heading\">Articles et actualit\u00e9s<\/h1>\n\n<p><strong>Nous sommes heureux que vous vous int\u00e9ressiez aux tendances alimentaires, aux exp\u00e9riences culinaires, aux nouvelles et aux actualit\u00e9s de la gastronomie. Bonne lecture et bon apprentissage ! <\/strong><br\/><\/p>\n\n<div style=\"height:50px\" aria-hidden=\"true\" class=\"wp-block-spacer\"><\/div>\n<div class=\"block block-magazine-posts\">\n            \n<div class=\"article-preview\">\n    <a href=\"https:\/\/www.gilde.ch\/fr\/news\/retrospective-amis-de-la-guilde-jeudi-18-septembre-2025\/\" class=\"article-preview-image\" style=\"background-image:url(https:\/\/www.gilde.ch\/wp-content\/uploads\/2025\/09\/WhatsApp-Bild-2025-09-24-um-10.10.41_5f2e6c92-600x450.webp)\"><\/a>\n    <div class=\"article-preview-info\">\n        <a href=\"https:\/\/www.gilde.ch\/fr\/news\/retrospective-amis-de-la-guilde-jeudi-18-septembre-2025\/\" class=\"title\">R\u00e9trospective &#8211; Amis de la Guilde &#8211; Jeudi 18 septembre 2025<\/a>\n    <\/div>\n    <div class=\"article-preview-excerpt\">Visite de Stadler Rail et d\u00e9jeuner au Landgasthof Wartegg, M\u00fchlheim-Wigoltingen<\/div>\n<\/div>\n\n<div class=\"article-preview\">\n    <a href=\"https:\/\/www.gilde.ch\/fr\/news\/retrospective-du-match-de-hockey-de-langnau-i-e\/\" class=\"article-preview-image\" style=\"background-image:url(https:\/\/www.gilde.ch\/wp-content\/uploads\/2024\/12\/th-1.jpg)\"><\/a>\n    <div class=\"article-preview-info\">\n        <a href=\"https:\/\/www.gilde.ch\/fr\/news\/retrospective-du-match-de-hockey-de-langnau-i-e\/\" class=\"title\">R\u00e9trospective du match de hockey de Langnau i.E.<\/a>\n    <\/div>\n    <div class=\"article-preview-excerpt\">Amis de la Guilde \u00ab\u00a0Sp\u00e9cial\u00a0\u00bb \u00e0 Langnau i.E. le 23 f\u00e9vrier 2025 SCL &#8211; EHCK<\/div>\n<\/div>\n\n<div class=\"article-preview\">\n    <a href=\"https:\/\/www.gilde.ch\/fr\/news\/retrospective-beromunster\/\" class=\"article-preview-image\" style=\"background-image:url(https:\/\/www.gilde.ch\/wp-content\/uploads\/2025\/05\/IMG_2762-2-600x400.jpg)\"><\/a>\n    <div class=\"article-preview-info\">\n        <a href=\"https:\/\/www.gilde.ch\/fr\/news\/retrospective-beromunster\/\" class=\"title\">R\u00e9trospective Berom\u00fcnster<\/a>\n    <\/div>\n    <div class=\"article-preview-excerpt\">R\u00e9trospective Berom\u00fcnster &#8211; KKLB (Kunst und Kultur Landessender Berom\u00fcnster) et d\u00e9jeuner au restaurant Vogelsang<\/div>\n<\/div>\n\n<div class=\"article-preview\">\n    <a href=\"https:\/\/www.gilde.ch\/fr\/news\/calendrier-des-vins-2025\/\" class=\"article-preview-image\" style=\"background-image:url(https:\/\/www.gilde.ch\/wp-content\/uploads\/2025\/05\/der-weinkalender-2025-din-a4-ein-fotokalender-1-600x427.jpeg)\"><\/a>\n    <div class=\"article-preview-info\">\n        <a href=\"https:\/\/www.gilde.ch\/fr\/news\/calendrier-des-vins-2025\/\" class=\"title\">Calendrier des vins 2025<\/a>\n    <\/div>\n    <div class=\"article-preview-excerpt\">TON GUIDE POUR LES MEILLEURES ANN\u00c9ES VITICOLES !\nNotre calendrier des vins te montre quand et o\u00f9 les vins m\u00e9ritent les meilleures notes. Mill\u00e9simes, r\u00e9gions et\nQualit\u00e9 en un coup d&rsquo;\u0153il &#8211; pour que tu fasses toujours le bon choix ! <\/div>\n<\/div>\n\n<div class=\"article-preview\">\n    <a href=\"https:\/\/www.gilde.ch\/fr\/news\/bienvenue-a-la-guilde\/\" class=\"article-preview-image\" style=\"background-image:url(https:\/\/www.gilde.ch\/wp-content\/uploads\/2024\/09\/Bildneu-1-600x399.jpg)\"><\/a>\n    <div class=\"article-preview-info\">\n        <a href=\"https:\/\/www.gilde.ch\/fr\/news\/bienvenue-a-la-guilde\/\" class=\"title\">Bienvenue \u00e0 la Guilde<\/a>\n    <\/div>\n    <div class=\"article-preview-excerpt\">2 fois par an, les restaurants peuvent poser leur candidature pour devenir membre de la guilde.  <\/div>\n<\/div>\n\n<div class=\"article-preview\">\n    <a href=\"https:\/\/www.gilde.ch\/fr\/news\/restaurants-autour-du-lac-de-walenstadt-une-aventure-culinaire-dans-la-region\/\" class=\"article-preview-image\" style=\"background-image:url(https:\/\/www.gilde.ch\/wp-content\/uploads\/2023\/08\/Quinten-am-Walensee-xybexgbba6q6em4-1-600x400.jpg)\"><\/a>\n    <div class=\"article-preview-info\">\n        <a href=\"https:\/\/www.gilde.ch\/fr\/news\/restaurants-autour-du-lac-de-walenstadt-une-aventure-culinaire-dans-la-region\/\" class=\"title\">Restaurants autour du lac de Walenstadt : une aventure culinaire dans la r\u00e9gion<\/a>\n    <\/div>\n    <div class=\"article-preview-excerpt\">La r\u00e9gion autour du lac de Walenstadt n&rsquo;a pas seulement beaucoup \u00e0 offrir aux amoureux de la nature. Une grande diversit\u00e9 de d\u00e9lices r\u00e9gionaux et d&rsquo;exp\u00e9riences gastronomiques vous attend \u00e9galement. <\/div>\n<\/div>\n\n<div class=\"article-preview\">\n    <a href=\"https:\/\/www.gilde.ch\/fr\/news\/6-restaurants-a-decouvrir-au-tessin\/\" class=\"article-preview-image\" style=\"background-image:url(https:\/\/www.gilde.ch\/wp-content\/uploads\/2023\/06\/ascona_tessin_gilde-scaled-1-600x150.jpg)\"><\/a>\n    <div class=\"article-preview-info\">\n        <a href=\"https:\/\/www.gilde.ch\/fr\/news\/6-restaurants-a-decouvrir-au-tessin\/\" class=\"title\">6 restaurants \u00e0 d\u00e9couvrir au Tessin<\/a>\n    <\/div>\n    <div class=\"article-preview-excerpt\">De v\u00e9ritables perles culinaires vous attendent sous le soleil du Tessin ! D\u00e9couvrez 6 \u00e9tablissements de la Guilde et savourez l&rsquo;hospitalit\u00e9 tessinoise. <\/div>\n<\/div>\n\n<div class=\"article-preview\">\n    <a href=\"https:\/\/www.gilde.ch\/fr\/news\/10-conseils-de-restaurants-en-valais\/\" class=\"article-preview-image\" style=\"background-image:url(https:\/\/www.gilde.ch\/wp-content\/uploads\/2023\/02\/wallis-10-restaurant-tipps-gilde-scaled-1-600x246.jpg)\"><\/a>\n    <div class=\"article-preview-info\">\n        <a href=\"https:\/\/www.gilde.ch\/fr\/news\/10-conseils-de-restaurants-en-valais\/\" class=\"title\">10 conseils de restaurants en Valais<\/a>\n    <\/div>\n    <div class=\"article-preview-excerpt\">Un paysage de montagne imposant, des sports d&rsquo;hiver ou d&rsquo;\u00e9t\u00e9 actifs et une cuisine savoureuse, voil\u00e0 ce qui caract\u00e9rise le Valais. D\u00e9couvrez ici 10 restaurants qui rendront votre s\u00e9jour inoubliable. <\/div>\n<\/div>\n\n<div class=\"article-preview\">\n    <a href=\"https:\/\/www.gilde.ch\/fr\/news\/photographie-alimentaire-quand-lamour-passe-par-lobjectif\/\" class=\"article-preview-image\" style=\"background-image:url(https:\/\/www.gilde.ch\/wp-content\/uploads\/2022\/08\/foodfotografie-gilde-1-600x243.jpg)\"><\/a>\n    <div class=\"article-preview-info\">\n        <a href=\"https:\/\/www.gilde.ch\/fr\/news\/photographie-alimentaire-quand-lamour-passe-par-lobjectif\/\" class=\"title\">Photographie alimentaire : quand l&rsquo;amour passe par l&rsquo;objectif<\/a>\n    <\/div>\n    <div class=\"article-preview-excerpt\">Pourquoi la nourriture des magazines a-t-elle toujours l&rsquo;air si d\u00e9licieuse et parfaite ? Charly Hug, photographe de la Guilde, conna\u00eet les secrets de la photographie alimentaire et nous met au courant. <\/div>\n<\/div>\n    <\/div>\n\n<p><\/p>\n","protected":false},"excerpt":{"rendered":"<p>Articles et actualit\u00e9s Nous sommes heureux que vous vous int\u00e9ressiez aux tendances alimentaires, aux exp\u00e9riences culinaires, aux nouvelles et aux actualit\u00e9s de la gastronomie. Bonne lecture et bon apprentissage !<\/p>\n","protected":false},"author":2,"featured_media":0,"parent":38418,"menu_order":0,"comment_status":"closed","ping_status":"closed","template":"","meta":{"_acf_changed":false,"footnotes":""},"class_list":["post-38420","page","type-page","status-publish","hentry"],"acf":[],"_links":{"self":[{"href":"https:\/\/www.gilde.ch\/fr\/wp-json\/wp\/v2\/pages\/38420\/"}],"collection":[{"href":"https:\/\/www.gilde.ch\/fr\/wp-json\/wp\/v2\/pages\/"}],"about":[{"href":"https:\/\/www.gilde.ch\/fr\/wp-json\/wp\/v2\/types\/page\/"}],"author":[{"embeddable":true,"href":"https:\/\/www.gilde.ch\/fr\/wp-json\/wp\/v2\/users\/2\/"}],"replies":[{"embeddable":true,"href":"https:\/\/www.gilde.ch\/fr\/wp-json\/wp\/v2\/comments\/?post=38420"}],"version-history":[{"count":4,"href":"https:\/\/www.gilde.ch\/fr\/wp-json\/wp\/v2\/pages\/38420\/revisions\/"}],"predecessor-version":[{"id":41878,"href":"https:\/\/www.gilde.ch\/fr\/wp-json\/wp\/v2\/pages\/38420\/revisions\/41878\/"}],"up":[{"embeddable":true,"href":"https:\/\/www.gilde.ch\/fr\/wp-json\/wp\/v2\/pages\/38418\/"}],"wp:attachment":[{"href":"https:\/\/www.gilde.ch\/fr\/wp-json\/wp\/v2\/media\/?parent=38420"}],"curies":[{"name":"wp","href":"https:\/\/api.w.org\/{rel}","templated":true}]}}