{"id":38418,"date":"2019-09-23T19:42:07","date_gmt":"2019-09-23T17:42:07","guid":{"rendered":"https:\/\/stage.gilde.ch\/magazine\/"},"modified":"2025-09-30T14:40:24","modified_gmt":"2025-09-30T12:40:24","slug":"magazine","status":"publish","type":"page","link":"https:\/\/www.gilde.ch\/fr\/magazine\/","title":{"rendered":"Actualit\u00e9s"},"content":{"rendered":"<div class=\"block block-featured-post-hero\">\n            <div class=\"featured-banner\">\n            <span>S\u00e9lection<\/span>\n        <\/div>\n        <div class=\"hero featured-hero\">\n            <div class=\"hero-inner\">\n                <div class=\"hero-text\">\n                    <div class=\"title\">Capuns Sursilvans<\/div>\n                    <div class=\"excerpt\">Viva la Grischa! Capuns Sursilvans Rezept von Fabia Caduff vom Hotel-Restaurant Central in Obersaxen.<\/div>\n                <\/div>\n            <\/div>\n            <div class=\"hero-image\" style=\"background-image:url(https:\/\/www.gilde.ch\/wp-content\/uploads\/2019\/12\/capuns-mit-speck-auf-teller-3.png)\">\n                <a class=\"readmore \" href=\"https:\/\/www.gilde.ch\/de\/rezepte\/capuns-sursilvans\/\">En savoir plus<\/a>\n            <\/div>\n        <\/div>\n    <\/div>\n\n<h1 class=\"wp-block-heading\"><strong>Le magazine de la Guilde<\/strong><\/h1>\n\n<p>Dans le magazine en ligne de la Guilde, vous trouverez\nr\u00e9guli\u00e8rement des recettes d\u00e9licieuses et cr\u00e9atives \u00e0 essayer ainsi que des nouvelles passionnantes\nsur les tendances alimentaires actuelles et les activit\u00e9s de la Guilde. Vous serez ainsi toujours \u00e0 jour en mati\u00e8re de gastronomie\n. <\/p>\n<div class=\"block-teaser-box has-4-boxes\">\n    \t\t\n\t\t\t        \t<a class=\"teaser-box click-area-hover-effect\" href=\"\/de\/magazin\/artikel-und-news\/\">\n\t\t\t\t<span class=\"preview-image\" style=\"background-image:url(https:\/\/www.gilde.ch\/wp-content\/uploads\/2021\/09\/gilde-magazin-news-artikel-lesen_1-600x300.jpg)\"><\/span>\n\t\t\t\t<span class=\"teaser-box-content\">\n\t\t            <h3 class=\"inner-title\">Articles et actualit\u00e9s<\/h3>\n\t\t\t\t\t<span class=\"more\">\n                        Vers les derni\u00e8res nouvelles                    <\/span>\n\t\t\t\t<\/span>\n\t        <\/a>\n\t\t\n\t\t\t        \t<a class=\"teaser-box click-area-hover-effect\" href=\"\/de\/magazin\/rezepte\/\">\n\t\t\t\t<span class=\"preview-image\" style=\"background-image:url(https:\/\/www.gilde.ch\/wp-content\/uploads\/2021\/09\/gilde-magazin-rezepte-koch_1-2-1-600x300.jpg)\"><\/span>\n\t\t\t\t<span class=\"teaser-box-content\">\n\t\t            <h3 class=\"inner-title\">Recettes de la Guilde<\/h3>\n\t\t\t\t\t<span class=\"more\">\n                        Vers les recettes                    <\/span>\n\t\t\t\t<\/span>\n\t        <\/a>\n\t\t\n\t\t\t        \t<a class=\"teaser-box click-area-hover-effect\" href=\"\/de\/magazin\/food-trends\/\">\n\t\t\t\t<span class=\"preview-image\" style=\"background-image:url(https:\/\/www.gilde.ch\/wp-content\/uploads\/2021\/09\/gilde-magazin-trends-food-foto_1-1-600x300.jpg)\"><\/span>\n\t\t\t\t<span class=\"teaser-box-content\">\n\t\t            <h3 class=\"inner-title\">Tendances alimentaires<\/h3>\n\t\t\t\t\t<span class=\"more\">\n                        Vers les tendances alimentaires                    <\/span>\n\t\t\t\t<\/span>\n\t        <\/a>\n\t\t\n\t\t\t        \t<a class=\"teaser-box click-area-hover-effect\" href=\"\/de\/magazin\/print-magazin\/\">\n\t\t\t\t<span class=\"preview-image\" style=\"background-image:url(https:\/\/www.gilde.ch\/wp-content\/uploads\/2021\/09\/New-Project-3-1-600x300.jpg)\"><\/span>\n\t\t\t\t<span class=\"teaser-box-content\">\n\t\t            <h3 class=\"inner-title\">Magazine de la Guilde<\/h3>\n\t\t\t\t\t<span class=\"more\">\n                        Vers le magazine imprim\u00e9                    <\/span>\n\t\t\t\t<\/span>\n\t        <\/a>\n\t\t    <\/div>\n\n<h2 class=\"wp-block-heading\">Articles et nouvelles<\/h2>\n\n<p>Nous sommes heureux que vous vous int\u00e9ressiez aux tendances alimentaires, \u00e0\nexp\u00e9riences culinaires, aux nouvelles et aux actualit\u00e9s de la gastronomie\n. Nous vous souhaitons beaucoup de plaisir \u00e0 lire et \u00e0 apprendre ! <\/p>\n<div class=\"block block-magazine-posts\">\n            \n<div class=\"article-preview\">\n    <a href=\"https:\/\/www.gilde.ch\/fr\/news\/retrospective-amis-de-la-guilde-jeudi-18-septembre-2025\/\" class=\"article-preview-image\" style=\"background-image:url(https:\/\/www.gilde.ch\/wp-content\/uploads\/2025\/09\/WhatsApp-Bild-2025-09-24-um-10.10.41_5f2e6c92-600x450.webp)\"><\/a>\n    <div class=\"article-preview-info\">\n        <a href=\"https:\/\/www.gilde.ch\/fr\/news\/retrospective-amis-de-la-guilde-jeudi-18-septembre-2025\/\" class=\"title\">R\u00e9trospective &#8211; Amis de la Guilde &#8211; Jeudi 18 septembre 2025<\/a>\n    <\/div>\n    <div class=\"article-preview-excerpt\">Visite de Stadler Rail et d\u00e9jeuner au Landgasthof Wartegg, M\u00fchlheim-Wigoltingen<\/div>\n<\/div>\n\n<div class=\"article-preview\">\n    <a href=\"https:\/\/www.gilde.ch\/fr\/news\/retrospective-du-match-de-hockey-de-langnau-i-e\/\" class=\"article-preview-image\" style=\"background-image:url(https:\/\/www.gilde.ch\/wp-content\/uploads\/2024\/12\/th-1.jpg)\"><\/a>\n    <div class=\"article-preview-info\">\n        <a href=\"https:\/\/www.gilde.ch\/fr\/news\/retrospective-du-match-de-hockey-de-langnau-i-e\/\" class=\"title\">R\u00e9trospective du match de hockey de Langnau i.E.<\/a>\n    <\/div>\n    <div class=\"article-preview-excerpt\">Amis de la Guilde \u00ab\u00a0Sp\u00e9cial\u00a0\u00bb \u00e0 Langnau i.E. le 23 f\u00e9vrier 2025 SCL &#8211; EHCK<\/div>\n<\/div>\n    <\/div>\n\n<hr class=\"wp-block-separator has-css-opacity\"\/>\n\n<h2 class=\"wp-block-heading\">Recettes<\/h2>\n\n<p>Que vais-je cuisiner aujourd&rsquo;hui ? Vous trouverez ici de nouvelles id\u00e9es de cuisine<x id=\"gid_0\"><\/x>, de d\u00e9licieuses recettes \u00e0 r\u00e9aliser, des conseils et des astuces pour la cuisine &amp;<x id=\"gid_1\"><\/x>Cuisiner &#8211; que ce soit pour la cuisine rapide du soir, les classiques suisses ou<x id=\"gid_2\"><\/x>doux r\u00eaves de dessert. Nous vous souhaitons beaucoup de plaisir et de r\u00e9ussite !  <\/p>\n<div class=\"block block-magazine-posts\">\n            \n<div class=\"article-preview\">\n    <a href=\"https:\/\/www.gilde.ch\/fr\/rezepte\/escalope-appenzelloise-avec-cornettes-au-fromage\/\" class=\"article-preview-image\" style=\"background-image:url(https:\/\/www.gilde.ch\/wp-content\/uploads\/2024\/04\/gilde-rezept-appenzeller-chaeshoernli-3-600x414.png)\"><\/a>\n    <div class=\"article-preview-info\">\n        <a href=\"https:\/\/www.gilde.ch\/fr\/rezepte\/escalope-appenzelloise-avec-cornettes-au-fromage\/\" class=\"title\">Escalope appenzelloise avec cornettes au fromage<\/a>\n    <\/div>\n    <div class=\"article-preview-excerpt\">Dans la cuisine suisse, il n&rsquo;y a gu\u00e8re de plat plus d\u00e9licieux qu&rsquo;un plat savoureux des montagnes. Les Appenzeller\u00ae\ufe0f Ch\u00e4sh\u00f6rnli de l&rsquo;Aventure Waldegg sont un v\u00e9ritable festin &#8211; pour les sportifs comme pour les gourmands.<\/div>\n<\/div>\n\n<div class=\"article-preview\">\n    <a href=\"https:\/\/www.gilde.ch\/fr\/rezepte\/soupe-au-foin\/\" class=\"article-preview-image\" style=\"background-image:url(https:\/\/www.gilde.ch\/wp-content\/uploads\/2024\/04\/gilde-rezept-heusuppe-3-600x394.jpg)\"><\/a>\n    <div class=\"article-preview-info\">\n        <a href=\"https:\/\/www.gilde.ch\/fr\/rezepte\/soupe-au-foin\/\" class=\"title\">Soupe au foin<\/a>\n    <\/div>\n    <div class=\"article-preview-excerpt\">Une recette qui capture le go\u00fbt des Alpes dans une d\u00e9licieuse soupe.  <\/div>\n<\/div>\n    <\/div>\n\n<hr class=\"wp-block-separator has-css-opacity\"\/>\n\n<h2 class=\"wp-block-heading\">Tendances alimentaires<\/h2>\n\n<p>Comme chacun sait, rien n&rsquo;est plus constant que le changement\n&#8211; et cela vaut \u00e9galement pour l&rsquo;alimentation. Vous d\u00e9couvrirez ici\nles tendances alimentaires et les mouvements culinaires passionnants et originaux qui nous attendent sur\ndans le domaine de la gastronomie. Vous serez ainsi toujours au courant des derni\u00e8res nouveaut\u00e9s !  <\/p>\n<div class=\"block block-magazine-posts\">\n            \n<div class=\"article-preview\">\n    <a href=\"https:\/\/www.gilde.ch\/fr\/artikel\/le-calendrier-des-vins-2025\/\" class=\"article-preview-image\" style=\"background-image:url(https:\/\/www.gilde.ch\/wp-content\/uploads\/2025\/05\/der-weinkalender-2025-din-a4-ein-fotokalender-1-600x427.jpeg)\"><\/a>\n    <div class=\"article-preview-info\">\n        <a href=\"https:\/\/www.gilde.ch\/fr\/artikel\/le-calendrier-des-vins-2025\/\" class=\"title\">Le calendrier des vins 2025<\/a>\n    <\/div>\n    <div class=\"article-preview-excerpt\">TON GUIDE POUR LES MEILLEURES ANN\u00c9ES VITICOLES !\nNotre calendrier des vins te montre quand et o\u00f9 les vins m\u00e9ritent les meilleures notes. Mill\u00e9simes, r\u00e9gions et\nQualit\u00e9 en un coup d&rsquo;\u0153il &#8211; pour que tu fasses toujours le bon choix. <\/div>\n<\/div>\n\n<div class=\"article-preview\">\n    <a href=\"https:\/\/www.gilde.ch\/fr\/artikel\/fraises-et-compagnie-lessentiel-pour-la-saison-des-baies\/\" class=\"article-preview-image\" style=\"background-image:url(https:\/\/www.gilde.ch\/wp-content\/uploads\/2022\/06\/beerensaison-gilde-2-scaled-1-600x200.jpg)\"><\/a>\n    <div class=\"article-preview-info\">\n        <a href=\"https:\/\/www.gilde.ch\/fr\/artikel\/fraises-et-compagnie-lessentiel-pour-la-saison-des-baies\/\" class=\"title\">Fraises et compagnie : l&rsquo;essentiel pour la saison des baies<\/a>\n    <\/div>\n    <div class=\"article-preview-excerpt\">La saison des baies est arriv\u00e9e ! Lisez ici ce \u00e0 quoi il faut faire attention avec les fraises, les groseilles, les myrtilles et autres. <\/div>\n<\/div>\n    <\/div>\n\n<hr class=\"wp-block-separator has-css-opacity\"\/>\n\n<div style=\"height:20px\" aria-hidden=\"true\" class=\"wp-block-spacer\"><\/div>\n","protected":false},"excerpt":{"rendered":"<p>Le magazine de la Guilde Dans le magazine en ligne de la Guilde, vous trouverez r\u00e9guli\u00e8rement des recettes d\u00e9licieuses et cr\u00e9atives \u00e0 essayer ainsi que des nouvelles passionnantes sur les tendances alimentaires actuelles et les activit\u00e9s de la Guilde. Vous serez ainsi toujours \u00e0 jour en mati\u00e8re de gastronomie . Articles et nouvelles Nous sommes [&hellip;]<\/p>\n","protected":false},"author":2,"featured_media":0,"parent":0,"menu_order":0,"comment_status":"closed","ping_status":"closed","template":"page-magazine.php","meta":{"_acf_changed":false,"footnotes":""},"class_list":["post-38418","page","type-page","status-publish","hentry"],"acf":[],"_links":{"self":[{"href":"https:\/\/www.gilde.ch\/fr\/wp-json\/wp\/v2\/pages\/38418\/"}],"collection":[{"href":"https:\/\/www.gilde.ch\/fr\/wp-json\/wp\/v2\/pages\/"}],"about":[{"href":"https:\/\/www.gilde.ch\/fr\/wp-json\/wp\/v2\/types\/page\/"}],"author":[{"embeddable":true,"href":"https:\/\/www.gilde.ch\/fr\/wp-json\/wp\/v2\/users\/2\/"}],"replies":[{"embeddable":true,"href":"https:\/\/www.gilde.ch\/fr\/wp-json\/wp\/v2\/comments\/?post=38418"}],"version-history":[{"count":7,"href":"https:\/\/www.gilde.ch\/fr\/wp-json\/wp\/v2\/pages\/38418\/revisions\/"}],"predecessor-version":[{"id":41034,"href":"https:\/\/www.gilde.ch\/fr\/wp-json\/wp\/v2\/pages\/38418\/revisions\/41034\/"}],"wp:attachment":[{"href":"https:\/\/www.gilde.ch\/fr\/wp-json\/wp\/v2\/media\/?parent=38418"}],"curies":[{"name":"wp","href":"https:\/\/api.w.org\/{rel}","templated":true}]}}