{"id":38382,"date":"2019-12-09T10:36:05","date_gmt":"2019-12-09T09:36:05","guid":{"rendered":"https:\/\/stage.gilde.ch\/recherche-de-restaurants\/votre-oasis-pour-un-dejeuner-ou-un-business-lunch\/"},"modified":"2025-09-24T22:24:33","modified_gmt":"2025-09-24T20:24:33","slug":"mittagessen","status":"publish","type":"page","link":"https:\/\/www.gilde.ch\/fr\/recherche-de-restaurants\/mittagessen\/","title":{"rendered":"Repas de midi \/ D\u00e9jeuner d\u2019affaires"},"content":{"rendered":"\n<p>Votre estomac gargouille d\u00e9j\u00e0 bruyamment alors que vous \u00eates encore en train de terminer les derni\u00e8res r\u00e9unions ou t\u00e2ches de la matin\u00e9e ? Alors votre horloge interne vous le dit certainement : C&rsquo;est l&rsquo;heure du d\u00e9jeuner ! Il faut alors trouver un restaurant pour un d\u00e9licieux d\u00e9jeuner. Gr\u00e2ce \u00e0 notre grand choix d&rsquo;\u00e9tablissements Gilde, vous n&rsquo;avez que l&#8217;embarras du choix : voulez-vous quelque chose <a href=\"\/fr\/recherche-de-restaurants\/restaurants-vegetaliens-et-vegetariens\/\">de v\u00e9g\u00e9tarien ou de v\u00e9g\u00e9talien<\/a>? Ou avez-vous plut\u00f4t envie de <a href=\"\/fr\/recherche-de-restaurants\/restaurants-grill-steakhouses-pres-de-chez-vous\/\">viande et de grillades<\/a>? Bien entendu, certains \u00e9tablissements Gilde se sont \u00e9galement sp\u00e9cialis\u00e9s dans les menus de <a href=\"\/fr\/recherche-de-restaurants\/poisson-fruits-de-mer\/\">poisson et de fruits de mer<\/a>. Autre avantage pratique : les \u00e9tablissements Gilde se trouvent dans toute la Suisse, quel que soit l&rsquo;endroit o\u00f9 vous vous trouvez.      <\/p>\n\n<p>Laissez-vous inspirer par la cuisine et d\u00e9cidez en fonction de vos besoins. Voulez-vous prendre le temps de d\u00e9jeuner ? Voulez-vous un d\u00e9jeuner bon march\u00e9 ? Ou organisez-vous un d\u00e9jeuner d&rsquo;affaires ? Si vous avez besoin d&rsquo;un repas rapide, de nombreux \u00e9tablissements Gilde vous proposent des <a href=\"\/fr\/recherche-de-restaurants\/vente-a-emporter-et-livraison-a-domicile\/\">plats \u00e0 emporter et des livraisons \u00e0 domicile<\/a>. Peu importe ce qui vous fait envie, nos \u00e9tablissements vous le permettent.     <\/p>\n","protected":false},"excerpt":{"rendered":"<p>Votre estomac gargouille d\u00e9j\u00e0 bruyamment alors que vous \u00eates encore en train de terminer les derni\u00e8res r\u00e9unions ou t\u00e2ches de la matin\u00e9e ? Alors votre horloge interne vous le dit certainement : C&rsquo;est l&rsquo;heure du d\u00e9jeuner ! Il faut alors trouver un restaurant pour un d\u00e9licieux d\u00e9jeuner. Gr\u00e2ce \u00e0 notre grand choix d&rsquo;\u00e9tablissements Gilde, vous [&hellip;]<\/p>\n","protected":false},"author":2,"featured_media":0,"parent":38159,"menu_order":0,"comment_status":"closed","ping_status":"closed","template":"page-restaurants.php","meta":{"_acf_changed":false,"footnotes":""},"class_list":["post-38382","page","type-page","status-publish","hentry"],"acf":[],"_links":{"self":[{"href":"https:\/\/www.gilde.ch\/fr\/wp-json\/wp\/v2\/pages\/38382\/"}],"collection":[{"href":"https:\/\/www.gilde.ch\/fr\/wp-json\/wp\/v2\/pages\/"}],"about":[{"href":"https:\/\/www.gilde.ch\/fr\/wp-json\/wp\/v2\/types\/page\/"}],"author":[{"embeddable":true,"href":"https:\/\/www.gilde.ch\/fr\/wp-json\/wp\/v2\/users\/2\/"}],"replies":[{"embeddable":true,"href":"https:\/\/www.gilde.ch\/fr\/wp-json\/wp\/v2\/comments\/?post=38382"}],"version-history":[{"count":4,"href":"https:\/\/www.gilde.ch\/fr\/wp-json\/wp\/v2\/pages\/38382\/revisions\/"}],"predecessor-version":[{"id":39485,"href":"https:\/\/www.gilde.ch\/fr\/wp-json\/wp\/v2\/pages\/38382\/revisions\/39485\/"}],"up":[{"embeddable":true,"href":"https:\/\/www.gilde.ch\/fr\/wp-json\/wp\/v2\/pages\/38159\/"}],"wp:attachment":[{"href":"https:\/\/www.gilde.ch\/fr\/wp-json\/wp\/v2\/media\/?parent=38382"}],"curies":[{"name":"wp","href":"https:\/\/api.w.org\/{rel}","templated":true}]}}