{"id":38380,"date":"2019-12-09T10:43:16","date_gmt":"2019-12-09T09:43:16","guid":{"rendered":"https:\/\/stage.gilde.ch\/recherche-de-restaurants\/votre-destination-pour-le-diner-au-restaurant\/"},"modified":"2025-09-24T22:24:02","modified_gmt":"2025-09-24T20:24:02","slug":"abendessen","status":"publish","type":"page","link":"https:\/\/www.gilde.ch\/fr\/recherche-de-restaurants\/abendessen\/","title":{"rendered":"Restaurants pour un d\u00eener raffin\u00e9"},"content":{"rendered":"\n<p>Vous souhaitez vous faire plaisir parce que la semaine de travail est termin\u00e9e, que les vacances ont commenc\u00e9 ou qu&rsquo;un d\u00eener sp\u00e9cial est pr\u00e9vu ? Ou tout simplement parce que vous en avez envie et que vous aimez les repas agr\u00e9ables et d\u00e9licats ? Et qui n&rsquo;aime pas \u00eatre invit\u00e9 \u00e0 un d\u00eener r\u00e9ussi ? Mais o\u00f9 aller ?<\/p>\n\n<p>La Guilde garantit l&rsquo;inspiration, car tout comme pour les <a href=\"\/fr\/recherche-de-restaurants\/restaurants-brunch-de-la-guilde\/?categories:brunch&amp;categories:mittagessen&amp;zoom=8&amp;lat=46.95554098418031&amp;lng=7.497914650000013\" target=\"_blank\" rel=\"noreferrer noopener\">brunchs<\/a> et <a href=\"\/fr\/recherche-de-restaurants\/votre-destination-pour-le-diner-au-restaurant\/?categories:mittagessen&amp;zoom=7&amp;lat=47.203329199239434&amp;lng=7.534228349999985\" target=\"_blank\" rel=\"noreferrer noopener\">les d\u00e9jeuners<\/a>, les \u00e9tablissements de la Guilde proposent toute une palette de destinations diff\u00e9rentes pour le <a href=\"\/fr\/recherche-de-restaurants\/votre-destination-pour-le-diner-au-restaurant\/?categories:mittagessen&amp;categories:abendessen&amp;zoom=7&amp;lat=47.365354307045465&amp;lng=8.35100249999992\" target=\"_blank\" rel=\"noreferrer noopener\">d\u00eener<\/a>. Laissez-vous inspirer et d\u00e9couvrez de nouveaux restaurants qui vous offriront des plaisirs gustatifs surprenants. Du rustique, du familial au noble et \u00e0 l&rsquo;\u00e9l\u00e9gant, on trouve de tout. Diverses orientations culinaires ne demandent qu&rsquo;\u00e0 \u00eatre d\u00e9couvertes. Vous trouverez de tout, de la <a href=\"\/fr\/recherche-de-restaurants\/poisson-fruits-de-mer\/\">viande au poisson<\/a> en passant par les <a href=\"\/fr\/recherche-de-restaurants\/restaurants-vegetaliens-et-vegetariens\/\">plats v\u00e9g\u00e9tariens ou v\u00e9g\u00e9taliens<\/a>. Lorsqu&rsquo;il fait particuli\u00e8rement chaud, nous vous recommandons de choisir un <a href=\"\/fr\/recherche-de-restaurants\/restaurant-avec-terrasse-ou-jardin\/\">restaurant avec jardin ou terrasse<\/a>. Ainsi, les douces soir\u00e9es d&rsquo;\u00e9t\u00e9 peuvent \u00eatre v\u00e9cues intens\u00e9ment \u00e0 la lumi\u00e8re romantique des bougies et autour d&rsquo;un d\u00e9licieux d\u00eener. Et qui sait, peut-\u00eatre que l&rsquo;endroit choisi par la Guilde deviendra un jour votre nouveau restaurant pr\u00e9f\u00e9r\u00e9 ?<\/p>\n","protected":false},"excerpt":{"rendered":"<p>Vous souhaitez vous faire plaisir parce que la semaine de travail est termin\u00e9e, que les vacances ont commenc\u00e9 ou qu&rsquo;un d\u00eener sp\u00e9cial est pr\u00e9vu ? Ou tout simplement parce que vous en avez envie et que vous aimez les repas agr\u00e9ables et d\u00e9licats ? Et qui n&rsquo;aime pas \u00eatre invit\u00e9 \u00e0 un d\u00eener r\u00e9ussi ? [&hellip;]<\/p>\n","protected":false},"author":2,"featured_media":0,"parent":38159,"menu_order":0,"comment_status":"closed","ping_status":"closed","template":"page-restaurants.php","meta":{"_acf_changed":false,"footnotes":""},"class_list":["post-38380","page","type-page","status-publish","hentry"],"acf":[],"_links":{"self":[{"href":"https:\/\/www.gilde.ch\/fr\/wp-json\/wp\/v2\/pages\/38380\/"}],"collection":[{"href":"https:\/\/www.gilde.ch\/fr\/wp-json\/wp\/v2\/pages\/"}],"about":[{"href":"https:\/\/www.gilde.ch\/fr\/wp-json\/wp\/v2\/types\/page\/"}],"author":[{"embeddable":true,"href":"https:\/\/www.gilde.ch\/fr\/wp-json\/wp\/v2\/users\/2\/"}],"replies":[{"embeddable":true,"href":"https:\/\/www.gilde.ch\/fr\/wp-json\/wp\/v2\/comments\/?post=38380"}],"version-history":[{"count":4,"href":"https:\/\/www.gilde.ch\/fr\/wp-json\/wp\/v2\/pages\/38380\/revisions\/"}],"predecessor-version":[{"id":39484,"href":"https:\/\/www.gilde.ch\/fr\/wp-json\/wp\/v2\/pages\/38380\/revisions\/39484\/"}],"up":[{"embeddable":true,"href":"https:\/\/www.gilde.ch\/fr\/wp-json\/wp\/v2\/pages\/38159\/"}],"wp:attachment":[{"href":"https:\/\/www.gilde.ch\/fr\/wp-json\/wp\/v2\/media\/?parent=38380"}],"curies":[{"name":"wp","href":"https:\/\/api.w.org\/{rel}","templated":true}]}}