{"id":38378,"date":"2019-12-09T10:24:30","date_gmt":"2019-12-09T09:24:30","guid":{"rendered":"https:\/\/stage.gilde.ch\/recherche-de-restaurants\/votre-restaurant-gilde-au-bord-du-lac-ou-de-leau\/"},"modified":"2025-09-24T22:23:18","modified_gmt":"2025-09-24T20:23:18","slug":"am-see","status":"publish","type":"page","link":"https:\/\/www.gilde.ch\/fr\/recherche-de-restaurants\/am-see\/","title":{"rendered":"Restaurants au lac \/ Au bord de l\u2019eau"},"content":{"rendered":"\n<p>Peu importe que l&rsquo;on s\u00e9journe \u00e0 <a href=\"\/fr\/recherche-de-restaurants\/votre-restaurant-gilde-au-bord-du-lac-ou-de-leau\/?categories:see-wasser&amp;canton:zurich&amp;zoom=9&amp;lat=47.069372139379276&amp;lng=8.070294499999937\">Zurich<\/a>, <a href=\"\/fr\/recherche-de-restaurants\/votre-restaurant-gilde-au-bord-du-lac-ou-de-leau\/?categories:see-wasser&amp;canton:luzern&amp;zoom=11&amp;lat=46.964476788586104&amp;lng=7.35874024999998\">Lucerne<\/a>, <a href=\"\/fr\/recherche-de-restaurants\/votre-restaurant-gilde-au-bord-du-lac-ou-de-leau\/?categories:see-wasser&amp;canton:zug&amp;zoom=12&amp;lat=47.08268137837913&amp;lng=8.305186649999987\">Zoug<\/a>, <a href=\"\/fr\/recherche-de-restaurants\/votre-restaurant-gilde-au-bord-du-lac-ou-de-leau\/?categories:see-wasser&amp;canton:bern&amp;zoom=10&amp;lat=47.03714932910448&amp;lng=7.9373948000000105\">Berne<\/a> ou dans un autre canton : Les magnifiques cours d&rsquo;eau de Suisse attirent et attireront toujours le regard. Et il y en a beaucoup. Plus de 1&rsquo;500 lacs et cours d&rsquo;eau sillonnent la Suisse et en font un pays unique. En \u00e9t\u00e9, ce sont surtout les lacs qui offrent un rafra\u00eechissement bienvenu. En hiver, ils sont \u00e0 la fois une surface glac\u00e9e et un spectacle naturel. Mais les chutes d&rsquo;eau, les barrages et les rivi\u00e8res offrent \u00e9galement un spectacle inoubliable. Le doux clapotis d&rsquo;un ruisseau ou la surface du lac qui se refl\u00e8te magnifiquement offrent un d\u00e9cor \u00e0 couper le souffle, surtout pendant le repas.<\/p>\n\n<p>Ne manquez pas une telle occasion et savourez un <a href=\"\/fr\/recherche-de-restaurants\/votre-oasis-pour-un-dejeuner-ou-un-business-lunch\/\">savoureux d\u00e9jeuner<\/a> au bord de l&rsquo;eau. Peut-\u00eatre aimeriez-vous prendre de la hauteur ? Pour cela, nos <a href=\"\/fr\/recherche-de-restaurants\/votre-restaurant-de-montagne-avec-vue\/\">restaurants de montagne<\/a>, qui proposent de d\u00e9licieux repas non loin des lacs de montagne et des rivi\u00e8res, sont tout indiqu\u00e9s. Trouvez ici votre restaurant au bord du lac dans toute la Suisse !<\/p>\n","protected":false},"excerpt":{"rendered":"<p>Peu importe que l&rsquo;on s\u00e9journe \u00e0 Zurich, Lucerne, Zoug, Berne ou dans un autre canton : Les magnifiques cours d&rsquo;eau de Suisse attirent et attireront toujours le regard. Et il y en a beaucoup. Plus de 1&rsquo;500 lacs et cours d&rsquo;eau sillonnent la Suisse et en font un pays unique. En \u00e9t\u00e9, ce sont surtout [&hellip;]<\/p>\n","protected":false},"author":2,"featured_media":0,"parent":38159,"menu_order":0,"comment_status":"closed","ping_status":"closed","template":"page-restaurants.php","meta":{"_acf_changed":false,"footnotes":""},"class_list":["post-38378","page","type-page","status-publish","hentry"],"acf":[],"_links":{"self":[{"href":"https:\/\/www.gilde.ch\/fr\/wp-json\/wp\/v2\/pages\/38378\/"}],"collection":[{"href":"https:\/\/www.gilde.ch\/fr\/wp-json\/wp\/v2\/pages\/"}],"about":[{"href":"https:\/\/www.gilde.ch\/fr\/wp-json\/wp\/v2\/types\/page\/"}],"author":[{"embeddable":true,"href":"https:\/\/www.gilde.ch\/fr\/wp-json\/wp\/v2\/users\/2\/"}],"replies":[{"embeddable":true,"href":"https:\/\/www.gilde.ch\/fr\/wp-json\/wp\/v2\/comments\/?post=38378"}],"version-history":[{"count":4,"href":"https:\/\/www.gilde.ch\/fr\/wp-json\/wp\/v2\/pages\/38378\/revisions\/"}],"predecessor-version":[{"id":39483,"href":"https:\/\/www.gilde.ch\/fr\/wp-json\/wp\/v2\/pages\/38378\/revisions\/39483\/"}],"up":[{"embeddable":true,"href":"https:\/\/www.gilde.ch\/fr\/wp-json\/wp\/v2\/pages\/38159\/"}],"wp:attachment":[{"href":"https:\/\/www.gilde.ch\/fr\/wp-json\/wp\/v2\/media\/?parent=38378"}],"curies":[{"name":"wp","href":"https:\/\/api.w.org\/{rel}","templated":true}]}}