{"id":38376,"date":"2019-12-09T10:28:06","date_gmt":"2019-12-09T09:28:06","guid":{"rendered":"https:\/\/stage.gilde.ch\/recherche-de-restaurants\/restaurants-vegetaliens-et-vegetariens\/"},"modified":"2025-09-24T22:09:21","modified_gmt":"2025-09-24T20:09:21","slug":"vegetarisch-vegan","status":"publish","type":"page","link":"https:\/\/www.gilde.ch\/fr\/recherche-de-restaurants\/vegetarisch-vegan\/","title":{"rendered":"V\u00e9g\u00e9tarien \/ V\u00e9gan"},"content":{"rendered":"\n<p>La main sur le c\u0153ur. Combien de fois nous est-il arriv\u00e9 de nous asseoir dans un beau restaurant avec des amis ou des coll\u00e8gues, de recevoir la carte des menus dans la main et d&rsquo;apprendre que la seule option v\u00e9g\u00e9tarienne ou v\u00e9g\u00e9talienne est une salade. L&rsquo;envie et la faim disparaissent alors aussi vite qu&rsquo;elles sont apparues. Pour \u00e9viter cela, les \u00e9tablissements de la Guilde ci-dessous se sont donn\u00e9 pour mission de proposer \u00e9galement des menus v\u00e9g\u00e9tariens et v\u00e9g\u00e9taliens. Apr\u00e8s tout, aller au restaurant doit rester un plaisir et ne pas devenir un d\u00e9sagr\u00e9ment.    <\/p>\n\n<p>Notre grand choix de restaurants v\u00e9g\u00e9tariens propose des plats frais et savoureux qui ne contiennent pas de viande. Vous pourrez ainsi savourer un d\u00e9licieux <a href=\"\/fr\/recherche-de-restaurants\/votre-oasis-pour-un-dejeuner-ou-un-business-lunch\/\">d\u00e9jeuner<\/a> ou peut-\u00eatre <a href=\"\/fr\/recherche-de-restaurants\/votre-destination-pour-le-diner-au-restaurant\/\">un d\u00eener<\/a> v\u00e9g\u00e9tarien l\u00e9ger. <\/p>\n\n<p>Mais cela ne s&rsquo;arr\u00eate pas l\u00e0, les restaurants v\u00e9g\u00e9taliens sont \u00e9galement repr\u00e9sent\u00e9s ici. Ici aussi, l&rsquo;accent est mis sur les produits frais, le plus souvent aussi r\u00e9gionaux, qui renoncent totalement aux produits d&rsquo;origine animale. Trouvez votre \u00e9tablissement Gilde et savourez votre prochain repas gr\u00e2ce \u00e0 des menus vari\u00e9s. Nous vous souhaitons \u00ab\u00a0en Guete\u00a0\u00bb.   <\/p>\n","protected":false},"excerpt":{"rendered":"<p>La main sur le c\u0153ur. Combien de fois nous est-il arriv\u00e9 de nous asseoir dans un beau restaurant avec des amis ou des coll\u00e8gues, de recevoir la carte des menus dans la main et d&rsquo;apprendre que la seule option v\u00e9g\u00e9tarienne ou v\u00e9g\u00e9talienne est une salade. L&rsquo;envie et la faim disparaissent alors aussi vite qu&rsquo;elles sont [&hellip;]<\/p>\n","protected":false},"author":2,"featured_media":0,"parent":38159,"menu_order":0,"comment_status":"closed","ping_status":"closed","template":"page-restaurants.php","meta":{"_acf_changed":false,"footnotes":""},"class_list":["post-38376","page","type-page","status-publish","hentry"],"acf":[],"_links":{"self":[{"href":"https:\/\/www.gilde.ch\/fr\/wp-json\/wp\/v2\/pages\/38376\/"}],"collection":[{"href":"https:\/\/www.gilde.ch\/fr\/wp-json\/wp\/v2\/pages\/"}],"about":[{"href":"https:\/\/www.gilde.ch\/fr\/wp-json\/wp\/v2\/types\/page\/"}],"author":[{"embeddable":true,"href":"https:\/\/www.gilde.ch\/fr\/wp-json\/wp\/v2\/users\/2\/"}],"replies":[{"embeddable":true,"href":"https:\/\/www.gilde.ch\/fr\/wp-json\/wp\/v2\/comments\/?post=38376"}],"version-history":[{"count":8,"href":"https:\/\/www.gilde.ch\/fr\/wp-json\/wp\/v2\/pages\/38376\/revisions\/"}],"predecessor-version":[{"id":39470,"href":"https:\/\/www.gilde.ch\/fr\/wp-json\/wp\/v2\/pages\/38376\/revisions\/39470\/"}],"up":[{"embeddable":true,"href":"https:\/\/www.gilde.ch\/fr\/wp-json\/wp\/v2\/pages\/38159\/"}],"wp:attachment":[{"href":"https:\/\/www.gilde.ch\/fr\/wp-json\/wp\/v2\/media\/?parent=38376"}],"curies":[{"name":"wp","href":"https:\/\/api.w.org\/{rel}","templated":true}]}}