{"id":38374,"date":"2019-12-12T12:14:24","date_gmt":"2019-12-12T11:14:24","guid":{"rendered":"https:\/\/stage.gilde.ch\/recherche-de-restaurants\/votre-restaurant-de-montagne-avec-vue\/"},"modified":"2025-09-24T22:22:45","modified_gmt":"2025-09-24T20:22:45","slug":"am-berg","status":"publish","type":"page","link":"https:\/\/www.gilde.ch\/fr\/recherche-de-restaurants\/am-berg\/","title":{"rendered":"\u00c0 la montagne"},"content":{"rendered":"\n<p>Pas apr\u00e8s pas, m\u00e8tre apr\u00e8s m\u00e8tre, le sommet se rapproche. On passe devant des buissons, des for\u00eats et des prairies qui fleurissent sauvagement en \u00e9t\u00e9 et exhibent leur neige scintillante en hiver. Le sol de la for\u00eat craque sous les chaussures de randonn\u00e9e, un \u00e9cureuil se glisse \u00e0 nouveau dans les buissons. La pente s&rsquo;accentue, le prochain virage est encore long de quelques centaines de m\u00e8tres. L&rsquo;objectif : un restaurant en haut de la montagne. Mais le chemin qui y m\u00e8ne peut parfois \u00eatre difficile lors de randonn\u00e9es. Mais la motivation, le plaisir de l&rsquo;effort et les remont\u00e9es m\u00e9caniques att\u00e9nuent les courbatures \u00e0 venir. Et pour ceux qui pensent \u00e0 la vue sur la r\u00e9gion montagneuse et ses vall\u00e9es, l&rsquo;effort en vaut vraiment la peine. Arriv\u00e9 enfin en haut, les efforts sont oubli\u00e9s.        <\/p>\n\n<p>L&rsquo;air frais et clair de la montagne rafra\u00eechit le front \u00e9chauff\u00e9 &#8211; et fait gronder l&rsquo;estomac. La marche vers le sommet a donn\u00e9 faim et le petit pain du go\u00fbter est d\u00e9j\u00e0 dig\u00e9r\u00e9 depuis longtemps. Il est temps de prendre un <a href=\"\/fr\/recherche-de-restaurants\/votre-oasis-pour-un-dejeuner-ou-un-business-lunch\/\">d\u00e9jeuner<\/a> &#8211; ou <a href=\"\/fr\/recherche-de-restaurants\/votre-destination-pour-le-diner-au-restaurant\/\">un d\u00eener<\/a> &#8211; revigorant dans l&rsquo;un des <a href=\"\/fr\/recherche-de-restaurants\/restaurant-avec-terrasse-ou-jardin\/?categories:berg&amp;canton:luzern&amp;canton:uri&amp;canton:schwyz&amp;canton:obwalden&amp;canton:nidwalden&amp;canton:zug&amp;zoom=10&amp;lat=46.86217943069662&amp;lng=8.332443650000005\">restaurants de montagne de Suisse centrale<\/a> <a href=\"\/fr\/recherche-de-restaurants\/restaurant-avec-terrasse-ou-jardin\/?categories:berg&amp;canton:graubunden&amp;zoom=8&amp;lat=46.88148782884953&amp;lng=8.35100249999992\">, dans les Grisons<\/a> ou <a href=\"\/fr\/recherche-de-restaurants\/restaurant-avec-terrasse-ou-jardin\/?categories:berg&amp;canton:appenzell-ausserrhoden&amp;canton:appenzell-innerrhoden&amp;zoom=8&amp;lat=46.88148782884953&amp;lng=8.35100249999992\">en Appenzell<\/a>. Ceux qui se trouvent en haut ont l&#8217;embarras du choix. Il est possible de choisir parmi 60 \u00e9tablissements une auberge de montagne ou un restaurant traditionnel avec vue. Il est donc temps de se r\u00e9compenser ! En G\u00fc\u00e4t\u00e4 !      <\/p>\n","protected":false},"excerpt":{"rendered":"<p>Pas apr\u00e8s pas, m\u00e8tre apr\u00e8s m\u00e8tre, le sommet se rapproche. On passe devant des buissons, des for\u00eats et des prairies qui fleurissent sauvagement en \u00e9t\u00e9 et exhibent leur neige scintillante en hiver. Le sol de la for\u00eat craque sous les chaussures de randonn\u00e9e, un \u00e9cureuil se glisse \u00e0 nouveau dans les buissons. La pente s&rsquo;accentue, [&hellip;]<\/p>\n","protected":false},"author":2,"featured_media":0,"parent":38159,"menu_order":0,"comment_status":"closed","ping_status":"closed","template":"page-restaurants.php","meta":{"_acf_changed":false,"footnotes":""},"class_list":["post-38374","page","type-page","status-publish","hentry"],"acf":[],"_links":{"self":[{"href":"https:\/\/www.gilde.ch\/fr\/wp-json\/wp\/v2\/pages\/38374\/"}],"collection":[{"href":"https:\/\/www.gilde.ch\/fr\/wp-json\/wp\/v2\/pages\/"}],"about":[{"href":"https:\/\/www.gilde.ch\/fr\/wp-json\/wp\/v2\/types\/page\/"}],"author":[{"embeddable":true,"href":"https:\/\/www.gilde.ch\/fr\/wp-json\/wp\/v2\/users\/2\/"}],"replies":[{"embeddable":true,"href":"https:\/\/www.gilde.ch\/fr\/wp-json\/wp\/v2\/comments\/?post=38374"}],"version-history":[{"count":4,"href":"https:\/\/www.gilde.ch\/fr\/wp-json\/wp\/v2\/pages\/38374\/revisions\/"}],"predecessor-version":[{"id":39482,"href":"https:\/\/www.gilde.ch\/fr\/wp-json\/wp\/v2\/pages\/38374\/revisions\/39482\/"}],"up":[{"embeddable":true,"href":"https:\/\/www.gilde.ch\/fr\/wp-json\/wp\/v2\/pages\/38159\/"}],"wp:attachment":[{"href":"https:\/\/www.gilde.ch\/fr\/wp-json\/wp\/v2\/media\/?parent=38374"}],"curies":[{"name":"wp","href":"https:\/\/api.w.org\/{rel}","templated":true}]}}