{"id":38372,"date":"2020-03-19T10:08:59","date_gmt":"2020-03-19T09:08:59","guid":{"rendered":"https:\/\/stage.gilde.ch\/recherche-de-restaurants\/vente-a-emporter-et-livraison-a-domicile\/"},"modified":"2025-09-24T22:26:42","modified_gmt":"2025-09-24T20:26:42","slug":"take-away-delivery","status":"publish","type":"page","link":"https:\/\/www.gilde.ch\/fr\/recherche-de-restaurants\/take-away-delivery\/","title":{"rendered":"Take-Away et Home-Delivery"},"content":{"rendered":"\n<p>Au lieu de vous mettre aux fourneaux, vous pouvez tout simplement partir \u00e0 la d\u00e9couverte de la gastronomie sur notre site Internet. Consultez notre liste des \u00e9tablissements de la Guilde et trouvez votre restaurant qui propose des plats \u00e0 emporter vari\u00e9s ou m\u00eame un service pratique de livraison \u00e0 domicile. Vous pouvez \u00e9galement d\u00e9couvrir des plats totalement nouveaux pour vous. Peut-\u00eatre trouverez-vous de nouvelles suggestions de <a href=\"\/fr\/recherche-de-restaurants\/poisson-fruits-de-mer\/\">poissons et de fruits de mer<\/a>, voire <a href=\"\/fr\/recherche-de-restaurants\/restaurants-grill-steakhouses-pres-de-chez-vous\/\">de viandes ou de grillades<\/a>, qui raviront vos papilles ? Laissez-vous inspirer&#8230;    <\/p>\n\n<p>Il suffit maintenant de choisir son restaurant pr\u00e9f\u00e9r\u00e9, de commander son repas, de venir le chercher et de le savourer &#8211; entre ses quatre murs. La Guilde vous souhaite \u00ab\u00a0en Guete\u00a0\u00bb ! <\/p>\n","protected":false},"excerpt":{"rendered":"<p>Au lieu de vous mettre aux fourneaux, vous pouvez tout simplement partir \u00e0 la d\u00e9couverte de la gastronomie sur notre site Internet. Consultez notre liste des \u00e9tablissements de la Guilde et trouvez votre restaurant qui propose des plats \u00e0 emporter vari\u00e9s ou m\u00eame un service pratique de livraison \u00e0 domicile. Vous pouvez \u00e9galement d\u00e9couvrir des [&hellip;]<\/p>\n","protected":false},"author":2,"featured_media":0,"parent":38159,"menu_order":0,"comment_status":"closed","ping_status":"closed","template":"page-restaurants.php","meta":{"_acf_changed":false,"footnotes":""},"class_list":["post-38372","page","type-page","status-publish","hentry"],"acf":[],"_links":{"self":[{"href":"https:\/\/www.gilde.ch\/fr\/wp-json\/wp\/v2\/pages\/38372\/"}],"collection":[{"href":"https:\/\/www.gilde.ch\/fr\/wp-json\/wp\/v2\/pages\/"}],"about":[{"href":"https:\/\/www.gilde.ch\/fr\/wp-json\/wp\/v2\/types\/page\/"}],"author":[{"embeddable":true,"href":"https:\/\/www.gilde.ch\/fr\/wp-json\/wp\/v2\/users\/2\/"}],"replies":[{"embeddable":true,"href":"https:\/\/www.gilde.ch\/fr\/wp-json\/wp\/v2\/comments\/?post=38372"}],"version-history":[{"count":4,"href":"https:\/\/www.gilde.ch\/fr\/wp-json\/wp\/v2\/pages\/38372\/revisions\/"}],"predecessor-version":[{"id":39487,"href":"https:\/\/www.gilde.ch\/fr\/wp-json\/wp\/v2\/pages\/38372\/revisions\/39487\/"}],"up":[{"embeddable":true,"href":"https:\/\/www.gilde.ch\/fr\/wp-json\/wp\/v2\/pages\/38159\/"}],"wp:attachment":[{"href":"https:\/\/www.gilde.ch\/fr\/wp-json\/wp\/v2\/media\/?parent=38372"}],"curies":[{"name":"wp","href":"https:\/\/api.w.org\/{rel}","templated":true}]}}