{"id":38369,"date":"2019-12-09T10:26:11","date_gmt":"2019-12-09T09:26:11","guid":{"rendered":"https:\/\/stage.gilde.ch\/recherche-de-restaurants\/restaurants-grill-steakhouses-pres-de-chez-vous\/"},"modified":"2025-09-24T22:12:20","modified_gmt":"2025-09-24T20:12:20","slug":"grillrestaurants-steakhouses-in-der-naehe","status":"publish","type":"page","link":"https:\/\/www.gilde.ch\/fr\/recherche-de-restaurants\/grillrestaurants-steakhouses-in-der-naehe\/","title":{"rendered":"Viande et grillades"},"content":{"rendered":"\n<p>L&rsquo;\u00e9t\u00e9 est la saison des grillades : le charbon mijote, les saucisses gr\u00e9sillent, les brochettes de poulet sont retourn\u00e9es, le jus des poivrons farcis d\u00e9gouline sur la grille. L&rsquo;odeur qui s&rsquo;\u00e9l\u00e8ve maintenant dans l&rsquo;air depuis le gril br\u00fblant met l&rsquo;eau \u00e0 la bouche. Mais si vous n&rsquo;avez pas envie de jouer les ma\u00eetres du gril ou si vous souhaitez simplement vous faire plaisir, rendez-vous dans un steakhouse \u00e0 proximit\u00e9. En effet, vous trouverez certainement de la bonne viande, comme un steak d&rsquo;entrec\u00f4te, un steak de b\u0153uf juteux ou un burger sp\u00e9cial, mais aussi <a href=\"\/fr\/recherche-de-restaurants\/poisson-fruits-de-mer\/\">du poisson et des fruits de mer<\/a>, dans une auberge Gilde avec barbecue.   <\/p>\n\n<p>Sur une <a href=\"\/fr\/recherche-de-restaurants\/restaurant-avec-terrasse-ou-jardin\/\">terrasse ou dans un jardin<\/a>, sous des arbres ombrag\u00e9s ou au bord <a href=\"\/fr\/recherche-de-restaurants\/votre-restaurant-gilde-au-bord-du-lac-ou-de-leau\/\">d&rsquo;un lac\/d&rsquo;un plan d&rsquo;eau<\/a>, un steak \u00e9pic\u00e9 est deux fois plus savoureux. Car un bon morceau de viande au restaurant est une particularit\u00e9 culinaire qui restera dans les m\u00e9moires, surtout pour les amateurs de viande. Et celui\/celle qui a trouv\u00e9 son steakhouse pr\u00e9f\u00e9r\u00e9 y reviendra toujours. Pour que vous puissiez vous aussi profiter de ce plaisir, nous avons \u00e9tabli ici notre top s\u00e9lection.     <\/p>\n","protected":false},"excerpt":{"rendered":"<p>L&rsquo;\u00e9t\u00e9 est la saison des grillades : le charbon mijote, les saucisses gr\u00e9sillent, les brochettes de poulet sont retourn\u00e9es, le jus des poivrons farcis d\u00e9gouline sur la grille. L&rsquo;odeur qui s&rsquo;\u00e9l\u00e8ve maintenant dans l&rsquo;air depuis le gril br\u00fblant met l&rsquo;eau \u00e0 la bouche. Mais si vous n&rsquo;avez pas envie de jouer les ma\u00eetres du gril [&hellip;]<\/p>\n","protected":false},"author":2,"featured_media":0,"parent":38159,"menu_order":0,"comment_status":"closed","ping_status":"closed","template":"page-restaurants.php","meta":{"_acf_changed":false,"footnotes":""},"class_list":["post-38369","page","type-page","status-publish","hentry"],"acf":[],"_links":{"self":[{"href":"https:\/\/www.gilde.ch\/fr\/wp-json\/wp\/v2\/pages\/38369\/"}],"collection":[{"href":"https:\/\/www.gilde.ch\/fr\/wp-json\/wp\/v2\/pages\/"}],"about":[{"href":"https:\/\/www.gilde.ch\/fr\/wp-json\/wp\/v2\/types\/page\/"}],"author":[{"embeddable":true,"href":"https:\/\/www.gilde.ch\/fr\/wp-json\/wp\/v2\/users\/2\/"}],"replies":[{"embeddable":true,"href":"https:\/\/www.gilde.ch\/fr\/wp-json\/wp\/v2\/comments\/?post=38369"}],"version-history":[{"count":9,"href":"https:\/\/www.gilde.ch\/fr\/wp-json\/wp\/v2\/pages\/38369\/revisions\/"}],"predecessor-version":[{"id":39474,"href":"https:\/\/www.gilde.ch\/fr\/wp-json\/wp\/v2\/pages\/38369\/revisions\/39474\/"}],"up":[{"embeddable":true,"href":"https:\/\/www.gilde.ch\/fr\/wp-json\/wp\/v2\/pages\/38159\/"}],"wp:attachment":[{"href":"https:\/\/www.gilde.ch\/fr\/wp-json\/wp\/v2\/media\/?parent=38369"}],"curies":[{"name":"wp","href":"https:\/\/api.w.org\/{rel}","templated":true}]}}