{"id":38368,"date":"2019-12-09T10:33:04","date_gmt":"2019-12-09T09:33:04","guid":{"rendered":"https:\/\/stage.gilde.ch\/recherche-de-restaurants\/restaurant-avec-terrasse-ou-jardin\/"},"modified":"2025-09-24T22:25:00","modified_gmt":"2025-09-24T20:25:00","slug":"terrasse-garten","status":"publish","type":"page","link":"https:\/\/www.gilde.ch\/fr\/recherche-de-restaurants\/terrasse-garten\/","title":{"rendered":"Restaurant avec Terrasse \/ Jardin"},"content":{"rendered":"\n<p>Une belle excursion \u00e0 la campagne ou un tour de ville vous a certes rempli de bonheur, mais quelque chose d&rsquo;autre s&rsquo;est aussi r\u00e9veill\u00e9 : la faim. Il est temps de reprendre des forces. Mais o\u00f9 aller aujourd&rsquo;hui ? Un coup d&rsquo;\u0153il au ciel vous fait faire une pause. Le soleil brille, il n&rsquo;y a pas un nuage dans le ciel et la l\u00e9g\u00e8re brise&#8230; tout invite \u00e0 s&rsquo;asseoir dehors. Alors, un restaurant avec terrasse ou jardin est l&rsquo;arr\u00eat parfait. Et quoi de plus agr\u00e9able que de savourer son repas en profitant d&rsquo;une vue magnifique sur un lac, une montagne ou une ligne d&rsquo;horizon ? Apr\u00e8s tout, c&rsquo;est bien connu, on mange aussi avec les yeux.       <\/p>\n\n<p>Parcourez notre vaste choix de restaurants Gilde, qui proposent tous un jardin ou une terrasse, et savourez votre <a href=\"\/fr\/recherche-de-restaurants\/restaurants-brunch-de-la-guilde\/\" target=\"_blank\" rel=\"noreferrer noopener\">brunch<\/a>, votre <a href=\"\/fr\/recherche-de-restaurants\/restaurants-brunch-de-la-guilde\/?categories:brunch&amp;categories:mittagessen&amp;zoom=8&amp;lat=46.95554098418031&amp;lng=7.497914650000013\" target=\"_blank\" rel=\"noreferrer noopener\">d\u00e9jeuner<\/a> ou <a href=\"\/fr\/recherche-de-restaurants\/votre-destination-pour-le-diner-au-restaurant\/\">votre d\u00eener avec une vue magnifique<\/a>. Vous pouvez ainsi vous attarder soit sous des pergolas, soit sous des arbres g\u00e9ants, soit sous des vrilles de raisins ou de fleurs. Quel que soit l&rsquo;endroit o\u00f9 vous vous trouvez en Suisse, il y en a pour tous les go\u00fbts.  <\/p>\n","protected":false},"excerpt":{"rendered":"<p>Une belle excursion \u00e0 la campagne ou un tour de ville vous a certes rempli de bonheur, mais quelque chose d&rsquo;autre s&rsquo;est aussi r\u00e9veill\u00e9 : la faim. Il est temps de reprendre des forces. Mais o\u00f9 aller aujourd&rsquo;hui ? Un coup d&rsquo;\u0153il au ciel vous fait faire une pause. Le soleil brille, il n&rsquo;y a [&hellip;]<\/p>\n","protected":false},"author":2,"featured_media":0,"parent":38159,"menu_order":0,"comment_status":"closed","ping_status":"closed","template":"page-restaurants.php","meta":{"_acf_changed":false,"footnotes":""},"class_list":["post-38368","page","type-page","status-publish","hentry"],"acf":[],"_links":{"self":[{"href":"https:\/\/www.gilde.ch\/fr\/wp-json\/wp\/v2\/pages\/38368\/"}],"collection":[{"href":"https:\/\/www.gilde.ch\/fr\/wp-json\/wp\/v2\/pages\/"}],"about":[{"href":"https:\/\/www.gilde.ch\/fr\/wp-json\/wp\/v2\/types\/page\/"}],"author":[{"embeddable":true,"href":"https:\/\/www.gilde.ch\/fr\/wp-json\/wp\/v2\/users\/2\/"}],"replies":[{"embeddable":true,"href":"https:\/\/www.gilde.ch\/fr\/wp-json\/wp\/v2\/comments\/?post=38368"}],"version-history":[{"count":8,"href":"https:\/\/www.gilde.ch\/fr\/wp-json\/wp\/v2\/pages\/38368\/revisions\/"}],"predecessor-version":[{"id":39486,"href":"https:\/\/www.gilde.ch\/fr\/wp-json\/wp\/v2\/pages\/38368\/revisions\/39486\/"}],"up":[{"embeddable":true,"href":"https:\/\/www.gilde.ch\/fr\/wp-json\/wp\/v2\/pages\/38159\/"}],"wp:attachment":[{"href":"https:\/\/www.gilde.ch\/fr\/wp-json\/wp\/v2\/media\/?parent=38368"}],"curies":[{"name":"wp","href":"https:\/\/api.w.org\/{rel}","templated":true}]}}