{"id":38366,"date":"2024-09-11T14:26:38","date_gmt":"2024-09-11T12:26:38","guid":{"rendered":"https:\/\/stage.gilde.ch\/interne-page-daccueil\/calendrier-des-evenements\/"},"modified":"2026-03-26T13:51:02","modified_gmt":"2026-03-26T12:51:02","slug":"calendrier-des-evenements","status":"publish","type":"page","link":"https:\/\/www.gilde.ch\/fr\/calendrier-des-evenements\/","title":{"rendered":"Calendrier des \u00e9v\u00e9nements"},"content":{"rendered":"\t\t<div data-elementor-type=\"wp-page\" data-elementor-id=\"38366\" class=\"elementor elementor-38366 elementor-6747\" data-elementor-post-type=\"page\">\n\t\t\t\t<div class=\"elementor-element elementor-element-9feccae e-con-full e-flex e-con e-parent\" data-id=\"9feccae\" data-element_type=\"container\">\n\t\t\t\t<div class=\"elementor-element elementor-element-4660e89 elementor-widget elementor-widget-heading\" data-id=\"4660e89\" data-element_type=\"widget\" data-widget_type=\"heading.default\">\n\t\t\t\t<div class=\"elementor-widget-container\">\n\t\t\t\t\t<h2 class=\"elementor-heading-title elementor-size-default\">\u00c9v\u00e9nements 2026<\/h2>\t\t\t\t<\/div>\n\t\t\t\t<\/div>\n\t\t\t\t<div class=\"elementor-element elementor-element-631f5da elementor-widget elementor-widget-text-editor\" data-id=\"631f5da\" data-element_type=\"widget\" data-widget_type=\"text-editor.default\">\n\t\t\t\t<div class=\"elementor-widget-container\">\n\t\t\t\t\t\t\t\t\t<p>L&rsquo;ann\u00e9e des \u00e9v\u00e9nements 2026 est ouverte. Tu trouveras sur cette page tous les \u00e9v\u00e9nements pr\u00e9vus par la Guilde, les Amis de la Guilde et nos restaurants de la Guilde. R\u00e9jouis-toi du plaisir, des \u00e9changes et des rencontres inspirantes. Tout le monde est cordialement invit\u00e9 \u00e0 vivre ensemble des moments particuliers.   <\/p><p>En 2026, la guilde sera \u00e9galement pr\u00e9sente au Heirassa Festival de Weggis, \u00e0 la GASTIA de Saint-Gall et \u00e0 la Rigi Schwingete.<\/p><p><strong>Autres \u00e9v\u00e9nements pr\u00e9vus :<\/strong><\/p><p><em>Manifestations de la Guilde<\/em><\/p><p>29 juin Journ\u00e9e de golf de la Guilde \u00e0 Interlaken &#8211; informations \u00e0 venir<\/p><p>5 septembre Journ\u00e9e de cuisine de la Guilde dans toute la Suisse &#8211; informations \u00e0 venir<\/p><p>\u00e0 partir du 30 ao\u00fbt Gilde-Charity automne &#8211; infos \u00e0 venir<\/p><p><em>Amis de la guilde<\/em><\/p><p>13 avril r\u00e9gion de Bienne avec visite de l&rsquo;entreprise sknife\/CeCo &#8211; inscription dans le calendrier des \u00e9v\u00e9nements<\/p><p>5 mai B\u00e2le-Ville &#8211; partie conviviale de l&rsquo;AG 2026 &#8211; infos \u00e0 venir<\/p><p>5 juin Bateau invit\u00e9 d&rsquo;honneur Heirassa \u00e0 Weggis<\/p><p>16 juin Baden avec visite de l&rsquo;entreprise Fredy&rsquo;s AG &#8211; infos \u00e0 venir<\/p><p>4 d\u00e9cembre K\u00fcssnachter Chlausjagen &#8211; informations \u00e0 venir<\/p>\t\t\t\t\t\t\t\t<\/div>\n\t\t\t\t<\/div>\n\t\t\t\t<div class=\"elementor-element elementor-element-2e67222 elementor-widget elementor-widget-html\" data-id=\"2e67222\" data-element_type=\"widget\" data-widget_type=\"html.default\">\n\t\t\t\t<div class=\"elementor-widget-container\">\n\t\t\t\t\t<script src=\"\/\/ajax.googleapis.com\/ajax\/libs\/jquery\/3.7.1\/jquery.min.js\"><\/script>\n<script type=\"text\/javascript\" src=\"https:\/\/www.guidle.com\/js\/jquery.ba-postmessage.min.js\"><\/script>\n<script type=\"text\/javascript\" src=\"https:\/\/www.guidle.com\/hosted\/template_portal\/microsite\/static\/js\/micrositeContainerModule.js\"><\/script>\n<iframe name=\"guidle_iframe-PftMpN\" data-src=\"https:\/\/microsite.guidle.com\/de\/mr_PftMpN\" allowtransparency=\"yes\" allow=\"clipboard-write *\" frameborder=\"0\" scrolling=\"no\" style=\"width:1px;min-width:100%\" height=\"400\" id=\"guidle_iframe-PftMpN\"><\/iframe>\t\t\t\t<\/div>\n\t\t\t\t<\/div>\n\t\t\t\t<\/div>\n\t\t\t\t<\/div>\n\t\t","protected":false},"excerpt":{"rendered":"<p>\u00c9v\u00e9nements 2026 L&rsquo;ann\u00e9e des \u00e9v\u00e9nements 2026 est ouverte. Tu trouveras sur cette page tous les \u00e9v\u00e9nements pr\u00e9vus par la Guilde, les Amis de la Guilde et nos restaurants de la Guilde. R\u00e9jouis-toi du plaisir, des \u00e9changes et des rencontres inspirantes. Tout le monde est cordialement invit\u00e9 \u00e0 vivre ensemble des moments particuliers. En 2026, la [&hellip;]<\/p>\n","protected":false},"author":2,"featured_media":0,"parent":0,"menu_order":0,"comment_status":"closed","ping_status":"closed","template":"t-wide-content.php","meta":{"_acf_changed":false,"footnotes":""},"class_list":["post-38366","page","type-page","status-publish","hentry"],"acf":[],"_links":{"self":[{"href":"https:\/\/www.gilde.ch\/fr\/wp-json\/wp\/v2\/pages\/38366\/"}],"collection":[{"href":"https:\/\/www.gilde.ch\/fr\/wp-json\/wp\/v2\/pages\/"}],"about":[{"href":"https:\/\/www.gilde.ch\/fr\/wp-json\/wp\/v2\/types\/page\/"}],"author":[{"embeddable":true,"href":"https:\/\/www.gilde.ch\/fr\/wp-json\/wp\/v2\/users\/2\/"}],"replies":[{"embeddable":true,"href":"https:\/\/www.gilde.ch\/fr\/wp-json\/wp\/v2\/comments\/?post=38366"}],"version-history":[{"count":13,"href":"https:\/\/www.gilde.ch\/fr\/wp-json\/wp\/v2\/pages\/38366\/revisions\/"}],"predecessor-version":[{"id":43235,"href":"https:\/\/www.gilde.ch\/fr\/wp-json\/wp\/v2\/pages\/38366\/revisions\/43235\/"}],"wp:attachment":[{"href":"https:\/\/www.gilde.ch\/fr\/wp-json\/wp\/v2\/media\/?parent=38366"}],"curies":[{"name":"wp","href":"https:\/\/api.w.org\/{rel}","templated":true}]}}