{"id":38328,"date":"2019-12-03T09:27:15","date_gmt":"2019-12-03T08:27:15","guid":{"rendered":"https:\/\/stage.gilde.ch\/recherche-de-restaurants\/guide-du-gourmet\/"},"modified":"2025-09-24T21:53:10","modified_gmt":"2025-09-24T19:53:10","slug":"guide-du-gourmet","status":"publish","type":"page","link":"https:\/\/www.gilde.ch\/fr\/recherche-de-restaurants\/guide-du-gourmet\/","title":{"rendered":"Guide du gourmet"},"content":{"rendered":"\n<h1 class=\"wp-block-heading\">Guide Gourmet de la Guilde 2025\/26<\/h1>\n\n<div class=\"wp-block-columns has-2-columns is-layout-flex wp-container-core-columns-is-layout-28f84493 wp-block-columns-is-layout-flex\">\n<div class=\"wp-block-column is-layout-flow wp-block-column-is-layout-flow\"><div class=\"wp-block-image is-style-default\">\n<figure class=\"aligncenter size-large\"><img fetchpriority=\"high\" decoding=\"async\" width=\"583\" height=\"1024\" src=\"https:\/\/www.gilde.ch\/wp-content\/uploads\/2025\/07\/Screenshot-2025-07-11-120503-1-583x1024.png\" alt=\"\" class=\"wp-image-8365\" srcset=\"https:\/\/www.gilde.ch\/wp-content\/uploads\/2025\/07\/Screenshot-2025-07-11-120503-1-583x1024.png 583w, https:\/\/www.gilde.ch\/wp-content\/uploads\/2025\/07\/Screenshot-2025-07-11-120503-1-600x1054.png 600w, https:\/\/www.gilde.ch\/wp-content\/uploads\/2025\/07\/Screenshot-2025-07-11-120503-1-171x300.png 171w, https:\/\/www.gilde.ch\/wp-content\/uploads\/2025\/07\/Screenshot-2025-07-11-120503-1-768x1349.png 768w, https:\/\/www.gilde.ch\/wp-content\/uploads\/2025\/07\/Screenshot-2025-07-11-120503-1-342x600.png 342w, https:\/\/www.gilde.ch\/wp-content\/uploads\/2025\/07\/Screenshot-2025-07-11-120503-1-683x1200.png 683w, https:\/\/www.gilde.ch\/wp-content\/uploads\/2025\/07\/Screenshot-2025-07-11-120503-1.png 804w\" sizes=\"(max-width: 583px) 100vw, 583px\" \/><\/figure><\/div><\/div>\n\n\n\n<div class=\"wp-block-column is-layout-flow wp-block-column-is-layout-flow\">\n<p>O\u00f9 trouver une liste claire des quelque 250 restaurants de la Guilde ? Dans le Guide Gourmet tr\u00e8s pratique ! Dans ce guide, vous trouverez toutes les informations sur les heures d&rsquo;ouverture, la taille de la salle ou l&rsquo;offre de restauration de tous les restaurants Gilde. De plus, le Guide Gourmet contient des d\u00e9tails passionnants sur la Guilde ainsi qu&rsquo;un calendrier des vins tr\u00e8s utile.   <\/p>\n\n\n\n<p>Vous pouvez t\u00e9l\u00e9charger le Guide Gourmet ici ou commander gratuitement un exemplaire imprim\u00e9 \u00e0 domicile via le formulaire de commande.<\/p>\n\n\n\n<div style=\"height:64px\" aria-hidden=\"true\" class=\"wp-block-spacer\"><\/div>\n\n\n\n<div class=\"wp-block-button is-style-squared\"><a class=\"wp-block-button__link has-text-color has-very-light-gray-color has-background\" href=\"https:\/\/www.gilde.ch\/wp-content\/uploads\/2024\/04\/Gilde-Gourmet_Guide_24_25_xeit.pdf\" style=\"background-color:#d5a75f\" target=\"_blank\" rel=\"noopener noreferrer\">T\u00e9l\u00e9charger le Gourmet Guide ><\/a><\/div>\n<\/div>\n<\/div>\n\n<h2 class=\"wp-block-heading\">  Commande du Guide Gourmet  <\/h2>\n\n<hr class=\"wp-block-separator has-css-opacity\"\/>\n\n<div class=\"wpcf7 no-js\" id=\"wpcf7-f383-o1\" lang=\"de-DE\" dir=\"ltr\" data-wpcf7-id=\"383\">\n<div class=\"screen-reader-response\"><p role=\"status\" aria-live=\"polite\" aria-atomic=\"true\"><\/p> <ul><\/ul><\/div>\n<form action=\"\/fr\/wp-json\/wp\/v2\/pages\/38328#wpcf7-f383-o1\" method=\"post\" class=\"wpcf7-form init\" aria-label=\"Kontaktformular\" novalidate=\"novalidate\" data-status=\"init\">\n<fieldset class=\"hidden-fields-container\"><input type=\"hidden\" name=\"_wpcf7\" value=\"383\" \/><input type=\"hidden\" name=\"_wpcf7_version\" value=\"6.1.1\" \/><input type=\"hidden\" name=\"_wpcf7_locale\" value=\"de_DE\" \/><input type=\"hidden\" name=\"_wpcf7_unit_tag\" value=\"wpcf7-f383-o1\" \/><input type=\"hidden\" name=\"_wpcf7_container_post\" value=\"0\" \/><input type=\"hidden\" name=\"_wpcf7_posted_data_hash\" value=\"\" \/><input type=\"hidden\" name=\"_wpcf7_recaptcha_response\" value=\"\" \/>\n<\/fieldset>\n<div class=\"cols cols-2\">\n\t<p><span class=\"wpcf7-form-control-wrap\" data-name=\"user-lastname\"><input size=\"40\" maxlength=\"400\" class=\"wpcf7-form-control wpcf7-text wpcf7-validates-as-required\" aria-required=\"true\" aria-invalid=\"false\" placeholder=\"Name*\" value=\"\" type=\"text\" name=\"user-lastname\" \/><\/span><br \/>\n<span class=\"wpcf7-form-control-wrap\" data-name=\"user-firstname\"><input size=\"40\" maxlength=\"400\" class=\"wpcf7-form-control wpcf7-text wpcf7-validates-as-required\" aria-required=\"true\" aria-invalid=\"false\" placeholder=\"Vorname*\" value=\"\" type=\"text\" name=\"user-firstname\" \/><\/span>\n\t<\/p>\n<\/div>\n<div class=\"cols cols-1\">\n\t<p><span class=\"wpcf7-form-control-wrap\" data-name=\"user-company\"><input size=\"40\" maxlength=\"400\" class=\"wpcf7-form-control wpcf7-text\" aria-invalid=\"false\" placeholder=\"Betrieb\/Firma\" value=\"\" type=\"text\" name=\"user-company\" \/><\/span>\n\t<\/p>\n<\/div>\n<div class=\"cols cols-3\">\n\t<p><span class=\"wpcf7-form-control-wrap\" data-name=\"user-address\"><input size=\"40\" maxlength=\"400\" class=\"wpcf7-form-control wpcf7-text wpcf7-validates-as-required\" aria-required=\"true\" aria-invalid=\"false\" placeholder=\"Adresse*\" value=\"\" type=\"text\" name=\"user-address\" \/><\/span><br \/>\n<span class=\"wpcf7-form-control-wrap\" data-name=\"user-plz\"><input size=\"40\" maxlength=\"400\" class=\"wpcf7-form-control wpcf7-text wpcf7-validates-as-required\" aria-required=\"true\" aria-invalid=\"false\" placeholder=\"PLZ*\" value=\"\" type=\"text\" name=\"user-plz\" \/><\/span><br \/>\n<span class=\"wpcf7-form-control-wrap\" data-name=\"user-city\"><input size=\"40\" maxlength=\"400\" class=\"wpcf7-form-control wpcf7-text wpcf7-validates-as-required\" aria-required=\"true\" aria-invalid=\"false\" placeholder=\"Ort*\" value=\"\" type=\"text\" name=\"user-city\" \/><\/span>\n\t<\/p>\n<\/div>\n<div class=\"cols cols-2\">\n\t<p><span class=\"wpcf7-form-control-wrap\" data-name=\"user-email\"><input size=\"40\" maxlength=\"400\" class=\"wpcf7-form-control wpcf7-email wpcf7-validates-as-required wpcf7-text wpcf7-validates-as-email\" aria-required=\"true\" aria-invalid=\"false\" placeholder=\"E-Mail*\" value=\"\" type=\"email\" name=\"user-email\" \/><\/span><br \/>\n<span class=\"wpcf7-form-control-wrap\" data-name=\"user-phone\"><input size=\"40\" maxlength=\"400\" class=\"wpcf7-form-control wpcf7-text\" aria-invalid=\"false\" placeholder=\"Telefon\" value=\"\" type=\"text\" name=\"user-phone\" \/><\/span>\n\t<\/p>\n<\/div>\n<div class=\"cols cols-1\">\n\t<p><span class=\"wpcf7-form-control-wrap\" data-name=\"guide-quantity\"><select class=\"wpcf7-form-control wpcf7-select wpcf7-validates-as-required\" aria-required=\"true\" aria-invalid=\"false\" name=\"guide-quantity\"><option value=\"\">&#8211; Bitte ausw\u00e4hlen &#8211;<\/option><option value=\"1 Guide\">1 Guide<\/option><option value=\"2 Guides\">2 Guides<\/option><option value=\"3 Guides\">3 Guides<\/option><option value=\"4 Guides\">4 Guides<\/option><option value=\"5 Guides\">5 Guides<\/option><option value=\"Individuell - bitte in Kommentarfeld spezifizieren\">Individuell - bitte in Kommentarfeld spezifizieren<\/option><\/select><\/span>\n\t<\/p>\n<\/div>\n<div class=\"cols cols-1\">\n\t<p><span class=\"wpcf7-form-control-wrap\" data-name=\"gilde-magazin\"><span class=\"wpcf7-form-control wpcf7-checkbox\"><span class=\"wpcf7-list-item first last\"><input type=\"checkbox\" name=\"gilde-magazin[]\" value=\"Aktuelles Gilde Magazin gratis mitschicken\" \/><span class=\"wpcf7-list-item-label\">Aktuelles Gilde Magazin gratis mitschicken<\/span><\/span><\/span><\/span>\n\t<\/p>\n<\/div>\n<p><span class=\"wpcf7-form-control-wrap\" data-name=\"message\"><textarea cols=\"40\" rows=\"10\" maxlength=\"2000\" class=\"wpcf7-form-control wpcf7-textarea\" aria-invalid=\"false\" placeholder=\"Kommentarfeld (optional)\" name=\"message\"><\/textarea><\/span>\n<\/p>\n<p><input class=\"wpcf7-form-control wpcf7-submit has-spinner\" type=\"submit\" value=\"Guide bestellen\" \/>\n<\/p><div class=\"wpcf7-response-output\" aria-hidden=\"true\"><\/div>\n<\/form>\n<\/div>\n\n<div class=\"block-teaser-box has-1-boxes\">\n    \t\t\n\t\t\t        \t<a class=\"teaser-box click-area-hover-effect\" href=\"https:\/\/www.boncard-payment-services.ch\/gcshop\/GCShop\/GCStep1.aspx?shopid=gilde&#038;lang=de\">\n\t\t\t\t<span class=\"preview-image\" style=\"background-image:url(https:\/\/www.gilde.ch\/wp-content\/uploads\/2019\/12\/geschenk-gutschein-teaser-shop-gilde-1-1200x300.jpg)\"><\/span>\n\t\t\t\t<span class=\"teaser-box-content\">\n\t\t            <h3 class=\"inner-title\">Commander des ch\u00e8ques-cadeaux<\/h3>\n\t\t\t\t\t<span class=\"more\">\n                        Commander ici des ch\u00e8ques-cadeaux                    <\/span>\n\t\t\t\t<\/span>\n\t        <\/a>\n\t\t    <\/div>\n","protected":false},"excerpt":{"rendered":"<p>Guide Gourmet de la Guilde 2025\/26 O\u00f9 trouver une liste claire des quelque 250 restaurants de la Guilde ? Dans le Guide Gourmet tr\u00e8s pratique ! Dans ce guide, vous trouverez toutes les informations sur les heures d&rsquo;ouverture, la taille de la salle ou l&rsquo;offre de restauration de tous les restaurants Gilde. De plus, le [&hellip;]<\/p>\n","protected":false},"author":2,"featured_media":0,"parent":38159,"menu_order":0,"comment_status":"closed","ping_status":"closed","template":"","meta":{"_acf_changed":false,"footnotes":""},"class_list":["post-38328","page","type-page","status-publish","hentry"],"acf":[],"_links":{"self":[{"href":"https:\/\/www.gilde.ch\/fr\/wp-json\/wp\/v2\/pages\/38328\/"}],"collection":[{"href":"https:\/\/www.gilde.ch\/fr\/wp-json\/wp\/v2\/pages\/"}],"about":[{"href":"https:\/\/www.gilde.ch\/fr\/wp-json\/wp\/v2\/types\/page\/"}],"author":[{"embeddable":true,"href":"https:\/\/www.gilde.ch\/fr\/wp-json\/wp\/v2\/users\/2\/"}],"replies":[{"embeddable":true,"href":"https:\/\/www.gilde.ch\/fr\/wp-json\/wp\/v2\/comments\/?post=38328"}],"version-history":[{"count":2,"href":"https:\/\/www.gilde.ch\/fr\/wp-json\/wp\/v2\/pages\/38328\/revisions\/"}],"predecessor-version":[{"id":39460,"href":"https:\/\/www.gilde.ch\/fr\/wp-json\/wp\/v2\/pages\/38328\/revisions\/39460\/"}],"up":[{"embeddable":true,"href":"https:\/\/www.gilde.ch\/fr\/wp-json\/wp\/v2\/pages\/38159\/"}],"wp:attachment":[{"href":"https:\/\/www.gilde.ch\/fr\/wp-json\/wp\/v2\/media\/?parent=38328"}],"curies":[{"name":"wp","href":"https:\/\/api.w.org\/{rel}","templated":true}]}}