{"id":38314,"date":"2021-04-20T15:07:30","date_gmt":"2021-04-20T13:07:30","guid":{"rendered":"https:\/\/stage.gilde.ch\/recherche-de-restaurants\/terrasses-ouvertes\/"},"modified":"2025-09-24T21:53:10","modified_gmt":"2025-09-24T19:53:10","slug":"terrasses-ouvertes","status":"publish","type":"page","link":"https:\/\/www.gilde.ch\/fr\/recherche-de-restaurants\/terrasses-ouvertes\/","title":{"rendered":"Terrasses ouvertes"},"content":{"rendered":"\n<p>Vous avez envie d&rsquo;air frais et de belles fleurs ? Un restaurant avec une belle terrasse ou un jardin bien entretenu est parfait pour cela. Surtout si celui-ci offre une belle vue sur la verdure. Cela permet de s&rsquo;a\u00e9rer l&rsquo;esprit, de se d\u00e9barrasser du quotidien et de se concentrer sur les bons moments. Cette solution est id\u00e9ale pour se d\u00e9tendre apr\u00e8s une dure journ\u00e9e de travail. Foulez vos pieds et arr\u00eatez-vous ensuite sur une jolie terrasse. Pour que vous sachiez exactement o\u00f9 en trouver, nous vous proposons ici un aper\u00e7u. Nous vous souhaitons beaucoup de plaisir \u00e0 chercher et \u00e0 d\u00e9couvrir !       <\/p>\n","protected":false},"excerpt":{"rendered":"<p>Vous avez envie d&rsquo;air frais et de belles fleurs ? Un restaurant avec une belle terrasse ou un jardin bien entretenu est parfait pour cela. Surtout si celui-ci offre une belle vue sur la verdure. Cela permet de s&rsquo;a\u00e9rer l&rsquo;esprit, de se d\u00e9barrasser du quotidien et de se concentrer sur les bons moments. Cette solution [&hellip;]<\/p>\n","protected":false},"author":2,"featured_media":0,"parent":38159,"menu_order":0,"comment_status":"closed","ping_status":"closed","template":"page-restaurants.php","meta":{"_acf_changed":false,"footnotes":""},"class_list":["post-38314","page","type-page","status-publish","hentry"],"acf":[],"_links":{"self":[{"href":"https:\/\/www.gilde.ch\/fr\/wp-json\/wp\/v2\/pages\/38314\/"}],"collection":[{"href":"https:\/\/www.gilde.ch\/fr\/wp-json\/wp\/v2\/pages\/"}],"about":[{"href":"https:\/\/www.gilde.ch\/fr\/wp-json\/wp\/v2\/types\/page\/"}],"author":[{"embeddable":true,"href":"https:\/\/www.gilde.ch\/fr\/wp-json\/wp\/v2\/users\/2\/"}],"replies":[{"embeddable":true,"href":"https:\/\/www.gilde.ch\/fr\/wp-json\/wp\/v2\/comments\/?post=38314"}],"version-history":[{"count":3,"href":"https:\/\/www.gilde.ch\/fr\/wp-json\/wp\/v2\/pages\/38314\/revisions\/"}],"predecessor-version":[{"id":38408,"href":"https:\/\/www.gilde.ch\/fr\/wp-json\/wp\/v2\/pages\/38314\/revisions\/38408\/"}],"up":[{"embeddable":true,"href":"https:\/\/www.gilde.ch\/fr\/wp-json\/wp\/v2\/pages\/38159\/"}],"wp:attachment":[{"href":"https:\/\/www.gilde.ch\/fr\/wp-json\/wp\/v2\/media\/?parent=38314"}],"curies":[{"name":"wp","href":"https:\/\/api.w.org\/{rel}","templated":true}]}}