{"id":38299,"date":"2019-12-09T10:40:00","date_gmt":"2019-12-09T09:40:00","guid":{"rendered":"https:\/\/stage.gilde.ch\/recherche-de-restaurants\/restaurants-brunch-de-la-guilde\/"},"modified":"2025-09-24T22:22:16","modified_gmt":"2025-09-24T20:22:16","slug":"brunch-restaurants","status":"publish","type":"page","link":"https:\/\/www.gilde.ch\/fr\/recherche-de-restaurants\/brunch-restaurants\/","title":{"rendered":"Brunch"},"content":{"rendered":"\n<p>Lev\u00e9 trop tard pour pr\u00e9parer un petit-d\u00e9jeuner, mais aussi trop t\u00f4t pour pr\u00e9parer un vrai <a href=\"\/fr\/recherche-de-restaurants\/votre-oasis-pour-un-dejeuner-ou-un-business-lunch\/\">d\u00e9jeuner<\/a>. Alors que faire ? La solution : <strong>BReakfast<\/strong>et <strong>lUNCH<\/strong> en un = <strong>BRUNCH<\/strong>. Jamais il n&rsquo;a \u00e9t\u00e9 aussi populaire de faire en sorte que deux repas n&rsquo;en fassent qu&rsquo;un en toute tranquillit\u00e9. Petits pains, \u0153ufs pour le petit-d\u00e9jeuner, muesli et jus d&rsquo;orange c\u00f4toient des tartes au fromage chaudes, des soupes ou des amuse-gueule. Il est toujours possible de faire soi-m\u00eame son brunch, mais il devient vraiment unique au restaurant. En effet, si l&rsquo;on prend la peine de laisser tomber son petit d\u00e9jeuner suisse le dimanche, de se rafra\u00eechir et de sortir, c&rsquo;est que l&rsquo;on s&rsquo;appr\u00eate \u00e0 vivre une occasion particuli\u00e8re : un brunch est en effet id\u00e9al pour un enterrement de vie de jeune fille, une f\u00eate de famille, une sortie d&rsquo;entreprise ou des retrouvailles entre amis. Pour que le <a href=\"\/fr\/recherche-de-restaurants\/restaurants-brunch-de-la-guilde\/\" target=\"_blank\" rel=\"noreferrer noopener\">brunch soit vraiment un moment fort, il faut choisir un \u00e9tablissement<\/a> sp\u00e9cialis\u00e9.       <\/p>\n\n<p>Nous recommandons <a href=\"\/fr\/recherche-de-restaurants\/restaurant-avec-terrasse-ou-jardin\/\">les restaurants avec jardin et terrasse<\/a>, surtout pendant les journ\u00e9es chaudes, car ils sont tr\u00e8s appr\u00e9ci\u00e9s, offrent beaucoup de place et une ambiance de r\u00eave. Trouvez d\u00e8s maintenant l&rsquo;\u00e9tablissement pour votre prochain brunch. <\/p>\n","protected":false},"excerpt":{"rendered":"<p>Lev\u00e9 trop tard pour pr\u00e9parer un petit-d\u00e9jeuner, mais aussi trop t\u00f4t pour pr\u00e9parer un vrai d\u00e9jeuner. Alors que faire ? La solution : BReakfastet lUNCH en un = BRUNCH. Jamais il n&rsquo;a \u00e9t\u00e9 aussi populaire de faire en sorte que deux repas n&rsquo;en fassent qu&rsquo;un en toute tranquillit\u00e9. Petits pains, \u0153ufs pour le petit-d\u00e9jeuner, muesli [&hellip;]<\/p>\n","protected":false},"author":2,"featured_media":0,"parent":38159,"menu_order":0,"comment_status":"closed","ping_status":"closed","template":"page-restaurants.php","meta":{"_acf_changed":false,"footnotes":""},"class_list":["post-38299","page","type-page","status-publish","hentry"],"acf":[],"_links":{"self":[{"href":"https:\/\/www.gilde.ch\/fr\/wp-json\/wp\/v2\/pages\/38299\/"}],"collection":[{"href":"https:\/\/www.gilde.ch\/fr\/wp-json\/wp\/v2\/pages\/"}],"about":[{"href":"https:\/\/www.gilde.ch\/fr\/wp-json\/wp\/v2\/types\/page\/"}],"author":[{"embeddable":true,"href":"https:\/\/www.gilde.ch\/fr\/wp-json\/wp\/v2\/users\/2\/"}],"replies":[{"embeddable":true,"href":"https:\/\/www.gilde.ch\/fr\/wp-json\/wp\/v2\/comments\/?post=38299"}],"version-history":[{"count":7,"href":"https:\/\/www.gilde.ch\/fr\/wp-json\/wp\/v2\/pages\/38299\/revisions\/"}],"predecessor-version":[{"id":39481,"href":"https:\/\/www.gilde.ch\/fr\/wp-json\/wp\/v2\/pages\/38299\/revisions\/39481\/"}],"up":[{"embeddable":true,"href":"https:\/\/www.gilde.ch\/fr\/wp-json\/wp\/v2\/pages\/38159\/"}],"wp:attachment":[{"href":"https:\/\/www.gilde.ch\/fr\/wp-json\/wp\/v2\/media\/?parent=38299"}],"curies":[{"name":"wp","href":"https:\/\/api.w.org\/{rel}","templated":true}]}}