{"id":38188,"date":"2019-12-12T12:23:07","date_gmt":"2019-12-12T11:23:07","guid":{"rendered":"https:\/\/stage.gilde.ch\/recherche-de-restaurants\/restaurant-avec-specialites-de-gibier\/"},"modified":"2025-09-24T22:25:48","modified_gmt":"2025-09-24T20:25:48","slug":"restaurant-mit-wildspezialitaeten","status":"publish","type":"page","link":"https:\/\/www.gilde.ch\/fr\/recherche-de-restaurants\/restaurant-mit-wildspezialitaeten\/","title":{"rendered":"Restaurant avec sp\u00e9cialit\u00e9s de gibier"},"content":{"rendered":"\n<p>L&rsquo;automne est la saison du gibier et le civet de chevreuil, les marrons et la citrouille font partie de l&rsquo;automne comme la pluie, les feuilles et le vent. Pendant la saison du gibier, rendez-vous dans un restaurant de la Guilde et savourez de d\u00e9licieuses sp\u00e9cialit\u00e9s de gibier. Car manger du gibier permet de mieux supporter la grisaille de l&rsquo;automne.    <\/p>\n","protected":false},"excerpt":{"rendered":"<p>L&rsquo;automne est la saison du gibier et le civet de chevreuil, les marrons et la citrouille font partie de l&rsquo;automne comme la pluie, les feuilles et le vent. Pendant la saison du gibier, rendez-vous dans un restaurant de la Guilde et savourez de d\u00e9licieuses sp\u00e9cialit\u00e9s de gibier. Car manger du gibier permet de mieux supporter [&hellip;]<\/p>\n","protected":false},"author":2,"featured_media":0,"parent":38159,"menu_order":0,"comment_status":"closed","ping_status":"closed","template":"page-restaurants.php","meta":{"_acf_changed":false,"footnotes":""},"class_list":["post-38188","page","type-page","status-publish","hentry"],"acf":[],"_links":{"self":[{"href":"https:\/\/www.gilde.ch\/fr\/wp-json\/wp\/v2\/pages\/38188\/"}],"collection":[{"href":"https:\/\/www.gilde.ch\/fr\/wp-json\/wp\/v2\/pages\/"}],"about":[{"href":"https:\/\/www.gilde.ch\/fr\/wp-json\/wp\/v2\/types\/page\/"}],"author":[{"embeddable":true,"href":"https:\/\/www.gilde.ch\/fr\/wp-json\/wp\/v2\/users\/2\/"}],"replies":[{"embeddable":true,"href":"https:\/\/www.gilde.ch\/fr\/wp-json\/wp\/v2\/comments\/?post=38188"}],"version-history":[{"count":3,"href":"https:\/\/www.gilde.ch\/fr\/wp-json\/wp\/v2\/pages\/38188\/revisions\/"}],"predecessor-version":[{"id":38404,"href":"https:\/\/www.gilde.ch\/fr\/wp-json\/wp\/v2\/pages\/38188\/revisions\/38404\/"}],"up":[{"embeddable":true,"href":"https:\/\/www.gilde.ch\/fr\/wp-json\/wp\/v2\/pages\/38159\/"}],"wp:attachment":[{"href":"https:\/\/www.gilde.ch\/fr\/wp-json\/wp\/v2\/media\/?parent=38188"}],"curies":[{"name":"wp","href":"https:\/\/api.w.org\/{rel}","templated":true}]}}