{"id":38180,"date":"2019-10-29T16:19:50","date_gmt":"2019-10-29T15:19:50","guid":{"rendered":"https:\/\/stage.gilde.ch\/plan-du-site\/"},"modified":"2025-09-25T10:51:01","modified_gmt":"2025-09-25T08:51:01","slug":"plan-du-site","status":"publish","type":"page","link":"https:\/\/www.gilde.ch\/fr\/plan-du-site\/","title":{"rendered":"Plan du site"},"content":{"rendered":"\n<h1 class=\"wp-block-heading\">Le plan du site<\/h1>\n<div class=\"block block-text-boxed\">\n            <div class=\"text-boxed\">\n                            <p>Toutes les pages pertinentes en un coup d&rsquo;\u0153il. Vous avez une question, une suggestion ou une pr\u00e9occupation concernant la guilde ? Dans ce cas, veuillez nous contacter via le <a href=\"https:\/\/www.gilde.ch\/de\/kontakt\/\">formulaire<\/a>.<\/p>\n                    <\/div>\n    <\/div>\n\n<h2 class=\"wp-block-heading\">Restaurants<\/h2>\n\n<div class=\"wp-block-columns has-2-columns is-layout-flex wp-container-core-columns-is-layout-28f84493 wp-block-columns-is-layout-flex\">\n<div class=\"wp-block-column is-layout-flow wp-block-column-is-layout-flow\">\n<p class=\"has-text-align-center\"><strong><a rel=\"noreferrer noopener\" aria-label=\"Mittagessen (&#xF6;ffnet in neuem Tab)\" href=\"https:\/\/gilde.ch\/restaurants\/mittagessen-business-lunch\/\" target=\"_blank\">D\u00e9jeuner<\/a><\/strong><\/p>\n\n\n\n<p class=\"has-text-align-center\"><strong><a rel=\"noreferrer noopener\" aria-label=\"Am See \/ Am Wasser (&#xF6;ffnet in neuem Tab)\" href=\"https:\/\/gilde.ch\/restaurants\/am-see\/\" target=\"_blank\">Au bord du lac \/ Au bord de l&rsquo;eau<\/a><\/strong><\/p>\n\n\n\n<p class=\"has-text-align-center\"><strong><a href=\"https:\/\/gilde.ch\/restaurants\/vegetarisch-vegan\/\" target=\"_blank\" rel=\"noreferrer noopener\" aria-label=\"Vegetarisch \/ Vegan (&#xF6;ffnet in neuem Tab)\">V\u00e9g\u00e9tarien \/ v\u00e9g\u00e9talien<\/a><\/strong><\/p>\n\n\n\n<p class=\"has-text-align-center\"><strong><a rel=\"noreferrer noopener\" aria-label=\"Gourmet Guide (&#xF6;ffnet in neuem Tab)\" href=\"https:\/\/gilde.ch\/restaurants\/gourmet-guide\/\" target=\"_blank\">Guide du gourmet<\/a><\/strong><\/p>\n<\/div>\n\n\n\n<div class=\"wp-block-column is-layout-flow wp-block-column-is-layout-flow\">\n<p class=\"has-text-align-center\"><strong><a rel=\"noreferrer noopener\" aria-label=\"Brunch (&#xF6;ffnet in neuem Tab)\" href=\"https:\/\/gilde.ch\/restaurants\/brunch-restaurants\/\" target=\"_blank\">Brunch<\/a><\/strong><\/p>\n\n\n\n<p class=\"has-text-align-center\"><strong><a rel=\"noreferrer noopener\" aria-label=\"Abendessen (&#xF6;ffnet in neuem Tab)\" href=\"https:\/\/gilde.ch\/restaurants\/abendessen\/\" target=\"_blank\">D\u00eener<\/a><\/strong><\/p>\n\n\n\n<p class=\"has-text-align-center\"><strong><a href=\"https:\/\/gilde.ch\/restaurants\/restaurant-am-berg\/\" target=\"_blank\" rel=\"noreferrer noopener\" aria-label=\"Am Berg (&#xF6;ffnet in neuem Tab)\">Sur la montagne<\/a><\/strong><\/p>\n<\/div>\n<\/div>\n\n<h2 class=\"wp-block-heading\">Magazine<\/h2>\n\n<div class=\"wp-block-columns has-2-columns is-layout-flex wp-container-core-columns-is-layout-28f84493 wp-block-columns-is-layout-flex\">\n<div class=\"wp-block-column is-layout-flow wp-block-column-is-layout-flow\">\n<p class=\"has-text-align-center\"><strong><a rel=\"noreferrer noopener\" aria-label=\"Artikel und News (&#xF6;ffnet in neuem Tab)\" href=\"https:\/\/gilde.ch\/magazin\/artikel-und-news\/\" target=\"_blank\">Articles et actualit\u00e9s<\/a><\/strong><\/p>\n\n\n\n<p class=\"has-text-align-center\"><strong><a href=\"https:\/\/gilde.ch\/magazin\/food-trends\/\" target=\"_blank\" rel=\"noreferrer noopener\" aria-label=\"Food Trends (&#xF6;ffnet in neuem Tab)\">Tendances alimentaires<\/a><\/strong><\/p>\n<\/div>\n\n\n\n<div class=\"wp-block-column is-layout-flow wp-block-column-is-layout-flow\">\n<p class=\"has-text-align-center\"><strong><a rel=\"noreferrer noopener\" aria-label=\"Rezepte (&#xF6;ffnet in neuem Tab)\" href=\"https:\/\/gilde.ch\/magazin\/rezepte\/\" target=\"_blank\">Recettes<\/a><\/strong><\/p>\n\n\n\n<p class=\"has-text-align-center\"><strong><a href=\"https:\/\/gilde.ch\/magazin\/food-trends\/\">Magazine imprim\u00e9<\/a><\/strong><\/p>\n<\/div>\n<\/div>\n\n<h2 class=\"wp-block-heading\">\u00c0 propos de nous<\/h2>\n\n<div class=\"wp-block-columns has-2-columns is-layout-flex wp-container-core-columns-is-layout-28f84493 wp-block-columns-is-layout-flex\">\n<div class=\"wp-block-column is-layout-flow wp-block-column-is-layout-flow\">\n<p class=\"has-text-align-center\"><strong><a rel=\"noreferrer noopener\" aria-label=\"Engagement (&#xF6;ffnet in neuem Tab)\" href=\"https:\/\/gilde.ch\/ueber-uns\/engagements\/\" target=\"_blank\">Engagement<\/a><\/strong><\/p>\n\n\n\n<p class=\"has-text-align-center\"><strong><a href=\"https:\/\/gilde.ch\/ueber-uns\/geschichte\/\" target=\"_blank\" rel=\"noreferrer noopener\" aria-label=\"Geschichte (&#xF6;ffnet in neuem Tab)\">Histoire<\/a><\/strong><\/p>\n<\/div>\n\n\n\n<div class=\"wp-block-column is-layout-flow wp-block-column-is-layout-flow\">\n<p class=\"has-text-align-center\"><strong><a rel=\"noreferrer noopener\" aria-label=\"Vorstand (&#xF6;ffnet in neuem Tab)\" href=\"https:\/\/gilde.ch\/ueber-uns\/vorstand\/\" target=\"_blank\">Conseil d&rsquo;administration<\/a><\/strong><\/p>\n\n\n\n<p class=\"has-text-align-center\"><strong><a href=\"https:\/\/gilde.ch\/kontakt\/\" target=\"_blank\" rel=\"noreferrer noopener\" aria-label=\"Kontakt (&#xF6;ffnet in neuem Tab)\">Contact<\/a><\/strong><\/p>\n<\/div>\n<\/div>\n\n<h2 class=\"wp-block-heading\">M\u00e9dias et autres<\/h2>\n\n<div class=\"wp-block-columns has-2-columns is-layout-flex wp-container-core-columns-is-layout-28f84493 wp-block-columns-is-layout-flex\">\n<div class=\"wp-block-column is-layout-flow wp-block-column-is-layout-flow\">\n<p class=\"has-text-align-center\"><strong><a href=\"https:\/\/gilde.ch\/presse\/\" target=\"_blank\" rel=\"noreferrer noopener\" aria-label=\"Presse (&#xF6;ffnet in neuem Tab)\">Presse<\/a><\/strong><\/p>\n<\/div>\n\n\n\n<div class=\"wp-block-column is-layout-flow wp-block-column-is-layout-flow\">\n<p class=\"has-text-align-center\"><strong><a href=\"https:\/\/gilde.ch\/geschenk-gutscheine\/\" target=\"_blank\" rel=\"noreferrer noopener\" aria-label=\"Gutscheine (&#xF6;ffnet in neuem Tab)\">Bons d&rsquo;achat<\/a><\/strong><\/p>\n<\/div>\n<\/div>\n\n<p><\/p>\n","protected":false},"excerpt":{"rendered":"<p>Le plan du site Restaurants D\u00e9jeuner Au bord du lac \/ Au bord de l&rsquo;eau V\u00e9g\u00e9tarien \/ v\u00e9g\u00e9talien Guide du gourmet Brunch D\u00eener Sur la montagne Magazine Articles et actualit\u00e9s Tendances alimentaires Recettes Magazine imprim\u00e9 \u00c0 propos de nous Engagement Histoire Conseil d&rsquo;administration Contact M\u00e9dias et autres Presse Bons d&rsquo;achat<\/p>\n","protected":false},"author":2,"featured_media":0,"parent":0,"menu_order":0,"comment_status":"closed","ping_status":"closed","template":"","meta":{"_acf_changed":false,"footnotes":""},"class_list":["post-38180","page","type-page","status-publish","hentry"],"acf":[],"_links":{"self":[{"href":"https:\/\/www.gilde.ch\/fr\/wp-json\/wp\/v2\/pages\/38180\/"}],"collection":[{"href":"https:\/\/www.gilde.ch\/fr\/wp-json\/wp\/v2\/pages\/"}],"about":[{"href":"https:\/\/www.gilde.ch\/fr\/wp-json\/wp\/v2\/types\/page\/"}],"author":[{"embeddable":true,"href":"https:\/\/www.gilde.ch\/fr\/wp-json\/wp\/v2\/users\/2\/"}],"replies":[{"embeddable":true,"href":"https:\/\/www.gilde.ch\/fr\/wp-json\/wp\/v2\/comments\/?post=38180"}],"version-history":[{"count":2,"href":"https:\/\/www.gilde.ch\/fr\/wp-json\/wp\/v2\/pages\/38180\/revisions\/"}],"predecessor-version":[{"id":39714,"href":"https:\/\/www.gilde.ch\/fr\/wp-json\/wp\/v2\/pages\/38180\/revisions\/39714\/"}],"wp:attachment":[{"href":"https:\/\/www.gilde.ch\/fr\/wp-json\/wp\/v2\/media\/?parent=38180"}],"curies":[{"name":"wp","href":"https:\/\/api.w.org\/{rel}","templated":true}]}}