{"id":38178,"date":"2024-11-19T18:12:12","date_gmt":"2024-11-19T17:12:12","guid":{"rendered":"https:\/\/stage.gilde.ch\/demande-dadhesion\/"},"modified":"2025-09-24T11:35:18","modified_gmt":"2025-09-24T09:35:18","slug":"demande-dadhesion","status":"publish","type":"page","link":"https:\/\/www.gilde.ch\/fr\/demande-dadhesion\/","title":{"rendered":"Demande d&rsquo;adh\u00e9sion"},"content":{"rendered":"\n<h1 class=\"wp-block-heading\">Demande d&rsquo;adh\u00e9sion<\/h1>\n\n<p><strong>Vous avez une question, une suggestion ou une pr\u00e9occupation concernant la guilde ? Ou vous souhaitez devenir membre, partenaire ou ami de la guilde ?<\/strong>  Il vous suffit alors de s\u00e9lectionner dans le formulaire ce qui vous int\u00e9resse et nous nous occuperons de votre demande.<\/p>\n\n<p><strong>Atteindre plus ensemble &#8211; devenez membre, partenaire ou ami de la guilde !<\/strong><\/p>\n\n<p>Vous souhaitez devenir membre ou partenaire de la Guilde suisse des Restaurateurs-Cuisiniers ?<br\/>Demandez le dossier de candidature. Apr\u00e8s une \u00e9valuation compl\u00e8te de la qualit\u00e9 et une enqu\u00eate interne aupr\u00e8s des membres, le comit\u00e9 de la Guilde d\u00e9cide de votre nomination. Pour les demandes de partenariat, nous demandons \u00e9galement l&rsquo;accord des partenaires existants.<\/p>\n\n<div class=\"wpcf7 no-js\" id=\"wpcf7-f6940-o1\" lang=\"de-DE\" dir=\"ltr\" data-wpcf7-id=\"6940\">\n<div class=\"screen-reader-response\"><p role=\"status\" aria-live=\"polite\" aria-atomic=\"true\"><\/p> <ul><\/ul><\/div>\n<form action=\"\/fr\/wp-json\/wp\/v2\/pages\/38178#wpcf7-f6940-o1\" method=\"post\" class=\"wpcf7-form init\" aria-label=\"Kontaktformular\" novalidate=\"novalidate\" data-status=\"init\">\n<fieldset class=\"hidden-fields-container\"><input type=\"hidden\" name=\"_wpcf7\" value=\"6940\" \/><input type=\"hidden\" name=\"_wpcf7_version\" value=\"6.1.1\" \/><input type=\"hidden\" name=\"_wpcf7_locale\" value=\"de_DE\" \/><input type=\"hidden\" name=\"_wpcf7_unit_tag\" value=\"wpcf7-f6940-o1\" \/><input type=\"hidden\" name=\"_wpcf7_container_post\" value=\"0\" \/><input type=\"hidden\" name=\"_wpcf7_posted_data_hash\" value=\"\" \/><input type=\"hidden\" name=\"_wpcf7_recaptcha_response\" value=\"\" \/>\n<\/fieldset>\n<div class=\"cols cols-2\">\n\t<p><span class=\"wpcf7-form-control-wrap\" data-name=\"user-lastname\"><input size=\"40\" maxlength=\"400\" class=\"wpcf7-form-control wpcf7-text wpcf7-validates-as-required\" aria-required=\"true\" aria-invalid=\"false\" placeholder=\"Name*\" value=\"\" type=\"text\" name=\"user-lastname\" \/><\/span><br \/>\n<span class=\"wpcf7-form-control-wrap\" data-name=\"user-firstname\"><input size=\"40\" maxlength=\"400\" class=\"wpcf7-form-control wpcf7-text wpcf7-validates-as-required\" aria-required=\"true\" aria-invalid=\"false\" placeholder=\"Vorname*\" value=\"\" type=\"text\" name=\"user-firstname\" \/><\/span>\n\t<\/p>\n<\/div>\n<div class=\"cols cols-1\">\n\t<p><span class=\"wpcf7-form-control-wrap\" data-name=\"user-company\"><input size=\"40\" maxlength=\"400\" class=\"wpcf7-form-control wpcf7-text wpcf7-validates-as-required\" aria-required=\"true\" aria-invalid=\"false\" placeholder=\"Betrieb\/Firma*\" value=\"\" type=\"text\" name=\"user-company\" \/><\/span>\n\t<\/p>\n<\/div>\n<div class=\"cols cols-3\">\n\t<p><span class=\"wpcf7-form-control-wrap\" data-name=\"user-address\"><input size=\"40\" maxlength=\"400\" class=\"wpcf7-form-control wpcf7-text wpcf7-validates-as-required\" aria-required=\"true\" aria-invalid=\"false\" placeholder=\"Adresse*\" value=\"\" type=\"text\" name=\"user-address\" \/><\/span><br \/>\n<span class=\"wpcf7-form-control-wrap\" data-name=\"user-plz\"><input size=\"40\" maxlength=\"4\" minlength=\"4\" class=\"wpcf7-form-control wpcf7-text wpcf7-validates-as-required\" aria-required=\"true\" aria-invalid=\"false\" placeholder=\"PLZ*\" value=\"\" type=\"text\" name=\"user-plz\" \/><\/span><br \/>\n<span class=\"wpcf7-form-control-wrap\" data-name=\"user-city\"><input size=\"40\" maxlength=\"400\" class=\"wpcf7-form-control wpcf7-text wpcf7-validates-as-required\" aria-required=\"true\" aria-invalid=\"false\" placeholder=\"Ort*\" value=\"\" type=\"text\" name=\"user-city\" \/><\/span>\n\t<\/p>\n<\/div>\n<div class=\"cols cols-2\">\n\t<p><span class=\"wpcf7-form-control-wrap\" data-name=\"user-email\"><input size=\"40\" maxlength=\"400\" class=\"wpcf7-form-control wpcf7-email wpcf7-validates-as-required wpcf7-text wpcf7-validates-as-email\" aria-required=\"true\" aria-invalid=\"false\" placeholder=\"E-Mail*\" value=\"\" type=\"email\" name=\"user-email\" \/><\/span><br \/>\n<span class=\"wpcf7-form-control-wrap\" data-name=\"user-phone\"><input size=\"40\" maxlength=\"400\" minlength=\"7\" class=\"wpcf7-form-control wpcf7-text wpcf7-validates-as-required\" aria-required=\"true\" aria-invalid=\"false\" placeholder=\"Telefon*\" value=\"\" type=\"text\" name=\"user-phone\" \/><\/span>\n\t<\/p>\n<\/div>\n<div class=\"cols cols-1\">\n\t<p><span class=\"wpcf7-form-control-wrap\" data-name=\"user-motivation\"><textarea cols=\"40\" rows=\"10\" maxlength=\"2000\" minlength=\"30\" class=\"wpcf7-form-control wpcf7-textarea wpcf7-validates-as-required\" aria-required=\"true\" aria-invalid=\"false\" placeholder=\"Motivationsschreiben (mindestens 100 Zeichen)*\" name=\"user-motivation\"><\/textarea><\/span>\n\t<\/p>\n<\/div>\n\n<!-- Frage f\u00fcr das Dropdown mit Umbruch und in einer neuen Zeile -->\n<div class=\"cols cols-1\">\n\t<p><label for=\"gilde-restaurant\">Kennen Sie ein Gilde-Restaurant?*<\/label>\n\t<\/p>\n\t<p><span class=\"wpcf7-form-control-wrap\" data-name=\"gilde-restaurant\"><select class=\"wpcf7-form-control wpcf7-select wpcf7-validates-as-required\" aria-required=\"true\" aria-invalid=\"false\" name=\"gilde-restaurant\"><option value=\"Bitte w\u00e4hlen\">Bitte w\u00e4hlen<\/option><option value=\"Ja\">Ja<\/option><option value=\"Nein\">Nein<\/option><option value=\"Das weiss ich nicht\">Das weiss ich nicht<\/option><option value=\"Ich kenne kein Gilde-Restaurant\">Ich kenne kein Gilde-Restaurant<\/option><\/select><\/span>\n\t<\/p>\n<\/div>\n\n<!-- Optionales Textfeld f\u00fcr das Restaurant -->\n<div class=\"cols cols-1\">\n\t<p><span class=\"wpcf7-form-control-wrap\" data-name=\"gilde-restaurant-name\"><input size=\"40\" maxlength=\"400\" class=\"wpcf7-form-control wpcf7-text\" aria-invalid=\"false\" placeholder=\"Wenn ja, welches?\" value=\"\" type=\"text\" name=\"gilde-restaurant-name\" \/><\/span>\n\t<\/p>\n<\/div>\n<p><input class=\"wpcf7-form-control wpcf7-submit has-spinner\" type=\"submit\" value=\"Formular absenden\" \/>\n<\/p><div class=\"wpcf7-response-output\" aria-hidden=\"true\"><\/div>\n<\/form>\n<\/div>\n\n\n<h2 class=\"wp-block-heading\">Devenir membre de la guilde ?<\/h2>\n\n<p>Avec pr\u00e8s de 250 \u00e9tablissements de restauration, la Guilde est une association importante pour les restaurateurs suisses. Rejoignez la guilde et faites de l&rsquo;ambiance soign\u00e9e, de l&rsquo;excellente cuisine et du service comp\u00e9tent et aimable votre marque de fabrique.<\/p>\n\n<p>Ce n&rsquo;est ni une question de taille d&rsquo;entreprise, ni une question de luxe pour pouvoir adh\u00e9rer \u00e0 la guilde. Ce qui est d\u00e9terminant, c&rsquo;est plut\u00f4t un art culinaire et un art de la table soign\u00e9s. Le comit\u00e9 de la Guilde effectue r\u00e9guli\u00e8rement des visites anonymes dans les \u00e9tablissements de la Guilde afin de contr\u00f4ler la qualit\u00e9.<\/p>\n\n<figure class=\"wp-block-image\"><img decoding=\"async\" src=\"https:\/\/gilde.ch\/wp-content\/uploads\/2019\/12\/restaurant-zum-loewen-messen_inhaber.jpg\" alt=\"Propri&#xE9;taire du restaurant zum Loewen &#xE0; Messen\" class=\"wp-image-699\"\/><\/figure>\n\n<figure class=\"wp-block-image\"><img decoding=\"async\" src=\"https:\/\/www.gilde.ch\/wp-content\/uploads\/2023\/06\/Gilde-GV-2023-350-2.jpg\" alt=\"\" class=\"wp-image-4727\"\/><\/figure>\n\n<h2 class=\"wp-block-heading\">Devenir partenaire de la Guilde<\/h2>\n\n<p>Afin de pouvoir offrir encore plus \u00e0 nos h\u00f4tes et \u00e0 nos membres, la Guilde travaille en \u00e9troite collaboration avec des producteurs, des fournisseurs et des prestataires de services s\u00e9lectionn\u00e9s. Devenez vous aussi partenaire et soutenez les activit\u00e9s et les mesures de la Guilde. Ce faisant, vous promouvez non seulement l&rsquo;Association suisse des restaurateurs, mais aussi l&rsquo;image de l&rsquo;art culinaire et de l&rsquo;hospitalit\u00e9 suisses.<\/p>\n\n<figure class=\"wp-block-image\"><img decoding=\"async\" src=\"https:\/\/gilde.ch\/wp-content\/uploads\/2019\/12\/Headerbild_FB_820x312px-1024x390.png\" alt=\"Devenir un restaurant partenaire de la Guilde\" class=\"wp-image-1162\"\/><\/figure>\n\n<h2 class=\"wp-block-heading\">Adresse<\/h2>\n\n<p><strong>Guilde suisse des restaurateurs \u00e9tablis<\/strong><br\/>Blumenfeldstrasse 20<br\/>8046 Zurich<\/p>\n\n<p>Courrier \u00e9lectronique : <a href=\"mailto:info@gilde.ch\">info@gilde.ch<\/a><\/p>\n\n<p>T\u00e9l : <a href=\"tel:+41%2044%20377%2052%2090\">+41 44 377 52 90<\/a><\/p>\n","protected":false},"excerpt":{"rendered":"<p>Demande d&rsquo;adh\u00e9sion Vous avez une question, une suggestion ou une pr\u00e9occupation concernant la guilde ? Ou vous souhaitez devenir membre, partenaire ou ami de la guilde ? Il vous suffit alors de s\u00e9lectionner dans le formulaire ce qui vous int\u00e9resse et nous nous occuperons de votre demande. Atteindre plus ensemble &#8211; devenez membre, partenaire ou [&hellip;]<\/p>\n","protected":false},"author":2,"featured_media":0,"parent":0,"menu_order":0,"comment_status":"closed","ping_status":"closed","template":"","meta":{"_acf_changed":false,"footnotes":""},"class_list":["post-38178","page","type-page","status-publish","hentry"],"acf":[],"_links":{"self":[{"href":"https:\/\/www.gilde.ch\/fr\/wp-json\/wp\/v2\/pages\/38178\/"}],"collection":[{"href":"https:\/\/www.gilde.ch\/fr\/wp-json\/wp\/v2\/pages\/"}],"about":[{"href":"https:\/\/www.gilde.ch\/fr\/wp-json\/wp\/v2\/types\/page\/"}],"author":[{"embeddable":true,"href":"https:\/\/www.gilde.ch\/fr\/wp-json\/wp\/v2\/users\/2\/"}],"replies":[{"embeddable":true,"href":"https:\/\/www.gilde.ch\/fr\/wp-json\/wp\/v2\/comments\/?post=38178"}],"version-history":[{"count":1,"href":"https:\/\/www.gilde.ch\/fr\/wp-json\/wp\/v2\/pages\/38178\/revisions\/"}],"predecessor-version":[{"id":38179,"href":"https:\/\/www.gilde.ch\/fr\/wp-json\/wp\/v2\/pages\/38178\/revisions\/38179\/"}],"wp:attachment":[{"href":"https:\/\/www.gilde.ch\/fr\/wp-json\/wp\/v2\/media\/?parent=38178"}],"curies":[{"name":"wp","href":"https:\/\/api.w.org\/{rel}","templated":true}]}}