{"id":38176,"date":"2024-09-10T09:55:16","date_gmt":"2024-09-10T07:55:16","guid":{"rendered":"https:\/\/stage.gilde.ch\/valeurs-et-vision\/"},"modified":"2025-09-24T15:51:52","modified_gmt":"2025-09-24T13:51:52","slug":"valeurs-et-vision","status":"publish","type":"page","link":"https:\/\/www.gilde.ch\/fr\/valeurs-et-vision\/","title":{"rendered":"Valeurs et vision"},"content":{"rendered":"\n\n\n\n    <meta charset=\"UTF-8\"\/><meta name=\"viewport\" content=\"width=device-width, initial-scale=1.0\"\/><title>Werte und Vision<\/title><style>body {\n            background-color: transparent;\n            color: #000000;\n            margin: 0;\n            padding: 20px;\n            font-family: Arial, sans-serif;\n            font-size: 16px;\n            line-height: 1.6;\n        }\n\n        h1 {\n            font-size: 2em;\n            text-align: center;\n            margin-bottom: 20px;\n        }\n\n        .text-content {\n            max-width: 900px;\n            margin: 0 auto 40px auto;\n            text-align: left;\n        }\n\n        .text-content p {\n            margin-bottom: 20px;\n        }\n\n        .text-content strong {\n            font-weight: bold;\n        }\n\n        \/* Gr\u00f6\u00dfere Hervorhebung f\u00fcr den Titel *\/\n        .highlight-title {\n            text-align: center;\n            font-size: 1.8em;\n            font-weight: bold;\n            margin-bottom: 10px;\n        }\n\n        .highlight-description {\n            text-align: center;\n            font-size: 1.1em;\n            margin-bottom: 40px;\n        }\n\n        .container {\n            max-width: 900px;\n            margin: 0 auto;\n            padding: 20px;\n            display: flex;\n            flex-wrap: wrap;\n            justify-content: space-between;\n        }\n\n        .value-box {\n            display: block;\n            width: calc(33.33% - 1rem);\n            margin-bottom: 1rem;\n            background-color: #D5A75F; \/* Goldener Hintergrund im ungehoverten Zustand *\/\n            color: #ffffff; \/* Wei\u00dfer Text im ungehoverten Zustand *\/\n            padding: 20px;\n            box-sizing: border-box;\n            transition: all 0.3s ease-in-out;\n            display: flex;\n            flex-direction: column;\n            justify-content: space-between;\n            text-align: left;\n            height: auto;\n            position: relative;\n            box-shadow: 0 2px 4px rgba(0, 0, 0, 0.1);\n        }\n\n        \/* Balken am oberen Rand - wei\u00df im ungehoverten Zustand *\/\n        .value-box::before {\n            content: \"\";\n            position: absolute;\n            top: 0;\n            left: 0;\n            height: 3px;\n            width: 16.67%;\n            background-color: #ffffff; \/* Wei\u00dfer Balken im ungehoverten Zustand *\/\n            transition: all 0.3s ease-in-out;\n        }\n\n        .value-box:hover::before {\n            width: 100%;\n            background-color: #D5A75F; \/* Schwarzer Balken im gehoverten Zustand *\/\n        }\n\n        .value-box:hover {\n            background-color: #ffffff; \/* Wei\u00dfer Hintergrund im gehoverten Zustand *\/\n            color: #000000; \/* Schwarzer Text im gehoverten Zustand *\/\n            box-shadow: 0 8px 16px rgba(0, 0, 0, 0.1);\n        }\n\n        .value-title {\n            font-size: 1.2em;\n            font-weight: bold;\n            color: #ffffff; \/* Schwarzer Adjektivtext im ungehoverten Zustand *\/\n            margin-bottom: 10px;\n            transition: color 0.3s ease-in-out;\n        }\n\n        .value-box:hover .value-title {\n            color: #D5A75F; \/* Goldener Adjektivtext im gehoverten Zustand *\/\n        }\n\n        .value-description {\n            font-size: 1em;\n            line-height: 1.6;\n            margin-top: 10px;\n            color: #ffffff; \/* Wei\u00dfer Text im ungehoverten Zustand *\/\n            transition: color 0.3s ease-in-out;\n        }\n\n        .value-box:hover .value-description {\n            color: #000000; \/* Schwarzer Text im gehoverten Zustand *\/\n        }\n\n        @media (max-width: 800px) {\n            .value-box {\n                width: 100%;\n                height: auto;\n            }\n        }\n\n        @media (min-width: 800px) {\n            .value-box {\n                width: calc(33.33% - 1rem);\n            }\n        }\n    <\/style><h1>Werte und Vision<\/h1><div class=\"text-content\"><p>Die Gilde der etablierten Schweizer Gastronomen ist eine Unternehmervereinigung mit ihren individuellen Betrieben. Sie teilen eine gemeinsame Vision und Mission sowie gemeinsame Werte.<\/p><div class=\"highlight-title\">Gilde Restaurants \u2013 die pers\u00f6nliche Gastronomie.<\/div><div class=\"highlight-description\">Unsere Vision ist unser Leitstern, wir stehen zeitlos f\u00fcr die pers\u00f6nliche, hochwertige Schweizer Gastlichkeit.<\/div><p><strong>Gilde Restaurants verw\u00f6hnen ihre G\u00e4ste \u2013 mit Kulinarik und Passion.<\/strong> Unsere Mission ist unser Alltag, wir wollen unsere G\u00e4ste tagt\u00e4glich begeistern als Genusshandwerker und als Gastgeber.<\/p><p>Jeder Gilde-Betrieb hat seine individuelle Kultur. Unsere Werte verbinden die \u201eGilde-Familie\u201c und sind eine gemeinsame Basis zur Erreichung unserer Vision.<\/p><\/div><div class=\"container\"><div class=\"value-box\"><div class=\"value-title\">wertsch\u00e4tzend<\/div><div class=\"value-description\">Als Gilde-Gastronomen begegnen wir unseren G\u00e4sten, Mitarbeitenden und Gesch\u00e4ftspartnern mit Wertsch\u00e4tzung und Herzlichkeit.<\/div><\/div><div class=\"value-box\"><div class=\"value-title\">leidenschaftlich<\/div><div class=\"value-description\">Wir sind begeisterte und leidenschaftliche Gastgeber. Unsere Betriebe f\u00fchren wir professionell und nachhaltig.<\/div><\/div><div class=\"value-box\"><div class=\"value-title\">pers\u00f6nlich<\/div><div class=\"value-description\">Wir \u00fcberzeugen zusammen mit unseren Teams durch unser pers\u00f6nliches Engagement und verantwortungsvolles Handeln.<\/div><\/div><\/div>\n\n<p><\/p>\n","protected":false},"excerpt":{"rendered":"<p>Werte und Vision Werte und Vision Die Gilde der etablierten Schweizer Gastronomen ist eine Unternehmervereinigung mit ihren individuellen Betrieben. Sie teilen eine gemeinsame Vision und Mission sowie gemeinsame Werte. Gilde Restaurants \u2013 die pers\u00f6nliche Gastronomie. Unsere Vision ist unser Leitstern, wir stehen zeitlos f\u00fcr die pers\u00f6nliche, hochwertige Schweizer Gastlichkeit. Gilde Restaurants verw\u00f6hnen ihre G\u00e4ste \u2013 [&hellip;]<\/p>\n","protected":false},"author":2,"featured_media":0,"parent":0,"menu_order":0,"comment_status":"closed","ping_status":"closed","template":"","meta":{"_acf_changed":false,"footnotes":""},"class_list":["post-38176","page","type-page","status-publish","hentry"],"acf":[],"_links":{"self":[{"href":"https:\/\/www.gilde.ch\/fr\/wp-json\/wp\/v2\/pages\/38176\/"}],"collection":[{"href":"https:\/\/www.gilde.ch\/fr\/wp-json\/wp\/v2\/pages\/"}],"about":[{"href":"https:\/\/www.gilde.ch\/fr\/wp-json\/wp\/v2\/types\/page\/"}],"author":[{"embeddable":true,"href":"https:\/\/www.gilde.ch\/fr\/wp-json\/wp\/v2\/users\/2\/"}],"replies":[{"embeddable":true,"href":"https:\/\/www.gilde.ch\/fr\/wp-json\/wp\/v2\/comments\/?post=38176"}],"version-history":[{"count":1,"href":"https:\/\/www.gilde.ch\/fr\/wp-json\/wp\/v2\/pages\/38176\/revisions\/"}],"predecessor-version":[{"id":38177,"href":"https:\/\/www.gilde.ch\/fr\/wp-json\/wp\/v2\/pages\/38176\/revisions\/38177\/"}],"wp:attachment":[{"href":"https:\/\/www.gilde.ch\/fr\/wp-json\/wp\/v2\/media\/?parent=38176"}],"curies":[{"name":"wp","href":"https:\/\/api.w.org\/{rel}","templated":true}]}}