{"id":38174,"date":"2021-07-29T10:12:57","date_gmt":"2021-07-29T08:12:57","guid":{"rendered":"https:\/\/stage.gilde.ch\/partenaire\/"},"modified":"2025-09-25T11:04:11","modified_gmt":"2025-09-25T09:04:11","slug":"partenaire","status":"publish","type":"page","link":"https:\/\/www.gilde.ch\/fr\/a-propos-de-nous\/partenaire\/","title":{"rendered":"Partenaire"},"content":{"rendered":"\n<h1 class=\"wp-block-heading\">Partenaire<\/h1>\n\n<h2 class=\"wp-block-heading\">Nos partenaires<\/h2>\n\n<p>Afin de pouvoir offrir encore plus \u00e0 nos h\u00f4tes et \u00e0 nos membres, la Guilde travaille en \u00e9troite collaboration avec des producteurs, des fournisseurs et des prestataires de services s\u00e9lectionn\u00e9s. <a href=\"https:\/\/gilde.ch\/kontakt\/\">Devenez vous aussi partenaire<\/a> et soutenez les activit\u00e9s et les mesures de la Guilde. Ce faisant, vous promouvez non seulement l&rsquo;Association suisse des restaurateurs, mais aussi l&rsquo;image de l&rsquo;art culinaire et de l&rsquo;hospitalit\u00e9 suisses.<\/p>\n<div class=\"block-logos\">\n    <a target=\"_blank\" class=\"logo-box\" title=\"Adrian &#038; Diego Mathier Nouveau Salquenen AG\" href=\"https:\/\/www.mathier.com\/\"  style=\"background-image:url(https:\/\/www.gilde.ch\/wp-content\/uploads\/2023\/01\/MATHIER_Logo-1024x512.jpg)\"><\/a><a target=\"_blank\" class=\"logo-box\" title=\"Schweizerische Vereinigung der AOP-IGP\" href=\"https:\/\/www.aop-igp.ch\"  style=\"background-image:url(https:\/\/www.gilde.ch\/wp-content\/uploads\/2026\/01\/LOGO_AOP-IGP-NEU-1024x479.jpg)\"><\/a><a target=\"_blank\" class=\"logo-box\" title=\"Culinarium Tr\u00e4gerverein\" href=\"https:\/\/www.culinarium.ch\/gastronomie\"  style=\"background-image:url(https:\/\/www.gilde.ch\/wp-content\/uploads\/2025\/08\/traegerverein-culinarium-salez-logo.jpg)\"><\/a><a target=\"_blank\" class=\"logo-box\" title=\"beck konzept ag\" href=\"https:\/\/www.beck-konzept.ch\/\"  style=\"background-image:url(https:\/\/www.gilde.ch\/wp-content\/uploads\/2019\/11\/Beck_Konzept_ohne_zusatz_cmyk-1024x439.png)\"><\/a><a target=\"_blank\" class=\"logo-box\" title=\"Berndorf Luzern AG\" href=\"https:\/\/www.berndorf.ch\/\"  style=\"background-image:url(https:\/\/www.gilde.ch\/wp-content\/uploads\/2025\/08\/berndorf-luzern-ag-luzern-logo.jpg)\"><\/a><a target=\"_blank\" class=\"logo-box\" title=\"BRAGARD SUISSE AG\" href=\"https:\/\/www.bragard.ch\/\"  style=\"background-image:url(https:\/\/www.gilde.ch\/wp-content\/uploads\/2025\/08\/bragard-suisse-ag-muzzent-logo.jpg)\"><\/a><a target=\"_blank\" class=\"logo-box\" title=\"Brauerei Sch\u00fctzengarten AG\" href=\"https:\/\/www.schuetzengarten.ch\"  style=\"background-image:url(https:\/\/www.gilde.ch\/wp-content\/uploads\/2025\/08\/brauerei-schuetzengarten-ag-st-gallen-logo.jpg)\"><\/a><a target=\"_blank\" class=\"logo-box\" title=\"BWT AQUA AG\" href=\"https:\/\/www.bwt.com\/fr-ch\"  style=\"background-image:url(https:\/\/www.gilde.ch\/wp-content\/uploads\/2025\/08\/BWT_Logo_subline-scaled-1-1024x439.jpg)\"><\/a><a target=\"_blank\" class=\"logo-box\" title=\"Cafina AG\" href=\"https:\/\/www.cafina.ch\"  style=\"background-image:url(https:\/\/www.gilde.ch\/wp-content\/uploads\/2025\/08\/MCPS_cafina_Logo_cmyk-scaled-1-1024x740.jpg)\"><\/a><a target=\"_blank\" class=\"logo-box\" title=\"CERUTTI \u201cil Caff\u00e8\u201d\" href=\"https:\/\/www.caffe-cerutti.com\/\"  style=\"background-image:url(https:\/\/www.gilde.ch\/wp-content\/uploads\/2025\/08\/cerutti-il-caffe-novazzano-logo.jpg)\"><\/a><a target=\"_blank\" class=\"logo-box\" title=\"Champagne Nicolas Feuillatte\" href=\"https:\/\/www.nicolas-feuillatte.ch\"  style=\"background-image:url(https:\/\/www.gilde.ch\/wp-content\/uploads\/2025\/08\/champagne-nicolas-feuillatte-regensdorf-logo.jpg)\"><\/a><a target=\"_blank\" class=\"logo-box\" title=\"Lunch-Check\" href=\"https:\/\/lunch-check.ch\"  style=\"background-image:url(https:\/\/www.gilde.ch\/wp-content\/uploads\/2026\/01\/SLC_Logo_Wortmarke_Dunkelblau.png)\"><\/a><a target=\"_blank\" class=\"logo-box\" title=\"DIWISA AG\" href=\"https:\/\/diwisa.ch\/\"  style=\"background-image:url(https:\/\/www.gilde.ch\/wp-content\/uploads\/2019\/11\/dwisia-distellerie-willisau-sa-willisau-logo.jpg)\"><\/a><a target=\"_blank\" class=\"logo-box\" title=\"Duni AG\" href=\"https:\/\/ch.dunigroup.com\/\"  style=\"background-image:url(https:\/\/www.gilde.ch\/wp-content\/uploads\/2019\/11\/Duni_Logo_RGB-1024x506.png)\"><\/a><a target=\"_blank\" class=\"logo-box\" title=\"Dyhrberg AG DIE R\u00e4uchermanufaktur\" href=\"https:\/\/www.dyhrberg.ch\/\"  style=\"background-image:url(https:\/\/www.gilde.ch\/wp-content\/uploads\/2025\/08\/Dyhrberg_Logo_Strickvorlage_mit-Kreuz_150121-1024x581.png)\"><\/a><a target=\"_blank\" class=\"logo-box\" title=\"Ecolab Schweiz GmbH\" href=\"https:\/\/de-ch.ecolab.com\"  style=\"background-image:url(https:\/\/www.gilde.ch\/wp-content\/uploads\/2025\/08\/ecolab-schweiz-gmbh-reinach-logo.jpg)\"><\/a><a target=\"_blank\" class=\"logo-box\" title=\"Emmi Food Service\" href=\"https:\/\/www.emmi-food-service.ch\/\"  style=\"background-image:url(https:\/\/www.gilde.ch\/wp-content\/uploads\/2025\/08\/header_background_03.png)\"><\/a><a target=\"_blank\" class=\"logo-box\" title=\"Fredy's AG\" href=\"https:\/\/www.fredys.ch\"  style=\"background-image:url(https:\/\/www.gilde.ch\/wp-content\/uploads\/2025\/08\/fredys-ag-baden-logo.jpg)\"><\/a><a target=\"_blank\" class=\"logo-box\" title=\"FRXSH Vertrieb AG\" href=\"https:\/\/www.frxsh.com\/ \"  style=\"background-image:url(https:\/\/www.gilde.ch\/wp-content\/uploads\/2025\/08\/FRXSH-Kleckse_RGB_Querformat_mit-Claim-1024x720.jpg)\"><\/a><a target=\"_blank\" class=\"logo-box\" title=\"G. Bianchi AG\" href=\"https:\/\/www.bianchi.ch\/\"  style=\"background-image:url(https:\/\/www.gilde.ch\/wp-content\/uploads\/2025\/08\/g-bianchi-ag-zufikon_logo.jpg)\"><\/a><a target=\"_blank\" class=\"logo-box\" title=\"Gastroconsult AG\" href=\"https:\/\/www.gastroconsult.ch\"  style=\"background-image:url(https:\/\/www.gilde.ch\/wp-content\/uploads\/2019\/11\/Gastroconsult_Color_RGB-1024x121.jpg)\"><\/a><a target=\"_blank\" class=\"logo-box\" title=\"GastroSuisse\" href=\"https:\/\/www.gastrosuisse.ch\"  style=\"background-image:url(https:\/\/www.gilde.ch\/wp-content\/uploads\/2025\/08\/GastroSuisse_CMYK.jpg)\"><\/a><a target=\"_blank\" class=\"logo-box\" title=\"Glatz AG \" href=\"https:\/\/www.glatz.com\"  style=\"background-image:url(https:\/\/www.gilde.ch\/wp-content\/uploads\/2025\/08\/01_glatz_logo_pos_cmyk_LARGE-1-1024x318.jpg)\"><\/a><a target=\"_blank\" class=\"logo-box\" title=\"GLEN GASTRO\" href=\"https:\/\/www.glen.ch\/de\"  style=\"background-image:url(https:\/\/www.gilde.ch\/wp-content\/uploads\/2026\/02\/AM_GlenGastro_Logo-1024x442.png)\"><\/a><a target=\"_blank\" class=\"logo-box\" title=\"Hugentobler Schweizer Kochsysteme AG\" href=\"https:\/\/www.hugentobler.ch\/\"  style=\"background-image:url(https:\/\/www.gilde.ch\/wp-content\/uploads\/2026\/01\/logo-hugentobler-kochsysteme-retina.png)\"><\/a><a target=\"_blank\" class=\"logo-box\" title=\"Kernser Pasta AG\" href=\"https:\/\/kernser-pasta.ch\"  style=\"background-image:url(https:\/\/www.gilde.ch\/wp-content\/uploads\/2025\/08\/kernser_logo_freistehend_rgb-1024x485.jpg)\"><\/a><a target=\"_blank\" class=\"logo-box\" title=\"L\u00fc\u2019s Bio R\u00f6sterei\" href=\"https:\/\/bioroesterei.ch\/\"  style=\"background-image:url(https:\/\/www.gilde.ch\/wp-content\/uploads\/2025\/08\/Lues-Bioroesterei-002-1024x1022.png)\"><\/a><a target=\"_blank\" class=\"logo-box\" title=\"marmite verlags ag\" href=\"https:\/\/www.marmite.ch\"  style=\"background-image:url(https:\/\/www.gilde.ch\/wp-content\/uploads\/2025\/08\/marmite.png)\"><\/a><a target=\"_blank\" class=\"logo-box\" title=\"Ben\u2019s Original\" href=\"https:\/\/www.bensoriginal.ch\/\"  style=\"background-image:url(https:\/\/www.gilde.ch\/wp-content\/uploads\/2025\/08\/Logo-Bens-Original-Orange-scaled-1-1024x564.jpg)\"><\/a><a target=\"_blank\" class=\"logo-box\" title=\"McCormick - Promena AG\" href=\"https:\/\/www.mccormickforchefs.com\/de-ch\"  style=\"background-image:url(https:\/\/www.gilde.ch\/wp-content\/uploads\/2025\/08\/Design-ohne-Titel.png)\"><\/a><a target=\"_blank\" class=\"logo-box\" title=\"Mister Cool AG\" href=\"https:\/\/mistercool.ch\/\"  style=\"background-image:url(https:\/\/www.gilde.ch\/wp-content\/uploads\/2025\/08\/LOGO_090418-1024x757.jpg)\"><\/a><a target=\"_blank\" class=\"logo-box\" title=\"Mosterei M\u00f6hl AG\" href=\"https:\/\/www.moehl.ch\"  style=\"background-image:url(https:\/\/www.gilde.ch\/wp-content\/uploads\/2025\/08\/moehl-ag-arbon-logo.jpg)\"><\/a><a target=\"_blank\" class=\"logo-box\" title=\"SWICA Gesundheitsorganisation\" href=\"https:\/\/swica.ch\/gastro\"  style=\"background-image:url(https:\/\/www.gilde.ch\/wp-content\/uploads\/2025\/08\/swica-logo-rgb-1024x222.png)\"><\/a><a target=\"_blank\" class=\"logo-box\" title=\"Brauerei Locher AG, Locher Craft\" href=\"https:\/\/www.lochercraft.ch\"  style=\"background-image:url(https:\/\/www.gilde.ch\/wp-content\/uploads\/2019\/11\/Logo-Locher-Craft.png)\"><\/a><a target=\"_blank\" class=\"logo-box\" title=\"Proviande Genossenschaft\" href=\"https:\/\/www.schweizerfleisch.ch\/\"  style=\"background-image:url(https:\/\/www.gilde.ch\/wp-content\/uploads\/2025\/08\/SF_Logo2D_rgb_Claim_pos_d.png)\"><\/a><a target=\"_blank\" class=\"logo-box\" title=\"Rotor Lips AG\" href=\"https:\/\/www.rotorlips.ch\"  style=\"background-image:url(https:\/\/www.gilde.ch\/wp-content\/uploads\/2025\/08\/rotor-lips-ag-maschinenfabrik-uetendorf-logo.jpg)\"><\/a><a target=\"_blank\" class=\"logo-box\" title=\"Saviva \" href=\"https:\/\/www.saviva.ch\/\"  style=\"background-image:url(https:\/\/www.gilde.ch\/wp-content\/uploads\/2025\/08\/Saviva_Logo_RGB-1024x352.png)\"><\/a><a target=\"_blank\" class=\"logo-box\" title=\"Schuler 1694 AG\" href=\"https:\/\/www.schuler.ch\/\"  style=\"background-image:url(https:\/\/www.gilde.ch\/wp-content\/uploads\/2022\/10\/Logo_SCHULER_Kundenmarke_cmyk-1024x639.png)\"><\/a><a target=\"_blank\" class=\"logo-box\" title=\"Schwob AG Leinenweberei und Textilpflege\" href=\"https:\/\/www.schwob.swiss\"  style=\"background-image:url(https:\/\/www.gilde.ch\/wp-content\/uploads\/2025\/08\/Schwob_LOGOdesign_1872-1-1024x292.jpg)\"><\/a><a target=\"_blank\" class=\"logo-box\" title=\"Mineralquelle Eptingen AG\" href=\"https:\/\/www.eptinger.ch\"  style=\"background-image:url(https:\/\/www.gilde.ch\/wp-content\/uploads\/2026\/01\/eptinger-1024x361.jpg)\"><\/a><a target=\"_blank\" class=\"logo-box\" title=\"Steinfels Swiss\" href=\"https:\/\/www.steinfels-swiss.ch\/\"  style=\"background-image:url(https:\/\/www.gilde.ch\/wp-content\/uploads\/2025\/08\/Logo_Steinfels-Swiss_RGB-002.jpg)\"><\/a><a target=\"_blank\" class=\"logo-box\" title=\"Tamborini Carlo SA\" href=\"https:\/\/www.tamborinivini.ch\/\"  style=\"background-image:url(https:\/\/www.gilde.ch\/wp-content\/uploads\/2025\/08\/tamborini-carlo-sa-lamone-logo.jpg)\"><\/a><a target=\"_blank\" class=\"logo-box\" title=\"TopCC AG\" href=\"https:\/\/www.topcc.ch\/\"  style=\"background-image:url(https:\/\/www.gilde.ch\/wp-content\/uploads\/2022\/02\/TopCC-LogoNew-Black-1024x375.jpg)\"><\/a><a target=\"_blank\" class=\"logo-box\" title=\"Traitafina AG\" href=\"https:\/\/traitafina.ch\/\"  style=\"background-image:url(https:\/\/www.gilde.ch\/wp-content\/uploads\/2025\/08\/traitafina_cmyk-1024x747.jpg)\"><\/a><a target=\"_blank\" class=\"logo-box\" title=\"Transgourmet Schweiz AG\" href=\"https:\/\/www.transgourmet.ch\/\"  style=\"background-image:url(https:\/\/www.gilde.ch\/wp-content\/uploads\/2025\/08\/TG_P_quer_3D_RGB_x-1024x309.jpg)\"><\/a><a target=\"_blank\" class=\"logo-box\" title=\"Unilever Schweiz GmbH \u2013 Food Solutions\" href=\"https:\/\/www.unileverfoodsolutions.ch\"  style=\"background-image:url(https:\/\/www.gilde.ch\/wp-content\/uploads\/2025\/08\/UFS_Logo_Center_RGB-1024x461.png)\"><\/a><a target=\"_blank\" class=\"logo-box\" title=\"VC999 Verpackungssysteme AG\" href=\"https:\/\/www.vc999.ch\"  style=\"background-image:url(https:\/\/www.gilde.ch\/wp-content\/uploads\/2025\/08\/VC999_Logo_RGB_Web.png)\"><\/a><a target=\"_blank\" class=\"logo-box\" title=\"N\u00dcESCH WEINE \" href=\"https:\/\/www.nuesch-weine.ch\/\"  style=\"background-image:url(https:\/\/www.gilde.ch\/wp-content\/uploads\/2025\/08\/nuesch-weine-emil-nuesch-ag-balgach-logo.jpg)\"><\/a><a target=\"_blank\" class=\"logo-box\" title=\"Winterhalter Gastronom AG\" href=\"https:\/\/www.winterhalter.ch\"  style=\"background-image:url(https:\/\/www.gilde.ch\/wp-content\/uploads\/2025\/08\/Winterhalter-Logo-sRGB-300dpi_picture_INT-1024x391.png)\"><\/a><a target=\"_blank\" class=\"logo-box\" title=\"Worldline Schweiz AG\" href=\"https:\/\/www.worldline.com\/schweiz\"  style=\"background-image:url(https:\/\/www.gilde.ch\/wp-content\/uploads\/2026\/01\/Worldline-Mint-Vertical-1024x806.jpg)\"><\/a><\/div>\n\n<p><\/p>\n","protected":false},"excerpt":{"rendered":"<p>Partenaire Nos partenaires Afin de pouvoir offrir encore plus \u00e0 nos h\u00f4tes et \u00e0 nos membres, la Guilde travaille en \u00e9troite collaboration avec des producteurs, des fournisseurs et des prestataires de services s\u00e9lectionn\u00e9s. Devenez vous aussi partenaire et soutenez les activit\u00e9s et les mesures de la Guilde. Ce faisant, vous promouvez non seulement l&rsquo;Association suisse [&hellip;]<\/p>\n","protected":false},"author":2,"featured_media":0,"parent":40952,"menu_order":2,"comment_status":"closed","ping_status":"closed","template":"t-page-fix.php","meta":{"_acf_changed":false,"footnotes":""},"class_list":["post-38174","page","type-page","status-publish","hentry"],"acf":[],"_links":{"self":[{"href":"https:\/\/www.gilde.ch\/fr\/wp-json\/wp\/v2\/pages\/38174\/"}],"collection":[{"href":"https:\/\/www.gilde.ch\/fr\/wp-json\/wp\/v2\/pages\/"}],"about":[{"href":"https:\/\/www.gilde.ch\/fr\/wp-json\/wp\/v2\/types\/page\/"}],"author":[{"embeddable":true,"href":"https:\/\/www.gilde.ch\/fr\/wp-json\/wp\/v2\/users\/2\/"}],"replies":[{"embeddable":true,"href":"https:\/\/www.gilde.ch\/fr\/wp-json\/wp\/v2\/comments\/?post=38174"}],"version-history":[{"count":1,"href":"https:\/\/www.gilde.ch\/fr\/wp-json\/wp\/v2\/pages\/38174\/revisions\/"}],"predecessor-version":[{"id":38175,"href":"https:\/\/www.gilde.ch\/fr\/wp-json\/wp\/v2\/pages\/38174\/revisions\/38175\/"}],"up":[{"embeddable":true,"href":"https:\/\/www.gilde.ch\/fr\/wp-json\/wp\/v2\/pages\/40952\/"}],"wp:attachment":[{"href":"https:\/\/www.gilde.ch\/fr\/wp-json\/wp\/v2\/media\/?parent=38174"}],"curies":[{"name":"wp","href":"https:\/\/api.w.org\/{rel}","templated":true}]}}