{"id":38161,"date":"2019-09-23T19:45:28","date_gmt":"2019-09-23T17:45:28","guid":{"rendered":"https:\/\/stage.gilde.ch\/presse\/"},"modified":"2025-11-11T09:28:08","modified_gmt":"2025-11-11T08:28:08","slug":"presse","status":"publish","type":"page","link":"https:\/\/www.gilde.ch\/fr\/presse\/","title":{"rendered":"Presse"},"content":{"rendered":"\n<p>Vous souhaitez publier une annonce ou un publireportage dans l&rsquo;un de nos m\u00e9dias imprim\u00e9s B2C ? Nous nous tenons \u00e0 votre disposition pour r\u00e9pondre \u00e0 vos questions par e-mail ou par t\u00e9l\u00e9phone. <\/p>\n\n<p><a href=\"https:\/\/www.gilde.ch\/wp-content\/uploads\/2025\/11\/Mediendaten-Gourmet-Guide_2025-26.pdf-1.pdf\">Donn\u00e9es m\u00e9dias Gourmet Guide<\/a><\/p>\n\n<p><a href=\"https:\/\/www.gilde.ch\/wp-content\/uploads\/2025\/11\/250106_Gilde_Magazin_Mediendatenblatt_2025.pdf\">Donn\u00e9es m\u00e9dias du magazine de la Guilde<\/a><\/p>\n\n<hr class=\"wp-block-separator has-css-opacity\"\/>\n\n<h1 class=\"wp-block-heading\">La presse<\/h1>\n\n<p>Vous trouverez ici les communiqu\u00e9s de presse actuels et les logos de la Guilde \u00e0 t\u00e9l\u00e9charger. Vous souhaitez obtenir de plus amples informations, des photos ou une documentation sp\u00e9ciale sur la Guilde ? Dans ce cas, veuillez vous adresser<a href=\"https:\/\/gilde.ch\/kontakt\/\">directement au secr\u00e9tariat de la Guilde.<\/a>   <\/p>\n\n<p><a href=\"https:\/\/www.gilde.ch\/wp-content\/uploads\/2025\/10\/WB-Gilde-01-10-2025.pdf\">Remise du panneau Chapitre 7 Raron 30.09.2025<\/a><\/p>\n\n<p><\/p>\n\n<p><strong>Morsures du savoir Charity automne<\/strong><\/p>\n\n<p><\/p>\n\n<p><\/p>\n\n<div class=\"wp-block-columns is-layout-flex wp-container-core-columns-is-layout-28f84493 wp-block-columns-is-layout-flex\">\n<div class=\"wp-block-column is-layout-flow wp-block-column-is-layout-flow\"><div class=\"wp-block-image\">\n<figure class=\"aligncenter size-full is-resized\"><a href=\"https:\/\/www.gilde.ch\/wp-content\/uploads\/2025\/09\/Wissensbisse-2024-1.pdf\"><img fetchpriority=\"high\" decoding=\"async\" width=\"524\" height=\"744\" src=\"https:\/\/www.gilde.ch\/wp-content\/uploads\/2025\/09\/image-6.png\" alt=\"\" class=\"wp-image-40974\" style=\"width:300px\" srcset=\"https:\/\/www.gilde.ch\/wp-content\/uploads\/2025\/09\/image-6.png 524w, https:\/\/www.gilde.ch\/wp-content\/uploads\/2025\/09\/image-6-211x300.png 211w, https:\/\/www.gilde.ch\/wp-content\/uploads\/2025\/09\/image-6-423x600.png 423w\" sizes=\"(max-width: 524px) 100vw, 524px\" \/><\/a><figcaption class=\"wp-element-caption\">Infographie Journ\u00e9e culinaire de la Guilde 2024<br\/>Allemand<\/figcaption><\/figure><\/div>\n\n\n<p><\/p>\n<\/div>\n\n\n\n<div class=\"wp-block-column is-layout-flow wp-block-column-is-layout-flow\"><div class=\"wp-block-image\">\n<figure class=\"aligncenter size-full is-resized\"><a href=\"https:\/\/www.gilde.ch\/fr\/wissensbisse-2025-fr\/\"><img decoding=\"async\" width=\"523\" height=\"741\" src=\"https:\/\/www.gilde.ch\/wp-content\/uploads\/2025\/09\/image-5.png\" alt=\"\" class=\"wp-image-40973\" style=\"width:300px\" srcset=\"https:\/\/www.gilde.ch\/wp-content\/uploads\/2025\/09\/image-5.png 523w, https:\/\/www.gilde.ch\/wp-content\/uploads\/2025\/09\/image-5-212x300.png 212w, https:\/\/www.gilde.ch\/wp-content\/uploads\/2025\/09\/image-5-423x600.png 423w\" sizes=\"(max-width: 523px) 100vw, 523px\" \/><\/a><figcaption class=\"wp-element-caption\">Infographie Journ\u00e9e culinaire de la Guilde 2024<br\/>Fran\u00e7ais<\/figcaption><\/figure><\/div><\/div>\n\n\n\n<div class=\"wp-block-column is-layout-flow wp-block-column-is-layout-flow\"><div class=\"wp-block-image\">\n<figure class=\"aligncenter size-full is-resized\"><a href=\"https:\/\/www.gilde.ch\/wp-content\/uploads\/2025\/09\/Wissensbisse-2025-IT.pdf\"><img decoding=\"async\" width=\"523\" height=\"742\" src=\"https:\/\/www.gilde.ch\/wp-content\/uploads\/2025\/09\/image-4.png\" alt=\"\" class=\"wp-image-40972\" style=\"width:300px\" srcset=\"https:\/\/www.gilde.ch\/wp-content\/uploads\/2025\/09\/image-4.png 523w, https:\/\/www.gilde.ch\/wp-content\/uploads\/2025\/09\/image-4-211x300.png 211w, https:\/\/www.gilde.ch\/wp-content\/uploads\/2025\/09\/image-4-423x600.png 423w\" sizes=\"(max-width: 523px) 100vw, 523px\" \/><\/a><figcaption class=\"wp-element-caption\">Infographie Journ\u00e9e culinaire de la Guilde 2024<br\/>Italien<\/figcaption><\/figure><\/div>\n\n\n<p><\/p>\n<\/div>\n<\/div>\n\n<div class=\"wp-block-columns is-layout-flex wp-container-core-columns-is-layout-28f84493 wp-block-columns-is-layout-flex\">\n<div class=\"wp-block-column is-layout-flow wp-block-column-is-layout-flow\"><div class=\"wp-block-image\">\n<figure class=\"aligncenter size-large is-resized\"><a href=\"https:\/\/www.gilde.ch\/wp-content\/uploads\/2024\/09\/Scan_20240919-135459_Sprenger-Annett_1-scaled.jpg\" target=\"_blank\" rel=\"noreferrer noopener\"><img decoding=\"async\" src=\"https:\/\/www.gilde.ch\/wp-content\/uploads\/2024\/09\/Scan_20240919-135459_Sprenger-Annett_1-724x1024.jpg\" alt=\"\" class=\"wp-image-6780\" style=\"width:301px;height:426px\"\/><\/a><figcaption class=\"wp-element-caption\">Infographie Journ\u00e9e culinaire de la Guilde 2023 Allemand<\/figcaption><\/figure><\/div><\/div>\n\n\n\n<div class=\"wp-block-column is-layout-flow wp-block-column-is-layout-flow\"><div class=\"wp-block-image\">\n<figure class=\"aligncenter size-large is-resized\"><a href=\"https:\/\/www.gilde.ch\/wp-content\/uploads\/2024\/09\/Scan_20240919-135931_Sprenger-Annett_1-scaled.jpg\" target=\"_blank\" rel=\"noreferrer noopener\"><img decoding=\"async\" src=\"https:\/\/www.gilde.ch\/wp-content\/uploads\/2024\/09\/Scan_20240919-135931_Sprenger-Annett_1-724x1024.jpg\" alt=\"\" class=\"wp-image-6786\" style=\"width:295px;height:417px\"\/><\/a><figcaption class=\"wp-element-caption\">Infographie GIlde Journ\u00e9e de la cuisine 2023 Fran\u00e7ais<\/figcaption><\/figure><\/div><\/div>\n\n\n\n<div class=\"wp-block-column is-layout-flow wp-block-column-is-layout-flow\"><div class=\"wp-block-image\">\n<figure class=\"aligncenter size-large is-resized\"><a href=\"https:\/\/www.gilde.ch\/wp-content\/uploads\/2024\/09\/Scan_20240919-135931_Sprenger-Annett_2-scaled.jpg\" target=\"_blank\" rel=\"noreferrer noopener\"><img decoding=\"async\" src=\"https:\/\/www.gilde.ch\/wp-content\/uploads\/2024\/09\/Scan_20240919-135931_Sprenger-Annett_2-724x1024.jpg\" alt=\"\" class=\"wp-image-6788\" style=\"width:286px;height:405px\"\/><\/a><figcaption class=\"wp-element-caption\">Infographie Journ\u00e9e de la cuisine Gilde 2023 Italien<\/figcaption><\/figure><\/div><\/div>\n<\/div>\n\n<p><a href=\"https:\/\/www.gilde.ch\/wp-content\/uploads\/2024\/09\/Pressemitteilung_Gilde_Kochtag_2023-xeit_final.pdf\">Communiqu\u00e9 de presse Journ\u00e9e de la cuisine de la Guilde 2023<\/a><\/p>\n\n<div class=\"wp-block-columns is-layout-flex wp-container-core-columns-is-layout-28f84493 wp-block-columns-is-layout-flex\">\n<div class=\"wp-block-column is-layout-flow wp-block-column-is-layout-flow\"><div class=\"wp-block-image\">\n<figure class=\"aligncenter size-large is-resized\"><a href=\"https:\/\/www.gilde.ch\/wp-content\/uploads\/2023\/03\/230306_Infografik_Wissensbisse_A4-DE-3.pdf\" target=\"_blank\" rel=\"noreferrer noopener\"><img decoding=\"async\" src=\"https:\/\/www.gilde.ch\/wp-content\/uploads\/2023\/03\/230306_Infografik_Wissensbisse_A4-DE-3-pdf-724x1024.jpg\" alt=\"\" class=\"wp-image-4518\" style=\"width:301px;height:426px\"\/><\/a><figcaption class=\"wp-element-caption\">Infographie Journ\u00e9e culinaire de la Guilde 2022 Allemand  <\/figcaption><\/figure><\/div><\/div>\n\n\n\n<div class=\"wp-block-column is-layout-flow wp-block-column-is-layout-flow\"><div class=\"wp-block-image\">\n<figure class=\"aligncenter size-large is-resized\"><a href=\"https:\/\/www.gilde.ch\/wp-content\/uploads\/2023\/03\/230306_Infografik_Wissensbisse_A4-FR-3.pdf\" target=\"_blank\" rel=\"noreferrer noopener\"><img decoding=\"async\" src=\"https:\/\/www.gilde.ch\/wp-content\/uploads\/2023\/03\/230306_Infografik_Wissensbisse_A4-FR-3-pdf-724x1024.jpg\" alt=\"\" class=\"wp-image-4520\" style=\"width:295px;height:417px\"\/><\/a><figcaption class=\"wp-element-caption\">Infographie GIlde Journ\u00e9e de la cuisine 2022 Fran\u00e7ais<\/figcaption><\/figure><\/div><\/div>\n\n\n\n<div class=\"wp-block-column is-layout-flow wp-block-column-is-layout-flow\"><div class=\"wp-block-image\">\n<figure class=\"aligncenter size-large is-resized\"><a href=\"https:\/\/www.gilde.ch\/wp-content\/uploads\/2023\/03\/230306_Infografik_Wissensbisse_A4-IT-2.pdf\" target=\"_blank\" rel=\"noreferrer noopener\"><img decoding=\"async\" src=\"https:\/\/www.gilde.ch\/wp-content\/uploads\/2023\/03\/230306_Infografik_Wissensbisse_A4-IT-2-pdf-724x1024.jpg\" alt=\"\" class=\"wp-image-4522\" style=\"width:286px;height:405px\"\/><\/a><figcaption class=\"wp-element-caption\">Infographie Journ\u00e9e de la cuisine Gilde 2022 Italien  <\/figcaption><\/figure><\/div><\/div>\n<\/div>\n\n<h3 class=\"wp-block-heading\">Communiqu\u00e9s de presse<\/h3>\n\n<p><a href=\"https:\/\/www.gilde.ch\/wp-content\/uploads\/2021\/08\/210809_PM_Kochtag_DE_xeit.pdf\" target=\"_blank\" rel=\"noreferrer noopener\"><strong>  Journ\u00e9e culinaire de la Guilde 2021 Allemand  &gt;<\/strong><\/a><\/p>\n\n<p><a href=\"https:\/\/www.gilde.ch\/wp-content\/uploads\/2021\/08\/210809_PM_Kochtag_FR_xeit.pdf\" target=\"_blank\" rel=\"noreferrer noopener\"><strong>Journ\u00e9e culinaire de la Guilde 2021 Fran\u00e7ais  &gt;<\/strong><\/a><\/p>\n\n<p><a href=\"https:\/\/www.gilde.ch\/wp-content\/uploads\/2021\/08\/210809_PM_Kochtag_IT_xeit.pdf\" target=\"_blank\" rel=\"noreferrer noopener\"><strong>Journ\u00e9e culinaire de la Guilde 2021 Italien  &gt;<\/strong><\/a><\/p>\n\n<div class=\"wp-block-columns is-layout-flex wp-container-core-columns-is-layout-28f84493 wp-block-columns-is-layout-flex\">\n<div class=\"wp-block-column is-layout-flow wp-block-column-is-layout-flow\"><\/div>\n\n\n\n<div class=\"wp-block-column is-layout-flow wp-block-column-is-layout-flow\"><\/div>\n<\/div>\n\n<p><\/p>\n\n<div class=\"wp-block-columns is-layout-flex wp-container-core-columns-is-layout-28f84493 wp-block-columns-is-layout-flex\">\n<div class=\"wp-block-column is-layout-flow wp-block-column-is-layout-flow\"><div class=\"wp-block-image\">\n<figure class=\"aligncenter size-large is-resized\"><a href=\"https:\/\/www.gilde.ch\/wp-content\/uploads\/2021\/08\/210809_Infografik_Wissensbisse_DE.pdf\" target=\"_blank\" rel=\"noopener noreferrer\"><img decoding=\"async\" src=\"https:\/\/www.gilde.ch\/wp-content\/uploads\/2021\/08\/de_wissen.png\" alt=\"\" class=\"wp-image-3297\" style=\"width:248px;height:354px\"\/><\/a><figcaption class=\"wp-element-caption\">Infographie Journ\u00e9e culinaire de la Guilde 2021 Allemand<\/figcaption><\/figure><\/div><\/div>\n\n\n\n<div class=\"wp-block-column is-layout-flow wp-block-column-is-layout-flow\"><div class=\"wp-block-image\">\n<figure class=\"aligncenter size-large is-resized\"><a href=\"https:\/\/www.gilde.ch\/wp-content\/uploads\/2021\/08\/210809_Infografik_Wissensbisse_FR.pdf\" target=\"_blank\" rel=\"noopener noreferrer\"><img decoding=\"async\" src=\"https:\/\/www.gilde.ch\/wp-content\/uploads\/2021\/08\/fr_wissen.png\" alt=\"\" class=\"wp-image-3299\" style=\"width:248px;height:354px\"\/><\/a><figcaption class=\"wp-element-caption\">Infographie Journ\u00e9e culinaire de la Guilde 2021 Fran\u00e7ais<\/figcaption><\/figure><\/div>\n\n\n<p><\/p>\n<\/div>\n\n\n\n<div class=\"wp-block-column is-layout-flow wp-block-column-is-layout-flow\"><div class=\"wp-block-image\">\n<figure class=\"aligncenter size-large is-resized\"><a href=\"https:\/\/www.gilde.ch\/wp-content\/uploads\/2021\/08\/210809_Infografik_Wissensbisse_IT.pdf\" target=\"_blank\" rel=\"noopener noreferrer\"><img decoding=\"async\" src=\"https:\/\/www.gilde.ch\/wp-content\/uploads\/2021\/08\/it_wissen.png\" alt=\"\" class=\"wp-image-3295\" style=\"width:284px;height:354px\"\/><\/a><figcaption class=\"wp-element-caption\">Infographie Journ\u00e9e de la cuisine Gilde 2021 Italien<\/figcaption><\/figure><\/div><\/div>\n<\/div>\n\n<hr class=\"wp-block-separator has-css-opacity\"\/>\n\n<p><a href=\"https:\/\/www.gilde.ch\/wp-content\/uploads\/2020\/09\/Pressemitteilung-Gilde-Kochtag-DE-5.pdf\" target=\"_blank\" rel=\"noreferrer noopener\">  Journ\u00e9e culinaire de la Guilde 2020 Allemand  &gt;<\/a><\/p>\n\n<p><a href=\"https:\/\/www.gilde.ch\/wp-content\/uploads\/2020\/09\/Pressemitteilung-Gilde-Kochtag-FR-5.pdf\" target=\"_blank\" aria-label=\"undefined (opens in a new tab)\" rel=\"noreferrer noopener\">Journ\u00e9e culinaire de la Guilde 2020 Fran\u00e7ais  &gt;<\/a><\/p>\n\n<p><a href=\"https:\/\/www.gilde.ch\/wp-content\/uploads\/2020\/09\/Pressemitteilung-Gilde-Kochtag-IT-5.pdf\" target=\"_blank\" aria-label=\"undefined (opens in a new tab)\" rel=\"noreferrer noopener\">Journ\u00e9e culinaire de la Guilde 2020 Italien  &gt;<\/a><\/p>\n\n<div class=\"wp-block-columns is-layout-flex wp-container-core-columns-is-layout-28f84493 wp-block-columns-is-layout-flex\">\n<div class=\"wp-block-column is-layout-flow wp-block-column-is-layout-flow\"><div class=\"wp-block-image\">\n<figure class=\"aligncenter size-large is-resized\"><a href=\"https:\/\/www.gilde.ch\/wp-content\/uploads\/2020\/08\/Infografik-Wissensbisse-DE.pdf\" target=\"_blank\" rel=\"noopener noreferrer\"><img decoding=\"async\" src=\"https:\/\/www.gilde.ch\/wp-content\/uploads\/2020\/08\/DE-Wissensbisse.png\" alt=\"\" class=\"wp-image-2848\" style=\"width:248px;height:354px\"\/><\/a><figcaption class=\"wp-element-caption\">Infographie Journ\u00e9e culinaire de la Guilde 2020 Allemand<\/figcaption><\/figure><\/div><\/div>\n\n\n\n<div class=\"wp-block-column is-layout-flow wp-block-column-is-layout-flow\"><div class=\"wp-block-image\">\n<figure class=\"aligncenter size-large is-resized\"><a href=\"https:\/\/www.gilde.ch\/wp-content\/uploads\/2020\/08\/Infografik-Wissensbisse-FR.pdf\" target=\"_blank\" rel=\"noopener noreferrer\"><img decoding=\"async\" src=\"https:\/\/www.gilde.ch\/wp-content\/uploads\/2020\/08\/FR-Wissensbisse.png\" alt=\"\" class=\"wp-image-2846\" style=\"width:248px\"\/><\/a><figcaption class=\"wp-element-caption\">Infographie Journ\u00e9e de la cuisine Gilde 2020 Fran\u00e7ais<\/figcaption><\/figure><\/div><\/div>\n\n\n\n<div class=\"wp-block-column is-layout-flow wp-block-column-is-layout-flow\"><div class=\"wp-block-image\">\n<figure class=\"aligncenter size-large is-resized\"><a href=\"https:\/\/www.gilde.ch\/wp-content\/uploads\/2020\/08\/Infografik-Wissensbisse-IT.pdf\" target=\"_blank\" rel=\"noopener noreferrer\"><img decoding=\"async\" src=\"https:\/\/www.gilde.ch\/wp-content\/uploads\/2020\/08\/IT-Wissensbisse.png\" alt=\"\" class=\"wp-image-2850\" style=\"width:248px\"\/><\/a><figcaption class=\"wp-element-caption\">Infographie Journ\u00e9e de la cuisine Gilde 2020 Italien<\/figcaption><\/figure><\/div><\/div>\n<\/div>\n\n<hr class=\"wp-block-separator has-css-opacity\"\/>\n\n<div style=\"height:20px\" aria-hidden=\"true\" class=\"wp-block-spacer\"><\/div>\n\n<p><a aria-label=\"  (&#xF6;ffnet in neuem Tab)\" rel=\"noreferrer noopener\" href=\"http:\/\/gilde.ch\/wp-content\/uploads\/2019\/12\/Medienmitteilung-Gilde-Kochtag-2019_DE.pdf\" target=\"_blank\">  Journ\u00e9e culinaire de la Guilde 2019 Allemand  &gt;<\/a><\/p>\n\n<p><a rel=\"noreferrer noopener\" href=\"http:\/\/gilde.ch\/wp-content\/uploads\/2019\/12\/Medienmitteilung-Gilde-Kochtag-2019_FR.pdf\" target=\"_blank\">  Journ\u00e9e culinaire de la Guilde 2019 Fran\u00e7ais  &gt;<\/a><\/p>\n\n<p><a rel=\"noreferrer noopener\" href=\"http:\/\/gilde.ch\/wp-content\/uploads\/2019\/12\/Medienmitteilung-Gilde-Kochtag-2019_IT-2.pdf\" target=\"_blank\">Journ\u00e9e culinaire de la Guilde 2019 Italien  &gt;<\/a><\/p>\n\n<hr class=\"wp-block-separator has-css-opacity\"\/>\n\n<h3 class=\"wp-block-heading\">T\u00e9l\u00e9chargements &amp; Logos<\/h3>\n\n<p>Remarque : l&rsquo;utilisation de tous les logos de la Guilde suisse des Restaurateurs-Cuisiniers \u00e9tablis \u00e0 des fins commerciales est interdite.<\/p>\n\n<div class=\"wp-block-columns has-2-columns is-layout-flex wp-container-core-columns-is-layout-28f84493 wp-block-columns-is-layout-flex\">\n<div class=\"wp-block-column is-layout-flow wp-block-column-is-layout-flow\">\n<figure class=\"wp-block-image\"><img decoding=\"async\" src=\"https:\/\/gilde.ch\/wp-content\/uploads\/2019\/12\/vorschau-gilde-restaurants-logo.png\" alt=\"Aper&#xE7;u du logo du restaurant de la Guilde\" class=\"wp-image-792\"\/><\/figure>\n\n\n\n<p><strong><a rel=\"noreferrer noopener\" href=\"https:\/\/gilde.ch\/wp-content\/uploads\/2019\/12\/Brandlogo-Petrol-1.jpg\" target=\"_blank\">Logo de la guilde en .jpg  &gt;<\/a><\/strong><\/p>\n\n\n\n<p><strong><a aria-label=\"  (&#xF6;ffnet in neuem Tab)\" href=\"http:\/\/gilde.ch\/wp-content\/uploads\/2019\/12\/gilde-restaurant-logo.pdf\" target=\"_blank\" rel=\"noreferrer noopener\">Logo de la guilde en PDF  &gt;<\/a><\/strong><\/p>\n\n\n\n<p><a href=\"https:\/\/www.gilde.ch\/wp-content\/uploads\/2023\/10\/Gilde-Brandlogo-Petrol_eps.zip\" target=\"_blank\" rel=\"noreferrer noopener\"><strong>Logo de la guilde en .eps  &gt;<\/strong><\/a><\/p>\n<\/div>\n\n\n\n<div class=\"wp-block-column is-layout-flow wp-block-column-is-layout-flow\">\n<figure class=\"wp-block-image\"><img decoding=\"async\" src=\"https:\/\/gilde.ch\/wp-content\/uploads\/2019\/12\/vorschau-gilde-partner-logo.png\" alt=\"Logo Guilde Restaurants Partenaires Aper&#xE7;u\" class=\"wp-image-790\"\/><\/figure>\n\n\n\n<p><strong><a rel=\"noreferrer noopener\" href=\"https:\/\/gilde.ch\/wp-content\/uploads\/2019\/12\/Gilde-Logo-Restaurant-Partner-final-BG.jpg\" target=\"_blank\">Logo du partenaire de la guilde en .jpg  &gt;<\/a><\/strong><a rel=\"noreferrer noopener\" href=\"https:\/\/gilde.ch\/wp-content\/uploads\/2019\/12\/Gilde-Logo-Restaurant-Partner-final-BG.jpg\" target=\"_blank\"> <\/a><\/p>\n\n\n\n<p><strong><a rel=\"noreferrer noopener\" href=\"http:\/\/gilde.ch\/wp-content\/uploads\/2019\/12\/gilde-restaurant-logo-partner.pdf\" target=\"_blank\">Logo des partenaires de la Guilde au format PDF  &gt;<\/a><\/strong><\/p>\n<\/div>\n<\/div>\n\n<p><\/p>\n","protected":false},"excerpt":{"rendered":"<p>Vous souhaitez publier une annonce ou un publireportage dans l&rsquo;un de nos m\u00e9dias imprim\u00e9s B2C ? Nous nous tenons \u00e0 votre disposition pour r\u00e9pondre \u00e0 vos questions par e-mail ou par t\u00e9l\u00e9phone. Donn\u00e9es m\u00e9dias Gourmet Guide Donn\u00e9es m\u00e9dias du magazine de la Guilde La presse Vous trouverez ici les communiqu\u00e9s de presse actuels et les [&hellip;]<\/p>\n","protected":false},"author":2,"featured_media":0,"parent":0,"menu_order":0,"comment_status":"closed","ping_status":"closed","template":"","meta":{"_acf_changed":false,"footnotes":""},"class_list":["post-38161","page","type-page","status-publish","hentry"],"acf":[],"_links":{"self":[{"href":"https:\/\/www.gilde.ch\/fr\/wp-json\/wp\/v2\/pages\/38161\/"}],"collection":[{"href":"https:\/\/www.gilde.ch\/fr\/wp-json\/wp\/v2\/pages\/"}],"about":[{"href":"https:\/\/www.gilde.ch\/fr\/wp-json\/wp\/v2\/types\/page\/"}],"author":[{"embeddable":true,"href":"https:\/\/www.gilde.ch\/fr\/wp-json\/wp\/v2\/users\/2\/"}],"replies":[{"embeddable":true,"href":"https:\/\/www.gilde.ch\/fr\/wp-json\/wp\/v2\/comments\/?post=38161"}],"version-history":[{"count":17,"href":"https:\/\/www.gilde.ch\/fr\/wp-json\/wp\/v2\/pages\/38161\/revisions\/"}],"predecessor-version":[{"id":41695,"href":"https:\/\/www.gilde.ch\/fr\/wp-json\/wp\/v2\/pages\/38161\/revisions\/41695\/"}],"wp:attachment":[{"href":"https:\/\/www.gilde.ch\/fr\/wp-json\/wp\/v2\/media\/?parent=38161"}],"curies":[{"name":"wp","href":"https:\/\/api.w.org\/{rel}","templated":true}]}}