{"id":38159,"date":"2019-09-23T19:41:55","date_gmt":"2019-09-23T17:41:55","guid":{"rendered":"https:\/\/stage.gilde.ch\/recherche-de-restaurants\/"},"modified":"2025-09-24T21:56:52","modified_gmt":"2025-09-24T19:56:52","slug":"recherche-de-restaurants","status":"publish","type":"page","link":"https:\/\/www.gilde.ch\/fr\/recherche-de-restaurants\/","title":{"rendered":"Restaurants"},"content":{"rendered":"\n<h2 class=\"wp-block-heading\">Cat\u00e9gories populaires<\/h2>\n\n<p>Tous les restaurants de la Guilde en un coup d&rsquo;\u0153il : Cherchez et trouvez votre restaurant ou auberge pr\u00e9f\u00e9r\u00e9. Vous avez envie d&rsquo;un bon repas, de profiter du soleil sur une terrasse ou vous cherchez un restaurant dans un canton particulier ? Il suffit de d\u00e9finir les filtres correspondants et de trouver imm\u00e9diatement le restaurant de la guilde qui vous convient.<\/p>\n<div class=\"block-teaser-box has-6-boxes\">\n    \t\t\n\t\t\t        \t<a class=\"teaser-box click-area-hover-effect\" href=\"https:\/\/www.gilde.ch\/restaurant-suche\/fisch\/\">\n\t\t\t\t<span class=\"preview-image\" style=\"background-image:url(https:\/\/www.gilde.ch\/wp-content\/uploads\/2023\/11\/fisch-und-seafood-restaurant-gilde-1-1-600x400.jpeg)\"><\/span>\n\t\t\t\t<span class=\"teaser-box-content\">\n\t\t            <h3 class=\"inner-title\">Restaurants de poissons et fruits de mer<\/h3>\n\t\t\t\t\t<span class=\"more\">\n                        aux restaurants                    <\/span>\n\t\t\t\t<\/span>\n\t        <\/a>\n\t\t\n\t\t\t        \t<a class=\"teaser-box click-area-hover-effect\" href=\"https:\/\/www.gilde.ch\/restaurant-suche\/terrasse-garten\/\">\n\t\t\t\t<span class=\"preview-image\" style=\"background-image:url(https:\/\/www.gilde.ch\/wp-content\/uploads\/2023\/05\/restaurant-mit-garten-gilde-1-600x400.jpeg)\"><\/span>\n\t\t\t\t<span class=\"teaser-box-content\">\n\t\t            <h3 class=\"inner-title\">Restaurants avec jardin ou terrasse  <\/h3>\n\t\t\t\t\t<span class=\"more\">\n                        aux restaurants                    <\/span>\n\t\t\t\t<\/span>\n\t        <\/a>\n\t\t\n\t\t\t        \t<a class=\"teaser-box click-area-hover-effect\" href=\"https:\/\/www.gilde.ch\/restaurant-suche\/am-berg\/\">\n\t\t\t\t<span class=\"preview-image\" style=\"background-image:url(https:\/\/www.gilde.ch\/wp-content\/uploads\/2025\/08\/bergrestaurant-gilde-1-600x271.png)\"><\/span>\n\t\t\t\t<span class=\"teaser-box-content\">\n\t\t            <h3 class=\"inner-title\">Restaurants de montagne  <\/h3>\n\t\t\t\t\t<span class=\"more\">\n                        aux restaurants                    <\/span>\n\t\t\t\t<\/span>\n\t        <\/a>\n\t\t\n\t\t\t        \t<a class=\"teaser-box click-area-hover-effect\" href=\"https:\/\/www.gilde.ch\/restaurant-suche\/vegetarisch-vegan\/\">\n\t\t\t\t<span class=\"preview-image\" style=\"background-image:url(https:\/\/www.gilde.ch\/wp-content\/uploads\/2025\/08\/vegane-vegetarische-restaurants-gilde-403x600.jpeg)\"><\/span>\n\t\t\t\t<span class=\"teaser-box-content\">\n\t\t            <h3 class=\"inner-title\">V\u00e9g\u00e9tarien ou v\u00e9g\u00e9talien<\/h3>\n\t\t\t\t\t<span class=\"more\">\n                        aux restaurants                    <\/span>\n\t\t\t\t<\/span>\n\t        <\/a>\n\t\t\n\t\t\t        \t<a class=\"teaser-box click-area-hover-effect\" href=\"https:\/\/www.gilde.ch\/restaurant-suche\/fleisch-und-grill-restaurants\/\">\n\t\t\t\t<span class=\"preview-image\" style=\"background-image:url(https:\/\/www.gilde.ch\/wp-content\/uploads\/2023\/03\/fleisch-restaurant-gilde-1-600x400.webp)\"><\/span>\n\t\t\t\t<span class=\"teaser-box-content\">\n\t\t            <h3 class=\"inner-title\">Gril Restaurants &amp; Steakhouses  <\/h3>\n\t\t\t\t\t<span class=\"more\">\n                        aux restaurants                    <\/span>\n\t\t\t\t<\/span>\n\t        <\/a>\n\t\t\n\t\t\t        \t<a class=\"teaser-box click-area-hover-effect\" href=\"https:\/\/www.gilde.ch\/restaurant-suche\/mittagessen\/\">\n\t\t\t\t<span class=\"preview-image\" style=\"background-image:url(https:\/\/www.gilde.ch\/wp-content\/uploads\/2023\/03\/Mittagessen-Gilde-1-450x600.jpeg)\"><\/span>\n\t\t\t\t<span class=\"teaser-box-content\">\n\t\t            <h3 class=\"inner-title\">D\u00e9jeuner  <\/h3>\n\t\t\t\t\t<span class=\"more\">\n                        aux restaurants                    <\/span>\n\t\t\t\t<\/span>\n\t        <\/a>\n\t\t    <\/div>\n<div class=\"block-teaser-box has-1-boxes\">\n    \t\t\n\t\t\t        \t<a class=\"teaser-box click-area-hover-effect\" href=\"https:\/\/www.boncard-payment-services.ch\/gcshop\/GCShop\/GCStep1.aspx?shopid=gilde&#038;lang=de\">\n\t\t\t\t<span class=\"preview-image\" style=\"background-image:url(https:\/\/www.gilde.ch\/wp-content\/uploads\/2019\/12\/geschenk-gutschein-teaser-shop-gilde-1-1200x300.jpg)\"><\/span>\n\t\t\t\t<span class=\"teaser-box-content\">\n\t\t            <h3 class=\"inner-title\">Ch\u00e8ques-cadeaux<\/h3>\n\t\t\t\t\t<span class=\"more\">\n                        Commander ici des ch\u00e8ques-cadeaux                    <\/span>\n\t\t\t\t<\/span>\n\t        <\/a>\n\t\t    <\/div>\n","protected":false},"excerpt":{"rendered":"<p>Cat\u00e9gories populaires Tous les restaurants de la Guilde en un coup d&rsquo;\u0153il : Cherchez et trouvez votre restaurant ou auberge pr\u00e9f\u00e9r\u00e9. Vous avez envie d&rsquo;un bon repas, de profiter du soleil sur une terrasse ou vous cherchez un restaurant dans un canton particulier ? Il suffit de d\u00e9finir les filtres correspondants et de trouver imm\u00e9diatement [&hellip;]<\/p>\n","protected":false},"author":2,"featured_media":0,"parent":0,"menu_order":0,"comment_status":"closed","ping_status":"closed","template":"page-restaurants.php","meta":{"_acf_changed":false,"footnotes":""},"class_list":["post-38159","page","type-page","status-publish","hentry"],"acf":[],"_links":{"self":[{"href":"https:\/\/www.gilde.ch\/fr\/wp-json\/wp\/v2\/pages\/38159\/"}],"collection":[{"href":"https:\/\/www.gilde.ch\/fr\/wp-json\/wp\/v2\/pages\/"}],"about":[{"href":"https:\/\/www.gilde.ch\/fr\/wp-json\/wp\/v2\/types\/page\/"}],"author":[{"embeddable":true,"href":"https:\/\/www.gilde.ch\/fr\/wp-json\/wp\/v2\/users\/2\/"}],"replies":[{"embeddable":true,"href":"https:\/\/www.gilde.ch\/fr\/wp-json\/wp\/v2\/comments\/?post=38159"}],"version-history":[{"count":4,"href":"https:\/\/www.gilde.ch\/fr\/wp-json\/wp\/v2\/pages\/38159\/revisions\/"}],"predecessor-version":[{"id":39466,"href":"https:\/\/www.gilde.ch\/fr\/wp-json\/wp\/v2\/pages\/38159\/revisions\/39466\/"}],"wp:attachment":[{"href":"https:\/\/www.gilde.ch\/fr\/wp-json\/wp\/v2\/media\/?parent=38159"}],"curies":[{"name":"wp","href":"https:\/\/api.w.org\/{rel}","templated":true}]}}