{"id":38157,"date":"2019-10-29T16:19:42","date_gmt":"2019-10-29T15:19:42","guid":{"rendered":"https:\/\/stage.gilde.ch\/mentions-legales\/"},"modified":"2025-09-24T11:33:30","modified_gmt":"2025-09-24T09:33:30","slug":"mentions-legales","status":"publish","type":"page","link":"https:\/\/www.gilde.ch\/fr\/mentions-legales\/","title":{"rendered":"Mentions l\u00e9gales"},"content":{"rendered":"\n<h1 class=\"wp-block-heading\">Mentions l\u00e9gales<\/h1>\n\n<p><strong>Guilde suisse des Restaurateurs-Cuisiniers<br\/><\/strong>Secr\u00e9tariat<br\/>Blumenfeldstrasse 20<br\/>CH-8046 Zurich<br\/>T\u00e9l\u00e9phone : <a href=\"tel:%20+41443775290\">+41 44 377 52 90<\/a><br\/><\/p>\n\n<p>www.gilde<a href=\"mailto:info@gilde.ch\">.ch<br\/><\/a> info@gilde.ch<\/p>\n\n<p>Le secr\u00e9tariat est joignable par t\u00e9l\u00e9phone du lundi au vendredi de 08.00 \u00e0 12.00 heures.<\/p>\n\n<hr class=\"wp-block-separator has-css-opacity is-style-wide\"\/>\n\n<h2 class=\"wp-block-heading\">Pr\u00e9sident<\/h2>\n\n<p>Daniel Windlin<br\/>Restaurant Adler<br\/>6403 K\u00fcssnacht a.<a aria-label=\" praesident@gilde.ch (&#xF6;ffnet in neuem Tab)\" href=\"mailto:praesident@gilde.ch\" target=\"_blank\" rel=\"noreferrer noopener\">R <\/a>.<br\/> praesident@gilde.ch  <\/p>\n\n<h2 class=\"wp-block-heading\">Bureau<\/h2>\n\n<p>Bureau de la Guilde<br\/>8046 Zurich<\/p>\n\n<p>info@gilde.ch<\/p>\n\n<h2 class=\"wp-block-heading\">Cr\u00e9dit photo<\/h2>\n\n<p>Bureau de la Guilde<br\/>GastroJournal  <\/p>\n\n<p>Hug Photos<\/p>\n\n<p>Photographie Eggenberger<\/p>\n\n<h2 class=\"wp-block-heading\">Conception, design et r\u00e9alisation<\/h2>\n\n<p><strong>Mirabit AG<\/strong><br\/>Solutions num\u00e9riques<br\/>Neustrasse 2<br\/>CH-8590 Romanshorn<br\/> +41<a href=\"tel:+41716951111\"> 71 695 11 11<\/a><br\/><a href=\"mailto:info@mirabit.com\">info@mirabit.com<\/a><\/p>\n\n<p><\/p>\n","protected":false},"excerpt":{"rendered":"<p>Mentions l\u00e9gales Guilde suisse des Restaurateurs-CuisiniersSecr\u00e9tariatBlumenfeldstrasse 20CH-8046 ZurichT\u00e9l\u00e9phone : +41 44 377 52 90 www.gilde.ch info@gilde.ch Le secr\u00e9tariat est joignable par t\u00e9l\u00e9phone du lundi au vendredi de 08.00 \u00e0 12.00 heures. Pr\u00e9sident Daniel WindlinRestaurant Adler6403 K\u00fcssnacht a.R . praesident@gilde.ch Bureau Bureau de la Guilde8046 Zurich info@gilde.ch Cr\u00e9dit photo Bureau de la GuildeGastroJournal Hug Photos Photographie [&hellip;]<\/p>\n","protected":false},"author":2,"featured_media":0,"parent":0,"menu_order":0,"comment_status":"closed","ping_status":"closed","template":"","meta":{"_acf_changed":false,"footnotes":""},"class_list":["post-38157","page","type-page","status-publish","hentry"],"acf":[],"_links":{"self":[{"href":"https:\/\/www.gilde.ch\/fr\/wp-json\/wp\/v2\/pages\/38157\/"}],"collection":[{"href":"https:\/\/www.gilde.ch\/fr\/wp-json\/wp\/v2\/pages\/"}],"about":[{"href":"https:\/\/www.gilde.ch\/fr\/wp-json\/wp\/v2\/types\/page\/"}],"author":[{"embeddable":true,"href":"https:\/\/www.gilde.ch\/fr\/wp-json\/wp\/v2\/users\/2\/"}],"replies":[{"embeddable":true,"href":"https:\/\/www.gilde.ch\/fr\/wp-json\/wp\/v2\/comments\/?post=38157"}],"version-history":[{"count":1,"href":"https:\/\/www.gilde.ch\/fr\/wp-json\/wp\/v2\/pages\/38157\/revisions\/"}],"predecessor-version":[{"id":38158,"href":"https:\/\/www.gilde.ch\/fr\/wp-json\/wp\/v2\/pages\/38157\/revisions\/38158\/"}],"wp:attachment":[{"href":"https:\/\/www.gilde.ch\/fr\/wp-json\/wp\/v2\/media\/?parent=38157"}],"curies":[{"name":"wp","href":"https:\/\/api.w.org\/{rel}","templated":true}]}}