{"id":38152,"date":"2019-09-23T19:45:15","date_gmt":"2019-09-23T17:45:15","guid":{"rendered":"https:\/\/stage.gilde.ch\/commander-des-cheques-cadeaux-gilde\/"},"modified":"2025-09-24T22:19:18","modified_gmt":"2025-09-24T20:19:18","slug":"commander-des-cheques-cadeaux-gilde","status":"publish","type":"page","link":"https:\/\/www.gilde.ch\/fr\/commander-des-cheques-cadeaux-gilde\/","title":{"rendered":"Bons de cadeaux"},"content":{"rendered":"\n<div class=\"wp-block-group\"><div class=\"wp-block-group__inner-container is-layout-constrained wp-block-group-is-layout-constrained\">\n<h1 class=\"wp-block-heading\">Bons de cadeaux<\/h1>\n\n\n\n<div class=\"wp-block-columns is-layout-flex wp-container-core-columns-is-layout-28f84493 wp-block-columns-is-layout-flex\">\n<div class=\"wp-block-column is-layout-flow wp-block-column-is-layout-flow\">\n<h2 class=\"wp-block-heading\">Carte cadeau<\/h2>\n\n\n\n<figure class=\"wp-block-image size-full\"><img fetchpriority=\"high\" decoding=\"async\" width=\"398\" height=\"250\" src=\"https:\/\/www.gilde.ch\/wp-content\/uploads\/2023\/10\/effe7767-4fb8-4d34-c3c2-f3dcf2ad999c-2.png\" alt=\"\" class=\"wp-image-5022\" srcset=\"https:\/\/www.gilde.ch\/wp-content\/uploads\/2023\/10\/effe7767-4fb8-4d34-c3c2-f3dcf2ad999c-2.png 398w, https:\/\/www.gilde.ch\/wp-content\/uploads\/2023\/10\/effe7767-4fb8-4d34-c3c2-f3dcf2ad999c-2-300x188.png 300w\" sizes=\"(max-width: 398px) 100vw, 398px\" \/><\/figure>\n<\/div>\n\n\n\n<div class=\"wp-block-column is-layout-flow wp-block-column-is-layout-flow\">\n<div style=\"height:35px\" aria-hidden=\"true\" class=\"wp-block-spacer\"><\/div>\n\n\n\n<p><strong>Avec les cartes-cadeaux Gilde, offrez des moments de plaisir dans l&rsquo;un de nos restaurants ou h\u00f4tels de premi\u00e8re classe. Nos cartes-cadeaux conviennent parfaitement comme remerciement, comme surprise ou simplement pour se faire plaisir. <\/strong><\/p>\n\n\n\n<p>Commandez les cartes dans la boutique de bons. La livraison s&rsquo;effectue dans une \u00e9l\u00e9gante bo\u00eete cadeau bleue, y compris notre dernier guide des restaurants <a href=\"https:\/\/www.gilde.ch\/restaurant-suche\/gourmet-guide\/\" target=\"_blank\" rel=\"noreferrer noopener\">\u00ab\u00a0Gourmet Guide\u00a0\u00bb,<\/a> \u00e0 l&rsquo;adresse de livraison souhait\u00e9e. <\/p>\n\n\n\n<p>Vous pouvez aussi commander tr\u00e8s facilement votre bon Guilde avec le montant souhait\u00e9 et l&rsquo;imprimer vous-m\u00eame imm\u00e9diatement.<\/p>\n\n\n\n<p>Ou rechargez votre carte cadeau d\u00e9j\u00e0 utilis\u00e9e.<br\/>Vers la boutique de bons cadeaux<\/p>\n\n\n\n<div class=\"wp-block-buttons is-content-justification-left is-layout-flex wp-container-core-buttons-is-layout-bc8e6f51 wp-block-buttons-is-layout-flex\">\n<div class=\"wp-block-button\"><a class=\"wp-block-button__link has-background no-border-radius wp-element-button\" href=\"https:\/\/shop.boncard.ch\/gilde\" style=\"background-color:#d5a75f\" target=\"_blank\" rel=\"noreferrer noopener\">Vers la boutique de bons<\/a><\/div>\n<\/div>\n<\/div>\n<\/div>\n\n\n\n<div style=\"height:50px\" aria-hidden=\"true\" class=\"wp-block-spacer\"><\/div>\n<\/div><\/div>\n\n<p>  Vous trouverez des informations d\u00e9taill\u00e9es dans nos <a aria-label=\"Hier geht&#x2019;s zu den AGB&#x2019;s (&#xF6;ffnet in neuem Tab)\" href=\"https:\/\/gilde.ch\/agb\/\" target=\"_blank\" rel=\"noreferrer noopener\"><strong>Conditions g\u00e9n\u00e9rales de vente<\/strong><\/a><\/p>\n","protected":false},"excerpt":{"rendered":"<p>Bons de cadeaux Carte cadeau Avec les cartes-cadeaux Gilde, offrez des moments de plaisir dans l&rsquo;un de nos restaurants ou h\u00f4tels de premi\u00e8re classe. Nos cartes-cadeaux conviennent parfaitement comme remerciement, comme surprise ou simplement pour se faire plaisir. Commandez les cartes dans la boutique de bons. La livraison s&rsquo;effectue dans une \u00e9l\u00e9gante bo\u00eete cadeau bleue, [&hellip;]<\/p>\n","protected":false},"author":2,"featured_media":0,"parent":0,"menu_order":0,"comment_status":"closed","ping_status":"closed","template":"","meta":{"_acf_changed":false,"footnotes":""},"class_list":["post-38152","page","type-page","status-publish","hentry"],"acf":[],"_links":{"self":[{"href":"https:\/\/www.gilde.ch\/fr\/wp-json\/wp\/v2\/pages\/38152\/"}],"collection":[{"href":"https:\/\/www.gilde.ch\/fr\/wp-json\/wp\/v2\/pages\/"}],"about":[{"href":"https:\/\/www.gilde.ch\/fr\/wp-json\/wp\/v2\/types\/page\/"}],"author":[{"embeddable":true,"href":"https:\/\/www.gilde.ch\/fr\/wp-json\/wp\/v2\/users\/2\/"}],"replies":[{"embeddable":true,"href":"https:\/\/www.gilde.ch\/fr\/wp-json\/wp\/v2\/comments\/?post=38152"}],"version-history":[{"count":3,"href":"https:\/\/www.gilde.ch\/fr\/wp-json\/wp\/v2\/pages\/38152\/revisions\/"}],"predecessor-version":[{"id":39479,"href":"https:\/\/www.gilde.ch\/fr\/wp-json\/wp\/v2\/pages\/38152\/revisions\/39479\/"}],"wp:attachment":[{"href":"https:\/\/www.gilde.ch\/fr\/wp-json\/wp\/v2\/media\/?parent=38152"}],"curies":[{"name":"wp","href":"https:\/\/api.w.org\/{rel}","templated":true}]}}