{"id":38147,"date":"2024-07-30T14:39:53","date_gmt":"2024-07-30T12:39:53","guid":{"rendered":"https:\/\/stage.gilde.ch\/amis-de-la-guilde-2\/"},"modified":"2026-01-29T13:23:01","modified_gmt":"2026-01-29T12:23:01","slug":"amis-de-la-guilde-2","status":"publish","type":"page","link":"https:\/\/www.gilde.ch\/fr\/amis-de-la-guilde-2\/","title":{"rendered":"Amis de la guilde"},"content":{"rendered":"\n<p class=\"has-medium-font-size\"><strong>Bienvenue chez les \u00ab\u00a0Amis de la Guilde<\/strong><\/p>\n\n<p><a href=\"https:\/\/mein.fairgate.ch\/gilde\/register\/MTIyNDk=\">Devenir membre ici<\/a><\/p>\n\n<p><a href=\"https:\/\/www.gilde.ch\/wp-content\/uploads\/2024\/10\/240724_Gilde_Brief-fuer-Interessenten-1-1-1.docx\">Informations d\u00e9taill\u00e9es sur \u00ab\u00a0Les amis de la guilde<\/a><\/p>\n\n<p>Vous trouverez ici les dates des manifestations pr\u00e9vues par les Amis de la Guilde en 2026 &#8211; <a href=\"https:\/\/www.gilde.ch\/fr\/calendrier-des-evenements\/\">Calendrier des manifestations &#8211; Guilde<\/a><\/p>\n<div class=\"block-teaser-box has-5-boxes\">\n    \t\t\n\t\t\t        \t<a class=\"teaser-box click-area-hover-effect\" href=\"\">\n\t\t\t\t<span class=\"preview-image\" style=\"background-image:url(https:\/\/www.gilde.ch\/wp-content\/uploads\/2023\/09\/4-1-600x400.jpg)\"><\/span>\n\t\t\t\t<span class=\"teaser-box-content\">\n\t\t            <h3 class=\"inner-title\">7e FdG &lsquo;Risotto Plausch&rsquo; Ilanz GR, mercredi 15.10.25<\/h3>\n\t\t\t\t\t<span class=\"more\">\n                        aux restaurants                    <\/span>\n\t\t\t\t<\/span>\n\t        <\/a>\n\t\t\n\t\t\t        \t<a class=\"teaser-box click-area-hover-effect\" href=\"\/de\/news\/rueckblick-freunde-der-gilde-donnerstag-18-september-2025\/\">\n\t\t\t\t<span class=\"preview-image\" style=\"background-image:url(https:\/\/www.gilde.ch\/wp-content\/uploads\/2025\/09\/WhatsApp-Bild-2025-09-24-um-10.10.41_5f2e6c92-1-600x450.webp)\"><\/span>\n\t\t\t\t<span class=\"teaser-box-content\">\n\t\t            <h3 class=\"inner-title\">6\u00e8me manifestation FdG, visite de Stadler Rail et golf de football, r\u00e9gion M\u00fcllheim TG, jeudi 18.9.25<\/h3>\n\t\t\t\t\t<span class=\"more\">\n                        R\u00e9trospective et galerie de photos                    <\/span>\n\t\t\t\t<\/span>\n\t        <\/a>\n\t\t\n\t\t\t        \t<a class=\"teaser-box click-area-hover-effect\" href=\"\/de\/news\/rueckblick-hockeymatch-langnau-i-e\/\">\n\t\t\t\t<span class=\"preview-image\" style=\"background-image:url(https:\/\/www.gilde.ch\/wp-content\/uploads\/2024\/12\/th-1.jpg)\"><\/span>\n\t\t\t\t<span class=\"teaser-box-content\">\n\t\t            <h3 class=\"inner-title\">Amis de la Guilde \u00ab\u00a0Sp\u00e9cial\u00a0\u00bb &#8211; Match de hockey SCL Tigers &#8211; EHC KLoten<\/h3>\n\t\t\t\t\t<span class=\"more\">\n                        Galerie d&rsquo;images                    <\/span>\n\t\t\t\t<\/span>\n\t        <\/a>\n\t\t\n\t\t\t        \t<a class=\"teaser-box click-area-hover-effect\" href=\"\/de\/news\/rueckblick-beromuenster\/\">\n\t\t\t\t<span class=\"preview-image\" style=\"background-image:url(https:\/\/www.gilde.ch\/wp-content\/uploads\/2024\/12\/logo-neu-digital_edited-1.jpg)\"><\/span>\n\t\t\t\t<span class=\"teaser-box-content\">\n\t\t            <h3 class=\"inner-title\">4e manifestation FdG Vivre Berom\u00fcnster de pr\u00e8s, Gunzwil LU, lundi 28.4.25<\/h3>\n\t\t\t\t\t<span class=\"more\">\n                        R\u00e9trospective et galerie de photos                    <\/span>\n\t\t\t\t<\/span>\n\t        <\/a>\n\t\t\n\t\t\t        \t<a class=\"teaser-box click-area-hover-effect\" href=\"\">\n\t\t\t\t<span class=\"preview-image\" style=\"background-image:url(https:\/\/www.gilde.ch\/wp-content\/uploads\/2024\/07\/Freunde-der-Gilde-4-e1734166815716-1-600x257.png)\"><\/span>\n\t\t\t\t<span class=\"teaser-box-content\">\n\t\t            <h3 class=\"inner-title\">5e FdG \u00ab\u00a0Dans le c\u0153ur de la Suisse\u00a0\u00bb Giswil, OW, mardi 1.7.25<\/h3>\n\t\t\t\t\t<span class=\"more\">\n                        R\u00e9trospective et galerie de photos                    <\/span>\n\t\t\t\t<\/span>\n\t        <\/a>\n\t\t    <\/div>\n\n<h2 class=\"wp-block-heading\">3. r\u00e9union des amis de la guilde  <\/h2>\n\n<p>Le jeudi 14 novembre 2024, nous avons pass\u00e9 une journ\u00e9e pleine de tradition chez Hans et Sofija Jungo au restaurant Schwarzseest\u00e4rn \u00e0 Schwarzsee FR, en compagnie du r\u00e9dacteur en dialecte Christian Schmutz, avec une Kilbi ou, en fran\u00e7ais, une \u00ab\u00a0B\u00e9nichon\u00a0\u00bb est une f\u00eate traditionnelle fribourgeoise qui est c\u00e9l\u00e9br\u00e9e depuis toujours.<\/p>\n\n<p>Toutes les photos et impressions suivront.<\/p>\n\n<h2 class=\"wp-block-heading\"><strong>2e rencontre des Amis de la Guilde : Une journ\u00e9e sous le signe de la culture et de la tradition brassicole<\/strong><\/h2>\n\n<p>Le 25 septembre, la deuxi\u00e8me rencontre de la guilde a eu lieu \u00e0 Saint-Gall. Les participants ont \u00e9t\u00e9 transport\u00e9s dans le monde fascinant du Moyen-\u00c2ge et de la tradition brassicole suisse. La journ\u00e9e a commenc\u00e9 par une visite guid\u00e9e inspirante de la biblioth\u00e8que de l&rsquo;abbaye, o\u00f9 l&rsquo;exposition \u00ab\u00a0Vom Essen und Trinken im Mittelalter\u00a0\u00bb a \u00e9veill\u00e9 l&rsquo;int\u00e9r\u00eat historique.<\/p>\n\n<style>\n    .flickr-embed-container {\n        max-width: 822px; \/* Maximalbreite des Bildes *\/\n        width: 100%; \/* Breite auf 100% setzen *\/\n        overflow: hidden;\n        margin: 0 auto; \/* Zentriert den Container *\/\n    }\n    .flickr-embed-container img {\n        width: 100%; \/* Bildbreite auf 100% setzen *\/\n        height: auto; \/* Automatische H\u00f6he *\/\n        aspect-ratio: 822 \/ 548; \/* Format im Querformat beibehalten *\/\n    }\n<\/style>\n\n<div class=\"flickr-embed-container\">\n    <a data-flickr-embed=\"true\" href=\"https:\/\/www.flickr.com\/photos\/201191946@N08\/albums\/72177720321186650\" title=\"2e rencontre des Amis de la Guilde \u00e0 St-Gall\">\n        <img fetchpriority=\"high\" decoding=\"async\" src=\"https:\/\/live.staticflickr.com\/65535\/54064690907_66ff6472c0_z.jpg\" width=\"640\" height=\"480\" alt=\"2e rencontre des Amis de la Guilde \u00e0 St-Gall\"\/>\n    <\/a>\n<\/div>\n<script async=\"\" src=\"\/\/embedr.flickr.com\/assets\/client-code.js\" charset=\"utf-8\"><\/script>\n\n<h2 class=\"wp-block-heading\">1\u00e8re r\u00e9union des Amis de la Guilde<\/h2>\n\n<p>Le 10 juin, la premi\u00e8re r\u00e9union de la nouvelle Ambassade \u00ab\u00a0Amis de la Guilde\u00a0\u00bb a eu lieu dans la Hohlen Gasse. Sous le slogan \u00ab\u00a0Qui apporte la meilleure saucisse ?\u00a0\u00bb, nous avons v\u00e9cu une journ\u00e9e sensationnelle de plaisir et de bonne humeur. La vari\u00e9t\u00e9 des saucisses et l&rsquo;ambiance anim\u00e9e ont fait de cette journ\u00e9e un moment inoubliable.  <\/p>\n\n<style>\n    .flickr-embed-container {\n        width: 100%;\n        overflow: hidden;\n    }\n    .flickr-embed-container img {\n        width: 100%;\n        height: auto;\n    }\n<\/style>\n\n<div class=\"flickr-embed-container\">\n    <a data-flickr-embed=\"true\" href=\"https:\/\/www.flickr.com\/photos\/201191946@N08\/albums\/72177720319238602\" title=\"Amis de la guilde\">\n        <img decoding=\"async\" src=\"https:\/\/live.staticflickr.com\/65535\/53893404564_f65d2371c9_z.jpg\" alt=\"Amis de la guilde\"\/>\n    <\/a>\n<\/div>\n<script async=\"\" src=\"\/\/embedr.flickr.com\/assets\/client-code.js\" charset=\"utf-8\"><\/script>\n","protected":false},"excerpt":{"rendered":"<p>Bienvenue chez les \u00ab\u00a0Amis de la Guilde Devenir membre ici Informations d\u00e9taill\u00e9es sur \u00ab\u00a0Les amis de la guilde Vous trouverez ici les dates des manifestations pr\u00e9vues par les Amis de la Guilde en 2026 &#8211; Calendrier des manifestations &#8211; Guilde 3. r\u00e9union des amis de la guilde Le jeudi 14 novembre 2024, nous avons pass\u00e9 [&hellip;]<\/p>\n","protected":false},"author":2,"featured_media":0,"parent":0,"menu_order":0,"comment_status":"closed","ping_status":"closed","template":"","meta":{"_acf_changed":false,"footnotes":""},"class_list":["post-38147","page","type-page","status-publish","hentry"],"acf":[],"_links":{"self":[{"href":"https:\/\/www.gilde.ch\/fr\/wp-json\/wp\/v2\/pages\/38147\/"}],"collection":[{"href":"https:\/\/www.gilde.ch\/fr\/wp-json\/wp\/v2\/pages\/"}],"about":[{"href":"https:\/\/www.gilde.ch\/fr\/wp-json\/wp\/v2\/types\/page\/"}],"author":[{"embeddable":true,"href":"https:\/\/www.gilde.ch\/fr\/wp-json\/wp\/v2\/users\/2\/"}],"replies":[{"embeddable":true,"href":"https:\/\/www.gilde.ch\/fr\/wp-json\/wp\/v2\/comments\/?post=38147"}],"version-history":[{"count":5,"href":"https:\/\/www.gilde.ch\/fr\/wp-json\/wp\/v2\/pages\/38147\/revisions\/"}],"predecessor-version":[{"id":42134,"href":"https:\/\/www.gilde.ch\/fr\/wp-json\/wp\/v2\/pages\/38147\/revisions\/42134\/"}],"wp:attachment":[{"href":"https:\/\/www.gilde.ch\/fr\/wp-json\/wp\/v2\/media\/?parent=38147"}],"curies":[{"name":"wp","href":"https:\/\/api.w.org\/{rel}","templated":true}]}}