{"id":38145,"date":"2022-09-02T17:29:40","date_gmt":"2022-09-02T15:29:40","guid":{"rendered":"https:\/\/stage.gilde.ch\/assemblee-generale-2025\/"},"modified":"2025-09-28T19:19:42","modified_gmt":"2025-09-28T17:19:42","slug":"assemblee-generale-2025","status":"publish","type":"page","link":"https:\/\/www.gilde.ch\/fr\/assemblee-generale-2025\/","title":{"rendered":"Assembl\u00e9e g\u00e9n\u00e9rale 2025"},"content":{"rendered":"\n<p>R\u00e9trospective et impressions de l&rsquo;AG \u00e0 Giswil le 30 juin 2025<\/p>\n\n<p><strong>Un grand merci pour la 71e assembl\u00e9e g\u00e9n\u00e9rale<\/strong><\/p>\n\n<p>Quelle assembl\u00e9e g\u00e9n\u00e9rale particuli\u00e8re ! A Giswil, nous avons pu vivre une AG chaleureuse et \u00e9tonnamment diff\u00e9rente &#8211; marqu\u00e9e par des h\u00f4tes engag\u00e9s, un programme cadre harmonieux, des temps forts culinaires et de nombreux moments personnels.<\/p>\n\n<p>Un grand merci \u00e0 tout le comit\u00e9 d&rsquo;organisation sous la direction de Dani Windlin, Christoph et Kevin Zumstein, Raphael Wey, Bruno et Rolf della Torre ainsi qu&rsquo;aux nombreux b\u00e9n\u00e9voles sur place. Nous remercions \u00e9galement nos partenaires de la Guilde, qui ont fait acte de pr\u00e9sence avec une place de march\u00e9 anim\u00e9e.<\/p>\n\n<p>Pour le pr\u00e9sident sortant Gerhard Kiniger, l&rsquo;AG a \u00e9t\u00e9 riche en \u00e9motions &#8211; avec l&rsquo;\u00e9lection au poste de pr\u00e9sident d&rsquo;honneur et des paroles \u00e9mouvantes prononc\u00e9es en pr\u00e9sence de sa famille. La fin de soir\u00e9e \u00e0 Melchsee-Frutt, avec remise de la table, musique et sp\u00e9cialit\u00e9s obwaldiennes, a \u00e9galement \u00e9t\u00e9 une conclusion digne de ce nom, organis\u00e9e par les <em>amis de la guilde<\/em>.<\/p>\n\n<p>Nous remercions tout particuli\u00e8rement Annett Sprenger et Milan Holler pour leur professionnalisme &#8211; et tous les membres pour leur pr\u00e9sence.<br\/>Apr\u00e8s l&rsquo;AG, c&rsquo;est avant l&rsquo;AG : nous nous r\u00e9jouissons de nous revoir le 4 mai 2026 \u00e0 B\u00e2le.<br\/><\/p>\n<style>.kb-gallery-id-4113_cbb499-97 .kadence-blocks-gallery-item .kb-gal-image-radius, .kb-gallery-id-4113_cbb499-97 .kb-slide-item .kb-gal-image-radius img{border-radius:0px 0px 0px 0px;;}.kb-gallery-wrap-id-4113_cbb499-97.wp-block-kadence-advancedgallery{overflow:visible;}.kb-gallery-wrap-id-4113_cbb499-97.wp-block-kadence-advancedgallery .kt-blocks-carousel{overflow:visible;}<\/style><div class=\"kb-gallery-wrap-id-4113_cbb499-97 alignnone wp-block-kadence-advancedgallery\"><div class=\"kb-gallery-ul kb-gallery-non-static kb-gallery-type-slider kb-gallery-id-4113_cbb499-97 kb-gallery-caption-style-bottom-hover kb-gallery-filter-none\" data-image-filter=\"none\" data-lightbox-caption=\"true\"><div class=\"kt-blocks-carousel kt-carousel-container-dotstyle-dark\"><div class=\"kt-blocks-carousel-init kb-blocks-slider kt-carousel-arrowstyle-whiteondark kt-carousel-dotstyle-dark kb-slider-group-arrow kb-slider-arrow-position-center\" data-slider-anim-speed=\"400\" data-slider-scroll=\"1\" data-slider-arrows=\"true\" data-slider-fade=\"true\" data-slider-dots=\"true\"data-slider-type=\"slider\"  data-slider-hover-pause=\"false\" data-slider-auto=\"\" data-slider-speed=\"7000\"><div class=\"kb-slide-item kb-gallery-slide-item\"><div class=\"kadence-blocks-gallery-item\"><div class=\"kadence-blocks-gallery-item-inner\"><figure class=\"kb-gallery-figure kadence-blocks-gallery-item-hide-caption\"><div class=\"kb-gal-image-radius\"><div class=\"kb-gallery-image-contain kadence-blocks-gallery-intrinsic kb-gallery-image-ratio-land32 kb-has-image-ratio-land32\" ><img fetchpriority=\"high\" decoding=\"async\" src=\"https:\/\/www.gilde.ch\/wp-content\/uploads\/2025\/09\/B38A1407-min-1024x683.jpg\" width=\"1024\" height=\"683\" alt=\"\" data-full-image=\"https:\/\/www.gilde.ch\/wp-content\/uploads\/2025\/09\/B38A1407-min.jpg\" data-light-image=\"https:\/\/www.gilde.ch\/wp-content\/uploads\/2025\/09\/B38A1407-min.jpg\" data-id=\"39789\" class=\"wp-image-39789 skip-lazy\" srcset=\"https:\/\/www.gilde.ch\/wp-content\/uploads\/2025\/09\/B38A1407-min-1024x683.jpg 1024w, https:\/\/www.gilde.ch\/wp-content\/uploads\/2025\/09\/B38A1407-min-600x400.jpg 600w, https:\/\/www.gilde.ch\/wp-content\/uploads\/2025\/09\/B38A1407-min-300x200.jpg 300w, https:\/\/www.gilde.ch\/wp-content\/uploads\/2025\/09\/B38A1407-min-768x512.jpg 768w, https:\/\/www.gilde.ch\/wp-content\/uploads\/2025\/09\/B38A1407-min-1536x1024.jpg 1536w, https:\/\/www.gilde.ch\/wp-content\/uploads\/2025\/09\/B38A1407-min-1200x800.jpg 1200w, https:\/\/www.gilde.ch\/wp-content\/uploads\/2025\/09\/B38A1407-min.jpg 1800w\" sizes=\"(max-width: 1024px) 100vw, 1024px\" \/><\/div><\/div><\/figure><\/div><\/div><\/div><div class=\"kb-slide-item kb-gallery-slide-item\"><div class=\"kadence-blocks-gallery-item\"><div class=\"kadence-blocks-gallery-item-inner\"><figure class=\"kb-gallery-figure kadence-blocks-gallery-item-hide-caption\"><div class=\"kb-gal-image-radius\"><div class=\"kb-gallery-image-contain kadence-blocks-gallery-intrinsic kb-gallery-image-ratio-land32 kb-has-image-ratio-land32\" ><img decoding=\"async\" src=\"https:\/\/www.gilde.ch\/wp-content\/uploads\/2025\/09\/B38A2434-min-1024x683.jpg\" width=\"1024\" height=\"683\" alt=\"\" data-full-image=\"https:\/\/www.gilde.ch\/wp-content\/uploads\/2025\/09\/B38A2434-min.jpg\" data-light-image=\"https:\/\/www.gilde.ch\/wp-content\/uploads\/2025\/09\/B38A2434-min.jpg\" data-id=\"39790\" class=\"wp-image-39790 skip-lazy\" srcset=\"https:\/\/www.gilde.ch\/wp-content\/uploads\/2025\/09\/B38A2434-min-1024x683.jpg 1024w, https:\/\/www.gilde.ch\/wp-content\/uploads\/2025\/09\/B38A2434-min-600x400.jpg 600w, https:\/\/www.gilde.ch\/wp-content\/uploads\/2025\/09\/B38A2434-min-300x200.jpg 300w, https:\/\/www.gilde.ch\/wp-content\/uploads\/2025\/09\/B38A2434-min-768x512.jpg 768w, https:\/\/www.gilde.ch\/wp-content\/uploads\/2025\/09\/B38A2434-min-1536x1024.jpg 1536w, https:\/\/www.gilde.ch\/wp-content\/uploads\/2025\/09\/B38A2434-min-1200x800.jpg 1200w, https:\/\/www.gilde.ch\/wp-content\/uploads\/2025\/09\/B38A2434-min.jpg 1800w\" sizes=\"(max-width: 1024px) 100vw, 1024px\" \/><\/div><\/div><\/figure><\/div><\/div><\/div><div class=\"kb-slide-item kb-gallery-slide-item\"><div class=\"kadence-blocks-gallery-item\"><div class=\"kadence-blocks-gallery-item-inner\"><figure class=\"kb-gallery-figure kadence-blocks-gallery-item-hide-caption\"><div class=\"kb-gal-image-radius\"><div class=\"kb-gallery-image-contain kadence-blocks-gallery-intrinsic kb-gallery-image-ratio-land32 kb-has-image-ratio-land32\" ><img decoding=\"async\" src=\"https:\/\/www.gilde.ch\/wp-content\/uploads\/2025\/09\/B38A1898-min-1024x683.jpg\" width=\"1024\" height=\"683\" alt=\"\" data-full-image=\"https:\/\/www.gilde.ch\/wp-content\/uploads\/2025\/09\/B38A1898-min.jpg\" data-light-image=\"https:\/\/www.gilde.ch\/wp-content\/uploads\/2025\/09\/B38A1898-min.jpg\" data-id=\"39791\" class=\"wp-image-39791 skip-lazy\" srcset=\"https:\/\/www.gilde.ch\/wp-content\/uploads\/2025\/09\/B38A1898-min-1024x683.jpg 1024w, https:\/\/www.gilde.ch\/wp-content\/uploads\/2025\/09\/B38A1898-min-600x400.jpg 600w, https:\/\/www.gilde.ch\/wp-content\/uploads\/2025\/09\/B38A1898-min-300x200.jpg 300w, https:\/\/www.gilde.ch\/wp-content\/uploads\/2025\/09\/B38A1898-min-768x512.jpg 768w, https:\/\/www.gilde.ch\/wp-content\/uploads\/2025\/09\/B38A1898-min-1536x1024.jpg 1536w, https:\/\/www.gilde.ch\/wp-content\/uploads\/2025\/09\/B38A1898-min-1200x800.jpg 1200w, https:\/\/www.gilde.ch\/wp-content\/uploads\/2025\/09\/B38A1898-min.jpg 1800w\" sizes=\"(max-width: 1024px) 100vw, 1024px\" \/><\/div><\/div><\/figure><\/div><\/div><\/div><div class=\"kb-slide-item kb-gallery-slide-item\"><div class=\"kadence-blocks-gallery-item\"><div class=\"kadence-blocks-gallery-item-inner\"><figure class=\"kb-gallery-figure kadence-blocks-gallery-item-hide-caption\"><div class=\"kb-gal-image-radius\"><div class=\"kb-gallery-image-contain kadence-blocks-gallery-intrinsic kb-gallery-image-ratio-land32 kb-has-image-ratio-land32\" ><img loading=\"lazy\" decoding=\"async\" src=\"https:\/\/www.gilde.ch\/wp-content\/uploads\/2025\/09\/B38A3027-min-1024x683.jpg\" width=\"1024\" height=\"683\" alt=\"\" data-full-image=\"https:\/\/www.gilde.ch\/wp-content\/uploads\/2025\/09\/B38A3027-min.jpg\" data-light-image=\"https:\/\/www.gilde.ch\/wp-content\/uploads\/2025\/09\/B38A3027-min.jpg\" data-id=\"39792\" class=\"wp-image-39792 skip-lazy\" srcset=\"https:\/\/www.gilde.ch\/wp-content\/uploads\/2025\/09\/B38A3027-min-1024x683.jpg 1024w, https:\/\/www.gilde.ch\/wp-content\/uploads\/2025\/09\/B38A3027-min-600x400.jpg 600w, https:\/\/www.gilde.ch\/wp-content\/uploads\/2025\/09\/B38A3027-min-300x200.jpg 300w, https:\/\/www.gilde.ch\/wp-content\/uploads\/2025\/09\/B38A3027-min-768x512.jpg 768w, https:\/\/www.gilde.ch\/wp-content\/uploads\/2025\/09\/B38A3027-min-1536x1024.jpg 1536w, https:\/\/www.gilde.ch\/wp-content\/uploads\/2025\/09\/B38A3027-min-1200x800.jpg 1200w, https:\/\/www.gilde.ch\/wp-content\/uploads\/2025\/09\/B38A3027-min.jpg 1800w\" sizes=\"(max-width: 1024px) 100vw, 1024px\" \/><\/div><\/div><\/figure><\/div><\/div><\/div><div class=\"kb-slide-item kb-gallery-slide-item\"><div class=\"kadence-blocks-gallery-item\"><div class=\"kadence-blocks-gallery-item-inner\"><figure class=\"kb-gallery-figure kadence-blocks-gallery-item-hide-caption\"><div class=\"kb-gal-image-radius\"><div class=\"kb-gallery-image-contain kadence-blocks-gallery-intrinsic kb-gallery-image-ratio-land32 kb-has-image-ratio-land32\" ><img loading=\"lazy\" decoding=\"async\" src=\"https:\/\/www.gilde.ch\/wp-content\/uploads\/2025\/09\/B38A3501-min-1024x683.jpg\" width=\"1024\" height=\"683\" alt=\"\" data-full-image=\"https:\/\/www.gilde.ch\/wp-content\/uploads\/2025\/09\/B38A3501-min.jpg\" data-light-image=\"https:\/\/www.gilde.ch\/wp-content\/uploads\/2025\/09\/B38A3501-min.jpg\" data-id=\"39793\" class=\"wp-image-39793 skip-lazy\" srcset=\"https:\/\/www.gilde.ch\/wp-content\/uploads\/2025\/09\/B38A3501-min-1024x683.jpg 1024w, https:\/\/www.gilde.ch\/wp-content\/uploads\/2025\/09\/B38A3501-min-600x400.jpg 600w, https:\/\/www.gilde.ch\/wp-content\/uploads\/2025\/09\/B38A3501-min-300x200.jpg 300w, https:\/\/www.gilde.ch\/wp-content\/uploads\/2025\/09\/B38A3501-min-768x512.jpg 768w, https:\/\/www.gilde.ch\/wp-content\/uploads\/2025\/09\/B38A3501-min-1536x1024.jpg 1536w, https:\/\/www.gilde.ch\/wp-content\/uploads\/2025\/09\/B38A3501-min-1200x800.jpg 1200w, https:\/\/www.gilde.ch\/wp-content\/uploads\/2025\/09\/B38A3501-min.jpg 1800w\" sizes=\"(max-width: 1024px) 100vw, 1024px\" \/><\/div><\/div><\/figure><\/div><\/div><\/div><div class=\"kb-slide-item kb-gallery-slide-item\"><div class=\"kadence-blocks-gallery-item\"><div class=\"kadence-blocks-gallery-item-inner\"><figure class=\"kb-gallery-figure kadence-blocks-gallery-item-hide-caption\"><div class=\"kb-gal-image-radius\"><div class=\"kb-gallery-image-contain kadence-blocks-gallery-intrinsic kb-gallery-image-ratio-land32 kb-has-image-ratio-land32\" ><img loading=\"lazy\" decoding=\"async\" src=\"https:\/\/www.gilde.ch\/wp-content\/uploads\/2025\/09\/B38A3379-min-1024x683.jpg\" width=\"1024\" height=\"683\" alt=\"\" data-full-image=\"https:\/\/www.gilde.ch\/wp-content\/uploads\/2025\/09\/B38A3379-min.jpg\" data-light-image=\"https:\/\/www.gilde.ch\/wp-content\/uploads\/2025\/09\/B38A3379-min.jpg\" data-id=\"39794\" class=\"wp-image-39794 skip-lazy\" srcset=\"https:\/\/www.gilde.ch\/wp-content\/uploads\/2025\/09\/B38A3379-min-1024x683.jpg 1024w, https:\/\/www.gilde.ch\/wp-content\/uploads\/2025\/09\/B38A3379-min-600x400.jpg 600w, https:\/\/www.gilde.ch\/wp-content\/uploads\/2025\/09\/B38A3379-min-300x200.jpg 300w, https:\/\/www.gilde.ch\/wp-content\/uploads\/2025\/09\/B38A3379-min-768x512.jpg 768w, https:\/\/www.gilde.ch\/wp-content\/uploads\/2025\/09\/B38A3379-min-1536x1024.jpg 1536w, https:\/\/www.gilde.ch\/wp-content\/uploads\/2025\/09\/B38A3379-min-1200x800.jpg 1200w, https:\/\/www.gilde.ch\/wp-content\/uploads\/2025\/09\/B38A3379-min.jpg 1800w\" sizes=\"(max-width: 1024px) 100vw, 1024px\" \/><\/div><\/div><\/figure><\/div><\/div><\/div><div class=\"kb-slide-item kb-gallery-slide-item\"><div class=\"kadence-blocks-gallery-item\"><div class=\"kadence-blocks-gallery-item-inner\"><figure class=\"kb-gallery-figure kadence-blocks-gallery-item-hide-caption\"><div class=\"kb-gal-image-radius\"><div class=\"kb-gallery-image-contain kadence-blocks-gallery-intrinsic kb-gallery-image-ratio-land32 kb-has-image-ratio-land32\" ><img loading=\"lazy\" decoding=\"async\" src=\"https:\/\/www.gilde.ch\/wp-content\/uploads\/2025\/09\/B38A2888-min-1024x683.jpg\" width=\"1024\" height=\"683\" alt=\"\" data-full-image=\"https:\/\/www.gilde.ch\/wp-content\/uploads\/2025\/09\/B38A2888-min.jpg\" data-light-image=\"https:\/\/www.gilde.ch\/wp-content\/uploads\/2025\/09\/B38A2888-min.jpg\" data-id=\"39795\" class=\"wp-image-39795 skip-lazy\" srcset=\"https:\/\/www.gilde.ch\/wp-content\/uploads\/2025\/09\/B38A2888-min-1024x683.jpg 1024w, https:\/\/www.gilde.ch\/wp-content\/uploads\/2025\/09\/B38A2888-min-600x400.jpg 600w, https:\/\/www.gilde.ch\/wp-content\/uploads\/2025\/09\/B38A2888-min-300x200.jpg 300w, https:\/\/www.gilde.ch\/wp-content\/uploads\/2025\/09\/B38A2888-min-768x512.jpg 768w, https:\/\/www.gilde.ch\/wp-content\/uploads\/2025\/09\/B38A2888-min-1536x1024.jpg 1536w, https:\/\/www.gilde.ch\/wp-content\/uploads\/2025\/09\/B38A2888-min-1200x800.jpg 1200w, https:\/\/www.gilde.ch\/wp-content\/uploads\/2025\/09\/B38A2888-min.jpg 1800w\" sizes=\"(max-width: 1024px) 100vw, 1024px\" \/><\/div><\/div><\/figure><\/div><\/div><\/div><\/div><\/div><\/div><\/div>\n<p><a href=\"https:\/\/drive.google.com\/drive\/folders\/1qv2chzqennM26bGymUkCLg0CmtQ_GRkn?usp=drive_link\">Cliquez ici pour voir la galerie de photos<\/a><\/p>\n\n<h1 class=\"wp-block-heading\">Assembl\u00e9e g\u00e9n\u00e9rale 2026<\/h1>\n\n<h2 class=\"wp-block-heading\"><strong>SAVE THE DATE !<\/strong><\/h2>\n\n<p>La prochaine assembl\u00e9e g\u00e9n\u00e9rale de la Guilde suisse des Restaurateurs-Cuisiniers aura lieu le <strong>lundi 4 mai 2026<\/strong> \u00e0 B\u00e2le.<\/p>\n\n<h1 class=\"wp-block-heading\">Impressions de l&rsquo;assembl\u00e9e g\u00e9n\u00e9rale 2024<\/h1>\n\n<style>\n    .flickr-embed-container {\n        width: 100%;\n        overflow: hidden;\n    }\n    .flickr-embed-container img {\n        width: 100%;\n        height: auto;\n    }\n<\/style>\n\n<div class=\"flickr-embed-container\">\n    <a data-flickr-embed=\"true\" href=\"https:\/\/www.flickr.com\/photos\/201191946@N08\/albums\/72177720319099955\" title=\"Guilde GV 2024\">\n        <img decoding=\"async\" src=\"https:\/\/live.staticflickr.com\/65535\/53878526617_823d43cedf_z.jpg\" alt=\"Guilde GV 2024\"\/>\n    <\/a>\n<\/div>\n<script async=\"\" src=\"\/\/embedr.flickr.com\/assets\/client-code.js\" charset=\"utf-8\"><\/script>\n\n<h1 class=\"wp-block-heading\"><\/h1>\n\n<hr class=\"wp-block-separator has-css-opacity\"\/>\n\n<h2 class=\"wp-block-heading has-text-align-left\"><\/h2>\n\n<p><\/p>\n","protected":false},"excerpt":{"rendered":"<p>R\u00e9trospective et impressions de l&rsquo;AG \u00e0 Giswil le 30 juin 2025 Un grand merci pour la 71e assembl\u00e9e g\u00e9n\u00e9rale Quelle assembl\u00e9e g\u00e9n\u00e9rale particuli\u00e8re ! A Giswil, nous avons pu vivre une AG chaleureuse et \u00e9tonnamment diff\u00e9rente &#8211; marqu\u00e9e par des h\u00f4tes engag\u00e9s, un programme cadre harmonieux, des temps forts culinaires et de nombreux moments personnels. [&hellip;]<\/p>\n","protected":false},"author":2,"featured_media":0,"parent":0,"menu_order":0,"comment_status":"closed","ping_status":"closed","template":"","meta":{"_acf_changed":false,"footnotes":""},"class_list":["post-38145","page","type-page","status-publish","hentry"],"acf":[],"_links":{"self":[{"href":"https:\/\/www.gilde.ch\/fr\/wp-json\/wp\/v2\/pages\/38145\/"}],"collection":[{"href":"https:\/\/www.gilde.ch\/fr\/wp-json\/wp\/v2\/pages\/"}],"about":[{"href":"https:\/\/www.gilde.ch\/fr\/wp-json\/wp\/v2\/types\/page\/"}],"author":[{"embeddable":true,"href":"https:\/\/www.gilde.ch\/fr\/wp-json\/wp\/v2\/users\/2\/"}],"replies":[{"embeddable":true,"href":"https:\/\/www.gilde.ch\/fr\/wp-json\/wp\/v2\/comments\/?post=38145"}],"version-history":[{"count":2,"href":"https:\/\/www.gilde.ch\/fr\/wp-json\/wp\/v2\/pages\/38145\/revisions\/"}],"predecessor-version":[{"id":40727,"href":"https:\/\/www.gilde.ch\/fr\/wp-json\/wp\/v2\/pages\/38145\/revisions\/40727\/"}],"wp:attachment":[{"href":"https:\/\/www.gilde.ch\/fr\/wp-json\/wp\/v2\/media\/?parent=38145"}],"curies":[{"name":"wp","href":"https:\/\/api.w.org\/{rel}","templated":true}]}}