{"id":984,"date":"2019-12-12T12:23:07","date_gmt":"2019-12-12T11:23:07","guid":{"rendered":"https:\/\/gilde.ch\/?page_id=984"},"modified":"2025-09-24T22:13:05","modified_gmt":"2025-09-24T20:13:05","slug":"restaurant-mit-wildspezialitaeten","status":"publish","type":"page","link":"https:\/\/www.gilde.ch\/de\/restaurant-suche\/restaurant-mit-wildspezialitaeten\/","title":{"rendered":"Restaurant mit Wildspezialit\u00e4ten"},"content":{"rendered":"\n<p>Herbstzeit ist Wildzeit und Rehpfeffer, Marroni und K\u00fcrbis geh\u00f6rt zum Herbst wie Regen, Laub und Wind. Besuchen Sie in der Wildsaison ein Gilderestaurant und geniessen Sie k\u00f6stliche Wildspezialit\u00e4ten. Denn beim Wildessen l\u00e4sst sich das graue Herbstwetter gleich viel besser ertragen. <\/p>\n","protected":false},"excerpt":{"rendered":"<p>Herbstzeit ist Wildzeit und Rehpfeffer, Marroni und K\u00fcrbis geh\u00f6rt zum Herbst wie Regen, Laub und Wind. Besuchen Sie in der Wildsaison ein Gilderestaurant und geniessen Sie k\u00f6stliche Wildspezialit\u00e4ten. Denn beim Wildessen l\u00e4sst sich das graue Herbstwetter gleich viel besser ertragen.<\/p>\n","protected":false},"author":2,"featured_media":0,"parent":33705,"menu_order":0,"comment_status":"closed","ping_status":"closed","template":"page-restaurants.php","meta":{"_acf_changed":false,"footnotes":""},"class_list":["post-984","page","type-page","status-publish","hentry"],"acf":[],"_links":{"self":[{"href":"https:\/\/www.gilde.ch\/de\/wp-json\/wp\/v2\/pages\/984\/"}],"collection":[{"href":"https:\/\/www.gilde.ch\/de\/wp-json\/wp\/v2\/pages\/"}],"about":[{"href":"https:\/\/www.gilde.ch\/de\/wp-json\/wp\/v2\/types\/page\/"}],"author":[{"embeddable":true,"href":"https:\/\/www.gilde.ch\/de\/wp-json\/wp\/v2\/users\/2\/"}],"replies":[{"embeddable":true,"href":"https:\/\/www.gilde.ch\/de\/wp-json\/wp\/v2\/comments\/?post=984"}],"version-history":[{"count":1,"href":"https:\/\/www.gilde.ch\/de\/wp-json\/wp\/v2\/pages\/984\/revisions\/"}],"predecessor-version":[{"id":39386,"href":"https:\/\/www.gilde.ch\/de\/wp-json\/wp\/v2\/pages\/984\/revisions\/39386\/"}],"up":[{"embeddable":true,"href":"https:\/\/www.gilde.ch\/de\/wp-json\/wp\/v2\/pages\/33705\/"}],"wp:attachment":[{"href":"https:\/\/www.gilde.ch\/de\/wp-json\/wp\/v2\/media\/?parent=984"}],"curies":[{"name":"wp","href":"https:\/\/api.w.org\/{rel}","templated":true}]}}