{"id":980,"date":"2019-12-12T12:20:25","date_gmt":"2019-12-12T11:20:25","guid":{"rendered":"https:\/\/gilde.ch\/?page_id=980"},"modified":"2025-09-24T16:33:17","modified_gmt":"2025-09-24T14:33:17","slug":"fisch","status":"publish","type":"page","link":"https:\/\/www.gilde.ch\/de\/restaurant-suche\/fisch\/","title":{"rendered":"Fisch &#038; Seafood"},"content":{"rendered":"\n<p>Ihnen steht der Sinn nach gegrillten Shrimps an Kr\u00e4uter-Knoblauchsauce, einem zarten Seeteufel oder einem saftigen Hummerschwanz an Parmesanschaum? F\u00fcr gutes Seafood muss man nicht erst in die Karibik in ein Fischrestaurant fliegen, in See stechen oder selbst einen Fisch im See angeln gehen&#8230; Wenn der Hunger nach Meeresfr\u00fcchten und Krustentieren geweckt ist, kann dieser in exzellenten Seafood Restaurants hier in der Schweiz gestillt werden. Ganz ohne Netz und Harpune.<\/p>\n\n\n\n<p>Unsere Gilde Betriebe achten dabei nicht nur auf eine Top Auswahl und auf eine nachhaltige Herkunft, sondern f\u00fchren eine ausgezeichnete Qualit\u00e4tskontrolle durch. So k\u00f6nnen Sie zu jeder Jahreszeit Hummer und Co. sorgenlos hier im Binnenland Schweiz essen und geniessen. Unsere Fischrestaurants bieten S\u00fcss- oder Salzwasserfische und oftmals auch heimische Fische direkt aus unseren Schweizer Seen an. Fangfrisch und regional. Ihren Fang des Tages k\u00f6nnen Sie direkt in <a href=\"https:\/\/www.gilde.ch\/restaurant-suche\/am-see\/\">Restaurants am See oder Wasser<\/a> geniessen, oder sogar auf dem <a href=\"https:\/\/www.gilde.ch\/restaurant-suche\/am-berg\/\">Berg<\/a>! Durchst\u00f6bern Sie unsere grosse Auswahl an Gastrobetrieben und lassen Sie Ihrer Liebe zu Fisch freien Lauf, ohne daf\u00fcr selbst abtauchen zu m\u00fcssen.<\/p>\n","protected":false},"excerpt":{"rendered":"<p>Ihnen steht der Sinn nach gegrillten Shrimps an Kr\u00e4uter-Knoblauchsauce, einem zarten Seeteufel oder einem saftigen Hummerschwanz an Parmesanschaum? F\u00fcr gutes Seafood muss man nicht erst in die Karibik in ein Fischrestaurant fliegen, in See stechen oder selbst einen Fisch im See angeln gehen&#8230; Wenn der Hunger nach Meeresfr\u00fcchten und Krustentieren geweckt ist, kann dieser in [&hellip;]<\/p>\n","protected":false},"author":2,"featured_media":0,"parent":33705,"menu_order":0,"comment_status":"closed","ping_status":"closed","template":"page-restaurants.php","meta":{"_acf_changed":false,"footnotes":""},"class_list":["post-980","page","type-page","status-publish","hentry"],"acf":[],"_links":{"self":[{"href":"https:\/\/www.gilde.ch\/de\/wp-json\/wp\/v2\/pages\/980\/"}],"collection":[{"href":"https:\/\/www.gilde.ch\/de\/wp-json\/wp\/v2\/pages\/"}],"about":[{"href":"https:\/\/www.gilde.ch\/de\/wp-json\/wp\/v2\/types\/page\/"}],"author":[{"embeddable":true,"href":"https:\/\/www.gilde.ch\/de\/wp-json\/wp\/v2\/users\/2\/"}],"replies":[{"embeddable":true,"href":"https:\/\/www.gilde.ch\/de\/wp-json\/wp\/v2\/comments\/?post=980"}],"version-history":[{"count":1,"href":"https:\/\/www.gilde.ch\/de\/wp-json\/wp\/v2\/pages\/980\/revisions\/"}],"predecessor-version":[{"id":39395,"href":"https:\/\/www.gilde.ch\/de\/wp-json\/wp\/v2\/pages\/980\/revisions\/39395\/"}],"up":[{"embeddable":true,"href":"https:\/\/www.gilde.ch\/de\/wp-json\/wp\/v2\/pages\/33705\/"}],"wp:attachment":[{"href":"https:\/\/www.gilde.ch\/de\/wp-json\/wp\/v2\/media\/?parent=980"}],"curies":[{"name":"wp","href":"https:\/\/api.w.org\/{rel}","templated":true}]}}