{"id":966,"date":"2019-12-12T12:14:24","date_gmt":"2019-12-12T11:14:24","guid":{"rendered":"https:\/\/gilde.ch\/?page_id=966"},"modified":"2025-09-24T22:13:27","modified_gmt":"2025-09-24T20:13:27","slug":"am-berg","status":"publish","type":"page","link":"https:\/\/www.gilde.ch\/de\/restaurant-suche\/am-berg\/","title":{"rendered":"Ihr Bergrestaurant mit Ausblick"},"content":{"rendered":"\n<p>Schritt auf Schritt und Meter um Meter kommt der Gipfel n\u00e4her. Str\u00e4ucher, W\u00e4lder und Wiesen, die im Sommer wild erbl\u00fchen und im Winter ihre glitzernde Schneepracht zur Schau stellen, werden passiert. Unter den Wanderschuhen knirscht der Waldboden, ein Eichh\u00f6rnchen huscht wieder ins Geb\u00fcsch hinauf. Die Steigung verst\u00e4rkt sich, die n\u00e4chste Kurve noch ein paar hundert Meter lang. Das Ziel: Ein Restaurant am Berg. Doch der Weg bis dahin kann bei Wanderungen ab und zu beschwerlich sein. Aber Motivation, Spass an der Sache und Seilbahnen lindern den bevorstehenden Muskelkater. Und wer an den Ausblick auf die Bergregion und dessen T\u00e4ler denkt, f\u00fcr den lohnt sich der Aufwand allemal. Endlich oben angekommen, sind die Anstrengungen vergessen.<\/p>\n\n\n\n<p>Die frische, klare Bergluft k\u00fchlt die erhitzte Stirn \u2013 und l\u00e4sst den Magen knurren. Der Marsch nach oben hat hungrig gemacht und das Br\u00f6tli zum Zn\u00fcni ist schon l\u00e4ngst verdaut. Zeit, ein st\u00e4rkendes <a href=\"https:\/\/www.gilde.ch\/restaurant-suche\/mittagessen\/\">Mittagessen<\/a> \u2013 oder <a href=\"https:\/\/www.gilde.ch\/restaurant-suche\/abendessen\/\">Abendessen<\/a> \u2013 in einem der <a href=\"https:\/\/www.gilde.ch\/restaurant-suche\/terrasse-garten\/?categories:berg&amp;canton:luzern&amp;canton:uri&amp;canton:schwyz&amp;canton:obwalden&amp;canton:nidwalden&amp;canton:zug&amp;zoom=10&amp;lat=46.86217943069662&amp;lng=8.332443650000005\">Bergrestaurants der Zentralschweiz<\/a> <a href=\"https:\/\/www.gilde.ch\/restaurant-suche\/terrasse-garten\/?categories:berg&amp;canton:graubunden&amp;zoom=8&amp;lat=46.88148782884953&amp;lng=8.35100249999992\">Graub\u00fcnden<\/a> oder <a href=\"https:\/\/www.gilde.ch\/restaurant-suche\/terrasse-garten\/?categories:berg&amp;canton:appenzell-ausserrhoden&amp;canton:appenzell-innerrhoden&amp;zoom=8&amp;lat=46.88148782884953&amp;lng=8.35100249999992\">Appenzell<\/a> einzunehmen. Wer sich oben aufh\u00e4lt, hat die Qual der Wahl. Aus 60 Betrieben kann ein Berggasthof oder ein urchiges Restaurant mit Ausblick gew\u00e4hlt werden. Zeit also f\u00fcr eine Belohnung! En G\u00fc\u00e4t\u00e4!<\/p>\n","protected":false},"excerpt":{"rendered":"<p>Schritt auf Schritt und Meter um Meter kommt der Gipfel n\u00e4her. Str\u00e4ucher, W\u00e4lder und Wiesen, die im Sommer wild erbl\u00fchen und im Winter ihre glitzernde Schneepracht zur Schau stellen, werden passiert. Unter den Wanderschuhen knirscht der Waldboden, ein Eichh\u00f6rnchen huscht wieder ins Geb\u00fcsch hinauf. Die Steigung verst\u00e4rkt sich, die n\u00e4chste Kurve noch ein paar hundert [&hellip;]<\/p>\n","protected":false},"author":2,"featured_media":0,"parent":33705,"menu_order":0,"comment_status":"closed","ping_status":"closed","template":"page-restaurants.php","meta":{"_acf_changed":false,"footnotes":""},"class_list":["post-966","page","type-page","status-publish","hentry"],"acf":[],"_links":{"self":[{"href":"https:\/\/www.gilde.ch\/de\/wp-json\/wp\/v2\/pages\/966\/"}],"collection":[{"href":"https:\/\/www.gilde.ch\/de\/wp-json\/wp\/v2\/pages\/"}],"about":[{"href":"https:\/\/www.gilde.ch\/de\/wp-json\/wp\/v2\/types\/page\/"}],"author":[{"embeddable":true,"href":"https:\/\/www.gilde.ch\/de\/wp-json\/wp\/v2\/users\/2\/"}],"replies":[{"embeddable":true,"href":"https:\/\/www.gilde.ch\/de\/wp-json\/wp\/v2\/comments\/?post=966"}],"version-history":[{"count":1,"href":"https:\/\/www.gilde.ch\/de\/wp-json\/wp\/v2\/pages\/966\/revisions\/"}],"predecessor-version":[{"id":39392,"href":"https:\/\/www.gilde.ch\/de\/wp-json\/wp\/v2\/pages\/966\/revisions\/39392\/"}],"up":[{"embeddable":true,"href":"https:\/\/www.gilde.ch\/de\/wp-json\/wp\/v2\/pages\/33705\/"}],"wp:attachment":[{"href":"https:\/\/www.gilde.ch\/de\/wp-json\/wp\/v2\/media\/?parent=966"}],"curies":[{"name":"wp","href":"https:\/\/api.w.org\/{rel}","templated":true}]}}