{"id":6939,"date":"2024-11-19T18:12:12","date_gmt":"2024-11-19T17:12:12","guid":{"rendered":"https:\/\/www.gilde.ch\/?page_id=6939"},"modified":"2024-11-19T18:12:12","modified_gmt":"2024-11-19T17:12:12","slug":"mitgliedschaftsanfrage","status":"publish","type":"page","link":"https:\/\/www.gilde.ch\/de\/mitgliedschaftsanfrage\/","title":{"rendered":"Mitgliedschaftsanfrage"},"content":{"rendered":"\n<h1 class=\"wp-block-heading\">Mitgliedschaftsanfrage<\/h1>\n\n\n\n<p><strong>Sie haben eine Frage, Anregung oder Anliegen zur Gilde? Oder m\u00f6chten Sie Mitglied, Partner oder Freund der Gilde werden?<\/strong> Dann w\u00e4hlen Sie einfach im Formular aus, was Sie interessiert, und wir k\u00fcmmern uns um Ihr Anliegen.<\/p>\n\n\n\n<p><strong>Gemeinsam mehr erreichen \u2013 werden Sie Mitglied, Partner oder Freund der Gilde!<\/strong><\/p>\n\n\n\n<p>M\u00f6chten Sie Mitglied oder Partner der Gilde etablierter Schweizer Gastronomen werden?<br>Fordern Sie die Bewerbungsunterlagen an. Nach einer umfassenden Qualit\u00e4tsevaluation und einer internen Mitgliederbefragung entscheidet der Vorstand der Gilde \u00fcber Ihre Nomination. Bei Partnerantr\u00e4gen holen wir zus\u00e4tzlich die Zustimmung der bestehenden Partner ein.<\/p>\n\n\n\n<div class=\"wpcf7 no-js\" id=\"wpcf7-f6940-o1\" lang=\"de-DE\" dir=\"ltr\" data-wpcf7-id=\"6940\">\n<div class=\"screen-reader-response\"><p role=\"status\" aria-live=\"polite\" aria-atomic=\"true\"><\/p> <ul><\/ul><\/div>\n<form action=\"\/de\/wp-json\/wp\/v2\/pages\/6939\/#wpcf7-f6940-o1\" method=\"post\" class=\"wpcf7-form init\" aria-label=\"Kontaktformular\" novalidate=\"novalidate\" data-status=\"init\">\n<fieldset class=\"hidden-fields-container\"><input type=\"hidden\" name=\"_wpcf7\" value=\"6940\" \/><input type=\"hidden\" name=\"_wpcf7_version\" value=\"6.1.1\" \/><input type=\"hidden\" name=\"_wpcf7_locale\" value=\"de_DE\" \/><input type=\"hidden\" name=\"_wpcf7_unit_tag\" value=\"wpcf7-f6940-o1\" \/><input type=\"hidden\" name=\"_wpcf7_container_post\" value=\"0\" \/><input type=\"hidden\" name=\"_wpcf7_posted_data_hash\" value=\"\" \/><input type=\"hidden\" name=\"_wpcf7_recaptcha_response\" value=\"\" \/>\n<\/fieldset>\n<div class=\"cols cols-2\">\n\t<p><span class=\"wpcf7-form-control-wrap\" data-name=\"user-lastname\"><input size=\"40\" maxlength=\"400\" class=\"wpcf7-form-control wpcf7-text wpcf7-validates-as-required\" aria-required=\"true\" aria-invalid=\"false\" placeholder=\"Name*\" value=\"\" type=\"text\" name=\"user-lastname\" \/><\/span><br \/>\n<span class=\"wpcf7-form-control-wrap\" data-name=\"user-firstname\"><input size=\"40\" maxlength=\"400\" class=\"wpcf7-form-control wpcf7-text wpcf7-validates-as-required\" aria-required=\"true\" aria-invalid=\"false\" placeholder=\"Vorname*\" value=\"\" type=\"text\" name=\"user-firstname\" \/><\/span>\n\t<\/p>\n<\/div>\n<div class=\"cols cols-1\">\n\t<p><span class=\"wpcf7-form-control-wrap\" data-name=\"user-company\"><input size=\"40\" maxlength=\"400\" class=\"wpcf7-form-control wpcf7-text wpcf7-validates-as-required\" aria-required=\"true\" aria-invalid=\"false\" placeholder=\"Betrieb\/Firma*\" value=\"\" type=\"text\" name=\"user-company\" \/><\/span>\n\t<\/p>\n<\/div>\n<div class=\"cols cols-3\">\n\t<p><span class=\"wpcf7-form-control-wrap\" data-name=\"user-address\"><input size=\"40\" maxlength=\"400\" class=\"wpcf7-form-control wpcf7-text wpcf7-validates-as-required\" aria-required=\"true\" aria-invalid=\"false\" placeholder=\"Adresse*\" value=\"\" type=\"text\" name=\"user-address\" \/><\/span><br \/>\n<span class=\"wpcf7-form-control-wrap\" data-name=\"user-plz\"><input size=\"40\" maxlength=\"4\" minlength=\"4\" class=\"wpcf7-form-control wpcf7-text wpcf7-validates-as-required\" aria-required=\"true\" aria-invalid=\"false\" placeholder=\"PLZ*\" value=\"\" type=\"text\" name=\"user-plz\" \/><\/span><br \/>\n<span class=\"wpcf7-form-control-wrap\" data-name=\"user-city\"><input size=\"40\" maxlength=\"400\" class=\"wpcf7-form-control wpcf7-text wpcf7-validates-as-required\" aria-required=\"true\" aria-invalid=\"false\" placeholder=\"Ort*\" value=\"\" type=\"text\" name=\"user-city\" \/><\/span>\n\t<\/p>\n<\/div>\n<div class=\"cols cols-2\">\n\t<p><span class=\"wpcf7-form-control-wrap\" data-name=\"user-email\"><input size=\"40\" maxlength=\"400\" class=\"wpcf7-form-control wpcf7-email wpcf7-validates-as-required wpcf7-text wpcf7-validates-as-email\" aria-required=\"true\" aria-invalid=\"false\" placeholder=\"E-Mail*\" value=\"\" type=\"email\" name=\"user-email\" \/><\/span><br \/>\n<span class=\"wpcf7-form-control-wrap\" data-name=\"user-phone\"><input size=\"40\" maxlength=\"400\" minlength=\"7\" class=\"wpcf7-form-control wpcf7-text wpcf7-validates-as-required\" aria-required=\"true\" aria-invalid=\"false\" placeholder=\"Telefon*\" value=\"\" type=\"text\" name=\"user-phone\" \/><\/span>\n\t<\/p>\n<\/div>\n<div class=\"cols cols-1\">\n\t<p><span class=\"wpcf7-form-control-wrap\" data-name=\"user-motivation\"><textarea cols=\"40\" rows=\"10\" maxlength=\"2000\" minlength=\"30\" class=\"wpcf7-form-control wpcf7-textarea wpcf7-validates-as-required\" aria-required=\"true\" aria-invalid=\"false\" placeholder=\"Motivationsschreiben (mindestens 100 Zeichen)*\" name=\"user-motivation\"><\/textarea><\/span>\n\t<\/p>\n<\/div>\n\n<!-- Frage f\u00fcr das Dropdown mit Umbruch und in einer neuen Zeile -->\n<div class=\"cols cols-1\">\n\t<p><label for=\"gilde-restaurant\">Kennen Sie ein Gilde-Restaurant?*<\/label>\n\t<\/p>\n\t<p><span class=\"wpcf7-form-control-wrap\" data-name=\"gilde-restaurant\"><select class=\"wpcf7-form-control wpcf7-select wpcf7-validates-as-required\" aria-required=\"true\" aria-invalid=\"false\" name=\"gilde-restaurant\"><option value=\"Bitte w\u00e4hlen\">Bitte w\u00e4hlen<\/option><option value=\"Ja\">Ja<\/option><option value=\"Nein\">Nein<\/option><option value=\"Das weiss ich nicht\">Das weiss ich nicht<\/option><option value=\"Ich kenne kein Gilde-Restaurant\">Ich kenne kein Gilde-Restaurant<\/option><\/select><\/span>\n\t<\/p>\n<\/div>\n\n<!-- Optionales Textfeld f\u00fcr das Restaurant -->\n<div class=\"cols cols-1\">\n\t<p><span class=\"wpcf7-form-control-wrap\" data-name=\"gilde-restaurant-name\"><input size=\"40\" maxlength=\"400\" class=\"wpcf7-form-control wpcf7-text\" aria-invalid=\"false\" placeholder=\"Wenn ja, welches?\" value=\"\" type=\"text\" name=\"gilde-restaurant-name\" \/><\/span>\n\t<\/p>\n<\/div>\n<p><input class=\"wpcf7-form-control wpcf7-submit has-spinner\" type=\"submit\" value=\"Formular absenden\" \/>\n<\/p><div class=\"wpcf7-response-output\" aria-hidden=\"true\"><\/div>\n<\/form>\n<\/div>\n\n\n\n\n<h2 class=\"wp-block-heading\">Mitglied bei der Gilde werden?<\/h2>\n\n\n\n<p>Mit rund 250 Gastronomiebetrieben ist die Gilde eine wichtige Vereinigung f\u00fcr Schweizer Gastronomen. Werden auch Sie Teil der Gilde und machen Sie gepflegte Ambiance, ausgezeichnete K\u00fcche sowie kompetenten und freundlichen Service zu Ihrem Markenzeichen.<\/p>\n\n\n\n<p>Es ist weder eine Frage der Betriebsgr\u00f6sse, noch des Luxus, um der Gilde beitreten zu k\u00f6nnen. Vielmehr ist eine gepflegte K\u00fcchen- und Tischkultur ausschlaggebend. Der Vorstand der Gilde f\u00fchrt regelm\u00e4ssig anonyme Besuche bei den Gilde Betrieben durch, um die Qualit\u00e4t zu pr\u00fcfen.<\/p>\n\n\n\n<figure class=\"wp-block-image\"><img decoding=\"async\" src=\"https:\/\/gilde.ch\/wp-content\/uploads\/2019\/12\/restaurant-zum-loewen-messen_inhaber.jpg\" alt=\"Inhaber Restaurant zum Loewen in Messen\" class=\"wp-image-699\"\/><\/figure>\n\n\n\n<figure class=\"wp-block-image\"><img decoding=\"async\" src=\"https:\/\/www.gilde.ch\/wp-content\/uploads\/2023\/06\/Gilde-GV-2023-350-2.jpg\" alt=\"\" class=\"wp-image-4727\"\/><\/figure>\n\n\n\n<h2 class=\"wp-block-heading\">Partner bei der Gilde werden<\/h2>\n\n\n\n<p>Um unseren G\u00e4sten und Mitgliedern noch mehr bieten zu k\u00f6nnen, arbeitet die Gilde eng mit ausgew\u00e4hlten Produzenten, Lieferanten und Dienstleistern zusammen. Werden auch Sie Partner und unterst\u00fctzen Sie die Aktivit\u00e4ten und Massnahmen der Gilde. Dadurch f\u00f6rdern Sie nicht nur die Vereinigung Schweizer Gastronomen, sondern auch das Image der Schweizer Kochkunst und Gastlichkeit.<\/p>\n\n\n\n<figure class=\"wp-block-image\"><img decoding=\"async\" src=\"https:\/\/gilde.ch\/wp-content\/uploads\/2019\/12\/Headerbild_FB_820x312px-1024x390.png\" alt=\"Gilde Partner-Restaurant werden\" class=\"wp-image-1162\"\/><\/figure>\n\n\n\n<h2 class=\"wp-block-heading\">Adresse<\/h2>\n\n\n\n<p><strong>Gilde etablierter Schweizer Gastronomen<\/strong><br>Blumenfeldstrasse 20<br>8046 Z\u00fcrich<\/p>\n\n\n\n<p>Mail:&nbsp;<a href=\"mailto:info@gilde.ch\">info@gilde.ch<\/a><\/p>\n\n\n\n<p>Tel:&nbsp;<a href=\"tel:+41 44 377 52 90\">+41 44 377 52 90<\/a><\/p>\n","protected":false},"excerpt":{"rendered":"<p>Mitgliedschaftsanfrage Sie haben eine Frage, Anregung oder Anliegen zur Gilde? Oder m\u00f6chten Sie Mitglied, Partner oder Freund der Gilde werden? Dann w\u00e4hlen Sie einfach im Formular aus, was Sie interessiert, und wir k\u00fcmmern uns um Ihr Anliegen. Gemeinsam mehr erreichen \u2013 werden Sie Mitglied, Partner oder Freund der Gilde! M\u00f6chten Sie Mitglied oder Partner der [&hellip;]<\/p>\n","protected":false},"author":2,"featured_media":0,"parent":0,"menu_order":0,"comment_status":"closed","ping_status":"closed","template":"","meta":{"_acf_changed":false,"footnotes":""},"class_list":["post-6939","page","type-page","status-publish","hentry"],"acf":[],"_links":{"self":[{"href":"https:\/\/www.gilde.ch\/de\/wp-json\/wp\/v2\/pages\/6939\/"}],"collection":[{"href":"https:\/\/www.gilde.ch\/de\/wp-json\/wp\/v2\/pages\/"}],"about":[{"href":"https:\/\/www.gilde.ch\/de\/wp-json\/wp\/v2\/types\/page\/"}],"author":[{"embeddable":true,"href":"https:\/\/www.gilde.ch\/de\/wp-json\/wp\/v2\/users\/2\/"}],"replies":[{"embeddable":true,"href":"https:\/\/www.gilde.ch\/de\/wp-json\/wp\/v2\/comments\/?post=6939"}],"version-history":[{"count":0,"href":"https:\/\/www.gilde.ch\/de\/wp-json\/wp\/v2\/pages\/6939\/revisions\/"}],"wp:attachment":[{"href":"https:\/\/www.gilde.ch\/de\/wp-json\/wp\/v2\/media\/?parent=6939"}],"curies":[{"name":"wp","href":"https:\/\/api.w.org\/{rel}","templated":true}]}}