{"id":6647,"date":"2024-07-30T14:39:53","date_gmt":"2024-07-30T12:39:53","guid":{"rendered":"https:\/\/www.gilde.ch\/?page_id=6647"},"modified":"2026-04-28T16:48:07","modified_gmt":"2026-04-28T14:48:07","slug":"freunde-der-gilde","status":"publish","type":"page","link":"https:\/\/www.gilde.ch\/de\/freunde-der-gilde\/","title":{"rendered":"Freunde der Gilde"},"content":{"rendered":"\n<p class=\"has-medium-font-size\"><strong>Herzlich willkommen bei den &#8222;Freunden der Gilde&#8220;<\/strong><\/p>\n\n\n\n<p><a href=\"https:\/\/mein.fairgate.ch\/gilde\/register\/MTIyNDk=\">Mitglied werden hier<\/a><\/p>\n\n\n\n<p><a href=\"https:\/\/www.gilde.ch\/wp-content\/uploads\/2026\/04\/Freunde-der-Gilde-Flyer-315-x-210-mm.pdf\">Freunde der Gilde Flyer<\/a><\/p>\n\n\n\n<p>Hier finden sie die Daten der geplanten Freunde der Gilde Anl\u00e4sse 2026 &#8211; <a href=\"https:\/\/www.gilde.ch\/de\/eventkalender\/\">Eventkalender &#8211; Gilde<\/a><\/p>\n\n\n<div class=\"block-teaser-box has-5-boxes\">\n    \t\t\n\t\t\t        \t<a class=\"teaser-box click-area-hover-effect\" href=\"\">\n\t\t\t\t<span class=\"preview-image\" style=\"background-image:url(https:\/\/www.gilde.ch\/wp-content\/uploads\/2023\/09\/4-1-600x400.jpg)\"><\/span>\n\t\t\t\t<span class=\"teaser-box-content\">\n\t\t            <h3 class=\"inner-title\">7. FdG \u2018Risotto Plausch\u2019 Ilanz GR, Mittwoch, 15.10.25<\/h3>\n\t\t\t\t\t<span class=\"more\">\n                        zu den Restaurants                    <\/span>\n\t\t\t\t<\/span>\n\t        <\/a>\n\t\t\n\t\t\t        \t<a class=\"teaser-box click-area-hover-effect\" href=\"\/de\/news\/rueckblick-freunde-der-gilde-donnerstag-18-september-2025\/\">\n\t\t\t\t<span class=\"preview-image\" style=\"background-image:url(https:\/\/www.gilde.ch\/wp-content\/uploads\/2025\/09\/WhatsApp-Bild-2025-09-24-um-10.10.41_5f2e6c92-1-600x450.webp)\"><\/span>\n\t\t\t\t<span class=\"teaser-box-content\">\n\t\t            <h3 class=\"inner-title\">6. FdG Anlass, Besichtigung Stadler Rail und Fussballgolf, Raum M\u00fcllheim TG, Donnerstag, 18.9.25<\/h3>\n\t\t\t\t\t<span class=\"more\">\n                        R\u00fcckblick und Bildergalerie                    <\/span>\n\t\t\t\t<\/span>\n\t        <\/a>\n\t\t\n\t\t\t        \t<a class=\"teaser-box click-area-hover-effect\" href=\"\/de\/news\/rueckblick-hockeymatch-langnau-i-e\/\">\n\t\t\t\t<span class=\"preview-image\" style=\"background-image:url(https:\/\/www.gilde.ch\/wp-content\/uploads\/2024\/12\/th-1.jpg)\"><\/span>\n\t\t\t\t<span class=\"teaser-box-content\">\n\t\t            <h3 class=\"inner-title\">Freunde der Gilde &#8222;Spezial&#8220; &#8211; Hockeymatch SCL Tigers &#8211; EHC KLoten<\/h3>\n\t\t\t\t\t<span class=\"more\">\n                        Bildergalerie                    <\/span>\n\t\t\t\t<\/span>\n\t        <\/a>\n\t\t\n\t\t\t        \t<a class=\"teaser-box click-area-hover-effect\" href=\"\/de\/news\/rueckblick-beromuenster\/\">\n\t\t\t\t<span class=\"preview-image\" style=\"background-image:url(https:\/\/www.gilde.ch\/wp-content\/uploads\/2024\/12\/logo-neu-digital_edited-1.jpg)\"><\/span>\n\t\t\t\t<span class=\"teaser-box-content\">\n\t\t            <h3 class=\"inner-title\">4. FdG Anlass Berom\u00fcnster hautnah erleben, Gunzwil LU, Montag, 28.4.25<\/h3>\n\t\t\t\t\t<span class=\"more\">\n                        R\u00fcckblick und Bildergalerie                    <\/span>\n\t\t\t\t<\/span>\n\t        <\/a>\n\t\t\n\t\t\t        \t<a class=\"teaser-box click-area-hover-effect\" href=\"\">\n\t\t\t\t<span class=\"preview-image\" style=\"background-image:url(https:\/\/www.gilde.ch\/wp-content\/uploads\/2024\/07\/Freunde-der-Gilde-4-e1734166815716-1-600x257.png)\"><\/span>\n\t\t\t\t<span class=\"teaser-box-content\">\n\t\t            <h3 class=\"inner-title\">5. FdG &#8222;Im H\u00e4rze der Schweiz &#8220; Giswil, OW, Dienstag, 1.7.25<\/h3>\n\t\t\t\t\t<span class=\"more\">\n                        R\u00fcckblick und Bildergalerie                    <\/span>\n\t\t\t\t<\/span>\n\t        <\/a>\n\t\t    <\/div>\n\n\n\n<h2 class=\"wp-block-heading\">3. Freunde der Gilde Treffen: <\/h2>\n\n\n\n<p>Den Donnerstag,14.11.2024 verbrachten wir bei Hans und Sofija Jungo im Restaurant Schwarzseest\u00e4rn in Schwarzsee FR&nbsp; mit Mundartredaktor Christian Schmutz&nbsp;einen Tag voller Tradition mit einer Kilbi oder auf Franz\u00f6sisch \u201eB\u00e9nichon\u201c ist ein traditionelles Freiburger Fest, das seit jeher gefeiert wird.<\/p>\n\n\n\n<p>Alle Bilder und Eindr\u00fccke folgen.<\/p>\n\n\n\n<h2 class=\"wp-block-heading\"><strong>2. Freunde der Gilde Treffen: Ein Tag im Zeichen von Kultur und Brautradition<\/strong><\/h2>\n\n\n\n<p>Am 25. September fand in St. Gallen das zweite Treffen der Gilde statt, das die Teilnehmer in die faszinierende Welt des Mittelalters und der Schweizer Brautradition entf\u00fchrte. Der Tag begann mit einer inspirierenden F\u00fchrung durch die Stiftsbibliothek, wo die Ausstellung \u201eVom Essen und Trinken im Mittelalter\u201c das historische Interesse weckte.<\/p>\n\n\n\n<style>\n    .flickr-embed-container {\n        max-width: 822px; \/* Maximalbreite des Bildes *\/\n        width: 100%; \/* Breite auf 100% setzen *\/\n        overflow: hidden;\n        margin: 0 auto; \/* Zentriert den Container *\/\n    }\n    .flickr-embed-container img {\n        width: 100%; \/* Bildbreite auf 100% setzen *\/\n        height: auto; \/* Automatische H\u00f6he *\/\n        aspect-ratio: 822 \/ 548; \/* Format im Querformat beibehalten *\/\n    }\n<\/style>\n\n<div class=\"flickr-embed-container\">\n    <a data-flickr-embed=\"true\" href=\"https:\/\/www.flickr.com\/photos\/201191946@N08\/albums\/72177720321186650\" title=\"2. Freunde der Gilde Treffen in St.Gallen\">\n        <img fetchpriority=\"high\" decoding=\"async\" src=\"https:\/\/live.staticflickr.com\/65535\/54064690907_66ff6472c0_z.jpg\" width=\"640\" height=\"480\" alt=\"2. Freunde der Gilde Treffen in St.Gallen\"\/>\n    <\/a>\n<\/div>\n<script async src=\"\/\/embedr.flickr.com\/assets\/client-code.js\" charset=\"utf-8\"><\/script>\n\n\n\n<h2 class=\"wp-block-heading\">1. Freunde der Gilde Treffen<\/h2>\n\n\n\n<p>Am 10. Juni fand in der Hohlen Gasse das erste Treffen der neuen Ambassade \u201eFreunde der Gilde\u201c statt. Unter dem Motto \u201eWer bringt die beste Wurst\u201c erlebten wir einen sensationellen Tag voller Genuss und guter Laune. Die Vielfalt der W\u00fcrstchen und die lebhafte Atmosph\u00e4re sorgten f\u00fcr einen unvergesslichen Tag. <\/p>\n\n\n\n<style>\n    .flickr-embed-container {\n        width: 100%;\n        overflow: hidden;\n    }\n    .flickr-embed-container img {\n        width: 100%;\n        height: auto;\n    }\n<\/style>\n\n<div class=\"flickr-embed-container\">\n    <a data-flickr-embed=\"true\" href=\"https:\/\/www.flickr.com\/photos\/201191946@N08\/albums\/72177720319238602\" title=\"Freunde der Gilde\">\n        <img decoding=\"async\" src=\"https:\/\/live.staticflickr.com\/65535\/53893404564_f65d2371c9_z.jpg\" alt=\"Freunde der Gilde\"\/>\n    <\/a>\n<\/div>\n<script async src=\"\/\/embedr.flickr.com\/assets\/client-code.js\" charset=\"utf-8\"><\/script>\n","protected":false},"excerpt":{"rendered":"<p>Herzlich willkommen bei den &#8222;Freunden der Gilde&#8220; Mitglied werden hier Freunde der Gilde Flyer Hier finden sie die Daten der geplanten Freunde der Gilde Anl\u00e4sse 2026 &#8211; Eventkalender &#8211; Gilde 3. Freunde der Gilde Treffen: Den Donnerstag,14.11.2024 verbrachten wir bei Hans und Sofija Jungo im Restaurant Schwarzseest\u00e4rn in Schwarzsee FR&nbsp; mit Mundartredaktor Christian Schmutz&nbsp;einen Tag [&hellip;]<\/p>\n","protected":false},"author":2,"featured_media":0,"parent":0,"menu_order":0,"comment_status":"closed","ping_status":"closed","template":"","meta":{"_acf_changed":false,"footnotes":""},"class_list":["post-6647","page","type-page","status-publish","hentry"],"acf":[],"_links":{"self":[{"href":"https:\/\/www.gilde.ch\/de\/wp-json\/wp\/v2\/pages\/6647\/"}],"collection":[{"href":"https:\/\/www.gilde.ch\/de\/wp-json\/wp\/v2\/pages\/"}],"about":[{"href":"https:\/\/www.gilde.ch\/de\/wp-json\/wp\/v2\/types\/page\/"}],"author":[{"embeddable":true,"href":"https:\/\/www.gilde.ch\/de\/wp-json\/wp\/v2\/users\/2\/"}],"replies":[{"embeddable":true,"href":"https:\/\/www.gilde.ch\/de\/wp-json\/wp\/v2\/comments\/?post=6647"}],"version-history":[{"count":9,"href":"https:\/\/www.gilde.ch\/de\/wp-json\/wp\/v2\/pages\/6647\/revisions\/"}],"predecessor-version":[{"id":43499,"href":"https:\/\/www.gilde.ch\/de\/wp-json\/wp\/v2\/pages\/6647\/revisions\/43499\/"}],"wp:attachment":[{"href":"https:\/\/www.gilde.ch\/de\/wp-json\/wp\/v2\/media\/?parent=6647"}],"curies":[{"name":"wp","href":"https:\/\/api.w.org\/{rel}","templated":true}]}}