{"id":462,"date":"2019-12-09T10:43:16","date_gmt":"2019-12-09T09:43:16","guid":{"rendered":"http:\/\/gilde.ch\/?page_id=462"},"modified":"2025-09-24T22:13:13","modified_gmt":"2025-09-24T20:13:13","slug":"abendessen","status":"publish","type":"page","link":"https:\/\/www.gilde.ch\/de\/restaurant-suche\/abendessen\/","title":{"rendered":"Ihre Destination f\u00fcrs Abendessen im Restaurant"},"content":{"rendered":"\n<p>Sie m\u00f6chten sich etwas g\u00f6nnen, weil die Arbeitswoche rum ist, die Ferien begonnen haben oder ein spezielles Dinner ansteht? Oder einfach, weil Ihnen der Sinn danach steht und Sie gerne sch\u00f6n und delizi\u00f6s essen gehen?  Und wer wird schon nicht gerne zu einem gelungenen Diner eingeladen. Doch wohin darf es gehen?<\/p>\n\n\n\n<p>Die Gilde sorgt f\u00fcr Inspiration, denn genau wie f\u00fcr <a href=\"https:\/\/www.gilde.ch\/restaurant-suche\/brunch-restaurants\/?categories:brunch&amp;categories:mittagessen&amp;zoom=8&amp;lat=46.95554098418031&amp;lng=7.497914650000013\" target=\"_blank\" rel=\"noreferrer noopener\">Brunchs<\/a> und <a href=\"https:\/\/www.gilde.ch\/restaurant-suche\/abendessen\/?categories:mittagessen&amp;zoom=7&amp;lat=47.203329199239434&amp;lng=7.534228349999985\" target=\"_blank\" rel=\"noreferrer noopener\">Mittagessen<\/a> bieten die Gilde Betriebe eine ganze Palette an verschiedenen Destinationen f\u00fcrs <a href=\"https:\/\/www.gilde.ch\/restaurant-suche\/abendessen\/?categories:mittagessen&amp;categories:abendessen&amp;zoom=7&amp;lat=47.365354307045465&amp;lng=8.35100249999992\" target=\"_blank\" rel=\"noreferrer noopener\">Abendessen<\/a> an. Lassen Sie sich inspirieren und entdecken Sie neue Restaurants, die Ihnen \u00fcberraschende Gaumenfreuden bescheren. Von rustikal, famili\u00e4r bis hin zu edel und elegant, ist alles zu finden. Auch diverse kulinarische Richtungen m\u00f6chten von Ihnen entdeckt werden. Von <a href=\"https:\/\/www.gilde.ch\/restaurant-suche\/grillrestaurants-steakhouses-in-der-naehe\/\">Fleisch<\/a>, <a href=\"https:\/\/www.gilde.ch\/restaurant-suche\/fisch\/\">Fisch<\/a> bis hin zu <a href=\"https:\/\/www.gilde.ch\/restaurant-suche\/vegetarisch-vegan\/\">vegetarischen oder veganen Gerichten<\/a> finden Sie alles. An besonders warmen Tagen empfehlen wir Ihnen ein <a href=\"https:\/\/www.gilde.ch\/restaurant-suche\/terrasse-garten\/\">Restaurant mit Garten oder Terrasse<\/a>. So k\u00f6nnen die lauen Sommerabende bei romantischem Kerzenschein und einem leckeren Diner intensiv erlebt werden. Und wer weiss, vielleicht wird die gew\u00e4hlte Gilde Lokalit\u00e4t ja eines Tages gar zu Ihrem neuen Lieblingsrestaurant?<\/p>\n","protected":false},"excerpt":{"rendered":"<p>Sie m\u00f6chten sich etwas g\u00f6nnen, weil die Arbeitswoche rum ist, die Ferien begonnen haben oder ein spezielles Dinner ansteht? Oder einfach, weil Ihnen der Sinn danach steht und Sie gerne sch\u00f6n und delizi\u00f6s essen gehen? Und wer wird schon nicht gerne zu einem gelungenen Diner eingeladen. Doch wohin darf es gehen? Die Gilde sorgt f\u00fcr [&hellip;]<\/p>\n","protected":false},"author":2,"featured_media":0,"parent":33705,"menu_order":0,"comment_status":"closed","ping_status":"closed","template":"page-restaurants.php","meta":{"_acf_changed":false,"footnotes":""},"class_list":["post-462","page","type-page","status-publish","hentry"],"acf":[],"_links":{"self":[{"href":"https:\/\/www.gilde.ch\/de\/wp-json\/wp\/v2\/pages\/462\/"}],"collection":[{"href":"https:\/\/www.gilde.ch\/de\/wp-json\/wp\/v2\/pages\/"}],"about":[{"href":"https:\/\/www.gilde.ch\/de\/wp-json\/wp\/v2\/types\/page\/"}],"author":[{"embeddable":true,"href":"https:\/\/www.gilde.ch\/de\/wp-json\/wp\/v2\/users\/2\/"}],"replies":[{"embeddable":true,"href":"https:\/\/www.gilde.ch\/de\/wp-json\/wp\/v2\/comments\/?post=462"}],"version-history":[{"count":1,"href":"https:\/\/www.gilde.ch\/de\/wp-json\/wp\/v2\/pages\/462\/revisions\/"}],"predecessor-version":[{"id":39389,"href":"https:\/\/www.gilde.ch\/de\/wp-json\/wp\/v2\/pages\/462\/revisions\/39389\/"}],"up":[{"embeddable":true,"href":"https:\/\/www.gilde.ch\/de\/wp-json\/wp\/v2\/pages\/33705\/"}],"wp:attachment":[{"href":"https:\/\/www.gilde.ch\/de\/wp-json\/wp\/v2\/media\/?parent=462"}],"curies":[{"name":"wp","href":"https:\/\/api.w.org\/{rel}","templated":true}]}}