{"id":457,"date":"2019-12-09T10:40:00","date_gmt":"2019-12-09T09:40:00","guid":{"rendered":"http:\/\/gilde.ch\/?page_id=457"},"modified":"2025-09-24T22:13:25","modified_gmt":"2025-09-24T20:13:25","slug":"brunch-restaurants","status":"publish","type":"page","link":"https:\/\/www.gilde.ch\/de\/restaurant-suche\/brunch-restaurants\/","title":{"rendered":"Brunch-Restaurants der Gilde"},"content":{"rendered":"\n<p>Zu sp\u00e4t aufgestanden, um ein Fr\u00fchst\u00fcck zu machen, aber auch zu fr\u00fch, um ein richtiges <a href=\"https:\/\/www.gilde.ch\/restaurant-suche\/mittagessen\/\">Mittagessen<\/a> vorzubereiten. Was also tun? Die L\u00f6sung:  <strong>BR<\/strong>eakfast und l<strong>UNCH<\/strong> in einem = <strong>BRUNCH<\/strong>. Noch nie war es so popul\u00e4r, zwei Mahlzeiten gem\u00fctlich zu einer werden zu lassen. Br\u00f6tchen, Fr\u00fchst\u00fcckseier, M\u00fcesli und Orangensaft treffen auf warme K\u00e4sew\u00e4hen, Suppen oder H\u00e4ppchen. Selber machen geht immer, aber so richtig einzigartig wird ein Brunch im Restaurant. Denn wer sich die M\u00fche macht, sonntags sein Schweizer Fr\u00fchst\u00fcck sausen zu lassen, sich aufzufrischen und rauszugehen, dem steht  ein besonderer Anlass bevor: Ein Brunch eignet sich n\u00e4mlich bestens f\u00fcr Junggesellinnenabschiede, Familienfeiern, Firmenausfl\u00fcge oder ein Wiedersehen unter Freunden. Zum richtigen Highlight wird es, wenn man hierf\u00fcr ein spezialisiertes <a href=\"https:\/\/www.gilde.ch\/restaurant-suche\/brunch-restaurants\/\" target=\"_blank\" rel=\"noreferrer noopener\">Brunchlokal<\/a> ausgesucht hat.<\/p>\n\n\n\n<p>Wir empfehlen gerade an w\u00e4rmeren Tagen <a href=\"https:\/\/www.gilde.ch\/restaurant-suche\/terrasse-garten\/\">Restaurants mit Garten und Terrasse<\/a>, denn diese erfreuen sich grosser Beliebtheit, bieten viel Platz und ein traumhaftes Ambiente. Finden Sie jetzt den Betrieb f\u00fcr Ihren n\u00e4chsten Brunch.<\/p>\n","protected":false},"excerpt":{"rendered":"<p>Zu sp\u00e4t aufgestanden, um ein Fr\u00fchst\u00fcck zu machen, aber auch zu fr\u00fch, um ein richtiges Mittagessen vorzubereiten. Was also tun? Die L\u00f6sung: BReakfast und lUNCH in einem = BRUNCH. Noch nie war es so popul\u00e4r, zwei Mahlzeiten gem\u00fctlich zu einer werden zu lassen. Br\u00f6tchen, Fr\u00fchst\u00fcckseier, M\u00fcesli und Orangensaft treffen auf warme K\u00e4sew\u00e4hen, Suppen oder H\u00e4ppchen. [&hellip;]<\/p>\n","protected":false},"author":2,"featured_media":0,"parent":33705,"menu_order":0,"comment_status":"closed","ping_status":"closed","template":"page-restaurants.php","meta":{"_acf_changed":false,"footnotes":""},"class_list":["post-457","page","type-page","status-publish","hentry"],"acf":[],"_links":{"self":[{"href":"https:\/\/www.gilde.ch\/de\/wp-json\/wp\/v2\/pages\/457\/"}],"collection":[{"href":"https:\/\/www.gilde.ch\/de\/wp-json\/wp\/v2\/pages\/"}],"about":[{"href":"https:\/\/www.gilde.ch\/de\/wp-json\/wp\/v2\/types\/page\/"}],"author":[{"embeddable":true,"href":"https:\/\/www.gilde.ch\/de\/wp-json\/wp\/v2\/users\/2\/"}],"replies":[{"embeddable":true,"href":"https:\/\/www.gilde.ch\/de\/wp-json\/wp\/v2\/comments\/?post=457"}],"version-history":[{"count":1,"href":"https:\/\/www.gilde.ch\/de\/wp-json\/wp\/v2\/pages\/457\/revisions\/"}],"predecessor-version":[{"id":39391,"href":"https:\/\/www.gilde.ch\/de\/wp-json\/wp\/v2\/pages\/457\/revisions\/39391\/"}],"up":[{"embeddable":true,"href":"https:\/\/www.gilde.ch\/de\/wp-json\/wp\/v2\/pages\/33705\/"}],"wp:attachment":[{"href":"https:\/\/www.gilde.ch\/de\/wp-json\/wp\/v2\/media\/?parent=457"}],"curies":[{"name":"wp","href":"https:\/\/api.w.org\/{rel}","templated":true}]}}