{"id":447,"date":"2019-12-09T10:36:05","date_gmt":"2019-12-09T09:36:05","guid":{"rendered":"http:\/\/gilde.ch\/?page_id=447"},"modified":"2025-09-24T22:13:08","modified_gmt":"2025-09-24T20:13:08","slug":"mittagessen","status":"publish","type":"page","link":"https:\/\/www.gilde.ch\/de\/restaurant-suche\/mittagessen\/","title":{"rendered":"Ihre Oase f\u00fcr ein Mittagessen oder Business Lunch"},"content":{"rendered":"\n<p>Der Magen knurrt schon laut, w\u00e4hrend Sie noch die letzten Vormittags-Meetings oder -Aufgaben erledigen? Dann sagt Ihnen Ihre innere Uhr bestimmt: Zeit f\u00fcrs Mittagessen!  Da muss ein Restaurant f\u00fcr ein feines Mittagessen her. Dank unserer grossen Auswahl an Gilde Betrieben haben Sie jetzt die Qual der Wahl: Darf es etwas <a href=\"https:\/\/www.gilde.ch\/restaurant-suche\/vegetarisch-vegan\/\">Vegetarisches oder Veganes<\/a> sein? Oder steht Ihnen der Sinn mehr nach <a href=\"https:\/\/www.gilde.ch\/restaurant-suche\/fleisch-und-grill-restaurants\/\">Fleisch und Grill<\/a>? Nat\u00fcrlich haben sich einige Gilde Betriebe auch auf <a href=\"https:\/\/www.gilde.ch\/restaurant-suche\/fisch\/\">Fisch und Seafood<\/a> Menus spezialisiert. Praktisch ist auch, dass die Gilde Betriebe sich in der ganzen Schweiz finden lassen, unabh\u00e4ngig wo Sie gerade sind.<\/p>\n\n\n\n<p>Lassen Sie sich kulinarisch inspirieren und entscheiden Sie anhand Ihrer Bed\u00fcrfnisse. Wollen Sie sich f\u00fcrs Mittagessen Zeit nehmen? Soll es ein g\u00fcnstiges Mittagessen sein? Oder organisieren Sie einen Business Lunch? Wenn es schnell gehen muss, versorgen Sie viele Gilde Betriebe auch mit <a href=\"https:\/\/www.gilde.ch\/restaurant-suche\/take-away-delivery\/\">Take-Away und Home Delivery<\/a>.  Egal, wonach Ihnen der Sinn steht, unsere Betriebe machen es m\u00f6glich.<\/p>\n","protected":false},"excerpt":{"rendered":"<p>Der Magen knurrt schon laut, w\u00e4hrend Sie noch die letzten Vormittags-Meetings oder -Aufgaben erledigen? Dann sagt Ihnen Ihre innere Uhr bestimmt: Zeit f\u00fcrs Mittagessen! Da muss ein Restaurant f\u00fcr ein feines Mittagessen her. Dank unserer grossen Auswahl an Gilde Betrieben haben Sie jetzt die Qual der Wahl: Darf es etwas Vegetarisches oder Veganes sein? Oder [&hellip;]<\/p>\n","protected":false},"author":2,"featured_media":0,"parent":33705,"menu_order":0,"comment_status":"closed","ping_status":"closed","template":"page-restaurants.php","meta":{"_acf_changed":false,"footnotes":""},"class_list":["post-447","page","type-page","status-publish","hentry"],"acf":[],"_links":{"self":[{"href":"https:\/\/www.gilde.ch\/de\/wp-json\/wp\/v2\/pages\/447\/"}],"collection":[{"href":"https:\/\/www.gilde.ch\/de\/wp-json\/wp\/v2\/pages\/"}],"about":[{"href":"https:\/\/www.gilde.ch\/de\/wp-json\/wp\/v2\/types\/page\/"}],"author":[{"embeddable":true,"href":"https:\/\/www.gilde.ch\/de\/wp-json\/wp\/v2\/users\/2\/"}],"replies":[{"embeddable":true,"href":"https:\/\/www.gilde.ch\/de\/wp-json\/wp\/v2\/comments\/?post=447"}],"version-history":[{"count":1,"href":"https:\/\/www.gilde.ch\/de\/wp-json\/wp\/v2\/pages\/447\/revisions\/"}],"predecessor-version":[{"id":39388,"href":"https:\/\/www.gilde.ch\/de\/wp-json\/wp\/v2\/pages\/447\/revisions\/39388\/"}],"up":[{"embeddable":true,"href":"https:\/\/www.gilde.ch\/de\/wp-json\/wp\/v2\/pages\/33705\/"}],"wp:attachment":[{"href":"https:\/\/www.gilde.ch\/de\/wp-json\/wp\/v2\/media\/?parent=447"}],"curies":[{"name":"wp","href":"https:\/\/api.w.org\/{rel}","templated":true}]}}