{"id":442,"date":"2019-12-09T10:33:04","date_gmt":"2019-12-09T09:33:04","guid":{"rendered":"http:\/\/gilde.ch\/?page_id=442"},"modified":"2025-09-24T22:13:07","modified_gmt":"2025-09-24T20:13:07","slug":"terrasse-garten","status":"publish","type":"page","link":"https:\/\/www.gilde.ch\/de\/restaurant-suche\/terrasse-garten\/","title":{"rendered":"Restaurant mit Terrasse oder Garten"},"content":{"rendered":"\n<p>Ein sch\u00f6ner Ausflug ins Gr\u00fcne oder eine Stadtrundfahrt hat Sie zwar mit Gl\u00fcck erf\u00fcllt, doch auch etwas anderes wurde geweckt: der Hunger. Zeit, sich zu st\u00e4rken. Doch wohin darf es heute gehen? Ein Blick in den Himmel l\u00e4sst Sie innehalten. Die Sonne strahlt, kein W\u00f6lkchen ist am Himmel zu sehen und die leichte Brise&#8230; alles l\u00e4dt zum Draussensitzen ein.  Also ist ein Restaurant mit Terrasse oder Garten die perfekte Haltestelle. Und was ist sch\u00f6ner, als seine Mahlzeit zu geniessen und dabei einen herrlichen Ausblick auf einen See, Berg oder auf eine Skyline zu haben? Denn schliesslich isst das Auge bekanntlich mit.<\/p>\n\n\n\n<p>Durchst\u00f6bern Sie unsere grosse Auswahl an Gilde Restaurants, die allesamt einen Garten oder eine Terrasse anbieten und geniessen Sie Ihren <a href=\"https:\/\/www.gilde.ch\/restaurant-suche\/brunch-restaurants\/\" target=\"_blank\" rel=\"noreferrer noopener\">Brunch<\/a>, Ihr <a href=\"https:\/\/www.gilde.ch\/restaurant-suche\/brunch-restaurants\/?categories:brunch&amp;categories:mittagessen&amp;zoom=8&amp;lat=46.95554098418031&amp;lng=7.497914650000013\" target=\"_blank\" rel=\"noreferrer noopener\">Mittagessen<\/a> oder <a href=\"https:\/\/www.gilde.ch\/restaurant-suche\/abendessen\/\">Abendessen mit herrlicher Aussicht<\/a>. So k\u00f6nnen Sie entweder unter Pergolas, riesigen B\u00e4umen oder unter Trauben- und Blumenranken verweilen. Egal, wo Sie sich gerade in der Schweiz aufhalten, f\u00fcr jeden Geschmack ist etwas dabei.<\/p>\n","protected":false},"excerpt":{"rendered":"<p>Ein sch\u00f6ner Ausflug ins Gr\u00fcne oder eine Stadtrundfahrt hat Sie zwar mit Gl\u00fcck erf\u00fcllt, doch auch etwas anderes wurde geweckt: der Hunger. Zeit, sich zu st\u00e4rken. Doch wohin darf es heute gehen? Ein Blick in den Himmel l\u00e4sst Sie innehalten. Die Sonne strahlt, kein W\u00f6lkchen ist am Himmel zu sehen und die leichte Brise&#8230; alles [&hellip;]<\/p>\n","protected":false},"author":2,"featured_media":0,"parent":33705,"menu_order":0,"comment_status":"closed","ping_status":"closed","template":"page-restaurants.php","meta":{"_acf_changed":false,"footnotes":""},"class_list":["post-442","page","type-page","status-publish","hentry"],"acf":[],"_links":{"self":[{"href":"https:\/\/www.gilde.ch\/de\/wp-json\/wp\/v2\/pages\/442\/"}],"collection":[{"href":"https:\/\/www.gilde.ch\/de\/wp-json\/wp\/v2\/pages\/"}],"about":[{"href":"https:\/\/www.gilde.ch\/de\/wp-json\/wp\/v2\/types\/page\/"}],"author":[{"embeddable":true,"href":"https:\/\/www.gilde.ch\/de\/wp-json\/wp\/v2\/users\/2\/"}],"replies":[{"embeddable":true,"href":"https:\/\/www.gilde.ch\/de\/wp-json\/wp\/v2\/comments\/?post=442"}],"version-history":[{"count":1,"href":"https:\/\/www.gilde.ch\/de\/wp-json\/wp\/v2\/pages\/442\/revisions\/"}],"predecessor-version":[{"id":39387,"href":"https:\/\/www.gilde.ch\/de\/wp-json\/wp\/v2\/pages\/442\/revisions\/39387\/"}],"up":[{"embeddable":true,"href":"https:\/\/www.gilde.ch\/de\/wp-json\/wp\/v2\/pages\/33705\/"}],"wp:attachment":[{"href":"https:\/\/www.gilde.ch\/de\/wp-json\/wp\/v2\/media\/?parent=442"}],"curies":[{"name":"wp","href":"https:\/\/api.w.org\/{rel}","templated":true}]}}