{"id":438,"date":"2019-12-09T10:28:06","date_gmt":"2019-12-09T09:28:06","guid":{"rendered":"http:\/\/gilde.ch\/?page_id=438"},"modified":"2025-09-24T22:02:15","modified_gmt":"2025-09-24T20:02:15","slug":"vegetarisch-vegan","status":"publish","type":"page","link":"https:\/\/www.gilde.ch\/de\/restaurant-suche\/vegetarisch-vegan\/","title":{"rendered":"Vegane und vegetarische Restaurants"},"content":{"rendered":"\n<p>Hand aufs Herz. Wie oft ist es schon vorgekommen, dass wir uns mit Freunden oder Kollegen in ein sch\u00f6nes Restaurant gesetzt haben, die Men\u00fc Karte in die Hand gedr\u00fcckt bekommen haben und dann das: Die einzige vegetarische oder vegane Option ist ein Salat. Da vergehen die Lust und der Hunger so schnell, wie er gekommen ist. Um genau das zu verhindern, haben es sich die untenstehenden Gilde Betriebe zur Aufgabe gemacht, auch vegetarische und vegane Menus aufzustellen. Schliesslich soll der Restaurantbesuch Spass machen und nicht zur Unannehmlichkeit werden.<\/p>\n\n\n\n<p>Unsere grosse Auswahl an vegetarischen Restaurants bieten frische, schmackhafte Gerichte, die auf Fleisch verzichten. So k\u00f6nnen Sie ein leckeres, leichtes, vegetarisches <a href=\"https:\/\/www.gilde.ch\/restaurant-suche\/mittagessen\/\">Mittagessen<\/a> oder vielleicht auch <a href=\"https:\/\/www.gilde.ch\/restaurant-suche\/abendessen\/\">Abendessen<\/a> geniessen.<\/p>\n\n\n\n<p>Aber da h\u00f6rt es nicht auf, auch vegane Restaurants sind hier vertreten. Dabei werden auch hier auf frische, meist auch regionale Produkte geachtet, die g\u00e4nzlich auf tierische Produkte verzichten. Finden Sie Ihren Gilde Betrieb und geniessen Sie Ihre n\u00e4chste Mahlzeit dank abwechslungsreicher Men\u00fcs. Wir w\u00fcnschen \u00aben Guete\u00bb.<\/p>\n","protected":false},"excerpt":{"rendered":"<p>Hand aufs Herz. Wie oft ist es schon vorgekommen, dass wir uns mit Freunden oder Kollegen in ein sch\u00f6nes Restaurant gesetzt haben, die Men\u00fc Karte in die Hand gedr\u00fcckt bekommen haben und dann das: Die einzige vegetarische oder vegane Option ist ein Salat. Da vergehen die Lust und der Hunger so schnell, wie er gekommen [&hellip;]<\/p>\n","protected":false},"author":2,"featured_media":0,"parent":33705,"menu_order":0,"comment_status":"closed","ping_status":"closed","template":"page-restaurants.php","meta":{"_acf_changed":false,"footnotes":""},"class_list":["post-438","page","type-page","status-publish","hentry"],"acf":[],"_links":{"self":[{"href":"https:\/\/www.gilde.ch\/de\/wp-json\/wp\/v2\/pages\/438\/"}],"collection":[{"href":"https:\/\/www.gilde.ch\/de\/wp-json\/wp\/v2\/pages\/"}],"about":[{"href":"https:\/\/www.gilde.ch\/de\/wp-json\/wp\/v2\/types\/page\/"}],"author":[{"embeddable":true,"href":"https:\/\/www.gilde.ch\/de\/wp-json\/wp\/v2\/users\/2\/"}],"replies":[{"embeddable":true,"href":"https:\/\/www.gilde.ch\/de\/wp-json\/wp\/v2\/comments\/?post=438"}],"version-history":[{"count":1,"href":"https:\/\/www.gilde.ch\/de\/wp-json\/wp\/v2\/pages\/438\/revisions\/"}],"predecessor-version":[{"id":39384,"href":"https:\/\/www.gilde.ch\/de\/wp-json\/wp\/v2\/pages\/438\/revisions\/39384\/"}],"up":[{"embeddable":true,"href":"https:\/\/www.gilde.ch\/de\/wp-json\/wp\/v2\/pages\/33705\/"}],"wp:attachment":[{"href":"https:\/\/www.gilde.ch\/de\/wp-json\/wp\/v2\/media\/?parent=438"}],"curies":[{"name":"wp","href":"https:\/\/api.w.org\/{rel}","templated":true}]}}