{"id":433,"date":"2019-12-09T10:26:11","date_gmt":"2019-12-09T09:26:11","guid":{"rendered":"http:\/\/gilde.ch\/?page_id=433"},"modified":"2025-09-24T16:33:24","modified_gmt":"2025-09-24T14:33:24","slug":"grillrestaurants-steakhouses-in-der-naehe","status":"publish","type":"page","link":"https:\/\/www.gilde.ch\/de\/restaurant-suche\/grillrestaurants-steakhouses-in-der-naehe\/","title":{"rendered":"Grillrestaurants &#038; Steakhouses in Ihrer N\u00e4he!"},"content":{"rendered":"\n<p>Sommerzeit ist Grillzeit: Die Kohle schmort, die W\u00fcrstchen zischen, die Poulet-Spiesse werden gewendet, der Saft der gef\u00fcllten Peperoni tropft aufs Gitter. Der Geruch, der sich jetzt vom heissen Grill hoch in die Luft erstreckt, l\u00e4sst das Wasser im Mund zusammenlaufen. Wer aber keine Lust hat, selbst Grillmeister zu spielen oder sich einfach mal verw\u00f6hnen lassen m\u00f6chte, geht in ein Steakhouse in der N\u00e4he. Denn gutes Fleisch wie etwa ein Rib Eye Steak, ein saftiges Rindshohr\u00fcckensteak oder ein spezieller Burger, aber auch <a href=\"https:\/\/www.gilde.ch\/restaurant-suche\/fisch\/\">Fisch &amp; Seafood<\/a>, lassen sich in einem Gilde Gasthof mit Grill bestimmt finden.<\/p>\n\n\n\n<p>Auf einer <a href=\"https:\/\/www.gilde.ch\/restaurant-suche\/terrasse-garten\/\">Terrasse oder Garten<\/a>, unter schattigen B\u00e4umen oder am <a href=\"https:\/\/www.gilde.ch\/restaurant-suche\/am-see\/\">See\/am Wasser<\/a>, schmeckt ein w\u00fcrziges Steak gleich doppelt so gut. Denn ein gutes St\u00fcck Fleisch im Restaurant ist eine kulinarische Besonderheit, die vor allem Fleischliebhabern in Erinnerung bleiben wird. Und wer sein Lieblingssteakhouse einmal gefunden hat, der\/die wird immer wieder kommen. Damit auch Sie in diesen Genuss kommen, haben wir hier f\u00fcr Sie unsere Top Auswahl erstellt.  <\/p>\n","protected":false},"excerpt":{"rendered":"<p>Sommerzeit ist Grillzeit: Die Kohle schmort, die W\u00fcrstchen zischen, die Poulet-Spiesse werden gewendet, der Saft der gef\u00fcllten Peperoni tropft aufs Gitter. Der Geruch, der sich jetzt vom heissen Grill hoch in die Luft erstreckt, l\u00e4sst das Wasser im Mund zusammenlaufen. Wer aber keine Lust hat, selbst Grillmeister zu spielen oder sich einfach mal verw\u00f6hnen lassen [&hellip;]<\/p>\n","protected":false},"author":2,"featured_media":0,"parent":33705,"menu_order":0,"comment_status":"closed","ping_status":"closed","template":"page-restaurants.php","meta":{"_acf_changed":false,"footnotes":""},"class_list":["post-433","page","type-page","status-publish","hentry"],"acf":[],"_links":{"self":[{"href":"https:\/\/www.gilde.ch\/de\/wp-json\/wp\/v2\/pages\/433\/"}],"collection":[{"href":"https:\/\/www.gilde.ch\/de\/wp-json\/wp\/v2\/pages\/"}],"about":[{"href":"https:\/\/www.gilde.ch\/de\/wp-json\/wp\/v2\/types\/page\/"}],"author":[{"embeddable":true,"href":"https:\/\/www.gilde.ch\/de\/wp-json\/wp\/v2\/users\/2\/"}],"replies":[{"embeddable":true,"href":"https:\/\/www.gilde.ch\/de\/wp-json\/wp\/v2\/comments\/?post=433"}],"version-history":[{"count":1,"href":"https:\/\/www.gilde.ch\/de\/wp-json\/wp\/v2\/pages\/433\/revisions\/"}],"predecessor-version":[{"id":39383,"href":"https:\/\/www.gilde.ch\/de\/wp-json\/wp\/v2\/pages\/433\/revisions\/39383\/"}],"up":[{"embeddable":true,"href":"https:\/\/www.gilde.ch\/de\/wp-json\/wp\/v2\/pages\/33705\/"}],"wp:attachment":[{"href":"https:\/\/www.gilde.ch\/de\/wp-json\/wp\/v2\/media\/?parent=433"}],"curies":[{"name":"wp","href":"https:\/\/api.w.org\/{rel}","templated":true}]}}