{"id":427,"date":"2019-12-09T10:24:30","date_gmt":"2019-12-09T09:24:30","guid":{"rendered":"http:\/\/gilde.ch\/?page_id=427"},"modified":"2025-09-24T22:13:23","modified_gmt":"2025-09-24T20:13:23","slug":"am-see","status":"publish","type":"page","link":"https:\/\/www.gilde.ch\/de\/restaurant-suche\/am-see\/","title":{"rendered":"Ihr Gilde Restaurant am See \u2013 oder am Wasser"},"content":{"rendered":"\n<p>Egal wer in <a href=\"https:\/\/www.gilde.ch\/restaurant-suche\/am-see\/?categories:see-wasser&amp;canton:zurich&amp;zoom=9&amp;lat=47.069372139379276&amp;lng=8.070294499999937\">Z\u00fcrich<\/a>, <a href=\"https:\/\/www.gilde.ch\/restaurant-suche\/am-see\/?categories:see-wasser&amp;canton:luzern&amp;zoom=11&amp;lat=46.964476788586104&amp;lng=7.35874024999998\">Luzern<\/a>, <a href=\"https:\/\/www.gilde.ch\/restaurant-suche\/am-see\/?categories:see-wasser&amp;canton:zug&amp;zoom=12&amp;lat=47.08268137837913&amp;lng=8.305186649999987\">Zug<\/a>, <a href=\"https:\/\/www.gilde.ch\/restaurant-suche\/am-see\/?categories:see-wasser&amp;canton:bern&amp;zoom=10&amp;lat=47.03714932910448&amp;lng=7.9373948000000105\">Bern<\/a> oder in einem anderen Kanton verweilt: Die herrlichen Gew\u00e4sser der Schweiz sind und bleiben ein Blickfang. Und von denen gibt es reichlich. \u00dcber 1&#8217;500 Seen und Flussl\u00e4ufe durchk\u00e4mmen die Schweiz und machen sie zu einem einzigartigen Land. Im Sommer bieten vor allem Seen eine willkommene Abk\u00fchlung, im Winter sind sie Eisfl\u00e4che und Naturschauspiel zugleich. Aber auch Wasserf\u00e4lle, Staud\u00e4mme und Fl\u00fcsse sorgen f\u00fcr einen unvergesslichen Anblick. Das sanfte Pl\u00e4tschern eines Bachs oder die wundersch\u00f6n spiegelnde Seeoberfl\u00e4che bieten vor allem beim Essen eine atemberaubende Kulisse.<\/p>\n\n\n\n<p>Lassen Sie sich eine solche Gelegenheit nicht entgehen und geniessen Sie ein <a href=\"https:\/\/www.gilde.ch\/restaurant-suche\/mittagessen\/\">schmackhaftes Mittagessen<\/a> am Wasser. Vielleicht m\u00f6chten Sie auch hoch hinaus? Hierf\u00fcr bieten sich unsere <a href=\"https:\/\/www.gilde.ch\/restaurant-suche\/am-berg\/\">Bergrestaurants<\/a> an, die nicht unweit von Bergseen und Fl\u00fcssen leckere Mahlzeiten bereithalten. Finden Sie hier Ihr Restaurant am See in der ganzen Schweiz!<\/p>\n","protected":false},"excerpt":{"rendered":"<p>Egal wer in Z\u00fcrich, Luzern, Zug, Bern oder in einem anderen Kanton verweilt: Die herrlichen Gew\u00e4sser der Schweiz sind und bleiben ein Blickfang. Und von denen gibt es reichlich. \u00dcber 1&#8217;500 Seen und Flussl\u00e4ufe durchk\u00e4mmen die Schweiz und machen sie zu einem einzigartigen Land. Im Sommer bieten vor allem Seen eine willkommene Abk\u00fchlung, im Winter [&hellip;]<\/p>\n","protected":false},"author":2,"featured_media":0,"parent":33705,"menu_order":0,"comment_status":"closed","ping_status":"closed","template":"page-restaurants.php","meta":{"_acf_changed":false,"footnotes":""},"class_list":["post-427","page","type-page","status-publish","hentry"],"acf":[],"_links":{"self":[{"href":"https:\/\/www.gilde.ch\/de\/wp-json\/wp\/v2\/pages\/427\/"}],"collection":[{"href":"https:\/\/www.gilde.ch\/de\/wp-json\/wp\/v2\/pages\/"}],"about":[{"href":"https:\/\/www.gilde.ch\/de\/wp-json\/wp\/v2\/types\/page\/"}],"author":[{"embeddable":true,"href":"https:\/\/www.gilde.ch\/de\/wp-json\/wp\/v2\/users\/2\/"}],"replies":[{"embeddable":true,"href":"https:\/\/www.gilde.ch\/de\/wp-json\/wp\/v2\/comments\/?post=427"}],"version-history":[{"count":1,"href":"https:\/\/www.gilde.ch\/de\/wp-json\/wp\/v2\/pages\/427\/revisions\/"}],"predecessor-version":[{"id":39390,"href":"https:\/\/www.gilde.ch\/de\/wp-json\/wp\/v2\/pages\/427\/revisions\/39390\/"}],"up":[{"embeddable":true,"href":"https:\/\/www.gilde.ch\/de\/wp-json\/wp\/v2\/pages\/33705\/"}],"wp:attachment":[{"href":"https:\/\/www.gilde.ch\/de\/wp-json\/wp\/v2\/media\/?parent=427"}],"curies":[{"name":"wp","href":"https:\/\/api.w.org\/{rel}","templated":true}]}}