{"id":4113,"date":"2022-09-02T17:29:40","date_gmt":"2022-09-02T15:29:40","guid":{"rendered":"https:\/\/www.gilde.ch\/?page_id=4113"},"modified":"2025-09-28T19:19:00","modified_gmt":"2025-09-28T17:19:00","slug":"generalversammlung","status":"publish","type":"page","link":"https:\/\/www.gilde.ch\/de\/generalversammlung\/","title":{"rendered":"Generalversammlung 2025"},"content":{"rendered":"\n<p>R\u00fcckblick und Impressionen zur GV in Giswil am 30.Juni 2025<\/p>\n\n\n\n<p><strong>Ein herzliches Dankesch\u00f6n zur 71. Generalversammlung<\/strong><\/p>\n\n\n\n<p>Was f\u00fcr eine besondere Generalversammlung! In Giswil durften wir eine heimelige und \u00fcberraschend andere GV erleben \u2013 gepr\u00e4gt von engagierten Gastgebern, einem stimmigen Rahmenprogramm, kulinarischen Highlights und vielen pers\u00f6nlichen Momenten.<\/p>\n\n\n\n<p>Ein grosser Dank gilt dem ganzen OK unter der Leitung von Dani Windlin, Christoph und Kevin Zumstein, Raphael Wey, Bruno und Rolf della Torre sowie den zahlreichen Helferinnen und Helfern vor Ort. Ebenso danken wir unseren Gilde-Partnern, die mit einem lebendigen Marktplatz Pr\u00e4senz zeigten.<\/p>\n\n\n\n<p>F\u00fcr den abtretenden Pr\u00e4sidenten Gerhard Kiniger war es eine emotionale GV \u2013 mit der Wahl zum Ehrenpr\u00e4sidenten und bewegenden Worten im Kreis seiner Familie. Auch der Ausklang auf der Melchsee-Frutt mit Tafel\u00fcbergabe, Musik und Obwaldner Spezialit\u00e4ten war ein w\u00fcrdiger Abschluss, organisiert durch die <em>Freunde der Gilde<\/em>.<\/p>\n\n\n\n<p>Ein besonderer Dank geht an Annett Sprenger und Milan Holler f\u00fcr die professionelle Umsetzung \u2013 und an alle Mitglieder f\u00fcrs Dabeisein.<br>Nach der GV ist vor der GV: Wir freuen uns auf ein Wiedersehen am 4. Mai 2026 in Basel.<br><\/p>\n\n\n<style>.kb-gallery-id-4113_cbb499-97 .kadence-blocks-gallery-item .kb-gal-image-radius, .kb-gallery-id-4113_cbb499-97 .kb-slide-item .kb-gal-image-radius img{border-radius:0px 0px 0px 0px;;}.kb-gallery-wrap-id-4113_cbb499-97.wp-block-kadence-advancedgallery{overflow:visible;}.kb-gallery-wrap-id-4113_cbb499-97.wp-block-kadence-advancedgallery .kt-blocks-carousel{overflow:visible;}<\/style><div class=\"kb-gallery-wrap-id-4113_cbb499-97 alignnone wp-block-kadence-advancedgallery\"><div class=\"kb-gallery-ul kb-gallery-non-static kb-gallery-type-slider kb-gallery-id-4113_cbb499-97 kb-gallery-caption-style-bottom-hover kb-gallery-filter-none\" data-image-filter=\"none\" data-lightbox-caption=\"true\"><div class=\"kt-blocks-carousel kt-carousel-container-dotstyle-dark\"><div class=\"kt-blocks-carousel-init kb-blocks-slider kt-carousel-arrowstyle-whiteondark kt-carousel-dotstyle-dark kb-slider-group-arrow kb-slider-arrow-position-center\" data-slider-anim-speed=\"400\" data-slider-scroll=\"1\" data-slider-arrows=\"true\" data-slider-fade=\"true\" data-slider-dots=\"true\"data-slider-type=\"slider\"  data-slider-hover-pause=\"false\" data-slider-auto=\"\" data-slider-speed=\"7000\"><div class=\"kb-slide-item kb-gallery-slide-item\"><div class=\"kadence-blocks-gallery-item\"><div class=\"kadence-blocks-gallery-item-inner\"><figure class=\"kb-gallery-figure kadence-blocks-gallery-item-hide-caption\"><div class=\"kb-gal-image-radius\"><div class=\"kb-gallery-image-contain kadence-blocks-gallery-intrinsic kb-gallery-image-ratio-land32 kb-has-image-ratio-land32\" ><img fetchpriority=\"high\" decoding=\"async\" src=\"https:\/\/www.gilde.ch\/wp-content\/uploads\/2025\/09\/B38A1407-min-1024x683.jpg\" width=\"1024\" height=\"683\" alt=\"\" data-full-image=\"https:\/\/www.gilde.ch\/wp-content\/uploads\/2025\/09\/B38A1407-min.jpg\" data-light-image=\"https:\/\/www.gilde.ch\/wp-content\/uploads\/2025\/09\/B38A1407-min.jpg\" data-id=\"39789\" class=\"wp-image-39789 skip-lazy\" srcset=\"https:\/\/www.gilde.ch\/wp-content\/uploads\/2025\/09\/B38A1407-min-1024x683.jpg 1024w, https:\/\/www.gilde.ch\/wp-content\/uploads\/2025\/09\/B38A1407-min-600x400.jpg 600w, https:\/\/www.gilde.ch\/wp-content\/uploads\/2025\/09\/B38A1407-min-300x200.jpg 300w, https:\/\/www.gilde.ch\/wp-content\/uploads\/2025\/09\/B38A1407-min-768x512.jpg 768w, https:\/\/www.gilde.ch\/wp-content\/uploads\/2025\/09\/B38A1407-min-1536x1024.jpg 1536w, https:\/\/www.gilde.ch\/wp-content\/uploads\/2025\/09\/B38A1407-min-1200x800.jpg 1200w, https:\/\/www.gilde.ch\/wp-content\/uploads\/2025\/09\/B38A1407-min.jpg 1800w\" sizes=\"(max-width: 1024px) 100vw, 1024px\" \/><\/div><\/div><\/figure><\/div><\/div><\/div><div class=\"kb-slide-item kb-gallery-slide-item\"><div class=\"kadence-blocks-gallery-item\"><div class=\"kadence-blocks-gallery-item-inner\"><figure class=\"kb-gallery-figure kadence-blocks-gallery-item-hide-caption\"><div class=\"kb-gal-image-radius\"><div class=\"kb-gallery-image-contain kadence-blocks-gallery-intrinsic kb-gallery-image-ratio-land32 kb-has-image-ratio-land32\" ><img decoding=\"async\" src=\"https:\/\/www.gilde.ch\/wp-content\/uploads\/2025\/09\/B38A2434-min-1024x683.jpg\" width=\"1024\" height=\"683\" alt=\"\" data-full-image=\"https:\/\/www.gilde.ch\/wp-content\/uploads\/2025\/09\/B38A2434-min.jpg\" data-light-image=\"https:\/\/www.gilde.ch\/wp-content\/uploads\/2025\/09\/B38A2434-min.jpg\" data-id=\"39790\" class=\"wp-image-39790 skip-lazy\" srcset=\"https:\/\/www.gilde.ch\/wp-content\/uploads\/2025\/09\/B38A2434-min-1024x683.jpg 1024w, https:\/\/www.gilde.ch\/wp-content\/uploads\/2025\/09\/B38A2434-min-600x400.jpg 600w, https:\/\/www.gilde.ch\/wp-content\/uploads\/2025\/09\/B38A2434-min-300x200.jpg 300w, https:\/\/www.gilde.ch\/wp-content\/uploads\/2025\/09\/B38A2434-min-768x512.jpg 768w, https:\/\/www.gilde.ch\/wp-content\/uploads\/2025\/09\/B38A2434-min-1536x1024.jpg 1536w, https:\/\/www.gilde.ch\/wp-content\/uploads\/2025\/09\/B38A2434-min-1200x800.jpg 1200w, https:\/\/www.gilde.ch\/wp-content\/uploads\/2025\/09\/B38A2434-min.jpg 1800w\" sizes=\"(max-width: 1024px) 100vw, 1024px\" \/><\/div><\/div><\/figure><\/div><\/div><\/div><div class=\"kb-slide-item kb-gallery-slide-item\"><div class=\"kadence-blocks-gallery-item\"><div class=\"kadence-blocks-gallery-item-inner\"><figure class=\"kb-gallery-figure kadence-blocks-gallery-item-hide-caption\"><div class=\"kb-gal-image-radius\"><div class=\"kb-gallery-image-contain kadence-blocks-gallery-intrinsic kb-gallery-image-ratio-land32 kb-has-image-ratio-land32\" ><img decoding=\"async\" src=\"https:\/\/www.gilde.ch\/wp-content\/uploads\/2025\/09\/B38A1898-min-1024x683.jpg\" width=\"1024\" height=\"683\" alt=\"\" data-full-image=\"https:\/\/www.gilde.ch\/wp-content\/uploads\/2025\/09\/B38A1898-min.jpg\" data-light-image=\"https:\/\/www.gilde.ch\/wp-content\/uploads\/2025\/09\/B38A1898-min.jpg\" data-id=\"39791\" class=\"wp-image-39791 skip-lazy\" srcset=\"https:\/\/www.gilde.ch\/wp-content\/uploads\/2025\/09\/B38A1898-min-1024x683.jpg 1024w, https:\/\/www.gilde.ch\/wp-content\/uploads\/2025\/09\/B38A1898-min-600x400.jpg 600w, https:\/\/www.gilde.ch\/wp-content\/uploads\/2025\/09\/B38A1898-min-300x200.jpg 300w, https:\/\/www.gilde.ch\/wp-content\/uploads\/2025\/09\/B38A1898-min-768x512.jpg 768w, https:\/\/www.gilde.ch\/wp-content\/uploads\/2025\/09\/B38A1898-min-1536x1024.jpg 1536w, https:\/\/www.gilde.ch\/wp-content\/uploads\/2025\/09\/B38A1898-min-1200x800.jpg 1200w, https:\/\/www.gilde.ch\/wp-content\/uploads\/2025\/09\/B38A1898-min.jpg 1800w\" sizes=\"(max-width: 1024px) 100vw, 1024px\" \/><\/div><\/div><\/figure><\/div><\/div><\/div><div class=\"kb-slide-item kb-gallery-slide-item\"><div class=\"kadence-blocks-gallery-item\"><div class=\"kadence-blocks-gallery-item-inner\"><figure class=\"kb-gallery-figure kadence-blocks-gallery-item-hide-caption\"><div class=\"kb-gal-image-radius\"><div class=\"kb-gallery-image-contain kadence-blocks-gallery-intrinsic kb-gallery-image-ratio-land32 kb-has-image-ratio-land32\" ><img loading=\"lazy\" decoding=\"async\" src=\"https:\/\/www.gilde.ch\/wp-content\/uploads\/2025\/09\/B38A3027-min-1024x683.jpg\" width=\"1024\" height=\"683\" alt=\"\" data-full-image=\"https:\/\/www.gilde.ch\/wp-content\/uploads\/2025\/09\/B38A3027-min.jpg\" data-light-image=\"https:\/\/www.gilde.ch\/wp-content\/uploads\/2025\/09\/B38A3027-min.jpg\" data-id=\"39792\" class=\"wp-image-39792 skip-lazy\" srcset=\"https:\/\/www.gilde.ch\/wp-content\/uploads\/2025\/09\/B38A3027-min-1024x683.jpg 1024w, https:\/\/www.gilde.ch\/wp-content\/uploads\/2025\/09\/B38A3027-min-600x400.jpg 600w, https:\/\/www.gilde.ch\/wp-content\/uploads\/2025\/09\/B38A3027-min-300x200.jpg 300w, https:\/\/www.gilde.ch\/wp-content\/uploads\/2025\/09\/B38A3027-min-768x512.jpg 768w, https:\/\/www.gilde.ch\/wp-content\/uploads\/2025\/09\/B38A3027-min-1536x1024.jpg 1536w, https:\/\/www.gilde.ch\/wp-content\/uploads\/2025\/09\/B38A3027-min-1200x800.jpg 1200w, https:\/\/www.gilde.ch\/wp-content\/uploads\/2025\/09\/B38A3027-min.jpg 1800w\" sizes=\"(max-width: 1024px) 100vw, 1024px\" \/><\/div><\/div><\/figure><\/div><\/div><\/div><div class=\"kb-slide-item kb-gallery-slide-item\"><div class=\"kadence-blocks-gallery-item\"><div class=\"kadence-blocks-gallery-item-inner\"><figure class=\"kb-gallery-figure kadence-blocks-gallery-item-hide-caption\"><div class=\"kb-gal-image-radius\"><div class=\"kb-gallery-image-contain kadence-blocks-gallery-intrinsic kb-gallery-image-ratio-land32 kb-has-image-ratio-land32\" ><img loading=\"lazy\" decoding=\"async\" src=\"https:\/\/www.gilde.ch\/wp-content\/uploads\/2025\/09\/B38A3501-min-1024x683.jpg\" width=\"1024\" height=\"683\" alt=\"\" data-full-image=\"https:\/\/www.gilde.ch\/wp-content\/uploads\/2025\/09\/B38A3501-min.jpg\" data-light-image=\"https:\/\/www.gilde.ch\/wp-content\/uploads\/2025\/09\/B38A3501-min.jpg\" data-id=\"39793\" class=\"wp-image-39793 skip-lazy\" srcset=\"https:\/\/www.gilde.ch\/wp-content\/uploads\/2025\/09\/B38A3501-min-1024x683.jpg 1024w, https:\/\/www.gilde.ch\/wp-content\/uploads\/2025\/09\/B38A3501-min-600x400.jpg 600w, https:\/\/www.gilde.ch\/wp-content\/uploads\/2025\/09\/B38A3501-min-300x200.jpg 300w, https:\/\/www.gilde.ch\/wp-content\/uploads\/2025\/09\/B38A3501-min-768x512.jpg 768w, https:\/\/www.gilde.ch\/wp-content\/uploads\/2025\/09\/B38A3501-min-1536x1024.jpg 1536w, https:\/\/www.gilde.ch\/wp-content\/uploads\/2025\/09\/B38A3501-min-1200x800.jpg 1200w, https:\/\/www.gilde.ch\/wp-content\/uploads\/2025\/09\/B38A3501-min.jpg 1800w\" sizes=\"(max-width: 1024px) 100vw, 1024px\" \/><\/div><\/div><\/figure><\/div><\/div><\/div><div class=\"kb-slide-item kb-gallery-slide-item\"><div class=\"kadence-blocks-gallery-item\"><div class=\"kadence-blocks-gallery-item-inner\"><figure class=\"kb-gallery-figure kadence-blocks-gallery-item-hide-caption\"><div class=\"kb-gal-image-radius\"><div class=\"kb-gallery-image-contain kadence-blocks-gallery-intrinsic kb-gallery-image-ratio-land32 kb-has-image-ratio-land32\" ><img loading=\"lazy\" decoding=\"async\" src=\"https:\/\/www.gilde.ch\/wp-content\/uploads\/2025\/09\/B38A3379-min-1024x683.jpg\" width=\"1024\" height=\"683\" alt=\"\" data-full-image=\"https:\/\/www.gilde.ch\/wp-content\/uploads\/2025\/09\/B38A3379-min.jpg\" data-light-image=\"https:\/\/www.gilde.ch\/wp-content\/uploads\/2025\/09\/B38A3379-min.jpg\" data-id=\"39794\" class=\"wp-image-39794 skip-lazy\" srcset=\"https:\/\/www.gilde.ch\/wp-content\/uploads\/2025\/09\/B38A3379-min-1024x683.jpg 1024w, https:\/\/www.gilde.ch\/wp-content\/uploads\/2025\/09\/B38A3379-min-600x400.jpg 600w, https:\/\/www.gilde.ch\/wp-content\/uploads\/2025\/09\/B38A3379-min-300x200.jpg 300w, https:\/\/www.gilde.ch\/wp-content\/uploads\/2025\/09\/B38A3379-min-768x512.jpg 768w, https:\/\/www.gilde.ch\/wp-content\/uploads\/2025\/09\/B38A3379-min-1536x1024.jpg 1536w, https:\/\/www.gilde.ch\/wp-content\/uploads\/2025\/09\/B38A3379-min-1200x800.jpg 1200w, https:\/\/www.gilde.ch\/wp-content\/uploads\/2025\/09\/B38A3379-min.jpg 1800w\" sizes=\"(max-width: 1024px) 100vw, 1024px\" \/><\/div><\/div><\/figure><\/div><\/div><\/div><div class=\"kb-slide-item kb-gallery-slide-item\"><div class=\"kadence-blocks-gallery-item\"><div class=\"kadence-blocks-gallery-item-inner\"><figure class=\"kb-gallery-figure kadence-blocks-gallery-item-hide-caption\"><div class=\"kb-gal-image-radius\"><div class=\"kb-gallery-image-contain kadence-blocks-gallery-intrinsic kb-gallery-image-ratio-land32 kb-has-image-ratio-land32\" ><img loading=\"lazy\" decoding=\"async\" src=\"https:\/\/www.gilde.ch\/wp-content\/uploads\/2025\/09\/B38A2888-min-1024x683.jpg\" width=\"1024\" height=\"683\" alt=\"\" data-full-image=\"https:\/\/www.gilde.ch\/wp-content\/uploads\/2025\/09\/B38A2888-min.jpg\" data-light-image=\"https:\/\/www.gilde.ch\/wp-content\/uploads\/2025\/09\/B38A2888-min.jpg\" data-id=\"39795\" class=\"wp-image-39795 skip-lazy\" srcset=\"https:\/\/www.gilde.ch\/wp-content\/uploads\/2025\/09\/B38A2888-min-1024x683.jpg 1024w, https:\/\/www.gilde.ch\/wp-content\/uploads\/2025\/09\/B38A2888-min-600x400.jpg 600w, https:\/\/www.gilde.ch\/wp-content\/uploads\/2025\/09\/B38A2888-min-300x200.jpg 300w, https:\/\/www.gilde.ch\/wp-content\/uploads\/2025\/09\/B38A2888-min-768x512.jpg 768w, https:\/\/www.gilde.ch\/wp-content\/uploads\/2025\/09\/B38A2888-min-1536x1024.jpg 1536w, https:\/\/www.gilde.ch\/wp-content\/uploads\/2025\/09\/B38A2888-min-1200x800.jpg 1200w, https:\/\/www.gilde.ch\/wp-content\/uploads\/2025\/09\/B38A2888-min.jpg 1800w\" sizes=\"(max-width: 1024px) 100vw, 1024px\" \/><\/div><\/div><\/figure><\/div><\/div><\/div><\/div><\/div><\/div><\/div>\n\n\n<p><a href=\"https:\/\/drive.google.com\/drive\/folders\/1qv2chzqennM26bGymUkCLg0CmtQ_GRkn?usp=drive_link\">Hier gehts zur Bildergalerie<\/a><\/p>\n\n\n\n<h1 class=\"wp-block-heading\">Generalversammlung 2026<\/h1>\n\n\n\n<h2 class=\"wp-block-heading\"><strong>SAVE THE DATE!<\/strong><\/h2>\n\n\n\n<p>Die n\u00e4chste Generalversammlung der Gilde etablierter Schweizer Gastronomen findet am <strong>Montag, 4. Mai 2026<\/strong> in Basel statt.<\/p>\n\n\n\n<h1 class=\"wp-block-heading\">Impressionen der Generalversammlung 2024<\/h1>\n\n\n\n<style>\n    .flickr-embed-container {\n        width: 100%;\n        overflow: hidden;\n    }\n    .flickr-embed-container img {\n        width: 100%;\n        height: auto;\n    }\n<\/style>\n\n<div class=\"flickr-embed-container\">\n    <a data-flickr-embed=\"true\" href=\"https:\/\/www.flickr.com\/photos\/201191946@N08\/albums\/72177720319099955\" title=\"Gilde GV 2024\">\n        <img decoding=\"async\" src=\"https:\/\/live.staticflickr.com\/65535\/53878526617_823d43cedf_z.jpg\" alt=\"Gilde GV 2024\"\/>\n    <\/a>\n<\/div>\n<script async src=\"\/\/embedr.flickr.com\/assets\/client-code.js\" charset=\"utf-8\"><\/script>\n\n\n\n<h1 class=\"wp-block-heading\"><\/h1>\n\n\n\n<hr class=\"wp-block-separator has-css-opacity\"\/>\n\n\n\n<h2 class=\"wp-block-heading has-text-align-left\"><\/h2>\n\n\n\n<p><\/p>\n","protected":false},"excerpt":{"rendered":"<p>R\u00fcckblick und Impressionen zur GV in Giswil am 30.Juni 2025 Ein herzliches Dankesch\u00f6n zur 71. Generalversammlung Was f\u00fcr eine besondere Generalversammlung! In Giswil durften wir eine heimelige und \u00fcberraschend andere GV erleben \u2013 gepr\u00e4gt von engagierten Gastgebern, einem stimmigen Rahmenprogramm, kulinarischen Highlights und vielen pers\u00f6nlichen Momenten. Ein grosser Dank gilt dem ganzen OK unter der [&hellip;]<\/p>\n","protected":false},"author":2,"featured_media":0,"parent":0,"menu_order":0,"comment_status":"closed","ping_status":"closed","template":"","meta":{"_acf_changed":false,"footnotes":""},"class_list":["post-4113","page","type-page","status-publish","hentry"],"acf":[],"_links":{"self":[{"href":"https:\/\/www.gilde.ch\/de\/wp-json\/wp\/v2\/pages\/4113\/"}],"collection":[{"href":"https:\/\/www.gilde.ch\/de\/wp-json\/wp\/v2\/pages\/"}],"about":[{"href":"https:\/\/www.gilde.ch\/de\/wp-json\/wp\/v2\/types\/page\/"}],"author":[{"embeddable":true,"href":"https:\/\/www.gilde.ch\/de\/wp-json\/wp\/v2\/users\/2\/"}],"replies":[{"embeddable":true,"href":"https:\/\/www.gilde.ch\/de\/wp-json\/wp\/v2\/comments\/?post=4113"}],"version-history":[{"count":2,"href":"https:\/\/www.gilde.ch\/de\/wp-json\/wp\/v2\/pages\/4113\/revisions\/"}],"predecessor-version":[{"id":39796,"href":"https:\/\/www.gilde.ch\/de\/wp-json\/wp\/v2\/pages\/4113\/revisions\/39796\/"}],"wp:attachment":[{"href":"https:\/\/www.gilde.ch\/de\/wp-json\/wp\/v2\/media\/?parent=4113"}],"curies":[{"name":"wp","href":"https:\/\/api.w.org\/{rel}","templated":true}]}}