{"id":404,"date":"2019-12-03T09:43:29","date_gmt":"2019-12-03T08:43:29","guid":{"rendered":"http:\/\/gilde.ch\/?page_id=404"},"modified":"2025-09-24T15:23:44","modified_gmt":"2025-09-24T13:23:44","slug":"food-trends","status":"publish","type":"page","link":"https:\/\/www.gilde.ch\/de\/magazin\/food-trends\/","title":{"rendered":"Food Trends"},"content":{"rendered":"\n<h1 class=\"wp-block-heading\">Food Trends<\/h1>\n\n\n\n<p><strong>Bekanntlich ist ja nichts so best\u00e4ndig wie der Wandel \u2013 und das gilt auch in Sachen Ern\u00e4hrung. Hier erfahren Sie, welche spannenden und ausgefallenen Food Trends und kulinarischen Bewegungen in der Gastronomie auf uns warten. So bleiben Sie auf dem Laufenden!<\/strong><\/p>\n\n\n\n<div style=\"height:50px\" aria-hidden=\"true\" class=\"wp-block-spacer\"><\/div>\n\n\n<div class=\"block block-magazine-posts\">\n            \n<div class=\"article-preview\">\n    <a href=\"https:\/\/www.gilde.ch\/de\/artikel\/der-weinkalender-2025\/\" class=\"article-preview-image\" style=\"background-image:url(https:\/\/www.gilde.ch\/wp-content\/uploads\/2025\/05\/der-weinkalender-2025-din-a4-ein-fotokalender-1-600x427.jpeg)\"><\/a>\n    <div class=\"article-preview-info\">\n        <a href=\"https:\/\/www.gilde.ch\/de\/artikel\/der-weinkalender-2025\/\" class=\"title\">Der Weinkalender 2025<\/a>\n    <\/div>\n    <div class=\"article-preview-excerpt\">DEIN GUIDE F\u00dcR DIE BESTEN WEINJAHRE!\r\nUnser Weinkalender zeigt dir, wann und wo Weine H\u00f6chstnoten verdienen. Jahrg\u00e4nge, Regionen und\r\nQualit\u00e4t auf einen Blick \u2013 damit du immer die richtige Wahl triffst<\/div>\n<\/div>\n\n<div class=\"article-preview\">\n    <a href=\"https:\/\/www.gilde.ch\/de\/artikel\/erdbeeren-und-co-das-wichtigste-zur-beerensaison\/\" class=\"article-preview-image\" style=\"background-image:url(https:\/\/www.gilde.ch\/wp-content\/uploads\/2022\/06\/beerensaison-gilde-2-scaled-1-600x200.jpg)\"><\/a>\n    <div class=\"article-preview-info\">\n        <a href=\"https:\/\/www.gilde.ch\/de\/artikel\/erdbeeren-und-co-das-wichtigste-zur-beerensaison\/\" class=\"title\">Erdbeeren und Co.: Das wichtigste zur Beerensaison<\/a>\n    <\/div>\n    <div class=\"article-preview-excerpt\">Die Beerensaison ist da! Was bei Erdbeeren, Johannisbeeren, Heidelbeeren und Co. zu beachten ist, lesen Sie hier.<\/div>\n<\/div>\n\n<div class=\"article-preview\">\n    <a href=\"https:\/\/www.gilde.ch\/de\/artikel\/das-rapsoel-vom-landhotel-hirschen\/\" class=\"article-preview-image\" style=\"background-image:url(https:\/\/www.gilde.ch\/wp-content\/uploads\/2022\/05\/rapsfeld-oel-gilde-3-1-600x315.jpg)\"><\/a>\n    <div class=\"article-preview-info\">\n        <a href=\"https:\/\/www.gilde.ch\/de\/artikel\/das-rapsoel-vom-landhotel-hirschen\/\" class=\"title\">Das Raps\u00f6l vom Landhotel Hirschen<\/a>\n    <\/div>\n    <div class=\"article-preview-excerpt\">Seit \u00fcber 15 Jahren presst das Landhotel Hirschen sein Raps\u00f6l selbst. Wie, das erfahren Sie hier.<\/div>\n<\/div>\n\n<div class=\"article-preview\">\n    <a href=\"https:\/\/www.gilde.ch\/de\/artikel\/wintergemuese\/\" class=\"article-preview-image\" style=\"background-image:url(https:\/\/www.gilde.ch\/wp-content\/uploads\/2022\/02\/gilde-wintergemuese-3-1-600x400.jpg)\"><\/a>\n    <div class=\"article-preview-info\">\n        <a href=\"https:\/\/www.gilde.ch\/de\/artikel\/wintergemuese\/\" class=\"title\">Wintergem\u00fcse<\/a>\n    <\/div>\n    <div class=\"article-preview-excerpt\">Auch im Winter k\u00f6nnen wir ausreichend Vitamine und N\u00e4hrstoffe zu uns nehmen. Wir stellen Ihnen die beliebtesten Gem\u00fcsesorten vor und was sie alles k\u00f6nnen.<\/div>\n<\/div>\n\n<div class=\"article-preview\">\n    <a href=\"https:\/\/www.gilde.ch\/de\/artikel\/der-gasthof-eisenbahn-und-seine-waldforellen\/\" class=\"article-preview-image\" style=\"background-image:url(https:\/\/www.gilde.ch\/wp-content\/uploads\/2020\/05\/gilde-rezept-waldforelle-eisenbahn-1-600x337.jpg)\"><\/a>\n    <div class=\"article-preview-info\">\n        <a href=\"https:\/\/www.gilde.ch\/de\/artikel\/der-gasthof-eisenbahn-und-seine-waldforellen\/\" class=\"title\">Der Gasthof Eisenbahn und seine Waldforellen<\/a>\n    <\/div>\n    <div class=\"article-preview-excerpt\">Wie die Waldforellen vom Gasthof Eisenbahn am Schluss auf dem Teller landen, sehen Sie hier:<\/div>\n<\/div>\n\n<div class=\"article-preview\">\n    <a href=\"https:\/\/www.gilde.ch\/de\/artikel\/geschichte-und-heimat-der-capuns\/\" class=\"article-preview-image\" style=\"background-image:url()\"><\/a>\n    <div class=\"article-preview-info\">\n        <a href=\"https:\/\/www.gilde.ch\/de\/artikel\/geschichte-und-heimat-der-capuns\/\" class=\"title\">Geschichte und Heimat der Capuns<\/a>\n    <\/div>\n    <div class=\"article-preview-excerpt\">Alle reden von Capuns. Aber wie entstand das B\u00fcndner Gericht eigentlich? Hier erfahren Sie die Geschichte, die hinter dem Rezept steckt.<\/div>\n<\/div>\n\n<div class=\"article-preview\">\n    <a href=\"https:\/\/www.gilde.ch\/de\/artikel\/fischers-fritz-fischt-basler-salm\/\" class=\"article-preview-image\" style=\"background-image:url(https:\/\/www.gilde.ch\/wp-content\/uploads\/2020\/03\/Rezept-Salm-1-595x600.jpg)\"><\/a>\n    <div class=\"article-preview-info\">\n        <a href=\"https:\/\/www.gilde.ch\/de\/artikel\/fischers-fritz-fischt-basler-salm\/\" class=\"title\">Fischers Fritz fischt\u2026 Basler Salm!<\/a>\n    <\/div>\n    <div class=\"article-preview-excerpt\">Lachs \u00e0 la B\u00e2loise, Fischergalgen entlang des Rheins und Restaurants namens &#8222;Zum Salmen&#8220; \u2013 hier erfahren Sie mehr \u00fcber den Basler Salm und finden ein tolles &#8222;Lachs \u00e0 la B\u00e2loise&#8220;-Rezept. <\/div>\n<\/div>\n\n<div class=\"article-preview\">\n    <a href=\"https:\/\/www.gilde.ch\/de\/artikel\/pepe-valle-maggia-der-kult-pfeffer-aus-dem-maggiatal\/\" class=\"article-preview-image\" style=\"background-image:url(https:\/\/www.gilde.ch\/wp-content\/uploads\/2020\/02\/200309_Gilde_Peppe_Valle_Maggia-7-small-1-e1583757370707-1-600x150.jpg)\"><\/a>\n    <div class=\"article-preview-info\">\n        <a href=\"https:\/\/www.gilde.ch\/de\/artikel\/pepe-valle-maggia-der-kult-pfeffer-aus-dem-maggiatal\/\" class=\"title\">Pepe Valle Maggia \u2013 der Kult-Pfeffer aus dem Maggiatal<\/a>\n    <\/div>\n    <div class=\"article-preview-excerpt\">Peppe Valle Maggia sagt Ihnen nichts? Dann wird es h\u00f6chste Zeit, dass Sie den Kult-Pfeffer aus dem Maggiatal kennenlernen!<\/div>\n<\/div>\n\n<div class=\"article-preview\">\n    <a href=\"https:\/\/www.gilde.ch\/de\/artikel\/vegetarische-kueche-in-annegreths-schuetzenstube\/\" class=\"article-preview-image\" style=\"background-image:url()\"><\/a>\n    <div class=\"article-preview-info\">\n        <a href=\"https:\/\/www.gilde.ch\/de\/artikel\/vegetarische-kueche-in-annegreths-schuetzenstube\/\" class=\"title\">Vegetarische K\u00fcche in Annegreth&#8217;s Sch\u00fctzenstube<\/a>\n    <\/div>\n    <div class=\"article-preview-excerpt\">Die vegetarische wie auch die vegane K\u00fcche erleben einen Aufschwung. Ein spannendes Interview mit Annegreth aus der Sch\u00fctzenstube.<\/div>\n<\/div>\n\n<div class=\"article-preview\">\n    <a href=\"https:\/\/www.gilde.ch\/de\/artikel\/achtung-fertig-vegetarisch\/\" class=\"article-preview-image\" style=\"background-image:url(https:\/\/www.gilde.ch\/wp-content\/uploads\/2018\/09\/vegetarisch-arikel-news-beitrag-1-600x338.jpg)\"><\/a>\n    <div class=\"article-preview-info\">\n        <a href=\"https:\/\/www.gilde.ch\/de\/artikel\/achtung-fertig-vegetarisch\/\" class=\"title\">Achtung, fertig \u2013 vegetarisch!<\/a>\n    <\/div>\n    <div class=\"article-preview-excerpt\">Vegetarismus ist keine neue Idee, aber eine Idee, die in den letzten Jahrzehnten kontinuierlich an Bedeutung gewonnen hat. Und der Lebensstil spricht mittlerweile auch vermehrt Nicht-Vegetarier an.<\/div>\n<\/div>\n    <\/div>\n","protected":false},"excerpt":{"rendered":"<p>Food Trends Bekanntlich ist ja nichts so best\u00e4ndig wie der Wandel \u2013 und das gilt auch in Sachen Ern\u00e4hrung. Hier erfahren Sie, welche spannenden und ausgefallenen Food Trends und kulinarischen Bewegungen in der Gastronomie auf uns warten. So bleiben Sie auf dem Laufenden!<\/p>\n","protected":false},"author":2,"featured_media":0,"parent":33706,"menu_order":0,"comment_status":"closed","ping_status":"closed","template":"","meta":{"_acf_changed":false,"footnotes":""},"class_list":["post-404","page","type-page","status-publish","hentry"],"acf":[],"_links":{"self":[{"href":"https:\/\/www.gilde.ch\/de\/wp-json\/wp\/v2\/pages\/404\/"}],"collection":[{"href":"https:\/\/www.gilde.ch\/de\/wp-json\/wp\/v2\/pages\/"}],"about":[{"href":"https:\/\/www.gilde.ch\/de\/wp-json\/wp\/v2\/types\/page\/"}],"author":[{"embeddable":true,"href":"https:\/\/www.gilde.ch\/de\/wp-json\/wp\/v2\/users\/2\/"}],"replies":[{"embeddable":true,"href":"https:\/\/www.gilde.ch\/de\/wp-json\/wp\/v2\/comments\/?post=404"}],"version-history":[{"count":1,"href":"https:\/\/www.gilde.ch\/de\/wp-json\/wp\/v2\/pages\/404\/revisions\/"}],"predecessor-version":[{"id":39337,"href":"https:\/\/www.gilde.ch\/de\/wp-json\/wp\/v2\/pages\/404\/revisions\/39337\/"}],"up":[{"embeddable":true,"href":"https:\/\/www.gilde.ch\/de\/wp-json\/wp\/v2\/pages\/33706\/"}],"wp:attachment":[{"href":"https:\/\/www.gilde.ch\/de\/wp-json\/wp\/v2\/media\/?parent=404"}],"curies":[{"name":"wp","href":"https:\/\/api.w.org\/{rel}","templated":true}]}}