{"id":399,"date":"2019-12-03T09:42:20","date_gmt":"2019-12-03T08:42:20","guid":{"rendered":"http:\/\/gilde.ch\/?page_id=399"},"modified":"2025-10-01T13:04:22","modified_gmt":"2025-10-01T11:04:22","slug":"rezepte","status":"publish","type":"page","link":"https:\/\/www.gilde.ch\/de\/magazin\/rezepte\/","title":{"rendered":"Rezepte"},"content":{"rendered":"\n<h1 class=\"wp-block-heading\">Rezepte<\/h1>\n\n\n\n<p>Was koche ich heute? Lust auf ein zartes <a href=\"https:\/\/www.gilde.ch\/de\/rezepte\/hirschfilet-auf-apfel-sauerkraut-preiselbeerjus-und-kartoffelkrapfen-mit-speck\/\">Hirschfilet<\/a> oder doch lieber etwas S\u00fcsses wie <a href=\"https:\/\/www.gilde.ch\/rezepte\/crepes-suzette\/\">Cr\u00eapes Suzette<\/a>?<\/p>\n\n\n\n<p>Hier finden Sie neue Kochideen, feine Rezepte zum Nachkochen, Tipps und Tricks f\u00fcr K\u00fcche &amp; Kochen \u2013 egal, ob f\u00fcr die schnelle Feierabendk\u00fcche, Schweizer Klassiker oder s\u00fcsse Desserttr\u00e4ume. Wir w\u00fcnschen viel Spass und gutes Gelingen!<br><\/p>\n\n\n\n<div style=\"height:50px\" aria-hidden=\"true\" class=\"wp-block-spacer\"><\/div>\n\n\n<div class=\"block block-magazine-posts\">\n            \n<div class=\"article-preview\">\n    <a href=\"https:\/\/www.gilde.ch\/de\/rezepte\/appenzellerschnitzel-mit-chaeshoernli\/\" class=\"article-preview-image\" style=\"background-image:url(https:\/\/www.gilde.ch\/wp-content\/uploads\/2024\/04\/gilde-rezept-appenzeller-chaeshoernli-3-600x414.png)\"><\/a>\n    <div class=\"article-preview-info\">\n        <a href=\"https:\/\/www.gilde.ch\/de\/rezepte\/appenzellerschnitzel-mit-chaeshoernli\/\" class=\"title\">Appenzellerschnitzel mit Ch\u00e4sh\u00f6rnli<\/a>\n    <\/div>\n    <div class=\"article-preview-excerpt\">In der Schweizer K\u00fcche gibt es kaum etwas K\u00f6stlicheres als ein herzhaftes Gericht aus den Bergen. Die Appenzeller\u00ae\ufe0f Ch\u00e4sh\u00f6rnli der Erlebnis Waldegg sind ein wahres Festmahl \u2013 f\u00fcr Sportler wie f\u00fcr Geniesser.<\/div>\n<\/div>\n\n<div class=\"article-preview\">\n    <a href=\"https:\/\/www.gilde.ch\/de\/rezepte\/heusuppe\/\" class=\"article-preview-image\" style=\"background-image:url(https:\/\/www.gilde.ch\/wp-content\/uploads\/2024\/04\/gilde-rezept-heusuppe-3-600x394.jpg)\"><\/a>\n    <div class=\"article-preview-info\">\n        <a href=\"https:\/\/www.gilde.ch\/de\/rezepte\/heusuppe\/\" class=\"title\">Heusuppe<\/a>\n    <\/div>\n    <div class=\"article-preview-excerpt\">Ein Rezept, das den Geschmack der Alpen in einer k\u00f6stlichen Suppe einf\u00e4ngt. <\/div>\n<\/div>\n\n<div class=\"article-preview\">\n    <a href=\"https:\/\/www.gilde.ch\/de\/rezepte\/obwaldner-nidlaezaeltliparfait\/\" class=\"article-preview-image\" style=\"background-image:url(https:\/\/www.gilde.ch\/wp-content\/uploads\/2024\/04\/gilde-rezept-dessert-nidlaezaeltliparfait-3-600x450.jpg)\"><\/a>\n    <div class=\"article-preview-info\">\n        <a href=\"https:\/\/www.gilde.ch\/de\/rezepte\/obwaldner-nidlaezaeltliparfait\/\" class=\"title\">Obwaldner Nidl\u00e4z\u00e4ltliparfait<\/a>\n    <\/div>\n    <div class=\"article-preview-excerpt\">Das Nidl\u00e4tz\u00e4ltiliparfait ist eine wahre Gaumenfreude. Das beliebte Dessert besteht aus cremigen Meringue, das mit zerbr\u00f6ckelten Obwaldner Nidl\u00e4z\u00e4ltli verfeinert und im Tiefk\u00fchler zu einem Parfait gefroren wird.<\/div>\n<\/div>\n\n<div class=\"article-preview\">\n    <a href=\"https:\/\/www.gilde.ch\/de\/rezepte\/rehruecken-mit-spaetzli-und-rotkraut\/\" class=\"article-preview-image\" style=\"background-image:url(https:\/\/www.gilde.ch\/wp-content\/uploads\/2023\/10\/Oktober_Gilde_2-3-600x157.png)\"><\/a>\n    <div class=\"article-preview-info\">\n        <a href=\"https:\/\/www.gilde.ch\/de\/rezepte\/rehruecken-mit-spaetzli-und-rotkraut\/\" class=\"title\">Rehr\u00fccken mit Sp\u00e4tzli und Rotkraut<\/a>\n    <\/div>\n    <div class=\"article-preview-excerpt\">Wir empfehlen Ihnen, im Herbst mal etwas Neues auszuprobieren und verraten Ihnen ein Rehr\u00fccken Rezept zum Nachmachen. Zum Rehr\u00fccken gibt es Sp\u00e4tzli und Rotkraut.<\/div>\n<\/div>\n\n<div class=\"article-preview\">\n    <a href=\"https:\/\/www.gilde.ch\/de\/rezepte\/spareribs-marinade\/\" class=\"article-preview-image\" style=\"background-image:url(https:\/\/www.gilde.ch\/wp-content\/uploads\/2023\/07\/Spareribs-Marinade-3-600x240.jpg)\"><\/a>\n    <div class=\"article-preview-info\">\n        <a href=\"https:\/\/www.gilde.ch\/de\/rezepte\/spareribs-marinade\/\" class=\"title\">Spareribs Marinade<\/a>\n    <\/div>\n    <div class=\"article-preview-excerpt\">Der Sommer ist da! Und mit ihm ist auch die Stunde der Grill-Fans gekommen. Wir stellen Ihnen eine leckere Spareribs Marinade vor, die an jedem Grillevent der Hit sind!<\/div>\n<\/div>\n\n<div class=\"article-preview\">\n    <a href=\"https:\/\/www.gilde.ch\/de\/rezepte\/piccata-milanese-mit-risotto\/\" class=\"article-preview-image\" style=\"background-image:url(https:\/\/www.gilde.ch\/wp-content\/uploads\/2023\/05\/piccata-milanese-gilde_header-3-600x157.jpg)\"><\/a>\n    <div class=\"article-preview-info\">\n        <a href=\"https:\/\/www.gilde.ch\/de\/rezepte\/piccata-milanese-mit-risotto\/\" class=\"title\">Piccata Milanese: Dieses Rezept sollten Sie testen<\/a>\n    <\/div>\n    <div class=\"article-preview-excerpt\">Roger Nanzer zeigt uns, wie ein leckeres Piccata Milanese an Safranrisotto gelingt. In wenigen Schritten erkl\u00e4rt und schnell zubereitet.<\/div>\n<\/div>\n\n<div class=\"article-preview\">\n    <a href=\"https:\/\/www.gilde.ch\/de\/rezepte\/gruener-spargel-mit-kartoffeln-und-sauce-hollandaise\/\" class=\"article-preview-image\" style=\"background-image:url(https:\/\/www.gilde.ch\/wp-content\/uploads\/2023\/05\/spargelrezept-gilde-3-600x400.jpg)\"><\/a>\n    <div class=\"article-preview-info\">\n        <a href=\"https:\/\/www.gilde.ch\/de\/rezepte\/gruener-spargel-mit-kartoffeln-und-sauce-hollandaise\/\" class=\"title\">Gr\u00fcner Spargel mit Kartoffeln und Sauce Hollandaise<\/a>\n    <\/div>\n    <div class=\"article-preview-excerpt\">Was darf im Fr\u00fchling auf keinen Fall fehlen? Nat\u00fcrlich ein leckeres Spargelrezept! Erfahren Sie hier, wie es gemacht wird.<\/div>\n<\/div>\n\n<div class=\"article-preview\">\n    <a href=\"https:\/\/www.gilde.ch\/de\/rezepte\/basilikumsuppe\/\" class=\"article-preview-image\" style=\"background-image:url(https:\/\/www.gilde.ch\/wp-content\/uploads\/2023\/04\/basilikumsuppe-gilde-4-600x398.jpg)\"><\/a>\n    <div class=\"article-preview-info\">\n        <a href=\"https:\/\/www.gilde.ch\/de\/rezepte\/basilikumsuppe\/\" class=\"title\">Basilikumsuppe<\/a>\n    <\/div>\n    <div class=\"article-preview-excerpt\">Wenn es etwas gibt, das universell beliebt ist, dann ist es eine leckere, warme Suppe. Fernando Michlig vom Hotel Restaurant Tenne ist ebenfalls ein Suppenfan und hat seine ganz eigenes Basilikumsuppen Rezept mit uns geteilt.<\/div>\n<\/div>\n\n<div class=\"article-preview\">\n    <a href=\"https:\/\/www.gilde.ch\/de\/rezepte\/baerlauch-rezepte-ravioli-mit-baerlauchpesto\/\" class=\"article-preview-image\" style=\"background-image:url(https:\/\/www.gilde.ch\/wp-content\/uploads\/2023\/03\/baerlauch-ravioli-gilde-3-600x400.jpg)\"><\/a>\n    <div class=\"article-preview-info\">\n        <a href=\"https:\/\/www.gilde.ch\/de\/rezepte\/baerlauch-rezepte-ravioli-mit-baerlauchpesto\/\" class=\"title\">B\u00e4rlauch Rezepte: Ravioli mit B\u00e4rlauchpesto<\/a>\n    <\/div>\n    <div class=\"article-preview-excerpt\">Ein geschmacklich unglaubliches Gericht! Lesen Sie hier nach, wie das Rezept f\u00fcr das B\u00e4rlauchpesto mit Ravioli geht und machen Sie es ganz einfach selbst nach.<\/div>\n<\/div>\n\n<div class=\"article-preview\">\n    <a href=\"https:\/\/www.gilde.ch\/de\/rezepte\/klare-ochsenschwanzsuppe-rezept-mit-einlage\/\" class=\"article-preview-image\" style=\"background-image:url(https:\/\/www.gilde.ch\/wp-content\/uploads\/2022\/11\/klare-ochsenschwanzsuppe-rezept-gilde-e1668591759191-3-600x399.jpg)\"><\/a>\n    <div class=\"article-preview-info\">\n        <a href=\"https:\/\/www.gilde.ch\/de\/rezepte\/klare-ochsenschwanzsuppe-rezept-mit-einlage\/\" class=\"title\">Klare Ochsenschwanzsuppe Rezept mit Einlage<\/a>\n    <\/div>\n    <div class=\"article-preview-excerpt\">Sie suchen die kulinarische Herausforderung? Dann ist diese schmackhafte Ochsenschwanzsuppe mit Einlage das perfekte Rezept f\u00fcr Sie!<\/div>\n<\/div>\n<div class=\"pagination\"><ul>\n<li class=\"active\"><a href=\"https:\/\/www.gilde.ch\/de\/wp-json\/wp\/v2\/pages\/399\/\">1<\/a><\/li>\n<li><a href=\"https:\/\/www.gilde.ch\/de\/wp-json\/wp\/v2\/pages\/399\/page\/2\/\">2<\/a><\/li>\n<li><a href=\"https:\/\/www.gilde.ch\/de\/wp-json\/wp\/v2\/pages\/399\/page\/3\/\">3<\/a><\/li>\n<li class=\"ellipsis\">\u2026<\/li>\n<li><a href=\"https:\/\/www.gilde.ch\/de\/wp-json\/wp\/v2\/pages\/399\/page\/6\/\">6<\/a><\/li>\n<li><a href=\"https:\/\/www.gilde.ch\/de\/wp-json\/wp\/v2\/pages\/399\/page\/2\/\">N\u00e4chste Seite \u00bb<\/a><\/li>\n<\/ul><\/div>\n    <\/div>\n\n\n\n<p><\/p>\n","protected":false},"excerpt":{"rendered":"<p>Rezepte Was koche ich heute? Lust auf ein zartes Hirschfilet oder doch lieber etwas S\u00fcsses wie Cr\u00eapes Suzette? Hier finden Sie neue Kochideen, feine Rezepte zum Nachkochen, Tipps und Tricks f\u00fcr K\u00fcche &amp; Kochen \u2013 egal, ob f\u00fcr die schnelle Feierabendk\u00fcche, Schweizer Klassiker oder s\u00fcsse Desserttr\u00e4ume. Wir w\u00fcnschen viel Spass und gutes Gelingen!<\/p>\n","protected":false},"author":2,"featured_media":0,"parent":33706,"menu_order":0,"comment_status":"closed","ping_status":"closed","template":"","meta":{"_acf_changed":false,"footnotes":""},"class_list":["post-399","page","type-page","status-publish","hentry"],"acf":[],"_links":{"self":[{"href":"https:\/\/www.gilde.ch\/de\/wp-json\/wp\/v2\/pages\/399\/"}],"collection":[{"href":"https:\/\/www.gilde.ch\/de\/wp-json\/wp\/v2\/pages\/"}],"about":[{"href":"https:\/\/www.gilde.ch\/de\/wp-json\/wp\/v2\/types\/page\/"}],"author":[{"embeddable":true,"href":"https:\/\/www.gilde.ch\/de\/wp-json\/wp\/v2\/users\/2\/"}],"replies":[{"embeddable":true,"href":"https:\/\/www.gilde.ch\/de\/wp-json\/wp\/v2\/comments\/?post=399"}],"version-history":[{"count":3,"href":"https:\/\/www.gilde.ch\/de\/wp-json\/wp\/v2\/pages\/399\/revisions\/"}],"predecessor-version":[{"id":41586,"href":"https:\/\/www.gilde.ch\/de\/wp-json\/wp\/v2\/pages\/399\/revisions\/41586\/"}],"up":[{"embeddable":true,"href":"https:\/\/www.gilde.ch\/de\/wp-json\/wp\/v2\/pages\/33706\/"}],"wp:attachment":[{"href":"https:\/\/www.gilde.ch\/de\/wp-json\/wp\/v2\/media\/?parent=399"}],"curies":[{"name":"wp","href":"https:\/\/api.w.org\/{rel}","templated":true}]}}