{"id":386,"date":"2019-12-03T09:41:22","date_gmt":"2019-12-03T08:41:22","guid":{"rendered":"http:\/\/gilde.ch\/?page_id=386"},"modified":"2025-12-05T16:41:41","modified_gmt":"2025-12-05T15:41:41","slug":"artikel-und-news","status":"publish","type":"page","link":"https:\/\/www.gilde.ch\/de\/magazin\/artikel-und-news\/","title":{"rendered":"Artikel und News"},"content":{"rendered":"\n<h1 class=\"wp-block-heading\">Artikel und News<\/h1>\n\n\n\n<p><strong>Sch\u00f6n, dass Sie sich f\u00fcr Food Trends, kulinarische Erlebnisse, News und Aktualit\u00e4ten aus der Gastronomie interessieren. Viel Vergn\u00fcgen beim Lesen und Lernen!<\/strong><br><\/p>\n\n\n\n<div style=\"height:50px\" aria-hidden=\"true\" class=\"wp-block-spacer\"><\/div>\n\n\n<div class=\"block block-magazine-posts\">\n            \n<div class=\"article-preview\">\n    <a href=\"https:\/\/www.gilde.ch\/de\/news\/rueckblick-freunde-der-gilde-donnerstag-18-september-2025\/\" class=\"article-preview-image\" style=\"background-image:url(https:\/\/www.gilde.ch\/wp-content\/uploads\/2025\/09\/WhatsApp-Bild-2025-09-24-um-10.10.41_5f2e6c92-600x450.webp)\"><\/a>\n    <div class=\"article-preview-info\">\n        <a href=\"https:\/\/www.gilde.ch\/de\/news\/rueckblick-freunde-der-gilde-donnerstag-18-september-2025\/\" class=\"title\">R\u00fcckblick &#8211; Freunde der Gilde &#8211; Donnerstag, 18. September 2025<\/a>\n    <\/div>\n    <div class=\"article-preview-excerpt\">Besuch bei Stadler Rail und Mittagessen im Landgasthof Wartegg, M\u00fchlheim-Wigoltingen<\/div>\n<\/div>\n\n<div class=\"article-preview\">\n    <a href=\"https:\/\/www.gilde.ch\/de\/news\/rueckblick-hockeymatch-langnau-i-e\/\" class=\"article-preview-image\" style=\"background-image:url(https:\/\/www.gilde.ch\/wp-content\/uploads\/2024\/12\/th-1.jpg)\"><\/a>\n    <div class=\"article-preview-info\">\n        <a href=\"https:\/\/www.gilde.ch\/de\/news\/rueckblick-hockeymatch-langnau-i-e\/\" class=\"title\">R\u00fcckblick Hockeymatch Langnau i.E.<\/a>\n    <\/div>\n    <div class=\"article-preview-excerpt\">Freunde der Gilde &#8222;Spezial&#8220; in Langnau i.E. am 23. Februar 2025  SCL &#8211; EHCK<\/div>\n<\/div>\n\n<div class=\"article-preview\">\n    <a href=\"https:\/\/www.gilde.ch\/de\/news\/rueckblick-beromuenster\/\" class=\"article-preview-image\" style=\"background-image:url(https:\/\/www.gilde.ch\/wp-content\/uploads\/2025\/05\/IMG_2762-2-600x400.jpg)\"><\/a>\n    <div class=\"article-preview-info\">\n        <a href=\"https:\/\/www.gilde.ch\/de\/news\/rueckblick-beromuenster\/\" class=\"title\">R\u00fcckblick Berom\u00fcnster<\/a>\n    <\/div>\n    <div class=\"article-preview-excerpt\">R\u00fcckblick Berom\u00fcnster &#8211; KKLB (Kunst und Kultur Landessender Berom\u00fcnster) und Lunch im Restaurant Vogelsang<\/div>\n<\/div>\n\n<div class=\"article-preview\">\n    <a href=\"https:\/\/www.gilde.ch\/de\/news\/weinkalender-2025\/\" class=\"article-preview-image\" style=\"background-image:url(https:\/\/www.gilde.ch\/wp-content\/uploads\/2025\/05\/der-weinkalender-2025-din-a4-ein-fotokalender-1-600x427.jpeg)\"><\/a>\n    <div class=\"article-preview-info\">\n        <a href=\"https:\/\/www.gilde.ch\/de\/news\/weinkalender-2025\/\" class=\"title\">Weinkalender 2025<\/a>\n    <\/div>\n    <div class=\"article-preview-excerpt\">DEIN GUIDE F\u00dcR DIE BESTEN WEINJAHRE!\r\nUnser Weinkalender zeigt dir, wann und wo Weine H\u00f6chstnoten verdienen. Jahrg\u00e4nge, Regionen und\r\nQualit\u00e4t auf einen Blick \u2013 damit du immer die richtige Wahl triffst!<\/div>\n<\/div>\n\n<div class=\"article-preview\">\n    <a href=\"https:\/\/www.gilde.ch\/de\/news\/wir-begruessen-unsere-neumitglieder\/\" class=\"article-preview-image\" style=\"background-image:url(https:\/\/www.gilde.ch\/wp-content\/uploads\/2024\/09\/Bildneu-1-600x399.jpg)\"><\/a>\n    <div class=\"article-preview-info\">\n        <a href=\"https:\/\/www.gilde.ch\/de\/news\/wir-begruessen-unsere-neumitglieder\/\" class=\"title\">Herzlich willkommen in der Gilde<\/a>\n    <\/div>\n    <div class=\"article-preview-excerpt\">2 mal im Jahr k\u00f6nnen sich Restaurants f\u00fcr eine Gilde-Mitgliedschaft bewerben. <\/div>\n<\/div>\n\n<div class=\"article-preview\">\n    <a href=\"https:\/\/www.gilde.ch\/de\/news\/rund-um-den-walensee\/\" class=\"article-preview-image\" style=\"background-image:url(https:\/\/www.gilde.ch\/wp-content\/uploads\/2023\/08\/Quinten-am-Walensee-xybexgbba6q6em4-1-600x400.jpg)\"><\/a>\n    <div class=\"article-preview-info\">\n        <a href=\"https:\/\/www.gilde.ch\/de\/news\/rund-um-den-walensee\/\" class=\"title\">Restaurants rund um den Walensee: Ein kulinarisches Abenteuer in der Region<\/a>\n    <\/div>\n    <div class=\"article-preview-excerpt\">Die Region rund um den Walensee hat nicht nur f\u00fcr Naturliebhaber einiges zu bieten. Auch kulinarisch erwartet Sie eine grosse Vielfalt an regionalen K\u00f6stlichkeiten und gastronomischen Erlebnissen.<\/div>\n<\/div>\n\n<div class=\"article-preview\">\n    <a href=\"https:\/\/www.gilde.ch\/de\/news\/6-restaurants-im-tessin-zum-entdecken\/\" class=\"article-preview-image\" style=\"background-image:url(https:\/\/www.gilde.ch\/wp-content\/uploads\/2023\/06\/ascona_tessin_gilde-scaled-1-600x150.jpg)\"><\/a>\n    <div class=\"article-preview-info\">\n        <a href=\"https:\/\/www.gilde.ch\/de\/news\/6-restaurants-im-tessin-zum-entdecken\/\" class=\"title\">6 Restaurants im Tessin zum Entdecken<\/a>\n    <\/div>\n    <div class=\"article-preview-excerpt\">Im sonnigen Tessin warten wahre kulinarische Perlen auf Sie! Entdecken Sie 6 Gilde-Betriebe und geniessen Sie die Tessiner Gastfreundschaft.<\/div>\n<\/div>\n\n<div class=\"article-preview\">\n    <a href=\"https:\/\/www.gilde.ch\/de\/news\/10-restaurant-tipps-im-wallis\/\" class=\"article-preview-image\" style=\"background-image:url(https:\/\/www.gilde.ch\/wp-content\/uploads\/2023\/02\/wallis-10-restaurant-tipps-gilde-scaled-1-600x246.jpg)\"><\/a>\n    <div class=\"article-preview-info\">\n        <a href=\"https:\/\/www.gilde.ch\/de\/news\/10-restaurant-tipps-im-wallis\/\" class=\"title\">10 Restaurant Tipps im Wallis<\/a>\n    <\/div>\n    <div class=\"article-preview-excerpt\">Eine imposante Berglandschaft, aktiver Winter- oder Sommersport und eine leckere K\u00fcche machen das Wallis aus. Entdecken Sie hier 10 Restaurants, die Ihren Aufenthalt unvergesslich machen werden.<\/div>\n<\/div>\n\n<div class=\"article-preview\">\n    <a href=\"https:\/\/www.gilde.ch\/de\/news\/foodfotografie-wenn-liebe-durch-die-linse-geht\/\" class=\"article-preview-image\" style=\"background-image:url(https:\/\/www.gilde.ch\/wp-content\/uploads\/2022\/08\/foodfotografie-gilde-1-600x243.jpg)\"><\/a>\n    <div class=\"article-preview-info\">\n        <a href=\"https:\/\/www.gilde.ch\/de\/news\/foodfotografie-wenn-liebe-durch-die-linse-geht\/\" class=\"title\">Foodfotografie: Wenn Liebe durch die Linse geht<\/a>\n    <\/div>\n    <div class=\"article-preview-excerpt\">Wieso sieht das Essen in Magazinen immer so lecker und perfekt aus? Gilde Fotograf Charly Hug kennt die Geheimnisse der Foodfotografie und weiht uns ein.<\/div>\n<\/div>\n    <\/div>\n\n\n\n<p><\/p>\n","protected":false},"excerpt":{"rendered":"<p>Artikel und News Sch\u00f6n, dass Sie sich f\u00fcr Food Trends, kulinarische Erlebnisse, News und Aktualit\u00e4ten aus der Gastronomie interessieren. Viel Vergn\u00fcgen beim Lesen und Lernen!<\/p>\n","protected":false},"author":2,"featured_media":0,"parent":33706,"menu_order":0,"comment_status":"closed","ping_status":"closed","template":"","meta":{"_acf_changed":false,"footnotes":""},"class_list":["post-386","page","type-page","status-publish","hentry"],"acf":[],"_links":{"self":[{"href":"https:\/\/www.gilde.ch\/de\/wp-json\/wp\/v2\/pages\/386\/"}],"collection":[{"href":"https:\/\/www.gilde.ch\/de\/wp-json\/wp\/v2\/pages\/"}],"about":[{"href":"https:\/\/www.gilde.ch\/de\/wp-json\/wp\/v2\/types\/page\/"}],"author":[{"embeddable":true,"href":"https:\/\/www.gilde.ch\/de\/wp-json\/wp\/v2\/users\/2\/"}],"replies":[{"embeddable":true,"href":"https:\/\/www.gilde.ch\/de\/wp-json\/wp\/v2\/comments\/?post=386"}],"version-history":[{"count":8,"href":"https:\/\/www.gilde.ch\/de\/wp-json\/wp\/v2\/pages\/386\/revisions\/"}],"predecessor-version":[{"id":41877,"href":"https:\/\/www.gilde.ch\/de\/wp-json\/wp\/v2\/pages\/386\/revisions\/41877\/"}],"up":[{"embeddable":true,"href":"https:\/\/www.gilde.ch\/de\/wp-json\/wp\/v2\/pages\/33706\/"}],"wp:attachment":[{"href":"https:\/\/www.gilde.ch\/de\/wp-json\/wp\/v2\/media\/?parent=386"}],"curies":[{"name":"wp","href":"https:\/\/api.w.org\/{rel}","templated":true}]}}