{"id":33712,"date":"2019-10-29T16:19:42","date_gmt":"2019-10-29T15:19:42","guid":{"rendered":"http:\/\/gilde.ch\/?page_id=230"},"modified":"2025-09-14T13:08:40","modified_gmt":"2025-09-14T11:08:40","slug":"impressum","status":"publish","type":"page","link":"https:\/\/www.gilde.ch\/de\/impressum\/","title":{"rendered":"Impressum"},"content":{"rendered":"\n<h1 class=\"wp-block-heading\">Impressum<\/h1>\n\n\n\n<p><strong>Gilde etablierter Schweizer Gastronomen<br><\/strong>Gesch\u00e4ftsstelle<br>Blumenfeldstrasse 20<br>CH-8046 Z\u00fcrich<br>Telefon: <a href=\"tel: +41443775290\">+41 44 377 52 90<\/a><br><\/p>\n\n\n\n<p>www.gilde.ch<br><a href=\"mailto:info@gilde.ch\">info@gilde.ch<\/a><\/p>\n\n\n\n<p>Die Gesch\u00e4ftsstelle ist Montag bis Freitag von 08.00 bis 12.00 Uhr telefonisch erreichbar.<\/p>\n\n\n\n<hr class=\"wp-block-separator has-css-opacity is-style-wide\"\/>\n\n\n\n<h2 class=\"wp-block-heading\">Pr\u00e4sident<\/h2>\n\n\n\n<p>Daniel Windlin<br>Restaurant Adler<br>6403 K\u00fcssnacht a.R.<br><a aria-label=\" praesident@gilde.ch  (\u00f6ffnet in neuem Tab)\" href=\"mailto:praesident@gilde.ch\" target=\"_blank\" rel=\"noreferrer noopener\">praesident@gilde.ch <\/a><\/p>\n\n\n\n<h2 class=\"wp-block-heading\">Gesch\u00e4ftsstelle<\/h2>\n\n\n\n<p>Gilde Gesch\u00e4ftsstelle<br>8046 Z\u00fcrich<\/p>\n\n\n\n<p>info@gilde.ch<\/p>\n\n\n\n<h2 class=\"wp-block-heading\">Bildnachweis<\/h2>\n\n\n\n<p>Gilde-Gesch\u00e4ftsstelle<br>GastroJournal <\/p>\n\n\n\n<p>Hug Photos<\/p>\n\n\n\n<p>Eggenberger Fotografie<\/p>\n\n\n\n<h2 class=\"wp-block-heading\">Konzeption, Gestaltung und Umsetzung<\/h2>\n\n\n\n<p><strong>Mirabit AG<\/strong><br>Digitale L\u00f6sungen<br>Neustrasse 2<br>CH-8590 Romanshorn<br><a href=\"tel:+41716951111\">+41 71 695 11 11<\/a><br><a href=\"mailto:info@mirabit.com\">info@mirabit.com<\/a><\/p>\n\n\n\n<p><\/p>\n","protected":false},"excerpt":{"rendered":"<p>Impressum Gilde etablierter Schweizer GastronomenGesch\u00e4ftsstelleBlumenfeldstrasse 20CH-8046 Z\u00fcrichTelefon: +41 44 377 52 90 www.gilde.chinfo@gilde.ch Die Gesch\u00e4ftsstelle ist Montag bis Freitag von 08.00 bis 12.00 Uhr telefonisch erreichbar. Pr\u00e4sident Daniel WindlinRestaurant Adler6403 K\u00fcssnacht a.R.praesident@gilde.ch Gesch\u00e4ftsstelle Gilde Gesch\u00e4ftsstelle8046 Z\u00fcrich info@gilde.ch Bildnachweis Gilde-Gesch\u00e4ftsstelleGastroJournal Hug Photos Eggenberger Fotografie Konzeption, Gestaltung und Umsetzung Mirabit AGDigitale L\u00f6sungenNeustrasse 2CH-8590 Romanshorn+41 71 695 11 [&hellip;]<\/p>\n","protected":false},"author":2,"featured_media":0,"parent":0,"menu_order":0,"comment_status":"closed","ping_status":"closed","template":"","meta":{"_acf_changed":false,"footnotes":""},"class_list":["post-33712","page","type-page","status-publish","hentry"],"acf":[],"_links":{"self":[{"href":"https:\/\/www.gilde.ch\/de\/wp-json\/wp\/v2\/pages\/33712\/"}],"collection":[{"href":"https:\/\/www.gilde.ch\/de\/wp-json\/wp\/v2\/pages\/"}],"about":[{"href":"https:\/\/www.gilde.ch\/de\/wp-json\/wp\/v2\/types\/page\/"}],"author":[{"embeddable":true,"href":"https:\/\/www.gilde.ch\/de\/wp-json\/wp\/v2\/users\/2\/"}],"replies":[{"embeddable":true,"href":"https:\/\/www.gilde.ch\/de\/wp-json\/wp\/v2\/comments\/?post=33712"}],"version-history":[{"count":2,"href":"https:\/\/www.gilde.ch\/de\/wp-json\/wp\/v2\/pages\/33712\/revisions\/"}],"predecessor-version":[{"id":36447,"href":"https:\/\/www.gilde.ch\/de\/wp-json\/wp\/v2\/pages\/33712\/revisions\/36447\/"}],"wp:attachment":[{"href":"https:\/\/www.gilde.ch\/de\/wp-json\/wp\/v2\/media\/?parent=33712"}],"curies":[{"name":"wp","href":"https:\/\/api.w.org\/{rel}","templated":true}]}}