{"id":33710,"date":"2019-09-23T19:45:39","date_gmt":"2019-09-23T17:45:39","guid":{"rendered":"http:\/\/gilde.ch\/?page_id=29"},"modified":"2026-01-15T14:49:41","modified_gmt":"2026-01-15T13:49:41","slug":"kontakt","status":"publish","type":"page","link":"https:\/\/www.gilde.ch\/de\/kontakt\/","title":{"rendered":"Kontakt"},"content":{"rendered":"\n<h1 class=\"wp-block-heading\">Kontakt<\/h1>\n\n\n\n<p><strong>Sie haben eine Frage, Anregung oder Anliegen zur Gilde? Oder m\u00f6chten Sie Mitglied, Partner oder Freund der Gilde werden?<\/strong> Dann w\u00e4hlen Sie einfach im Formular aus, was Sie interessiert, und wir k\u00fcmmern uns um Ihr Anliegen.<\/p>\n\n\n\n<p><strong>Gemeinsam mehr erreichen \u2013 werden Sie Mitglied, Partner oder Freund der Gilde!<\/strong><\/p>\n\n\n\n<p>M\u00f6chten Sie Mitglied oder Partner der Gilde etablierter Schweizer Gastronomen werden?<br>Fordern Sie die Bewerbungsunterlagen an. Nach einer umfassenden Qualit\u00e4tsevaluation und einer internen Mitgliederbefragung entscheidet der Vorstand der Gilde \u00fcber Ihre Nomination. Bei Partnerantr\u00e4gen holen wir zus\u00e4tzlich die Zustimmung der bestehenden Partner ein.<\/p>\n\n\n\n<div class=\"wpcf7 no-js\" id=\"wpcf7-f33731-o1\" lang=\"de-DE\" dir=\"ltr\" data-wpcf7-id=\"33731\">\n<div class=\"screen-reader-response\"><p role=\"status\" aria-live=\"polite\" aria-atomic=\"true\"><\/p> <ul><\/ul><\/div>\n<form action=\"\/de\/wp-json\/wp\/v2\/pages\/33710\/#wpcf7-f33731-o1\" method=\"post\" class=\"wpcf7-form init\" aria-label=\"Kontaktformular\" novalidate=\"novalidate\" data-status=\"init\">\n<fieldset class=\"hidden-fields-container\"><input type=\"hidden\" name=\"_wpcf7\" value=\"33731\" \/><input type=\"hidden\" name=\"_wpcf7_version\" value=\"6.1.1\" \/><input type=\"hidden\" name=\"_wpcf7_locale\" value=\"de_DE\" \/><input type=\"hidden\" name=\"_wpcf7_unit_tag\" value=\"wpcf7-f33731-o1\" \/><input type=\"hidden\" name=\"_wpcf7_container_post\" value=\"0\" \/><input type=\"hidden\" name=\"_wpcf7_posted_data_hash\" value=\"\" \/><input type=\"hidden\" name=\"_wpcf7_recaptcha_response\" value=\"\" \/>\n<\/fieldset>\n<div class=\"cols cols-2\">\n\t<p><span class=\"wpcf7-form-control-wrap\" data-name=\"user-lastname\"><input size=\"40\" maxlength=\"400\" class=\"wpcf7-form-control wpcf7-text wpcf7-validates-as-required\" aria-required=\"true\" aria-invalid=\"false\" placeholder=\"Name*\" value=\"\" type=\"text\" name=\"user-lastname\" \/><\/span><br \/>\n<span class=\"wpcf7-form-control-wrap\" data-name=\"user-firstname\"><input size=\"40\" maxlength=\"400\" class=\"wpcf7-form-control wpcf7-text wpcf7-validates-as-required\" aria-required=\"true\" aria-invalid=\"false\" placeholder=\"Vorname*\" value=\"\" type=\"text\" name=\"user-firstname\" \/><\/span>\n\t<\/p>\n<\/div>\n<div class=\"cols cols-1\">\n\t<p><span class=\"wpcf7-form-control-wrap\" data-name=\"user-company\"><input size=\"40\" maxlength=\"400\" class=\"wpcf7-form-control wpcf7-text wpcf7-validates-as-required\" aria-required=\"true\" aria-invalid=\"false\" placeholder=\"Betrieb\/Firma\" value=\"\" type=\"text\" name=\"user-company\" \/><\/span>\n\t<\/p>\n<\/div>\n<div class=\"cols cols-3\">\n\t<p><span class=\"wpcf7-form-control-wrap\" data-name=\"user-address\"><input size=\"40\" maxlength=\"400\" class=\"wpcf7-form-control wpcf7-text wpcf7-validates-as-required\" aria-required=\"true\" aria-invalid=\"false\" placeholder=\"Adresse\" value=\"\" type=\"text\" name=\"user-address\" \/><\/span><br \/>\n<span class=\"wpcf7-form-control-wrap\" data-name=\"user-plz\"><input size=\"40\" maxlength=\"400\" class=\"wpcf7-form-control wpcf7-text wpcf7-validates-as-required\" aria-required=\"true\" aria-invalid=\"false\" placeholder=\"PLZ\" value=\"\" type=\"text\" name=\"user-plz\" \/><\/span><br \/>\n<span class=\"wpcf7-form-control-wrap\" data-name=\"user-city\"><input size=\"40\" maxlength=\"400\" class=\"wpcf7-form-control wpcf7-text wpcf7-validates-as-required\" aria-required=\"true\" aria-invalid=\"false\" placeholder=\"Ort\" value=\"\" type=\"text\" name=\"user-city\" \/><\/span>\n\t<\/p>\n<\/div>\n<div class=\"cols cols-2\">\n\t<p><span class=\"wpcf7-form-control-wrap\" data-name=\"user-email\"><input size=\"40\" maxlength=\"400\" class=\"wpcf7-form-control wpcf7-email wpcf7-validates-as-required wpcf7-text wpcf7-validates-as-email\" aria-required=\"true\" aria-invalid=\"false\" placeholder=\"E-Mail*\" value=\"\" type=\"email\" name=\"user-email\" \/><\/span><br \/>\n<span class=\"wpcf7-form-control-wrap\" data-name=\"user-phone\"><input size=\"40\" maxlength=\"400\" class=\"wpcf7-form-control wpcf7-text wpcf7-validates-as-required\" aria-required=\"true\" aria-invalid=\"false\" placeholder=\"Telefon\" value=\"\" type=\"text\" name=\"user-phone\" \/><\/span>\n\t<\/p>\n<\/div>\n<div class=\"cols cols-1\">\n\t<p><span class=\"wpcf7-form-control-wrap\" data-name=\"inquiry-type\"><select class=\"wpcf7-form-control wpcf7-select wpcf7-validates-as-required\" aria-required=\"true\" aria-invalid=\"false\" name=\"inquiry-type\"><option value=\"\">&#8211; Bitte ausw\u00e4hlen &#8211;<\/option><option value=\"Allgemeine Fragen\">Allgemeine Fragen<\/option><option value=\"Mitgliedschafts-Anfrage\">Mitgliedschafts-Anfrage<\/option><option value=\"Partnerschafts-Anfrage\">Partnerschafts-Anfrage<\/option><option value=\"Freunde der Gilde Mitgliedschaft\">Freunde der Gilde Mitgliedschaft<\/option><option value=\"Bestellung\">Bestellung<\/option><option value=\"Beschwerde\">Beschwerde<\/option><option value=\"Rechtliches\">Rechtliches<\/option><\/select><\/span>\n\t<\/p>\n<\/div>\n<div class=\"cols cols-1\">\n\t<p><span class=\"wpcf7-form-control-wrap\" data-name=\"message\"><textarea cols=\"40\" rows=\"10\" maxlength=\"2000\" class=\"wpcf7-form-control wpcf7-textarea wpcf7-validates-as-required\" aria-required=\"true\" aria-invalid=\"false\" placeholder=\"Ihre Nachricht*\" name=\"message\"><\/textarea><\/span>\n\t<\/p>\n<\/div>\n<p><input class=\"wpcf7-form-control wpcf7-submit has-spinner\" type=\"submit\" value=\"Formular absenden\" \/>\n<\/p><div class=\"wpcf7-response-output\" aria-hidden=\"true\"><\/div>\n<\/form>\n<\/div>\n\n\n\n\n<h2 class=\"wp-block-heading\">Mitglied bei der Gilde werden?<\/h2>\n\n\n\n<p>Mit rund 250 Gastronomiebetrieben ist die Gilde eine wichtige Vereinigung f\u00fcr Schweizer Gastronomen. Werden auch Sie Teil der Gilde und machen Sie gepflegte Ambiance, ausgezeichnete K\u00fcche sowie kompetenten und freundlichen Service zu Ihrem Markenzeichen.<\/p>\n\n\n\n<p>Es ist weder eine Frage der Betriebsgr\u00f6sse, noch des Luxus, um der Gilde beitreten zu k\u00f6nnen. Vielmehr ist eine gepflegte K\u00fcchen- und Tischkultur ausschlaggebend. Der Vorstand der Gilde f\u00fchrt regelm\u00e4ssig anonyme Besuche bei den Gilde Betrieben durch, um die Qualit\u00e4t zu pr\u00fcfen.<\/p>\n\n\n\n<figure class=\"wp-block-gallery has-nested-images columns-default is-cropped wp-block-gallery-1 is-layout-flex wp-block-gallery-is-layout-flex\">\n<figure class=\"wp-block-image size-large\"><img decoding=\"async\" data-id=\"699\" src=\"https:\/\/gilde.ch\/wp-content\/uploads\/2019\/12\/restaurant-zum-loewen-messen_inhaber.jpg\" alt=\"Inhaber Restaurant zum Loewen in Messen\" class=\"wp-image-699\"\/><\/figure>\n\n\n\n<figure class=\"wp-block-image size-large\"><img decoding=\"async\" data-id=\"584\" src=\"https:\/\/gilde.ch\/wp-content\/uploads\/2019\/12\/annegreths-schuetebstube-schaffhausen_inhaber.jpg\" alt=\"Annegreth's Sch\u00fctzenstube Schaffhausen\" class=\"wp-image-584\"\/><\/figure>\n<\/figure>\n\n\n\n<figure class=\"wp-block-gallery has-nested-images columns-default is-cropped wp-block-gallery-2 is-layout-flex wp-block-gallery-is-layout-flex\">\n<figure class=\"wp-block-image size-full\"><img fetchpriority=\"high\" decoding=\"async\" width=\"2560\" height=\"1707\" data-id=\"41060\" src=\"https:\/\/www.gilde.ch\/wp-content\/uploads\/2025\/09\/B38A2197-scaled.jpg\" alt=\"\" class=\"wp-image-41060\" srcset=\"https:\/\/www.gilde.ch\/wp-content\/uploads\/2025\/09\/B38A2197-scaled.jpg 2560w, https:\/\/www.gilde.ch\/wp-content\/uploads\/2025\/09\/B38A2197-600x400.jpg 600w, https:\/\/www.gilde.ch\/wp-content\/uploads\/2025\/09\/B38A2197-300x200.jpg 300w, https:\/\/www.gilde.ch\/wp-content\/uploads\/2025\/09\/B38A2197-1024x683.jpg 1024w, https:\/\/www.gilde.ch\/wp-content\/uploads\/2025\/09\/B38A2197-768x512.jpg 768w, https:\/\/www.gilde.ch\/wp-content\/uploads\/2025\/09\/B38A2197-1536x1024.jpg 1536w, https:\/\/www.gilde.ch\/wp-content\/uploads\/2025\/09\/B38A2197-2048x1365.jpg 2048w, https:\/\/www.gilde.ch\/wp-content\/uploads\/2025\/09\/B38A2197-1200x800.jpg 1200w, https:\/\/www.gilde.ch\/wp-content\/uploads\/2025\/09\/B38A2197-1800x1200.jpg 1800w, https:\/\/www.gilde.ch\/wp-content\/uploads\/2025\/09\/B38A2197-2000x1333.jpg 2000w\" sizes=\"(max-width: 2560px) 100vw, 2560px\" \/><\/figure>\n<\/figure>\n\n\n\n<h2 class=\"wp-block-heading\">Partner bei der Gilde werden<\/h2>\n\n\n\n<p>Um unseren G\u00e4sten und Mitgliedern noch mehr bieten zu k\u00f6nnen, arbeitet die Gilde eng mit ausgew\u00e4hlten Produzenten, Lieferanten und Dienstleistern zusammen. Werden auch Sie Partner und unterst\u00fctzen Sie die Aktivit\u00e4ten und Massnahmen der Gilde. Dadurch f\u00f6rdern Sie nicht nur die Vereinigung Schweizer Gastronomen, sondern auch das Image der Schweizer Kochkunst und Gastlichkeit.<\/p>\n\n\n<div class=\"wp-block-image\">\n<figure class=\"aligncenter\"><img decoding=\"async\" src=\"https:\/\/gilde.ch\/wp-content\/uploads\/2019\/12\/Headerbild_FB_820x312px-1024x390.png\" alt=\"Gilde Partner-Restaurant werden\" class=\"wp-image-1162\"\/><\/figure><\/div>\n\n\n<h2 class=\"wp-block-heading\">Adresse<\/h2>\n\n\n\n<p><strong>Gilde etablierter Schweizer Gastronomen<\/strong><br>Blumenfeldstrasse 20<br>8046 Z\u00fcrich<\/p>\n\n\n\n<p>Mail: <a href=\"mailto:info@gilde.ch\">info@gilde.ch<\/a><\/p>\n\n\n\n<p>Tel:&nbsp;<a href=\"tel:+41 44 377 52 90\">+41 44 377 52 90<\/a><br><\/p>\n","protected":false},"excerpt":{"rendered":"<p>Kontakt Sie haben eine Frage, Anregung oder Anliegen zur Gilde? Oder m\u00f6chten Sie Mitglied, Partner oder Freund der Gilde werden? Dann w\u00e4hlen Sie einfach im Formular aus, was Sie interessiert, und wir k\u00fcmmern uns um Ihr Anliegen. Gemeinsam mehr erreichen \u2013 werden Sie Mitglied, Partner oder Freund der Gilde! M\u00f6chten Sie Mitglied oder Partner der [&hellip;]<\/p>\n","protected":false},"author":2,"featured_media":0,"parent":0,"menu_order":0,"comment_status":"closed","ping_status":"closed","template":"","meta":{"_acf_changed":false,"footnotes":""},"class_list":["post-33710","page","type-page","status-publish","hentry"],"acf":[],"_links":{"self":[{"href":"https:\/\/www.gilde.ch\/de\/wp-json\/wp\/v2\/pages\/33710\/"}],"collection":[{"href":"https:\/\/www.gilde.ch\/de\/wp-json\/wp\/v2\/pages\/"}],"about":[{"href":"https:\/\/www.gilde.ch\/de\/wp-json\/wp\/v2\/types\/page\/"}],"author":[{"embeddable":true,"href":"https:\/\/www.gilde.ch\/de\/wp-json\/wp\/v2\/users\/2\/"}],"replies":[{"embeddable":true,"href":"https:\/\/www.gilde.ch\/de\/wp-json\/wp\/v2\/comments\/?post=33710"}],"version-history":[{"count":2,"href":"https:\/\/www.gilde.ch\/de\/wp-json\/wp\/v2\/pages\/33710\/revisions\/"}],"predecessor-version":[{"id":41804,"href":"https:\/\/www.gilde.ch\/de\/wp-json\/wp\/v2\/pages\/33710\/revisions\/41804\/"}],"wp:attachment":[{"href":"https:\/\/www.gilde.ch\/de\/wp-json\/wp\/v2\/media\/?parent=33710"}],"curies":[{"name":"wp","href":"https:\/\/api.w.org\/{rel}","templated":true}]}}