{"id":33709,"date":"2019-09-23T19:45:15","date_gmt":"2019-09-23T17:45:15","guid":{"rendered":"http:\/\/gilde.ch\/?page_id=25"},"modified":"2019-09-23T19:45:15","modified_gmt":"2019-09-23T17:45:15","slug":"geschenk-gutscheine","status":"publish","type":"page","link":"https:\/\/www.gilde.ch\/de\/geschenk-gutscheine\/","title":{"rendered":"Gilde Geschenkgutscheine bestellen"},"content":{"rendered":"\n<div class=\"wp-block-group\"><div class=\"wp-block-group__inner-container is-layout-constrained wp-block-group-is-layout-constrained\">\n<h1 class=\"wp-block-heading\">Gilde Geschenkgutscheine bestellen<\/h1>\n\n\n\n<div class=\"wp-block-columns is-layout-flex wp-container-core-columns-is-layout-28f84493 wp-block-columns-is-layout-flex\">\n<div class=\"wp-block-column is-layout-flow wp-block-column-is-layout-flow\">\n<h2 class=\"wp-block-heading\">Geschenkkarte<\/h2>\n\n\n\n<figure class=\"wp-block-image size-full\"><img fetchpriority=\"high\" decoding=\"async\" width=\"398\" height=\"250\" src=\"https:\/\/www.gilde.ch\/wp-content\/uploads\/2023\/10\/effe7767-4fb8-4d34-c3c2-f3dcf2ad999c-2.png\" alt=\"\" class=\"wp-image-5022\" srcset=\"https:\/\/www.gilde.ch\/wp-content\/uploads\/2023\/10\/effe7767-4fb8-4d34-c3c2-f3dcf2ad999c-2.png 398w, https:\/\/www.gilde.ch\/wp-content\/uploads\/2023\/10\/effe7767-4fb8-4d34-c3c2-f3dcf2ad999c-2-300x188.png 300w\" sizes=\"(max-width: 398px) 100vw, 398px\" \/><\/figure>\n<\/div>\n\n\n\n<div class=\"wp-block-column is-layout-flow wp-block-column-is-layout-flow\">\n<div style=\"height:35px\" aria-hidden=\"true\" class=\"wp-block-spacer\"><\/div>\n\n\n\n<p><strong>Schenken Sie mit den Gilde-Geschenkkarten genussvolle Momente in einem unserer erstklassigen Restaurants oder Hotels. Unsere Geschenkkarten eignen sich hervorragend als Dankesch\u00f6n, als \u00dcberraschung oder einfach zum Verw\u00f6hnen.<\/strong><\/p>\n\n\n\n<p>Bestellen Sie die Karten im Gutschein-Shop. Die Lieferung erfolgt in einer edlen blauen Geschenkbox, inklusive unseres aktuellen Restaurantf\u00fchrers <a href=\"https:\/\/www.gilde.ch\/restaurant-suche\/gourmet-guide\/\" target=\"_blank\" rel=\"noreferrer noopener\">\u201eGourmet Guide\u201c<\/a>, an die gew\u00fcnschte Lieferadresse.<\/p>\n\n\n\n<p>Sie k\u00f6nnen Ihren Gilde-Gutschein auch ganz einfach mit dem gew\u00fcnschten Betrag bestellen und sofort selber ausdrucken.<\/p>\n\n\n\n<p>Oder Ihre bereits genutzte Geschenkkarte erneut aufladen.<br>Zum Gutschein-Shop<\/p>\n\n\n\n<div class=\"wp-block-buttons is-content-justification-left is-layout-flex wp-container-core-buttons-is-layout-bc8e6f51 wp-block-buttons-is-layout-flex\">\n<div class=\"wp-block-button\"><a class=\"wp-block-button__link has-background no-border-radius wp-element-button\" href=\"https:\/\/shop.boncard.ch\/gilde\" style=\"background-color:#d5a75f\" target=\"_blank\" rel=\"noreferrer noopener\">Zum Gutschein-Shop<\/a><\/div>\n<\/div>\n<\/div>\n<\/div>\n\n\n\n<div style=\"height:50px\" aria-hidden=\"true\" class=\"wp-block-spacer\"><\/div>\n<\/div><\/div>\n\n\n\n<p> Detailinformationen finden Sie in unseren <a aria-label=\"Hier geht\u2019s zu den AGB\u2019s  (\u00f6ffnet in neuem Tab)\" href=\"https:\/\/gilde.ch\/agb\/\" target=\"_blank\" rel=\"noreferrer noopener\"><strong>AGB\u2019s<\/strong><\/a><\/p>\n","protected":false},"excerpt":{"rendered":"<p>Gilde Geschenkgutscheine bestellen Geschenkkarte Schenken Sie mit den Gilde-Geschenkkarten genussvolle Momente in einem unserer erstklassigen Restaurants oder Hotels. Unsere Geschenkkarten eignen sich hervorragend als Dankesch\u00f6n, als \u00dcberraschung oder einfach zum Verw\u00f6hnen. Bestellen Sie die Karten im Gutschein-Shop. Die Lieferung erfolgt in einer edlen blauen Geschenkbox, inklusive unseres aktuellen Restaurantf\u00fchrers \u201eGourmet Guide\u201c, an die gew\u00fcnschte Lieferadresse. [&hellip;]<\/p>\n","protected":false},"author":2,"featured_media":0,"parent":0,"menu_order":0,"comment_status":"closed","ping_status":"closed","template":"","meta":{"_acf_changed":false,"footnotes":""},"class_list":["post-33709","page","type-page","status-publish","hentry"],"acf":[],"_links":{"self":[{"href":"https:\/\/www.gilde.ch\/de\/wp-json\/wp\/v2\/pages\/33709\/"}],"collection":[{"href":"https:\/\/www.gilde.ch\/de\/wp-json\/wp\/v2\/pages\/"}],"about":[{"href":"https:\/\/www.gilde.ch\/de\/wp-json\/wp\/v2\/types\/page\/"}],"author":[{"embeddable":true,"href":"https:\/\/www.gilde.ch\/de\/wp-json\/wp\/v2\/users\/2\/"}],"replies":[{"embeddable":true,"href":"https:\/\/www.gilde.ch\/de\/wp-json\/wp\/v2\/comments\/?post=33709"}],"version-history":[{"count":0,"href":"https:\/\/www.gilde.ch\/de\/wp-json\/wp\/v2\/pages\/33709\/revisions\/"}],"wp:attachment":[{"href":"https:\/\/www.gilde.ch\/de\/wp-json\/wp\/v2\/media\/?parent=33709"}],"curies":[{"name":"wp","href":"https:\/\/api.w.org\/{rel}","templated":true}]}}