{"id":33707,"date":"2019-09-23T19:42:18","date_gmt":"2019-09-23T17:42:18","guid":{"rendered":"http:\/\/gilde.ch\/?page_id=17"},"modified":"2025-09-30T09:30:31","modified_gmt":"2025-09-30T07:30:31","slug":"ueber-uns","status":"publish","type":"page","link":"https:\/\/www.gilde.ch\/de\/ueber-uns\/","title":{"rendered":"\u00dcber uns"},"content":{"rendered":"\n<h1 class=\"wp-block-heading\">\u00dcber die Gilde<\/h1>\n\n\n\n<p>Die Gilde etablierter Schweizer Gastronomen ist eine Fachvereinigung von ausgewiesenen Gastronominnen und Gastronomen, die zugleich Inhaber eines gastronomischen Betriebes sind. Oberstes Ziel des Verbands sind zufriedene G\u00e4ste. Darum wird bei der Gilde Qualit\u00e4t grossgeschrieben: marktfrische Produkte, kreative K\u00fcche, aufmerksamer Service und tolles Ambiente \u2013 daf\u00fcr stehen die Gilde Betriebe ein. Sie werden sehen: Die Leidenschaft und Liebe zum Gastgewerbe der Gilde Mitglieder ist sp\u00fcrbar.<\/p>\n\n\n\n<h2 class=\"wp-block-heading\">Wer sind die Gilde Gastronomen?<\/h2>\n\n\n\n<p>Rund 300 Betriebe aus der ganzen Schweiz geh\u00f6ren zur Gilde: Ob ein gutb\u00fcrgerliches Mittagessen in einer rustikalen Gastst\u00e4tte, ein vegetarischer Lunch in einem Restaurant inmitten der Stadt oder ein romantisches Dinner in einem Gourmet-Restaurant \u2013 die Gilde Betriebe bieten f\u00fcr jeden Geschmack und jede Gelegenheit das Passende. <a href=\"https:\/\/gilde.ch\/restaurants\/\">Finden Sie Ihr perfektes Restaurant <\/a>und lassen Sie sich kulinarisch verw\u00f6hnen.<\/p>\n\n\n<div class=\"block-teaser-box has-4-boxes\">\n    \t\t\n\t\t\t        \t<a class=\"teaser-box click-area-hover-effect\" href=\"\/de\/ueber-uns\/engagements\/\">\n\t\t\t\t<span class=\"preview-image\" style=\"background-image:url(https:\/\/www.gilde.ch\/wp-content\/uploads\/2019\/12\/gilde-restaurant-engagement-charity-2-1.png)\"><\/span>\n\t\t\t\t<span class=\"teaser-box-content\">\n\t\t            <h3 class=\"inner-title\">Unser Engagement<\/h3>\n\t\t\t\t\t<span class=\"more\">\n                        Alles \u00fcber unser Engagement                    <\/span>\n\t\t\t\t<\/span>\n\t        <\/a>\n\t\t\n\t\t\t        \t<a class=\"teaser-box click-area-hover-effect\" href=\"\/de\/ueber-uns\/vorstand\/\">\n\t\t\t\t<span class=\"preview-image\" style=\"background-image:url(https:\/\/www.gilde.ch\/wp-content\/uploads\/2023\/06\/Gilde-GV-2023-350-1-1-600x400.jpg)\"><\/span>\n\t\t\t\t<span class=\"teaser-box-content\">\n\t\t            <h3 class=\"inner-title\">Vorstand der Gilde<\/h3>\n\t\t\t\t\t<span class=\"more\">\n                        Hier alles \u00fcber unseren Vorstand                    <\/span>\n\t\t\t\t<\/span>\n\t        <\/a>\n\t\t\n\t\t\t        \t<a class=\"teaser-box click-area-hover-effect\" href=\"\/de\/kontakt\/\">\n\t\t\t\t<span class=\"preview-image\" style=\"background-image:url(https:\/\/www.gilde.ch\/wp-content\/uploads\/2019\/12\/risotto3-e1596810268689-1-600x244.png)\"><\/span>\n\t\t\t\t<span class=\"teaser-box-content\">\n\t\t            <h3 class=\"inner-title\">Mitglied bei der Gilde werden?<\/h3>\n\t\t\t\t\t<span class=\"more\">\n                        Hier erfahren Sie mehr dazu                    <\/span>\n\t\t\t\t<\/span>\n\t        <\/a>\n\t\t\n\t\t\t        \t<a class=\"teaser-box click-area-hover-effect\" href=\"\/de\/ueber-uns\/geschichte\">\n\t\t\t\t<span class=\"preview-image\" style=\"background-image:url(https:\/\/www.gilde.ch\/wp-content\/uploads\/2019\/12\/817-400x240-1.jpg)\"><\/span>\n\t\t\t\t<span class=\"teaser-box-content\">\n\t\t            <h3 class=\"inner-title\">Geschichte der Gilde<\/h3>\n\t\t\t\t\t<span class=\"more\">\n                        Mehr zur Geschichte seit 1954                    <\/span>\n\t\t\t\t<\/span>\n\t        <\/a>\n\t\t    <\/div>\n\n\n\n<h2 class=\"wp-block-heading\">Restaurants suchen<\/h2>\n\n\n<div class=\"block block-map-teaser\">\n\t<div class=\"map-teaser\">\n\t\t<div id=\"map-teaser\"><\/div>\n\n\t\t\t<div data-linkto=\"https:\/\/www.gilde.ch\/restaurant-suche\/\" class=\"results-search-area\"><span>Restaurants in meiner N\u00e4he finden<\/span><\/div>\n\n\n\t\t<div class=\"map-interaction-block\"><\/div>\n\t\t<a class=\"button button-blue button-big\" href=\"https:\/\/www.gilde.ch\/restaurant-suche\/\">Restaurants suchen<\/a>\n\t<\/div>\n<\/div>\n<div class=\"teaser-marker-holder\"><\/div>\n\n\n<div class=\"block-teaser-box has-1-boxes\">\n    \t\t\n\t\t\t        \t<a class=\"teaser-box click-area-hover-effect\" href=\"https:\/\/www.boncard-payment-services.ch\/gcshop\/GCShop\/GCStep1.aspx?shopid=gilde&#038;lang=de\">\n\t\t\t\t<span class=\"preview-image\" style=\"background-image:url(https:\/\/www.gilde.ch\/wp-content\/uploads\/2019\/12\/geschenk-gutschein-teaser-shop-gilde-1-1200x300.jpg)\"><\/span>\n\t\t\t\t<span class=\"teaser-box-content\">\n\t\t            <h3 class=\"inner-title\">Geschenk-Gutscheine bestellen<\/h3>\n\t\t\t\t\t<span class=\"more\">\n                        Zum Gutscheinshop                    <\/span>\n\t\t\t\t<\/span>\n\t        <\/a>\n\t\t    <\/div>\n","protected":false},"excerpt":{"rendered":"<p>\u00dcber die Gilde Die Gilde etablierter Schweizer Gastronomen ist eine Fachvereinigung von ausgewiesenen Gastronominnen und Gastronomen, die zugleich Inhaber eines gastronomischen Betriebes sind. Oberstes Ziel des Verbands sind zufriedene G\u00e4ste. Darum wird bei der Gilde Qualit\u00e4t grossgeschrieben: marktfrische Produkte, kreative K\u00fcche, aufmerksamer Service und tolles Ambiente \u2013 daf\u00fcr stehen die Gilde Betriebe ein. Sie werden [&hellip;]<\/p>\n","protected":false},"author":2,"featured_media":0,"parent":0,"menu_order":0,"comment_status":"closed","ping_status":"closed","template":"","meta":{"_acf_changed":false,"footnotes":""},"class_list":["post-33707","page","type-page","status-publish","hentry"],"acf":[],"_links":{"self":[{"href":"https:\/\/www.gilde.ch\/de\/wp-json\/wp\/v2\/pages\/33707\/"}],"collection":[{"href":"https:\/\/www.gilde.ch\/de\/wp-json\/wp\/v2\/pages\/"}],"about":[{"href":"https:\/\/www.gilde.ch\/de\/wp-json\/wp\/v2\/types\/page\/"}],"author":[{"embeddable":true,"href":"https:\/\/www.gilde.ch\/de\/wp-json\/wp\/v2\/users\/2\/"}],"replies":[{"embeddable":true,"href":"https:\/\/www.gilde.ch\/de\/wp-json\/wp\/v2\/comments\/?post=33707"}],"version-history":[{"count":5,"href":"https:\/\/www.gilde.ch\/de\/wp-json\/wp\/v2\/pages\/33707\/revisions\/"}],"predecessor-version":[{"id":40928,"href":"https:\/\/www.gilde.ch\/de\/wp-json\/wp\/v2\/pages\/33707\/revisions\/40928\/"}],"wp:attachment":[{"href":"https:\/\/www.gilde.ch\/de\/wp-json\/wp\/v2\/media\/?parent=33707"}],"curies":[{"name":"wp","href":"https:\/\/api.w.org\/{rel}","templated":true}]}}