{"id":33706,"date":"2019-09-23T19:42:07","date_gmt":"2019-09-23T17:42:07","guid":{"rendered":"http:\/\/gilde.ch\/?page_id=15"},"modified":"2025-09-30T14:40:08","modified_gmt":"2025-09-30T12:40:08","slug":"magazin","status":"publish","type":"page","link":"https:\/\/www.gilde.ch\/de\/magazin\/","title":{"rendered":"Aktuelles"},"content":{"rendered":"<div class=\"block block-featured-post-hero\">\n            <div class=\"featured-banner\">\n            <span>Featured<\/span>\n        <\/div>\n        <div class=\"hero featured-hero\">\n            <div class=\"hero-inner\">\n                <div class=\"hero-text\">\n                    <div class=\"title\">Capuns Sursilvans<\/div>\n                    <div class=\"excerpt\">Viva la Grischa! Capuns Sursilvans Rezept von Fabia Caduff vom Hotel-Restaurant Central in Obersaxen.<\/div>\n                <\/div>\n            <\/div>\n            <div class=\"hero-image\" style=\"background-image:url(https:\/\/www.gilde.ch\/wp-content\/uploads\/2019\/12\/capuns-mit-speck-auf-teller-3.png)\">\n                <a class=\"readmore \" href=\"https:\/\/www.gilde.ch\/de\/rezepte\/capuns-sursilvans\/\">Mehr erfahren<\/a>\n            <\/div>\n        <\/div>\n    <\/div>\n\n\n\n<h1 class=\"wp-block-heading\"><strong>Das Magazin der Gilde<\/strong><\/h1>\n\n\n\n<p>Im Online Magazin der Gilde finden Sie\nregelm\u00e4ssig leckere und kreative Rezepte zum Ausprobieren sowie spannende News\n\u00fcber die aktuellen Food Trends und Aktivit\u00e4ten der Gilde. So sind Sie in Sachen\nGastronomie stets up to date.<\/p>\n\n\n<div class=\"block-teaser-box has-4-boxes\">\n    \t\t\n\t\t\t        \t<a class=\"teaser-box click-area-hover-effect\" href=\"\/de\/magazin\/artikel-und-news\/\">\n\t\t\t\t<span class=\"preview-image\" style=\"background-image:url(https:\/\/www.gilde.ch\/wp-content\/uploads\/2021\/09\/gilde-magazin-news-artikel-lesen_1-600x300.jpg)\"><\/span>\n\t\t\t\t<span class=\"teaser-box-content\">\n\t\t            <h3 class=\"inner-title\">Artikel und News<\/h3>\n\t\t\t\t\t<span class=\"more\">\n                        Zu den aktuellsten News                    <\/span>\n\t\t\t\t<\/span>\n\t        <\/a>\n\t\t\n\t\t\t        \t<a class=\"teaser-box click-area-hover-effect\" href=\"\/de\/magazin\/rezepte\/\">\n\t\t\t\t<span class=\"preview-image\" style=\"background-image:url(https:\/\/www.gilde.ch\/wp-content\/uploads\/2021\/09\/gilde-magazin-rezepte-koch_1-2-1-600x300.jpg)\"><\/span>\n\t\t\t\t<span class=\"teaser-box-content\">\n\t\t            <h3 class=\"inner-title\">Gilde Rezepte<\/h3>\n\t\t\t\t\t<span class=\"more\">\n                        Zu den Rezepten                    <\/span>\n\t\t\t\t<\/span>\n\t        <\/a>\n\t\t\n\t\t\t        \t<a class=\"teaser-box click-area-hover-effect\" href=\"\/de\/magazin\/food-trends\/\">\n\t\t\t\t<span class=\"preview-image\" style=\"background-image:url(https:\/\/www.gilde.ch\/wp-content\/uploads\/2021\/09\/gilde-magazin-trends-food-foto_1-1-600x300.jpg)\"><\/span>\n\t\t\t\t<span class=\"teaser-box-content\">\n\t\t            <h3 class=\"inner-title\">Food Trends<\/h3>\n\t\t\t\t\t<span class=\"more\">\n                        Zu den Food Trends                    <\/span>\n\t\t\t\t<\/span>\n\t        <\/a>\n\t\t\n\t\t\t        \t<a class=\"teaser-box click-area-hover-effect\" href=\"\/de\/magazin\/print-magazin\/\">\n\t\t\t\t<span class=\"preview-image\" style=\"background-image:url(https:\/\/www.gilde.ch\/wp-content\/uploads\/2021\/09\/New-Project-3-1-600x300.jpg)\"><\/span>\n\t\t\t\t<span class=\"teaser-box-content\">\n\t\t            <h3 class=\"inner-title\">Gilde-Magazin<\/h3>\n\t\t\t\t\t<span class=\"more\">\n                        Zum Print Magazin                    <\/span>\n\t\t\t\t<\/span>\n\t        <\/a>\n\t\t    <\/div>\n\n\n\n<h2 class=\"wp-block-heading\">Artikel &amp; News<\/h2>\n\n\n\n<p>Sch\u00f6n, dass Sie sich f\u00fcr Food Trends,\nkulinarische Erlebnisse, News und Aktualit\u00e4ten aus der Gastronomie\ninteressieren. Viel Spass beim Lesen und Lernen!<\/p>\n\n\n<div class=\"block block-magazine-posts\">\n            \n<div class=\"article-preview\">\n    <a href=\"https:\/\/www.gilde.ch\/de\/news\/rueckblick-freunde-der-gilde-donnerstag-18-september-2025\/\" class=\"article-preview-image\" style=\"background-image:url(https:\/\/www.gilde.ch\/wp-content\/uploads\/2025\/09\/WhatsApp-Bild-2025-09-24-um-10.10.41_5f2e6c92-600x450.webp)\"><\/a>\n    <div class=\"article-preview-info\">\n        <a href=\"https:\/\/www.gilde.ch\/de\/news\/rueckblick-freunde-der-gilde-donnerstag-18-september-2025\/\" class=\"title\">R\u00fcckblick &#8211; Freunde der Gilde &#8211; Donnerstag, 18. September 2025<\/a>\n    <\/div>\n    <div class=\"article-preview-excerpt\">Besuch bei Stadler Rail und Mittagessen im Landgasthof Wartegg, M\u00fchlheim-Wigoltingen<\/div>\n<\/div>\n\n<div class=\"article-preview\">\n    <a href=\"https:\/\/www.gilde.ch\/de\/news\/rueckblick-hockeymatch-langnau-i-e\/\" class=\"article-preview-image\" style=\"background-image:url(https:\/\/www.gilde.ch\/wp-content\/uploads\/2024\/12\/th-1.jpg)\"><\/a>\n    <div class=\"article-preview-info\">\n        <a href=\"https:\/\/www.gilde.ch\/de\/news\/rueckblick-hockeymatch-langnau-i-e\/\" class=\"title\">R\u00fcckblick Hockeymatch Langnau i.E.<\/a>\n    <\/div>\n    <div class=\"article-preview-excerpt\">Freunde der Gilde &#8222;Spezial&#8220; in Langnau i.E. am 23. Februar 2025  SCL &#8211; EHCK<\/div>\n<\/div>\n    <\/div>\n\n\n\n<hr class=\"wp-block-separator has-css-opacity\"\/>\n\n\n\n<h2 class=\"wp-block-heading\">Rezepte<\/h2>\n\n\n\n<p>Was koche ich heute? Hier finden Sie neue\nKochideen, feine Rezepte zum Nachkochen, Tipps und Tricks f\u00fcr K\u00fcche &amp;\nKochen \u2013 egal, ob f\u00fcr die schnelle Feierabendk\u00fcche, Schweizer Klassiker oder\ns\u00fcsse Desserttr\u00e4ume. Wir w\u00fcnschen viel Spass und gutes Gelingen!<\/p>\n\n\n<div class=\"block block-magazine-posts\">\n            \n<div class=\"article-preview\">\n    <a href=\"https:\/\/www.gilde.ch\/de\/rezepte\/appenzellerschnitzel-mit-chaeshoernli\/\" class=\"article-preview-image\" style=\"background-image:url(https:\/\/www.gilde.ch\/wp-content\/uploads\/2024\/04\/gilde-rezept-appenzeller-chaeshoernli-3-600x414.png)\"><\/a>\n    <div class=\"article-preview-info\">\n        <a href=\"https:\/\/www.gilde.ch\/de\/rezepte\/appenzellerschnitzel-mit-chaeshoernli\/\" class=\"title\">Appenzellerschnitzel mit Ch\u00e4sh\u00f6rnli<\/a>\n    <\/div>\n    <div class=\"article-preview-excerpt\">In der Schweizer K\u00fcche gibt es kaum etwas K\u00f6stlicheres als ein herzhaftes Gericht aus den Bergen. Die Appenzeller\u00ae\ufe0f Ch\u00e4sh\u00f6rnli der Erlebnis Waldegg sind ein wahres Festmahl \u2013 f\u00fcr Sportler wie f\u00fcr Geniesser.<\/div>\n<\/div>\n\n<div class=\"article-preview\">\n    <a href=\"https:\/\/www.gilde.ch\/de\/rezepte\/heusuppe\/\" class=\"article-preview-image\" style=\"background-image:url(https:\/\/www.gilde.ch\/wp-content\/uploads\/2024\/04\/gilde-rezept-heusuppe-3-600x394.jpg)\"><\/a>\n    <div class=\"article-preview-info\">\n        <a href=\"https:\/\/www.gilde.ch\/de\/rezepte\/heusuppe\/\" class=\"title\">Heusuppe<\/a>\n    <\/div>\n    <div class=\"article-preview-excerpt\">Ein Rezept, das den Geschmack der Alpen in einer k\u00f6stlichen Suppe einf\u00e4ngt. <\/div>\n<\/div>\n    <\/div>\n\n\n\n<hr class=\"wp-block-separator has-css-opacity\"\/>\n\n\n\n<h2 class=\"wp-block-heading\">Food Trends<\/h2>\n\n\n\n<p>Bekanntlich ist ja nichts so best\u00e4ndig\nwie der Wandel \u2013 und das gilt auch in Sachen Ern\u00e4hrung. Hier erfahren Sie,\nwelche spannenden und ausgefallenen Food Trends und kulinarischen Bewegungen in\nder Gastronomie auf uns warten. So bleiben Sie auf dem Laufenden!<\/p>\n\n\n<div class=\"block block-magazine-posts\">\n            \n<div class=\"article-preview\">\n    <a href=\"https:\/\/www.gilde.ch\/de\/artikel\/der-weinkalender-2025\/\" class=\"article-preview-image\" style=\"background-image:url(https:\/\/www.gilde.ch\/wp-content\/uploads\/2025\/05\/der-weinkalender-2025-din-a4-ein-fotokalender-1-600x427.jpeg)\"><\/a>\n    <div class=\"article-preview-info\">\n        <a href=\"https:\/\/www.gilde.ch\/de\/artikel\/der-weinkalender-2025\/\" class=\"title\">Der Weinkalender 2025<\/a>\n    <\/div>\n    <div class=\"article-preview-excerpt\">DEIN GUIDE F\u00dcR DIE BESTEN WEINJAHRE!\r\nUnser Weinkalender zeigt dir, wann und wo Weine H\u00f6chstnoten verdienen. Jahrg\u00e4nge, Regionen und\r\nQualit\u00e4t auf einen Blick \u2013 damit du immer die richtige Wahl triffst<\/div>\n<\/div>\n\n<div class=\"article-preview\">\n    <a href=\"https:\/\/www.gilde.ch\/de\/artikel\/erdbeeren-und-co-das-wichtigste-zur-beerensaison\/\" class=\"article-preview-image\" style=\"background-image:url(https:\/\/www.gilde.ch\/wp-content\/uploads\/2022\/06\/beerensaison-gilde-2-scaled-1-600x200.jpg)\"><\/a>\n    <div class=\"article-preview-info\">\n        <a href=\"https:\/\/www.gilde.ch\/de\/artikel\/erdbeeren-und-co-das-wichtigste-zur-beerensaison\/\" class=\"title\">Erdbeeren und Co.: Das wichtigste zur Beerensaison<\/a>\n    <\/div>\n    <div class=\"article-preview-excerpt\">Die Beerensaison ist da! Was bei Erdbeeren, Johannisbeeren, Heidelbeeren und Co. zu beachten ist, lesen Sie hier.<\/div>\n<\/div>\n    <\/div>\n\n\n\n<hr class=\"wp-block-separator has-css-opacity\"\/>\n\n\n\n<div style=\"height:20px\" aria-hidden=\"true\" class=\"wp-block-spacer\"><\/div>\n","protected":false},"excerpt":{"rendered":"<p>Das Magazin der Gilde Im Online Magazin der Gilde finden Sie regelm\u00e4ssig leckere und kreative Rezepte zum Ausprobieren sowie spannende News \u00fcber die aktuellen Food Trends und Aktivit\u00e4ten der Gilde. So sind Sie in Sachen Gastronomie stets up to date. Artikel &amp; News Sch\u00f6n, dass Sie sich f\u00fcr Food Trends, kulinarische Erlebnisse, News und Aktualit\u00e4ten [&hellip;]<\/p>\n","protected":false},"author":2,"featured_media":0,"parent":0,"menu_order":0,"comment_status":"closed","ping_status":"closed","template":"page-magazine.php","meta":{"_acf_changed":false,"footnotes":""},"class_list":["post-33706","page","type-page","status-publish","hentry"],"acf":[],"_links":{"self":[{"href":"https:\/\/www.gilde.ch\/de\/wp-json\/wp\/v2\/pages\/33706\/"}],"collection":[{"href":"https:\/\/www.gilde.ch\/de\/wp-json\/wp\/v2\/pages\/"}],"about":[{"href":"https:\/\/www.gilde.ch\/de\/wp-json\/wp\/v2\/types\/page\/"}],"author":[{"embeddable":true,"href":"https:\/\/www.gilde.ch\/de\/wp-json\/wp\/v2\/users\/2\/"}],"replies":[{"embeddable":true,"href":"https:\/\/www.gilde.ch\/de\/wp-json\/wp\/v2\/comments\/?post=33706"}],"version-history":[{"count":6,"href":"https:\/\/www.gilde.ch\/de\/wp-json\/wp\/v2\/pages\/33706\/revisions\/"}],"predecessor-version":[{"id":42019,"href":"https:\/\/www.gilde.ch\/de\/wp-json\/wp\/v2\/pages\/33706\/revisions\/42019\/"}],"wp:attachment":[{"href":"https:\/\/www.gilde.ch\/de\/wp-json\/wp\/v2\/media\/?parent=33706"}],"curies":[{"name":"wp","href":"https:\/\/api.w.org\/{rel}","templated":true}]}}