{"id":33705,"date":"2019-09-23T19:41:55","date_gmt":"2019-09-23T17:41:55","guid":{"rendered":"http:\/\/gilde.ch\/?page_id=13"},"modified":"2025-09-24T11:31:54","modified_gmt":"2025-09-24T09:31:54","slug":"restaurant-suche","status":"publish","type":"page","link":"https:\/\/www.gilde.ch\/de\/restaurant-suche\/","title":{"rendered":"Restaurant-Suche"},"content":{"rendered":"\n<h2 class=\"wp-block-heading\">Beliebte Kategorien<\/h2>\n\n\n\n<p>Alle Gilde Restaurants auf einen Blick: Suchen und finden Sie Ihr Lieblingsrestaurant oder Gastst\u00e4tte. Sie m\u00f6chten gerne sch\u00f6n essen gehen, die Sonne auf einer Terrasse geniessen oder suchen ein Restaurant in einem bestimmten Kanton? Ganz einfach entsprechende Filter setzen und sofort das passende Gilde Restaurant finden.<\/p>\n\n\n<div class=\"block-teaser-box has-6-boxes\">\n    \t\t\n\t\t\t        \t<a class=\"teaser-box click-area-hover-effect\" href=\"https:\/\/www.gilde.ch\/restaurant-suche\/fisch\/\">\n\t\t\t\t<span class=\"preview-image\" style=\"background-image:url(https:\/\/www.gilde.ch\/wp-content\/uploads\/2023\/11\/fisch-und-seafood-restaurant-gilde-1-1-600x400.jpeg)\"><\/span>\n\t\t\t\t<span class=\"teaser-box-content\">\n\t\t            <h3 class=\"inner-title\">Fisch &#038; Seafood Restaurants<\/h3>\n\t\t\t\t\t<span class=\"more\">\n                        zu den Restaurants                    <\/span>\n\t\t\t\t<\/span>\n\t        <\/a>\n\t\t\n\t\t\t        \t<a class=\"teaser-box click-area-hover-effect\" href=\"https:\/\/www.gilde.ch\/restaurant-suche\/terrasse-garten\/\">\n\t\t\t\t<span class=\"preview-image\" style=\"background-image:url(https:\/\/www.gilde.ch\/wp-content\/uploads\/2023\/05\/restaurant-mit-garten-gilde-1-600x400.jpeg)\"><\/span>\n\t\t\t\t<span class=\"teaser-box-content\">\n\t\t            <h3 class=\"inner-title\">Restaurants mit Garten oder Terrasse <\/h3>\n\t\t\t\t\t<span class=\"more\">\n                        zu den Restaurants                    <\/span>\n\t\t\t\t<\/span>\n\t        <\/a>\n\t\t\n\t\t\t        \t<a class=\"teaser-box click-area-hover-effect\" href=\"https:\/\/www.gilde.ch\/restaurant-suche\/am-berg\/\">\n\t\t\t\t<span class=\"preview-image\" style=\"background-image:url(https:\/\/www.gilde.ch\/wp-content\/uploads\/2025\/08\/bergrestaurant-gilde-1-600x271.png)\"><\/span>\n\t\t\t\t<span class=\"teaser-box-content\">\n\t\t            <h3 class=\"inner-title\">Bergrestaurants <\/h3>\n\t\t\t\t\t<span class=\"more\">\n                        zu den Restaurants                    <\/span>\n\t\t\t\t<\/span>\n\t        <\/a>\n\t\t\n\t\t\t        \t<a class=\"teaser-box click-area-hover-effect\" href=\"https:\/\/www.gilde.ch\/restaurant-suche\/vegetarisch-vegan\/\">\n\t\t\t\t<span class=\"preview-image\" style=\"background-image:url(https:\/\/www.gilde.ch\/wp-content\/uploads\/2025\/08\/vegane-vegetarische-restaurants-gilde-403x600.jpeg)\"><\/span>\n\t\t\t\t<span class=\"teaser-box-content\">\n\t\t            <h3 class=\"inner-title\">Vegetarisch oder Vegan<\/h3>\n\t\t\t\t\t<span class=\"more\">\n                        zu den Restaurants                    <\/span>\n\t\t\t\t<\/span>\n\t        <\/a>\n\t\t\n\t\t\t        \t<a class=\"teaser-box click-area-hover-effect\" href=\"https:\/\/www.gilde.ch\/restaurant-suche\/fleisch-und-grill-restaurants\/\">\n\t\t\t\t<span class=\"preview-image\" style=\"background-image:url(https:\/\/www.gilde.ch\/wp-content\/uploads\/2023\/03\/fleisch-restaurant-gilde-1-600x400.webp)\"><\/span>\n\t\t\t\t<span class=\"teaser-box-content\">\n\t\t            <h3 class=\"inner-title\">Grill Restaurants &#038; Steakhouses <\/h3>\n\t\t\t\t\t<span class=\"more\">\n                        zu den Restaurants                    <\/span>\n\t\t\t\t<\/span>\n\t        <\/a>\n\t\t\n\t\t\t        \t<a class=\"teaser-box click-area-hover-effect\" href=\"https:\/\/www.gilde.ch\/restaurant-suche\/mittagessen\/\">\n\t\t\t\t<span class=\"preview-image\" style=\"background-image:url(https:\/\/www.gilde.ch\/wp-content\/uploads\/2023\/03\/Mittagessen-Gilde-1-450x600.jpeg)\"><\/span>\n\t\t\t\t<span class=\"teaser-box-content\">\n\t\t            <h3 class=\"inner-title\">Mittagessen <\/h3>\n\t\t\t\t\t<span class=\"more\">\n                        zu den Restaurants                    <\/span>\n\t\t\t\t<\/span>\n\t        <\/a>\n\t\t    <\/div>\n\n\n<div class=\"block-teaser-box has-1-boxes\">\n    \t\t\n\t\t\t        \t<a class=\"teaser-box click-area-hover-effect\" href=\"https:\/\/www.boncard-payment-services.ch\/gcshop\/GCShop\/GCStep1.aspx?shopid=gilde&#038;lang=de\">\n\t\t\t\t<span class=\"preview-image\" style=\"background-image:url(https:\/\/www.gilde.ch\/wp-content\/uploads\/2019\/12\/geschenk-gutschein-teaser-shop-gilde-1-1200x300.jpg)\"><\/span>\n\t\t\t\t<span class=\"teaser-box-content\">\n\t\t            <h3 class=\"inner-title\">Geschenk-Gutscheine<\/h3>\n\t\t\t\t\t<span class=\"more\">\n                        Hier Geschenk-Gutscheine bestellen                    <\/span>\n\t\t\t\t<\/span>\n\t        <\/a>\n\t\t    <\/div>\n","protected":false},"excerpt":{"rendered":"<p>Beliebte Kategorien Alle Gilde Restaurants auf einen Blick: Suchen und finden Sie Ihr Lieblingsrestaurant oder Gastst\u00e4tte. Sie m\u00f6chten gerne sch\u00f6n essen gehen, die Sonne auf einer Terrasse geniessen oder suchen ein Restaurant in einem bestimmten Kanton? Ganz einfach entsprechende Filter setzen und sofort das passende Gilde Restaurant finden.<\/p>\n","protected":false},"author":2,"featured_media":0,"parent":0,"menu_order":0,"comment_status":"closed","ping_status":"closed","template":"page-restaurants.php","meta":{"_acf_changed":false,"footnotes":""},"class_list":["post-33705","page","type-page","status-publish","hentry"],"acf":[],"_links":{"self":[{"href":"https:\/\/www.gilde.ch\/de\/wp-json\/wp\/v2\/pages\/33705\/"}],"collection":[{"href":"https:\/\/www.gilde.ch\/de\/wp-json\/wp\/v2\/pages\/"}],"about":[{"href":"https:\/\/www.gilde.ch\/de\/wp-json\/wp\/v2\/types\/page\/"}],"author":[{"embeddable":true,"href":"https:\/\/www.gilde.ch\/de\/wp-json\/wp\/v2\/users\/2\/"}],"replies":[{"embeddable":true,"href":"https:\/\/www.gilde.ch\/de\/wp-json\/wp\/v2\/comments\/?post=33705"}],"version-history":[{"count":1,"href":"https:\/\/www.gilde.ch\/de\/wp-json\/wp\/v2\/pages\/33705\/revisions\/"}],"predecessor-version":[{"id":38155,"href":"https:\/\/www.gilde.ch\/de\/wp-json\/wp\/v2\/pages\/33705\/revisions\/38155\/"}],"wp:attachment":[{"href":"https:\/\/www.gilde.ch\/de\/wp-json\/wp\/v2\/media\/?parent=33705"}],"curies":[{"name":"wp","href":"https:\/\/api.w.org\/{rel}","templated":true}]}}